{"id":10031,"date":"2026-01-23T09:19:46","date_gmt":"2026-01-23T09:19:46","guid":{"rendered":"https:\/\/anamandara-resort.com\/?page_id=10031"},"modified":"2026-01-23T09:32:46","modified_gmt":"2026-01-23T09:32:46","slug":"signature-suite-2","status":"publish","type":"page","link":"https:\/\/anamandara-resort.com\/vi\/offers\/signature-suite-2\/","title":{"rendered":"SIGNATURE SUITE"},"content":{"rendered":"<p style=\"text-align: center\"><span style=\"font-weight: 400\">T\u1eadn h\u01b0\u1edfng k\u1ef3 ngh\u1ec9 d\u01b0\u1ee1ng nh\u1eb9 nh\u00e0ng v\u00e0 tinh t\u1ebf trong nh\u1eefng h\u1ea1ng ph\u00f2ng cao c\u1ea5p t\u1ea1i Ana Mandara \u0110\u00e0 L\u1ea1t, n\u01a1i ki\u1ebfn tr\u00fac Ph\u00e1p c\u1ed5 thanh l\u1ecbch h\u00f2a c\u00f9ng kh\u00f4ng gian ri\u00eang t\u01b0 gi\u1eefa r\u1eebng th\u00f4ng.\u00a0<\/span><\/p>\n","protected":false},"excerpt":{"rendered":"<p>T\u1eadn h\u01b0\u1edfng k\u1ef3 ngh\u1ec9 d\u01b0\u1ee1ng nh\u1eb9 nh\u00e0ng v\u00e0 tinh t\u1ebf trong nh\u1eefng h\u1ea1ng ph\u00f2ng cao c\u1ea5p t\u1ea1i Ana Mandara \u0110\u00e0 L\u1ea1t, n\u01a1i ki\u1ebfn tr\u00fac Ph\u00e1p c\u1ed5 thanh l\u1ecbch h\u00f2a c\u00f9ng kh\u00f4ng gian ri\u00eang t\u01b0 gi\u1eefa r\u1eebng th\u00f4ng.\u00a0<\/p>\n","protected":false},"author":470,"featured_media":10012,"parent":302,"menu_order":0,"comment_status":"closed","ping_status":"closed","template":"template-default-4.php","meta":{"footnotes":""},"acf":[],"yoast_head":"<!-- This site is optimized with the Yoast SEO plugin v22.3 - https:\/\/yoast.com\/wordpress\/plugins\/seo\/ -->\n<title>SIGNATURE SUITE - Ana Mandara Villas Dalat Resort &amp; Spa<\/title>\n<meta name=\"robots\" content=\"index, follow, max-snippet:-1, max-image-preview:large, max-video-preview:-1\" \/>\n<link rel=\"canonical\" href=\"https:\/\/anamandara-resort.com\/vi\/offers\/signature-suite-2\/\" \/>\n<meta property=\"og:locale\" content=\"vi_VN\" \/>\n<meta property=\"og:type\" content=\"article\" \/>\n<meta property=\"og:title\" content=\"SIGNATURE SUITE - Ana Mandara Villas Dalat Resort &amp; Spa\" \/>\n<meta property=\"og:description\" content=\"T\u1eadn h\u01b0\u1edfng k\u1ef3 ngh\u1ec9 d\u01b0\u1ee1ng nh\u1eb9 nh\u00e0ng v\u00e0 tinh t\u1ebf trong nh\u1eefng h\u1ea1ng ph\u00f2ng cao c\u1ea5p t\u1ea1i Ana Mandara \u0110\u00e0 L\u1ea1t, n\u01a1i ki\u1ebfn tr\u00fac Ph\u00e1p c\u1ed5 thanh l\u1ecbch h\u00f2a c\u00f9ng kh\u00f4ng gian ri\u00eang t\u01b0 gi\u1eefa r\u1eebng th\u00f4ng.\u00a0\" \/>\n<meta property=\"og:url\" content=\"https:\/\/anamandara-resort.com\/vi\/offers\/signature-suite-2\/\" \/>\n<meta property=\"og:site_name\" content=\"Ana Mandara Villas Dalat Resort &amp; Spa\" \/>\n<meta property=\"article:modified_time\" content=\"2026-01-23T09:32:46+00:00\" \/>\n<meta property=\"og:image\" content=\"https:\/\/www.anamandara-resort.com\/wp-content\/uploads\/sites\/233\/2026\/01\/z7460182897686_9e6b296185d0112735aa51ba9b4a071b-1.jpg\" \/>\n\t<meta property=\"og:image:width\" content=\"1365\" \/>\n\t<meta property=\"og:image:height\" content=\"1200\" \/>\n\t<meta property=\"og:image:type\" content=\"image\/jpeg\" \/>\n<meta name=\"twitter:card\" content=\"summary_large_image\" \/>\n<meta name=\"twitter:label1\" content=\"Est. reading time\" \/>\n\t<meta name=\"twitter:data1\" content=\"1 minute\" \/>\n<script type=\"application\/ld+json\" class=\"yoast-schema-graph\">{\"@context\":\"https:\/\/schema.org\",\"@graph\":[{\"@type\":\"WebPage\",\"@id\":\"https:\/\/anamandara-resort.com\/vi\/offers\/signature-suite-2\/\",\"url\":\"https:\/\/anamandara-resort.com\/vi\/offers\/signature-suite-2\/\",\"name\":\"SIGNATURE SUITE - Ana Mandara Villas Dalat Resort &amp; Spa\",\"isPartOf\":{\"@id\":\"https:\/\/anamandara-resort.com\/vi\/#website\"},\"primaryImageOfPage\":{\"@id\":\"https:\/\/anamandara-resort.com\/vi\/offers\/signature-suite-2\/#primaryimage\"},\"image\":{\"@id\":\"https:\/\/anamandara-resort.com\/vi\/offers\/signature-suite-2\/#primaryimage\"},\"thumbnailUrl\":\"https:\/\/www.anamandara-resort.com\/wp-content\/uploads\/sites\/233\/2026\/01\/z7460182897686_9e6b296185d0112735aa51ba9b4a071b-1.jpg\",\"datePublished\":\"2026-01-23T09:19:46+00:00\",\"dateModified\":\"2026-01-23T09:32:46+00:00\",\"breadcrumb\":{\"@id\":\"https:\/\/anamandara-resort.com\/vi\/offers\/signature-suite-2\/#breadcrumb\"},\"inLanguage\":\"vi-VN\",\"potentialAction\":[{\"@type\":\"ReadAction\",\"target\":[\"https:\/\/anamandara-resort.com\/vi\/offers\/signature-suite-2\/\"]}]},{\"@type\":\"ImageObject\",\"inLanguage\":\"vi-VN\",\"@id\":\"https:\/\/anamandara-resort.com\/vi\/offers\/signature-suite-2\/#primaryimage\",\"url\":\"https:\/\/www.anamandara-resort.com\/wp-content\/uploads\/sites\/233\/2026\/01\/z7460182897686_9e6b296185d0112735aa51ba9b4a071b-1.jpg\",\"contentUrl\":\"https:\/\/www.anamandara-resort.com\/wp-content\/uploads\/sites\/233\/2026\/01\/z7460182897686_9e6b296185d0112735aa51ba9b4a071b-1.jpg\",\"width\":1365,\"height\":1200},{\"@type\":\"BreadcrumbList\",\"@id\":\"https:\/\/anamandara-resort.com\/vi\/offers\/signature-suite-2\/#breadcrumb\",\"itemListElement\":[{\"@type\":\"ListItem\",\"position\":1,\"name\":\"Home\",\"item\":\"https:\/\/anamandara-resort.com\/vi\/\"},{\"@type\":\"ListItem\",\"position\":2,\"name\":\"\u01afu \u0110\u00e3i\",\"item\":\"https:\/\/anamandara-resort.com\/vi\/offers\/\"},{\"@type\":\"ListItem\",\"position\":3,\"name\":\"SIGNATURE SUITE\"}]},{\"@type\":\"WebSite\",\"@id\":\"https:\/\/anamandara-resort.com\/vi\/#website\",\"url\":\"https:\/\/anamandara-resort.com\/vi\/\",\"name\":\"Ana Mandara Villas Dalat Resort &amp; Spa\",\"description\":\"\",\"potentialAction\":[{\"@type\":\"SearchAction\",\"target\":{\"@type\":\"EntryPoint\",\"urlTemplate\":\"https:\/\/anamandara-resort.com\/vi\/?s={search_term_string}\"},\"query-input\":\"required name=search_term_string\"}],\"inLanguage\":\"vi-VN\"}]}<\/script>\n<!-- \/ Yoast SEO plugin. -->","yoast_head_json":{"title":"SIGNATURE SUITE - Ana Mandara Villas Dalat Resort &amp; Spa","robots":{"index":"index","follow":"follow","max-snippet":"max-snippet:-1","max-image-preview":"max-image-preview:large","max-video-preview":"max-video-preview:-1"},"canonical":"https:\/\/anamandara-resort.com\/vi\/offers\/signature-suite-2\/","og_locale":"vi_VN","og_type":"article","og_title":"SIGNATURE SUITE - Ana Mandara Villas Dalat Resort &amp; Spa","og_description":"T\u1eadn h\u01b0\u1edfng k\u1ef3 ngh\u1ec9 d\u01b0\u1ee1ng nh\u1eb9 nh\u00e0ng v\u00e0 tinh t\u1ebf trong nh\u1eefng h\u1ea1ng ph\u00f2ng cao c\u1ea5p t\u1ea1i Ana Mandara \u0110\u00e0 L\u1ea1t, n\u01a1i ki\u1ebfn tr\u00fac Ph\u00e1p c\u1ed5 thanh l\u1ecbch h\u00f2a c\u00f9ng kh\u00f4ng gian ri\u00eang t\u01b0 gi\u1eefa r\u1eebng th\u00f4ng.\u00a0","og_url":"https:\/\/anamandara-resort.com\/vi\/offers\/signature-suite-2\/","og_site_name":"Ana Mandara Villas Dalat Resort &amp; Spa","article_modified_time":"2026-01-23T09:32:46+00:00","og_image":[{"width":1365,"height":1200,"url":"https:\/\/www.anamandara-resort.com\/wp-content\/uploads\/sites\/233\/2026\/01\/z7460182897686_9e6b296185d0112735aa51ba9b4a071b-1.jpg","type":"image\/jpeg"}],"twitter_card":"summary_large_image","twitter_misc":{"Est. reading time":"1 minute"},"schema":{"@context":"https:\/\/schema.org","@graph":[{"@type":"WebPage","@id":"https:\/\/anamandara-resort.com\/vi\/offers\/signature-suite-2\/","url":"https:\/\/anamandara-resort.com\/vi\/offers\/signature-suite-2\/","name":"SIGNATURE SUITE - Ana Mandara Villas Dalat Resort &amp; Spa","isPartOf":{"@id":"https:\/\/anamandara-resort.com\/vi\/#website"},"primaryImageOfPage":{"@id":"https:\/\/anamandara-resort.com\/vi\/offers\/signature-suite-2\/#primaryimage"},"image":{"@id":"https:\/\/anamandara-resort.com\/vi\/offers\/signature-suite-2\/#primaryimage"},"thumbnailUrl":"https:\/\/www.anamandara-resort.com\/wp-content\/uploads\/sites\/233\/2026\/01\/z7460182897686_9e6b296185d0112735aa51ba9b4a071b-1.jpg","datePublished":"2026-01-23T09:19:46+00:00","dateModified":"2026-01-23T09:32:46+00:00","breadcrumb":{"@id":"https:\/\/anamandara-resort.com\/vi\/offers\/signature-suite-2\/#breadcrumb"},"inLanguage":"vi-VN","potentialAction":[{"@type":"ReadAction","target":["https:\/\/anamandara-resort.com\/vi\/offers\/signature-suite-2\/"]}]},{"@type":"ImageObject","inLanguage":"vi-VN","@id":"https:\/\/anamandara-resort.com\/vi\/offers\/signature-suite-2\/#primaryimage","url":"https:\/\/www.anamandara-resort.com\/wp-content\/uploads\/sites\/233\/2026\/01\/z7460182897686_9e6b296185d0112735aa51ba9b4a071b-1.jpg","contentUrl":"https:\/\/www.anamandara-resort.com\/wp-content\/uploads\/sites\/233\/2026\/01\/z7460182897686_9e6b296185d0112735aa51ba9b4a071b-1.jpg","width":1365,"height":1200},{"@type":"BreadcrumbList","@id":"https:\/\/anamandara-resort.com\/vi\/offers\/signature-suite-2\/#breadcrumb","itemListElement":[{"@type":"ListItem","position":1,"name":"Home","item":"https:\/\/anamandara-resort.com\/vi\/"},{"@type":"ListItem","position":2,"name":"\u01afu \u0110\u00e3i","item":"https:\/\/anamandara-resort.com\/vi\/offers\/"},{"@type":"ListItem","position":3,"name":"SIGNATURE SUITE"}]},{"@type":"WebSite","@id":"https:\/\/anamandara-resort.com\/vi\/#website","url":"https:\/\/anamandara-resort.com\/vi\/","name":"Ana Mandara Villas Dalat Resort &amp; Spa","description":"","potentialAction":[{"@type":"SearchAction","target":{"@type":"EntryPoint","urlTemplate":"https:\/\/anamandara-resort.com\/vi\/?s={search_term_string}"},"query-input":"required name=search_term_string"}],"inLanguage":"vi-VN"}]}},"_links":{"self":[{"href":"https:\/\/anamandara-resort.com\/vi\/wp-json\/wp\/v2\/pages\/10031"}],"collection":[{"href":"https:\/\/anamandara-resort.com\/vi\/wp-json\/wp\/v2\/pages"}],"about":[{"href":"https:\/\/anamandara-resort.com\/vi\/wp-json\/wp\/v2\/types\/page"}],"author":[{"embeddable":true,"href":"https:\/\/anamandara-resort.com\/vi\/wp-json\/wp\/v2\/users\/470"}],"replies":[{"embeddable":true,"href":"https:\/\/anamandara-resort.com\/vi\/wp-json\/wp\/v2\/comments?post=10031"}],"version-history":[{"count":1,"href":"https:\/\/anamandara-resort.com\/vi\/wp-json\/wp\/v2\/pages\/10031\/revisions"}],"predecessor-version":[{"id":10562,"href":"https:\/\/anamandara-resort.com\/vi\/wp-json\/wp\/v2\/pages\/10031\/revisions\/10562"}],"up":[{"embeddable":true,"href":"https:\/\/anamandara-resort.com\/vi\/wp-json\/wp\/v2\/pages\/302"}],"wp:featuredmedia":[{"embeddable":true,"href":"https:\/\/anamandara-resort.com\/vi\/wp-json\/wp\/v2\/media\/10012"}],"wp:attachment":[{"href":"https:\/\/anamandara-resort.com\/vi\/wp-json\/wp\/v2\/media?parent=10031"}],"curies":[{"name":"wp","href":"https:\/\/api.w.org\/{rel}","templated":true}]}}