{"id":10240,"date":"2026-02-27T04:43:51","date_gmt":"2026-02-27T04:43:51","guid":{"rendered":"https:\/\/anamandara-resort.com\/?page_id=10240"},"modified":"2026-02-27T07:26:36","modified_gmt":"2026-02-27T07:26:36","slug":"hoa-no-giua-tinh-tai","status":"publish","type":"page","link":"https:\/\/anamandara-resort.com\/vi\/offers\/hoa-no-giua-tinh-tai\/","title":{"rendered":"HOA N\u1ede GI\u1eeeA T\u0128NH T\u1ea0I"},"content":{"rendered":"<p style=\"text-align: center\">M\u1ed9t m\u00f9a d\u1ecbu d\u00e0ng \u0111\u1ec3 t\u00e1i t\u1ea1o th\u00e2n, t\u00e2m, tr\u00ed.<\/p>\n<article class=\"text-token-text-primary w-full focus:outline-none [--shadow-height:45px] has-data-writing-block:pointer-events-none has-data-writing-block:-mt-(--shadow-height) has-data-writing-block:pt-(--shadow-height) [&amp;:has([data-writing-block])&gt;*]:pointer-events-auto scroll-mt-(--header-height)\" dir=\"auto\" data-turn-id=\"3965caa4-60fd-4630-a6fe-a7112446e844\" data-testid=\"conversation-turn-11\" data-scroll-anchor=\"false\" data-turn=\"user\">\n<div class=\"text-base my-auto mx-auto pt-12 [--thread-content-margin:--spacing(4)] thread-sm:[--thread-content-margin:--spacing(6)] thread-lg:[--thread-content-margin:--spacing(16)] px-(--thread-content-margin)\">\n<div class=\"[--thread-content-max-width:40rem] thread-lg:[--thread-content-max-width:48rem] mx-auto max-w-(--thread-content-max-width) flex-1 group\/turn-messages focus-visible:outline-hidden relative flex w-full min-w-0 flex-col\">\n<div class=\"z-0 flex justify-end\"><\/div>\n<\/div>\n<\/div>\n<\/article>\n<article class=\"text-token-text-primary w-full focus:outline-none [--shadow-height:45px] has-data-writing-block:pointer-events-none has-data-writing-block:-mt-(--shadow-height) has-data-writing-block:pt-(--shadow-height) [&amp;:has([data-writing-block])&gt;*]:pointer-events-auto [content-visibility:auto] supports-[content-visibility:auto]:[contain-intrinsic-size:auto_100lvh] scroll-mt-[calc(var(--header-height)+min(200px,max(70px,20svh)))]\" dir=\"auto\" data-turn-id=\"request-WEB:4a9019a4-b93e-44e4-a60c-74c2ea6617e4-5\" data-testid=\"conversation-turn-12\" data-scroll-anchor=\"true\" data-turn=\"assistant\">\n<h6 class=\"sr-only\"><\/h6>\n<\/article>\n","protected":false},"excerpt":{"rendered":"<p>M\u1ed9t m\u00f9a d\u1ecbu d\u00e0ng \u0111\u1ec3 t\u00e1i t\u1ea1o th\u00e2n, t\u00e2m, tr\u00ed.<\/p>\n","protected":false},"author":470,"featured_media":10243,"parent":302,"menu_order":0,"comment_status":"closed","ping_status":"closed","template":"template-default-4.php","meta":{"footnotes":""},"acf":[],"yoast_head":"<!-- This site is optimized with the Yoast SEO plugin v22.3 - https:\/\/yoast.com\/wordpress\/plugins\/seo\/ -->\n<title>HOA N\u1ede GI\u1eeeA T\u0128NH T\u1ea0I - Ana Mandara Villas Dalat Resort &amp; Spa<\/title>\n<meta name=\"description\" content=\"Ana Mandara Villas Dalat Resort &amp; Spa - N\u01a1i nh\u1eefng gi\u1ea5c m\u01a1 m\u00f9a thu l\u1eb7ng l\u1ebd \u0111\u01b0\u1ee3c ch\u1ea1m \u0111\u1ebfn.\" \/>\n<meta name=\"robots\" content=\"index, follow, max-snippet:-1, max-image-preview:large, max-video-preview:-1\" \/>\n<link rel=\"canonical\" href=\"https:\/\/anamandara-resort.com\/vi\/offers\/hoa-no-giua-tinh-tai\/\" \/>\n<meta property=\"og:locale\" content=\"vi_VN\" \/>\n<meta property=\"og:type\" content=\"article\" \/>\n<meta property=\"og:title\" content=\"HOA N\u1ede GI\u1eeeA T\u0128NH T\u1ea0I - Ana Mandara Villas Dalat Resort &amp; Spa\" \/>\n<meta property=\"og:description\" content=\"Ana Mandara Villas Dalat Resort &amp; Spa - N\u01a1i nh\u1eefng gi\u1ea5c m\u01a1 m\u00f9a thu l\u1eb7ng l\u1ebd \u0111\u01b0\u1ee3c ch\u1ea1m \u0111\u1ebfn.\" \/>\n<meta property=\"og:url\" content=\"https:\/\/anamandara-resort.com\/vi\/offers\/hoa-no-giua-tinh-tai\/\" \/>\n<meta property=\"og:site_name\" content=\"Ana Mandara Villas Dalat Resort &amp; Spa\" \/>\n<meta property=\"article:modified_time\" content=\"2026-02-27T07:26:36+00:00\" \/>\n<meta property=\"og:image\" content=\"https:\/\/www.anamandara-resort.com\/wp-content\/uploads\/sites\/233\/2026\/02\/KV.png\" \/>\n\t<meta property=\"og:image:width\" content=\"832\" \/>\n\t<meta property=\"og:image:height\" content=\"1248\" \/>\n\t<meta property=\"og:image:type\" content=\"image\/png\" \/>\n<meta name=\"twitter:card\" content=\"summary_large_image\" \/>\n<meta name=\"twitter:label1\" content=\"Est. reading time\" \/>\n\t<meta name=\"twitter:data1\" content=\"1 minute\" \/>\n<script type=\"application\/ld+json\" class=\"yoast-schema-graph\">{\"@context\":\"https:\/\/schema.org\",\"@graph\":[{\"@type\":\"WebPage\",\"@id\":\"https:\/\/anamandara-resort.com\/vi\/offers\/hoa-no-giua-tinh-tai\/\",\"url\":\"https:\/\/anamandara-resort.com\/vi\/offers\/hoa-no-giua-tinh-tai\/\",\"name\":\"HOA N\u1ede GI\u1eeeA T\u0128NH T\u1ea0I - Ana Mandara Villas Dalat Resort &amp; Spa\",\"isPartOf\":{\"@id\":\"https:\/\/anamandara-resort.com\/vi\/#website\"},\"primaryImageOfPage\":{\"@id\":\"https:\/\/anamandara-resort.com\/vi\/offers\/hoa-no-giua-tinh-tai\/#primaryimage\"},\"image\":{\"@id\":\"https:\/\/anamandara-resort.com\/vi\/offers\/hoa-no-giua-tinh-tai\/#primaryimage\"},\"thumbnailUrl\":\"https:\/\/www.anamandara-resort.com\/wp-content\/uploads\/sites\/233\/2026\/02\/KV.png\",\"datePublished\":\"2026-02-27T04:43:51+00:00\",\"dateModified\":\"2026-02-27T07:26:36+00:00\",\"description\":\"Ana Mandara Villas Dalat Resort & Spa - N\u01a1i nh\u1eefng gi\u1ea5c m\u01a1 m\u00f9a thu l\u1eb7ng l\u1ebd \u0111\u01b0\u1ee3c ch\u1ea1m \u0111\u1ebfn.\",\"breadcrumb\":{\"@id\":\"https:\/\/anamandara-resort.com\/vi\/offers\/hoa-no-giua-tinh-tai\/#breadcrumb\"},\"inLanguage\":\"vi-VN\",\"potentialAction\":[{\"@type\":\"ReadAction\",\"target\":[\"https:\/\/anamandara-resort.com\/vi\/offers\/hoa-no-giua-tinh-tai\/\"]}]},{\"@type\":\"ImageObject\",\"inLanguage\":\"vi-VN\",\"@id\":\"https:\/\/anamandara-resort.com\/vi\/offers\/hoa-no-giua-tinh-tai\/#primaryimage\",\"url\":\"https:\/\/www.anamandara-resort.com\/wp-content\/uploads\/sites\/233\/2026\/02\/KV.png\",\"contentUrl\":\"https:\/\/www.anamandara-resort.com\/wp-content\/uploads\/sites\/233\/2026\/02\/KV.png\",\"width\":832,\"height\":1248},{\"@type\":\"BreadcrumbList\",\"@id\":\"https:\/\/anamandara-resort.com\/vi\/offers\/hoa-no-giua-tinh-tai\/#breadcrumb\",\"itemListElement\":[{\"@type\":\"ListItem\",\"position\":1,\"name\":\"Home\",\"item\":\"https:\/\/anamandara-resort.com\/vi\/\"},{\"@type\":\"ListItem\",\"position\":2,\"name\":\"\u01afu \u0110\u00e3i\",\"item\":\"https:\/\/anamandara-resort.com\/vi\/offers\/\"},{\"@type\":\"ListItem\",\"position\":3,\"name\":\"HOA N\u1ede GI\u1eeeA T\u0128NH T\u1ea0I\"}]},{\"@type\":\"WebSite\",\"@id\":\"https:\/\/anamandara-resort.com\/vi\/#website\",\"url\":\"https:\/\/anamandara-resort.com\/vi\/\",\"name\":\"Ana Mandara Villas Dalat Resort &amp; Spa\",\"description\":\"\",\"potentialAction\":[{\"@type\":\"SearchAction\",\"target\":{\"@type\":\"EntryPoint\",\"urlTemplate\":\"https:\/\/anamandara-resort.com\/vi\/?s={search_term_string}\"},\"query-input\":\"required name=search_term_string\"}],\"inLanguage\":\"vi-VN\"}]}<\/script>\n<!-- \/ Yoast SEO plugin. -->","yoast_head_json":{"title":"HOA N\u1ede GI\u1eeeA T\u0128NH T\u1ea0I - Ana Mandara Villas Dalat Resort &amp; Spa","description":"Ana Mandara Villas Dalat Resort & Spa - N\u01a1i nh\u1eefng gi\u1ea5c m\u01a1 m\u00f9a thu l\u1eb7ng l\u1ebd \u0111\u01b0\u1ee3c ch\u1ea1m \u0111\u1ebfn.","robots":{"index":"index","follow":"follow","max-snippet":"max-snippet:-1","max-image-preview":"max-image-preview:large","max-video-preview":"max-video-preview:-1"},"canonical":"https:\/\/anamandara-resort.com\/vi\/offers\/hoa-no-giua-tinh-tai\/","og_locale":"vi_VN","og_type":"article","og_title":"HOA N\u1ede GI\u1eeeA T\u0128NH T\u1ea0I - Ana Mandara Villas Dalat Resort &amp; Spa","og_description":"Ana Mandara Villas Dalat Resort & Spa - N\u01a1i nh\u1eefng gi\u1ea5c m\u01a1 m\u00f9a thu l\u1eb7ng l\u1ebd \u0111\u01b0\u1ee3c ch\u1ea1m \u0111\u1ebfn.","og_url":"https:\/\/anamandara-resort.com\/vi\/offers\/hoa-no-giua-tinh-tai\/","og_site_name":"Ana Mandara Villas Dalat Resort &amp; Spa","article_modified_time":"2026-02-27T07:26:36+00:00","og_image":[{"width":832,"height":1248,"url":"https:\/\/www.anamandara-resort.com\/wp-content\/uploads\/sites\/233\/2026\/02\/KV.png","type":"image\/png"}],"twitter_card":"summary_large_image","twitter_misc":{"Est. reading time":"1 minute"},"schema":{"@context":"https:\/\/schema.org","@graph":[{"@type":"WebPage","@id":"https:\/\/anamandara-resort.com\/vi\/offers\/hoa-no-giua-tinh-tai\/","url":"https:\/\/anamandara-resort.com\/vi\/offers\/hoa-no-giua-tinh-tai\/","name":"HOA N\u1ede GI\u1eeeA T\u0128NH T\u1ea0I - Ana Mandara Villas Dalat Resort &amp; Spa","isPartOf":{"@id":"https:\/\/anamandara-resort.com\/vi\/#website"},"primaryImageOfPage":{"@id":"https:\/\/anamandara-resort.com\/vi\/offers\/hoa-no-giua-tinh-tai\/#primaryimage"},"image":{"@id":"https:\/\/anamandara-resort.com\/vi\/offers\/hoa-no-giua-tinh-tai\/#primaryimage"},"thumbnailUrl":"https:\/\/www.anamandara-resort.com\/wp-content\/uploads\/sites\/233\/2026\/02\/KV.png","datePublished":"2026-02-27T04:43:51+00:00","dateModified":"2026-02-27T07:26:36+00:00","description":"Ana Mandara Villas Dalat Resort & Spa - N\u01a1i nh\u1eefng gi\u1ea5c m\u01a1 m\u00f9a thu l\u1eb7ng l\u1ebd \u0111\u01b0\u1ee3c ch\u1ea1m \u0111\u1ebfn.","breadcrumb":{"@id":"https:\/\/anamandara-resort.com\/vi\/offers\/hoa-no-giua-tinh-tai\/#breadcrumb"},"inLanguage":"vi-VN","potentialAction":[{"@type":"ReadAction","target":["https:\/\/anamandara-resort.com\/vi\/offers\/hoa-no-giua-tinh-tai\/"]}]},{"@type":"ImageObject","inLanguage":"vi-VN","@id":"https:\/\/anamandara-resort.com\/vi\/offers\/hoa-no-giua-tinh-tai\/#primaryimage","url":"https:\/\/www.anamandara-resort.com\/wp-content\/uploads\/sites\/233\/2026\/02\/KV.png","contentUrl":"https:\/\/www.anamandara-resort.com\/wp-content\/uploads\/sites\/233\/2026\/02\/KV.png","width":832,"height":1248},{"@type":"BreadcrumbList","@id":"https:\/\/anamandara-resort.com\/vi\/offers\/hoa-no-giua-tinh-tai\/#breadcrumb","itemListElement":[{"@type":"ListItem","position":1,"name":"Home","item":"https:\/\/anamandara-resort.com\/vi\/"},{"@type":"ListItem","position":2,"name":"\u01afu \u0110\u00e3i","item":"https:\/\/anamandara-resort.com\/vi\/offers\/"},{"@type":"ListItem","position":3,"name":"HOA N\u1ede GI\u1eeeA T\u0128NH T\u1ea0I"}]},{"@type":"WebSite","@id":"https:\/\/anamandara-resort.com\/vi\/#website","url":"https:\/\/anamandara-resort.com\/vi\/","name":"Ana Mandara Villas Dalat Resort &amp; Spa","description":"","potentialAction":[{"@type":"SearchAction","target":{"@type":"EntryPoint","urlTemplate":"https:\/\/anamandara-resort.com\/vi\/?s={search_term_string}"},"query-input":"required name=search_term_string"}],"inLanguage":"vi-VN"}]}},"_links":{"self":[{"href":"https:\/\/anamandara-resort.com\/vi\/wp-json\/wp\/v2\/pages\/10240"}],"collection":[{"href":"https:\/\/anamandara-resort.com\/vi\/wp-json\/wp\/v2\/pages"}],"about":[{"href":"https:\/\/anamandara-resort.com\/vi\/wp-json\/wp\/v2\/types\/page"}],"author":[{"embeddable":true,"href":"https:\/\/anamandara-resort.com\/vi\/wp-json\/wp\/v2\/users\/470"}],"replies":[{"embeddable":true,"href":"https:\/\/anamandara-resort.com\/vi\/wp-json\/wp\/v2\/comments?post=10240"}],"version-history":[{"count":3,"href":"https:\/\/anamandara-resort.com\/vi\/wp-json\/wp\/v2\/pages\/10240\/revisions"}],"predecessor-version":[{"id":10266,"href":"https:\/\/anamandara-resort.com\/vi\/wp-json\/wp\/v2\/pages\/10240\/revisions\/10266"}],"up":[{"embeddable":true,"href":"https:\/\/anamandara-resort.com\/vi\/wp-json\/wp\/v2\/pages\/302"}],"wp:featuredmedia":[{"embeddable":true,"href":"https:\/\/anamandara-resort.com\/vi\/wp-json\/wp\/v2\/media\/10243"}],"wp:attachment":[{"href":"https:\/\/anamandara-resort.com\/vi\/wp-json\/wp\/v2\/media?parent=10240"}],"curies":[{"name":"wp","href":"https:\/\/api.w.org\/{rel}","templated":true}]}}