{"id":10675,"date":"2026-04-08T09:58:35","date_gmt":"2026-04-08T09:58:35","guid":{"rendered":"https:\/\/anamandara-resort.com\/?page_id=10675"},"modified":"2026-04-08T09:58:35","modified_gmt":"2026-04-08T09:58:35","slug":"taiga-calm-experience-in-dalat","status":"publish","type":"page","link":"https:\/\/anamandara-resort.com\/vi\/offers\/taiga-calm-experience-in-dalat\/","title":{"rendered":"TAIGA CALM EXPERIENCE IN DALAT"},"content":{"rendered":"<p style=\"text-align: center\"><span style=\"font-weight: 400\">M\u1ed9t h\u00e0nh tr\u00ecnh m\u1edbi mang \u0111\u1ebfn cho b\u1ea1n m\u1ed9t tr\u1ea3i nghi\u1ec7m ngh\u1ec9 d\u01b0\u1ee1ng tr\u1ecdn v\u1eb9n: t\u1eeb nh\u1eefng ph\u00fat gi\u00e2y th\u01b0 gi\u00e3n cho c\u01a1 th\u1ec3, \u0111\u1ebfn h\u00e0nh tr\u00ecnh kh\u00e1m ph\u00e1 \u1ea9m th\u1ef1c \u0111\u1ecba ph\u01b0\u01a1ng tinh t\u1ebf \u2013 n\u01a1i t\u1eebng h\u01b0\u01a1ng v\u1ecb \u0111\u1ec1u g\u1ee3i nh\u1eafc v\u1ec1 \u0110\u00e0 L\u1ea1t m\u1ed9t c\u00e1ch r\u1ea5t ri\u00eang.<\/span><\/p>\n<article class=\"text-token-text-primary w-full focus:outline-none [--shadow-height:45px] has-data-writing-block:pointer-events-none has-data-writing-block:-mt-(--shadow-height) has-data-writing-block:pt-(--shadow-height) [&amp;:has([data-writing-block])&gt;*]:pointer-events-auto scroll-mt-(--header-height)\" dir=\"auto\" data-turn-id=\"3965caa4-60fd-4630-a6fe-a7112446e844\" data-testid=\"conversation-turn-11\" data-scroll-anchor=\"false\" data-turn=\"user\">\n<div class=\"text-base my-auto mx-auto pt-12 [--thread-content-margin:--spacing(4)] thread-sm:[--thread-content-margin:--spacing(6)] thread-lg:[--thread-content-margin:--spacing(16)] px-(--thread-content-margin)\">\n<div class=\"[--thread-content-max-width:40rem] thread-lg:[--thread-content-max-width:48rem] mx-auto max-w-(--thread-content-max-width) flex-1 group\/turn-messages focus-visible:outline-hidden relative flex w-full min-w-0 flex-col\">\n<div class=\"z-0 flex justify-end\"><\/div>\n<\/div>\n<\/div>\n<\/article>\n<article class=\"text-token-text-primary w-full focus:outline-none [--shadow-height:45px] has-data-writing-block:pointer-events-none has-data-writing-block:-mt-(--shadow-height) has-data-writing-block:pt-(--shadow-height) [&amp;:has([data-writing-block])&gt;*]:pointer-events-auto [content-visibility:auto] supports-[content-visibility:auto]:[contain-intrinsic-size:auto_100lvh] scroll-mt-[calc(var(--header-height)+min(200px,max(70px,20svh)))]\" dir=\"auto\" data-turn-id=\"request-WEB:4a9019a4-b93e-44e4-a60c-74c2ea6617e4-5\" data-testid=\"conversation-turn-12\" data-scroll-anchor=\"true\" data-turn=\"assistant\">\n<h6 class=\"sr-only\"><\/h6>\n<\/article>\n","protected":false},"excerpt":{"rendered":"<p>M\u1ed9t h\u00e0nh tr\u00ecnh m\u1edbi mang \u0111\u1ebfn cho b\u1ea1n m\u1ed9t tr\u1ea3i nghi\u1ec7m ngh\u1ec9 d\u01b0\u1ee1ng tr\u1ecdn v\u1eb9n: t\u1eeb nh\u1eefng ph\u00fat gi\u00e2y th\u01b0 gi\u00e3n cho c\u01a1 th\u1ec3, \u0111\u1ebfn h\u00e0nh tr\u00ecnh kh\u00e1m ph\u00e1 \u1ea9m th\u1ef1c \u0111\u1ecba ph\u01b0\u01a1ng tinh t\u1ebf \u2013 n\u01a1i t\u1eebng h\u01b0\u01a1ng v\u1ecb \u0111\u1ec1u g\u1ee3i nh\u1eafc v\u1ec1 \u0110\u00e0 L\u1ea1t m\u1ed9t c\u00e1ch r\u1ea5t ri\u00eang.<\/p>\n","protected":false},"author":470,"featured_media":10678,"parent":302,"menu_order":0,"comment_status":"closed","ping_status":"closed","template":"template-default-4.php","meta":{"footnotes":""},"acf":[],"yoast_head":"<!-- This site is optimized with the Yoast SEO plugin v22.3 - https:\/\/yoast.com\/wordpress\/plugins\/seo\/ -->\n<title>TAIGA CALM EXPERIENCE IN DALAT - Ana Mandara Villas Dalat Resort &amp; Spa<\/title>\n<meta name=\"description\" content=\"Ana Mandara Villas Dalat Resort &amp; Spa - N\u01a1i nh\u1eefng gi\u1ea5c m\u01a1 m\u00f9a thu l\u1eb7ng l\u1ebd \u0111\u01b0\u1ee3c ch\u1ea1m \u0111\u1ebfn.\" \/>\n<meta name=\"robots\" content=\"index, follow, max-snippet:-1, max-image-preview:large, max-video-preview:-1\" \/>\n<link rel=\"canonical\" href=\"https:\/\/anamandara-resort.com\/vi\/offers\/taiga-calm-experience-in-dalat\/\" \/>\n<meta property=\"og:locale\" content=\"vi_VN\" \/>\n<meta property=\"og:type\" content=\"article\" \/>\n<meta property=\"og:title\" content=\"TAIGA CALM EXPERIENCE IN DALAT - Ana Mandara Villas Dalat Resort &amp; Spa\" \/>\n<meta property=\"og:description\" content=\"Ana Mandara Villas Dalat Resort &amp; Spa - N\u01a1i nh\u1eefng gi\u1ea5c m\u01a1 m\u00f9a thu l\u1eb7ng l\u1ebd \u0111\u01b0\u1ee3c ch\u1ea1m \u0111\u1ebfn.\" \/>\n<meta property=\"og:url\" content=\"https:\/\/anamandara-resort.com\/vi\/offers\/taiga-calm-experience-in-dalat\/\" \/>\n<meta property=\"og:site_name\" content=\"Ana Mandara Villas Dalat Resort &amp; Spa\" \/>\n<meta property=\"og:image\" content=\"https:\/\/www.anamandara-resort.com\/wp-content\/uploads\/sites\/233\/2026\/04\/IG-Taiga-package-01-819x1024.png\" \/>\n\t<meta property=\"og:image:width\" content=\"819\" \/>\n\t<meta property=\"og:image:height\" content=\"1024\" \/>\n\t<meta property=\"og:image:type\" content=\"image\/png\" \/>\n<meta name=\"twitter:card\" content=\"summary_large_image\" \/>\n<meta name=\"twitter:label1\" content=\"Est. reading time\" \/>\n\t<meta name=\"twitter:data1\" content=\"1 minute\" \/>\n<script type=\"application\/ld+json\" class=\"yoast-schema-graph\">{\"@context\":\"https:\/\/schema.org\",\"@graph\":[{\"@type\":\"WebPage\",\"@id\":\"https:\/\/anamandara-resort.com\/vi\/offers\/taiga-calm-experience-in-dalat\/\",\"url\":\"https:\/\/anamandara-resort.com\/vi\/offers\/taiga-calm-experience-in-dalat\/\",\"name\":\"TAIGA CALM EXPERIENCE IN DALAT - Ana Mandara Villas Dalat Resort &amp; Spa\",\"isPartOf\":{\"@id\":\"https:\/\/anamandara-resort.com\/vi\/#website\"},\"primaryImageOfPage\":{\"@id\":\"https:\/\/anamandara-resort.com\/vi\/offers\/taiga-calm-experience-in-dalat\/#primaryimage\"},\"image\":{\"@id\":\"https:\/\/anamandara-resort.com\/vi\/offers\/taiga-calm-experience-in-dalat\/#primaryimage\"},\"thumbnailUrl\":\"https:\/\/www.anamandara-resort.com\/wp-content\/uploads\/sites\/233\/2026\/04\/IG-Taiga-package-01.png\",\"datePublished\":\"2026-04-08T09:58:35+00:00\",\"dateModified\":\"2026-04-08T09:58:35+00:00\",\"description\":\"Ana Mandara Villas Dalat Resort & Spa - N\u01a1i nh\u1eefng gi\u1ea5c m\u01a1 m\u00f9a thu l\u1eb7ng l\u1ebd \u0111\u01b0\u1ee3c ch\u1ea1m \u0111\u1ebfn.\",\"breadcrumb\":{\"@id\":\"https:\/\/anamandara-resort.com\/vi\/offers\/taiga-calm-experience-in-dalat\/#breadcrumb\"},\"inLanguage\":\"vi-VN\",\"potentialAction\":[{\"@type\":\"ReadAction\",\"target\":[\"https:\/\/anamandara-resort.com\/vi\/offers\/taiga-calm-experience-in-dalat\/\"]}]},{\"@type\":\"ImageObject\",\"inLanguage\":\"vi-VN\",\"@id\":\"https:\/\/anamandara-resort.com\/vi\/offers\/taiga-calm-experience-in-dalat\/#primaryimage\",\"url\":\"https:\/\/www.anamandara-resort.com\/wp-content\/uploads\/sites\/233\/2026\/04\/IG-Taiga-package-01.png\",\"contentUrl\":\"https:\/\/www.anamandara-resort.com\/wp-content\/uploads\/sites\/233\/2026\/04\/IG-Taiga-package-01.png\",\"width\":1760,\"height\":2200},{\"@type\":\"BreadcrumbList\",\"@id\":\"https:\/\/anamandara-resort.com\/vi\/offers\/taiga-calm-experience-in-dalat\/#breadcrumb\",\"itemListElement\":[{\"@type\":\"ListItem\",\"position\":1,\"name\":\"Home\",\"item\":\"https:\/\/anamandara-resort.com\/vi\/\"},{\"@type\":\"ListItem\",\"position\":2,\"name\":\"\u01afu \u0110\u00e3i\",\"item\":\"https:\/\/anamandara-resort.com\/vi\/offers\/\"},{\"@type\":\"ListItem\",\"position\":3,\"name\":\"TAIGA CALM EXPERIENCE IN DALAT\"}]},{\"@type\":\"WebSite\",\"@id\":\"https:\/\/anamandara-resort.com\/vi\/#website\",\"url\":\"https:\/\/anamandara-resort.com\/vi\/\",\"name\":\"Ana Mandara Villas Dalat Resort &amp; Spa\",\"description\":\"\",\"potentialAction\":[{\"@type\":\"SearchAction\",\"target\":{\"@type\":\"EntryPoint\",\"urlTemplate\":\"https:\/\/anamandara-resort.com\/vi\/?s={search_term_string}\"},\"query-input\":\"required name=search_term_string\"}],\"inLanguage\":\"vi-VN\"}]}<\/script>\n<!-- \/ Yoast SEO plugin. -->","yoast_head_json":{"title":"TAIGA CALM EXPERIENCE IN DALAT - Ana Mandara Villas Dalat Resort &amp; Spa","description":"Ana Mandara Villas Dalat Resort & Spa - N\u01a1i nh\u1eefng gi\u1ea5c m\u01a1 m\u00f9a thu l\u1eb7ng l\u1ebd \u0111\u01b0\u1ee3c ch\u1ea1m \u0111\u1ebfn.","robots":{"index":"index","follow":"follow","max-snippet":"max-snippet:-1","max-image-preview":"max-image-preview:large","max-video-preview":"max-video-preview:-1"},"canonical":"https:\/\/anamandara-resort.com\/vi\/offers\/taiga-calm-experience-in-dalat\/","og_locale":"vi_VN","og_type":"article","og_title":"TAIGA CALM EXPERIENCE IN DALAT - Ana Mandara Villas Dalat Resort &amp; Spa","og_description":"Ana Mandara Villas Dalat Resort & Spa - N\u01a1i nh\u1eefng gi\u1ea5c m\u01a1 m\u00f9a thu l\u1eb7ng l\u1ebd \u0111\u01b0\u1ee3c ch\u1ea1m \u0111\u1ebfn.","og_url":"https:\/\/anamandara-resort.com\/vi\/offers\/taiga-calm-experience-in-dalat\/","og_site_name":"Ana Mandara Villas Dalat Resort &amp; Spa","og_image":[{"width":819,"height":1024,"url":"https:\/\/www.anamandara-resort.com\/wp-content\/uploads\/sites\/233\/2026\/04\/IG-Taiga-package-01-819x1024.png","type":"image\/png"}],"twitter_card":"summary_large_image","twitter_misc":{"Est. reading time":"1 minute"},"schema":{"@context":"https:\/\/schema.org","@graph":[{"@type":"WebPage","@id":"https:\/\/anamandara-resort.com\/vi\/offers\/taiga-calm-experience-in-dalat\/","url":"https:\/\/anamandara-resort.com\/vi\/offers\/taiga-calm-experience-in-dalat\/","name":"TAIGA CALM EXPERIENCE IN DALAT - Ana Mandara Villas Dalat Resort &amp; Spa","isPartOf":{"@id":"https:\/\/anamandara-resort.com\/vi\/#website"},"primaryImageOfPage":{"@id":"https:\/\/anamandara-resort.com\/vi\/offers\/taiga-calm-experience-in-dalat\/#primaryimage"},"image":{"@id":"https:\/\/anamandara-resort.com\/vi\/offers\/taiga-calm-experience-in-dalat\/#primaryimage"},"thumbnailUrl":"https:\/\/www.anamandara-resort.com\/wp-content\/uploads\/sites\/233\/2026\/04\/IG-Taiga-package-01.png","datePublished":"2026-04-08T09:58:35+00:00","dateModified":"2026-04-08T09:58:35+00:00","description":"Ana Mandara Villas Dalat Resort & Spa - N\u01a1i nh\u1eefng gi\u1ea5c m\u01a1 m\u00f9a thu l\u1eb7ng l\u1ebd \u0111\u01b0\u1ee3c ch\u1ea1m \u0111\u1ebfn.","breadcrumb":{"@id":"https:\/\/anamandara-resort.com\/vi\/offers\/taiga-calm-experience-in-dalat\/#breadcrumb"},"inLanguage":"vi-VN","potentialAction":[{"@type":"ReadAction","target":["https:\/\/anamandara-resort.com\/vi\/offers\/taiga-calm-experience-in-dalat\/"]}]},{"@type":"ImageObject","inLanguage":"vi-VN","@id":"https:\/\/anamandara-resort.com\/vi\/offers\/taiga-calm-experience-in-dalat\/#primaryimage","url":"https:\/\/www.anamandara-resort.com\/wp-content\/uploads\/sites\/233\/2026\/04\/IG-Taiga-package-01.png","contentUrl":"https:\/\/www.anamandara-resort.com\/wp-content\/uploads\/sites\/233\/2026\/04\/IG-Taiga-package-01.png","width":1760,"height":2200},{"@type":"BreadcrumbList","@id":"https:\/\/anamandara-resort.com\/vi\/offers\/taiga-calm-experience-in-dalat\/#breadcrumb","itemListElement":[{"@type":"ListItem","position":1,"name":"Home","item":"https:\/\/anamandara-resort.com\/vi\/"},{"@type":"ListItem","position":2,"name":"\u01afu \u0110\u00e3i","item":"https:\/\/anamandara-resort.com\/vi\/offers\/"},{"@type":"ListItem","position":3,"name":"TAIGA CALM EXPERIENCE IN DALAT"}]},{"@type":"WebSite","@id":"https:\/\/anamandara-resort.com\/vi\/#website","url":"https:\/\/anamandara-resort.com\/vi\/","name":"Ana Mandara Villas Dalat Resort &amp; Spa","description":"","potentialAction":[{"@type":"SearchAction","target":{"@type":"EntryPoint","urlTemplate":"https:\/\/anamandara-resort.com\/vi\/?s={search_term_string}"},"query-input":"required name=search_term_string"}],"inLanguage":"vi-VN"}]}},"_links":{"self":[{"href":"https:\/\/anamandara-resort.com\/vi\/wp-json\/wp\/v2\/pages\/10675"}],"collection":[{"href":"https:\/\/anamandara-resort.com\/vi\/wp-json\/wp\/v2\/pages"}],"about":[{"href":"https:\/\/anamandara-resort.com\/vi\/wp-json\/wp\/v2\/types\/page"}],"author":[{"embeddable":true,"href":"https:\/\/anamandara-resort.com\/vi\/wp-json\/wp\/v2\/users\/470"}],"replies":[{"embeddable":true,"href":"https:\/\/anamandara-resort.com\/vi\/wp-json\/wp\/v2\/comments?post=10675"}],"version-history":[{"count":3,"href":"https:\/\/anamandara-resort.com\/vi\/wp-json\/wp\/v2\/pages\/10675\/revisions"}],"predecessor-version":[{"id":10685,"href":"https:\/\/anamandara-resort.com\/vi\/wp-json\/wp\/v2\/pages\/10675\/revisions\/10685"}],"up":[{"embeddable":true,"href":"https:\/\/anamandara-resort.com\/vi\/wp-json\/wp\/v2\/pages\/302"}],"wp:featuredmedia":[{"embeddable":true,"href":"https:\/\/anamandara-resort.com\/vi\/wp-json\/wp\/v2\/media\/10678"}],"wp:attachment":[{"href":"https:\/\/anamandara-resort.com\/vi\/wp-json\/wp\/v2\/media?parent=10675"}],"curies":[{"name":"wp","href":"https:\/\/api.w.org\/{rel}","templated":true}]}}