{"id":1219,"date":"2022-06-08T05:39:00","date_gmt":"2022-06-08T05:39:00","guid":{"rendered":"https:\/\/ana-mandara-resort.ms.decms.asia\/offers\/pine-forest-trekking-2\/"},"modified":"2023-08-29T10:25:37","modified_gmt":"2023-08-29T10:25:37","slug":"trekking-trong-rung","status":"publish","type":"page","link":"https:\/\/anamandara-resort.com\/vi\/hoat-dong-dich-vu\/trekking-trong-rung\/","title":{"rendered":"Trekking Trong R\u1eebng"},"content":{"rendered":"<p style=\"text-align: center\"><span data-sheets-value=\"{&quot;1&quot;:2,&quot;2&quot;:&quot;V\u1edbi khung c\u1ea3nh thi\u00ean nhi\u00ean \u0111\u1ea7y th\u01a1 m\u1ed9ng v\u00e0 thanh b\u00ecnh, h\u00e3y t\u1eadn h\u01b0\u1edfng m\u1ed9t ng\u00e0y d\u00e3 ngo\u1ea1i th\u01b0 gi\u00e3n v\u00e0 th\u1ecfa s\u1ee9c \u201cs\u1ed1ng \u1ea3o\u201d v\u1edbi chuy\u1ebfn trekking xuye\u0302n r\u01b0\u0300ng tho\u0302ng ba\u0323t nga\u0300n cu\u0309a \u0110a\u0300 L\u1ea1t m\u1ed9ng m\u01a1.&quot;}\" data-sheets-userformat=\"{&quot;2&quot;:13187,&quot;3&quot;:{&quot;1&quot;:0},&quot;4&quot;:{&quot;1&quot;:2,&quot;2&quot;:16777215},&quot;10&quot;:1,&quot;11&quot;:4,&quot;12&quot;:0,&quot;15&quot;:&quot;Montserrat&quot;,&quot;16&quot;:10}\">Kh\u00e1m ph\u00e1 v\u1ebb \u0111\u1eb9p m\u01a1 m\u1ed9ng c\u1ee7a thi\u00ean nhi\u00ean b\u1ea1t ng\u00e0n t\u1ea1i \u0110\u00e0 L\u1ea1t<\/span><\/p>\n","protected":false},"excerpt":{"rendered":"<p>Kh\u00e1m ph\u00e1 v\u1ebb \u0111\u1eb9p m\u01a1 m\u1ed9ng c\u1ee7a thi\u00ean nhi\u00ean b\u1ea1t ng\u00e0n t\u1ea1i \u0110\u00e0 L\u1ea1t<\/p>\n","protected":false},"author":368,"featured_media":1217,"parent":4452,"menu_order":5,"comment_status":"closed","ping_status":"closed","template":"template-default-4.php","meta":{"footnotes":""},"acf":[],"yoast_head":"<!-- This site is optimized with the Yoast SEO plugin v22.3 - https:\/\/yoast.com\/wordpress\/plugins\/seo\/ -->\n<title>Trekking Trong R\u1eebng - Ana Mandara Villas Dalat Resort &amp; Spa<\/title>\n<meta name=\"robots\" content=\"index, follow, max-snippet:-1, max-image-preview:large, max-video-preview:-1\" \/>\n<link rel=\"canonical\" href=\"https:\/\/anamandara-resort.com\/vi\/hoat-dong-dich-vu\/trekking-trong-rung\/\" \/>\n<meta property=\"og:locale\" content=\"vi_VN\" \/>\n<meta property=\"og:type\" content=\"article\" \/>\n<meta property=\"og:title\" content=\"Trekking Trong R\u1eebng - Ana Mandara Villas Dalat Resort &amp; Spa\" \/>\n<meta property=\"og:description\" content=\"Kh\u00e1m ph\u00e1 v\u1ebb \u0111\u1eb9p m\u01a1 m\u1ed9ng c\u1ee7a thi\u00ean nhi\u00ean b\u1ea1t ng\u00e0n t\u1ea1i \u0110\u00e0 L\u1ea1t\" \/>\n<meta property=\"og:url\" content=\"https:\/\/anamandara-resort.com\/vi\/hoat-dong-dich-vu\/trekking-trong-rung\/\" \/>\n<meta property=\"og:site_name\" content=\"Ana Mandara Villas Dalat Resort &amp; Spa\" \/>\n<meta property=\"article:modified_time\" content=\"2023-08-29T10:25:37+00:00\" \/>\n<meta property=\"og:image\" content=\"https:\/\/www.anamandara-resort.com\/wp-content\/uploads\/sites\/233\/2022\/06\/ana-mandara-dalat-offer-6-1.jpeg\" \/>\n\t<meta property=\"og:image:width\" content=\"1200\" \/>\n\t<meta property=\"og:image:height\" content=\"628\" \/>\n\t<meta property=\"og:image:type\" content=\"image\/jpeg\" \/>\n<meta name=\"twitter:card\" content=\"summary_large_image\" \/>\n<meta name=\"twitter:label1\" content=\"Est. reading time\" \/>\n\t<meta name=\"twitter:data1\" content=\"1 minute\" \/>\n<script type=\"application\/ld+json\" class=\"yoast-schema-graph\">{\"@context\":\"https:\/\/schema.org\",\"@graph\":[{\"@type\":\"WebPage\",\"@id\":\"https:\/\/anamandara-resort.com\/vi\/hoat-dong-dich-vu\/trekking-trong-rung\/\",\"url\":\"https:\/\/anamandara-resort.com\/vi\/hoat-dong-dich-vu\/trekking-trong-rung\/\",\"name\":\"Trekking Trong R\u1eebng - Ana Mandara Villas Dalat Resort &amp; Spa\",\"isPartOf\":{\"@id\":\"https:\/\/anamandara-resort.com\/vi\/#website\"},\"primaryImageOfPage\":{\"@id\":\"https:\/\/anamandara-resort.com\/vi\/hoat-dong-dich-vu\/trekking-trong-rung\/#primaryimage\"},\"image\":{\"@id\":\"https:\/\/anamandara-resort.com\/vi\/hoat-dong-dich-vu\/trekking-trong-rung\/#primaryimage\"},\"thumbnailUrl\":\"https:\/\/www.anamandara-resort.com\/wp-content\/uploads\/sites\/233\/2022\/06\/ana-mandara-dalat-offer-6-1.jpeg\",\"datePublished\":\"2022-06-08T05:39:00+00:00\",\"dateModified\":\"2023-08-29T10:25:37+00:00\",\"breadcrumb\":{\"@id\":\"https:\/\/anamandara-resort.com\/vi\/hoat-dong-dich-vu\/trekking-trong-rung\/#breadcrumb\"},\"inLanguage\":\"vi-VN\",\"potentialAction\":[{\"@type\":\"ReadAction\",\"target\":[\"https:\/\/anamandara-resort.com\/vi\/hoat-dong-dich-vu\/trekking-trong-rung\/\"]}]},{\"@type\":\"ImageObject\",\"inLanguage\":\"vi-VN\",\"@id\":\"https:\/\/anamandara-resort.com\/vi\/hoat-dong-dich-vu\/trekking-trong-rung\/#primaryimage\",\"url\":\"https:\/\/www.anamandara-resort.com\/wp-content\/uploads\/sites\/233\/2022\/06\/ana-mandara-dalat-offer-6-1.jpeg\",\"contentUrl\":\"https:\/\/www.anamandara-resort.com\/wp-content\/uploads\/sites\/233\/2022\/06\/ana-mandara-dalat-offer-6-1.jpeg\",\"width\":1200,\"height\":628},{\"@type\":\"BreadcrumbList\",\"@id\":\"https:\/\/anamandara-resort.com\/vi\/hoat-dong-dich-vu\/trekking-trong-rung\/#breadcrumb\",\"itemListElement\":[{\"@type\":\"ListItem\",\"position\":1,\"name\":\"Home\",\"item\":\"https:\/\/anamandara-resort.com\/vi\/\"},{\"@type\":\"ListItem\",\"position\":2,\"name\":\"Ho\u1ea1t \u0110\u1ed9ng v\u00e0 D\u1ecbch V\u1ee5\",\"item\":\"https:\/\/anamandara-resort.com\/vi\/hoat-dong-dich-vu\/\"},{\"@type\":\"ListItem\",\"position\":3,\"name\":\"Trekking Trong R\u1eebng\"}]},{\"@type\":\"WebSite\",\"@id\":\"https:\/\/anamandara-resort.com\/vi\/#website\",\"url\":\"https:\/\/anamandara-resort.com\/vi\/\",\"name\":\"Ana Mandara Villas Dalat Resort &amp; Spa\",\"description\":\"\",\"potentialAction\":[{\"@type\":\"SearchAction\",\"target\":{\"@type\":\"EntryPoint\",\"urlTemplate\":\"https:\/\/anamandara-resort.com\/vi\/?s={search_term_string}\"},\"query-input\":\"required name=search_term_string\"}],\"inLanguage\":\"vi-VN\"}]}<\/script>\n<!-- \/ Yoast SEO plugin. -->","yoast_head_json":{"title":"Trekking Trong R\u1eebng - Ana Mandara Villas Dalat Resort &amp; Spa","robots":{"index":"index","follow":"follow","max-snippet":"max-snippet:-1","max-image-preview":"max-image-preview:large","max-video-preview":"max-video-preview:-1"},"canonical":"https:\/\/anamandara-resort.com\/vi\/hoat-dong-dich-vu\/trekking-trong-rung\/","og_locale":"vi_VN","og_type":"article","og_title":"Trekking Trong R\u1eebng - Ana Mandara Villas Dalat Resort &amp; Spa","og_description":"Kh\u00e1m ph\u00e1 v\u1ebb \u0111\u1eb9p m\u01a1 m\u1ed9ng c\u1ee7a thi\u00ean nhi\u00ean b\u1ea1t ng\u00e0n t\u1ea1i \u0110\u00e0 L\u1ea1t","og_url":"https:\/\/anamandara-resort.com\/vi\/hoat-dong-dich-vu\/trekking-trong-rung\/","og_site_name":"Ana Mandara Villas Dalat Resort &amp; Spa","article_modified_time":"2023-08-29T10:25:37+00:00","og_image":[{"width":1200,"height":628,"url":"https:\/\/www.anamandara-resort.com\/wp-content\/uploads\/sites\/233\/2022\/06\/ana-mandara-dalat-offer-6-1.jpeg","type":"image\/jpeg"}],"twitter_card":"summary_large_image","twitter_misc":{"Est. reading time":"1 minute"},"schema":{"@context":"https:\/\/schema.org","@graph":[{"@type":"WebPage","@id":"https:\/\/anamandara-resort.com\/vi\/hoat-dong-dich-vu\/trekking-trong-rung\/","url":"https:\/\/anamandara-resort.com\/vi\/hoat-dong-dich-vu\/trekking-trong-rung\/","name":"Trekking Trong R\u1eebng - Ana Mandara Villas Dalat Resort &amp; Spa","isPartOf":{"@id":"https:\/\/anamandara-resort.com\/vi\/#website"},"primaryImageOfPage":{"@id":"https:\/\/anamandara-resort.com\/vi\/hoat-dong-dich-vu\/trekking-trong-rung\/#primaryimage"},"image":{"@id":"https:\/\/anamandara-resort.com\/vi\/hoat-dong-dich-vu\/trekking-trong-rung\/#primaryimage"},"thumbnailUrl":"https:\/\/www.anamandara-resort.com\/wp-content\/uploads\/sites\/233\/2022\/06\/ana-mandara-dalat-offer-6-1.jpeg","datePublished":"2022-06-08T05:39:00+00:00","dateModified":"2023-08-29T10:25:37+00:00","breadcrumb":{"@id":"https:\/\/anamandara-resort.com\/vi\/hoat-dong-dich-vu\/trekking-trong-rung\/#breadcrumb"},"inLanguage":"vi-VN","potentialAction":[{"@type":"ReadAction","target":["https:\/\/anamandara-resort.com\/vi\/hoat-dong-dich-vu\/trekking-trong-rung\/"]}]},{"@type":"ImageObject","inLanguage":"vi-VN","@id":"https:\/\/anamandara-resort.com\/vi\/hoat-dong-dich-vu\/trekking-trong-rung\/#primaryimage","url":"https:\/\/www.anamandara-resort.com\/wp-content\/uploads\/sites\/233\/2022\/06\/ana-mandara-dalat-offer-6-1.jpeg","contentUrl":"https:\/\/www.anamandara-resort.com\/wp-content\/uploads\/sites\/233\/2022\/06\/ana-mandara-dalat-offer-6-1.jpeg","width":1200,"height":628},{"@type":"BreadcrumbList","@id":"https:\/\/anamandara-resort.com\/vi\/hoat-dong-dich-vu\/trekking-trong-rung\/#breadcrumb","itemListElement":[{"@type":"ListItem","position":1,"name":"Home","item":"https:\/\/anamandara-resort.com\/vi\/"},{"@type":"ListItem","position":2,"name":"Ho\u1ea1t \u0110\u1ed9ng v\u00e0 D\u1ecbch V\u1ee5","item":"https:\/\/anamandara-resort.com\/vi\/hoat-dong-dich-vu\/"},{"@type":"ListItem","position":3,"name":"Trekking Trong R\u1eebng"}]},{"@type":"WebSite","@id":"https:\/\/anamandara-resort.com\/vi\/#website","url":"https:\/\/anamandara-resort.com\/vi\/","name":"Ana Mandara Villas Dalat Resort &amp; Spa","description":"","potentialAction":[{"@type":"SearchAction","target":{"@type":"EntryPoint","urlTemplate":"https:\/\/anamandara-resort.com\/vi\/?s={search_term_string}"},"query-input":"required name=search_term_string"}],"inLanguage":"vi-VN"}]}},"_links":{"self":[{"href":"https:\/\/anamandara-resort.com\/vi\/wp-json\/wp\/v2\/pages\/1219"}],"collection":[{"href":"https:\/\/anamandara-resort.com\/vi\/wp-json\/wp\/v2\/pages"}],"about":[{"href":"https:\/\/anamandara-resort.com\/vi\/wp-json\/wp\/v2\/types\/page"}],"author":[{"embeddable":true,"href":"https:\/\/anamandara-resort.com\/vi\/wp-json\/wp\/v2\/users\/368"}],"replies":[{"embeddable":true,"href":"https:\/\/anamandara-resort.com\/vi\/wp-json\/wp\/v2\/comments?post=1219"}],"version-history":[{"count":0,"href":"https:\/\/anamandara-resort.com\/vi\/wp-json\/wp\/v2\/pages\/1219\/revisions"}],"up":[{"embeddable":true,"href":"https:\/\/anamandara-resort.com\/vi\/wp-json\/wp\/v2\/pages\/4452"}],"wp:featuredmedia":[{"embeddable":true,"href":"https:\/\/anamandara-resort.com\/vi\/wp-json\/wp\/v2\/media\/1217"}],"wp:attachment":[{"href":"https:\/\/anamandara-resort.com\/vi\/wp-json\/wp\/v2\/media?parent=1219"}],"curies":[{"name":"wp","href":"https:\/\/api.w.org\/{rel}","templated":true}]}}