{"id":1529,"date":"2022-07-14T18:43:08","date_gmt":"2022-07-14T18:43:08","guid":{"rendered":"https:\/\/anamandara-resort.com\/?page_id=1529"},"modified":"2023-08-29T10:19:17","modified_gmt":"2023-08-29T10:19:17","slug":"kham-pha-ngoai-o-da-lat","status":"publish","type":"page","link":"https:\/\/anamandara-resort.com\/vi\/hoat-dong-dich-vu\/kham-pha-ngoai-o-da-lat\/","title":{"rendered":"Kh\u00e1m Ph\u00e1 Ngo\u1ea1i \u00d4 \u0110\u00e0 L\u1ea1t"},"content":{"rendered":"<p>Ch\u1ec9 v\u1edbi 1,420,000 VN\u0110\/ ng\u01b0\u1eddi. Tour kh\u00e1m ph\u00e1 c\u00e1c \u0111\u1ecba \u0111i\u1ec3m n\u1ed5i ti\u1ebfng t\u1ea1i \u0110\u00e0 L\u1ea1t trong m\u1ed9t ng\u00e0y s\u1ebd cho b\u1ea1n c\u00f9ng gia \u0111\u00ecnh c\u00f3 m\u1ed9t tr\u1ea3i nghi\u1ec7m th\u1eadt \u0111\u00e1ng nh\u1edb trong chuy\u1ebfn du l\u1ecbch h\u00e8 n\u0103m nay.<\/p>\n<p style=\"text-align: center\">\n","protected":false},"excerpt":{"rendered":"<p>Ch\u1ec9 v\u1edbi 1,420,000 VN\u0110\/ ng\u01b0\u1eddi. Tour kh\u00e1m ph\u00e1 c\u00e1c \u0111\u1ecba \u0111i\u1ec3m n\u1ed5i ti\u1ebfng t\u1ea1i \u0110\u00e0 L\u1ea1t trong m\u1ed9t ng\u00e0y s\u1ebd cho b\u1ea1n c\u00f9ng gia \u0111\u00ecnh c\u00f3 m\u1ed9t tr\u1ea3i nghi\u1ec7m th\u1eadt \u0111\u00e1ng nh\u1edb trong chuy\u1ebfn du l\u1ecbch h\u00e8 n\u0103m nay.<\/p>\n","protected":false},"author":470,"featured_media":1524,"parent":4452,"menu_order":3,"comment_status":"closed","ping_status":"closed","template":"template-default-4.php","meta":{"footnotes":""},"acf":[],"yoast_head":"<!-- This site is optimized with the Yoast SEO plugin v22.3 - https:\/\/yoast.com\/wordpress\/plugins\/seo\/ -->\n<title>Kh\u00e1m Ph\u00e1 Ngo\u1ea1i \u00d4 \u0110\u00e0 L\u1ea1t - Ana Mandara Villas Dalat Resort &amp; Spa<\/title>\n<meta name=\"robots\" content=\"index, follow, max-snippet:-1, max-image-preview:large, max-video-preview:-1\" \/>\n<link rel=\"canonical\" href=\"https:\/\/anamandara-resort.com\/vi\/hoat-dong-dich-vu\/kham-pha-ngoai-o-da-lat\/\" \/>\n<meta property=\"og:locale\" content=\"vi_VN\" \/>\n<meta property=\"og:type\" content=\"article\" \/>\n<meta property=\"og:title\" content=\"Kh\u00e1m Ph\u00e1 Ngo\u1ea1i \u00d4 \u0110\u00e0 L\u1ea1t - Ana Mandara Villas Dalat Resort &amp; Spa\" \/>\n<meta property=\"og:description\" content=\"Ch\u1ec9 v\u1edbi 1,420,000 VN\u0110\/ ng\u01b0\u1eddi. Tour kh\u00e1m ph\u00e1 c\u00e1c \u0111\u1ecba \u0111i\u1ec3m n\u1ed5i ti\u1ebfng t\u1ea1i \u0110\u00e0 L\u1ea1t trong m\u1ed9t ng\u00e0y s\u1ebd cho b\u1ea1n c\u00f9ng gia \u0111\u00ecnh c\u00f3 m\u1ed9t tr\u1ea3i nghi\u1ec7m th\u1eadt \u0111\u00e1ng nh\u1edb trong chuy\u1ebfn du l\u1ecbch h\u00e8 n\u0103m nay.\" \/>\n<meta property=\"og:url\" content=\"https:\/\/anamandara-resort.com\/vi\/hoat-dong-dich-vu\/kham-pha-ngoai-o-da-lat\/\" \/>\n<meta property=\"og:site_name\" content=\"Ana Mandara Villas Dalat Resort &amp; Spa\" \/>\n<meta property=\"article:modified_time\" content=\"2023-08-29T10:19:17+00:00\" \/>\n<meta property=\"og:image\" content=\"https:\/\/www.anamandara-resort.com\/wp-content\/uploads\/sites\/233\/2022\/07\/lang-hoa-van-thanh-ve-dep-cua-nhung-sac-hoa03230-1-e1677466890709.jpg\" \/>\n\t<meta property=\"og:image:width\" content=\"1284\" \/>\n\t<meta property=\"og:image:height\" content=\"1467\" \/>\n\t<meta property=\"og:image:type\" content=\"image\/jpeg\" \/>\n<meta name=\"twitter:card\" content=\"summary_large_image\" \/>\n<meta name=\"twitter:label1\" content=\"Est. reading time\" \/>\n\t<meta name=\"twitter:data1\" content=\"1 minute\" \/>\n<script type=\"application\/ld+json\" class=\"yoast-schema-graph\">{\"@context\":\"https:\/\/schema.org\",\"@graph\":[{\"@type\":\"WebPage\",\"@id\":\"https:\/\/anamandara-resort.com\/vi\/hoat-dong-dich-vu\/kham-pha-ngoai-o-da-lat\/\",\"url\":\"https:\/\/anamandara-resort.com\/vi\/hoat-dong-dich-vu\/kham-pha-ngoai-o-da-lat\/\",\"name\":\"Kh\u00e1m Ph\u00e1 Ngo\u1ea1i \u00d4 \u0110\u00e0 L\u1ea1t - Ana Mandara Villas Dalat Resort &amp; Spa\",\"isPartOf\":{\"@id\":\"https:\/\/anamandara-resort.com\/vi\/#website\"},\"primaryImageOfPage\":{\"@id\":\"https:\/\/anamandara-resort.com\/vi\/hoat-dong-dich-vu\/kham-pha-ngoai-o-da-lat\/#primaryimage\"},\"image\":{\"@id\":\"https:\/\/anamandara-resort.com\/vi\/hoat-dong-dich-vu\/kham-pha-ngoai-o-da-lat\/#primaryimage\"},\"thumbnailUrl\":\"https:\/\/www.anamandara-resort.com\/wp-content\/uploads\/sites\/233\/2022\/07\/lang-hoa-van-thanh-ve-dep-cua-nhung-sac-hoa03230-1-e1677466890709.jpg\",\"datePublished\":\"2022-07-14T18:43:08+00:00\",\"dateModified\":\"2023-08-29T10:19:17+00:00\",\"breadcrumb\":{\"@id\":\"https:\/\/anamandara-resort.com\/vi\/hoat-dong-dich-vu\/kham-pha-ngoai-o-da-lat\/#breadcrumb\"},\"inLanguage\":\"vi-VN\",\"potentialAction\":[{\"@type\":\"ReadAction\",\"target\":[\"https:\/\/anamandara-resort.com\/vi\/hoat-dong-dich-vu\/kham-pha-ngoai-o-da-lat\/\"]}]},{\"@type\":\"ImageObject\",\"inLanguage\":\"vi-VN\",\"@id\":\"https:\/\/anamandara-resort.com\/vi\/hoat-dong-dich-vu\/kham-pha-ngoai-o-da-lat\/#primaryimage\",\"url\":\"https:\/\/www.anamandara-resort.com\/wp-content\/uploads\/sites\/233\/2022\/07\/lang-hoa-van-thanh-ve-dep-cua-nhung-sac-hoa03230-1-e1677466890709.jpg\",\"contentUrl\":\"https:\/\/www.anamandara-resort.com\/wp-content\/uploads\/sites\/233\/2022\/07\/lang-hoa-van-thanh-ve-dep-cua-nhung-sac-hoa03230-1-e1677466890709.jpg\",\"width\":1284,\"height\":1467},{\"@type\":\"BreadcrumbList\",\"@id\":\"https:\/\/anamandara-resort.com\/vi\/hoat-dong-dich-vu\/kham-pha-ngoai-o-da-lat\/#breadcrumb\",\"itemListElement\":[{\"@type\":\"ListItem\",\"position\":1,\"name\":\"Home\",\"item\":\"https:\/\/anamandara-resort.com\/vi\/\"},{\"@type\":\"ListItem\",\"position\":2,\"name\":\"Ho\u1ea1t \u0110\u1ed9ng v\u00e0 D\u1ecbch V\u1ee5\",\"item\":\"https:\/\/anamandara-resort.com\/vi\/hoat-dong-dich-vu\/\"},{\"@type\":\"ListItem\",\"position\":3,\"name\":\"Kh\u00e1m Ph\u00e1 Ngo\u1ea1i \u00d4 \u0110\u00e0 L\u1ea1t\"}]},{\"@type\":\"WebSite\",\"@id\":\"https:\/\/anamandara-resort.com\/vi\/#website\",\"url\":\"https:\/\/anamandara-resort.com\/vi\/\",\"name\":\"Ana Mandara Villas Dalat Resort &amp; Spa\",\"description\":\"\",\"potentialAction\":[{\"@type\":\"SearchAction\",\"target\":{\"@type\":\"EntryPoint\",\"urlTemplate\":\"https:\/\/anamandara-resort.com\/vi\/?s={search_term_string}\"},\"query-input\":\"required name=search_term_string\"}],\"inLanguage\":\"vi-VN\"}]}<\/script>\n<!-- \/ Yoast SEO plugin. -->","yoast_head_json":{"title":"Kh\u00e1m Ph\u00e1 Ngo\u1ea1i \u00d4 \u0110\u00e0 L\u1ea1t - Ana Mandara Villas Dalat Resort &amp; Spa","robots":{"index":"index","follow":"follow","max-snippet":"max-snippet:-1","max-image-preview":"max-image-preview:large","max-video-preview":"max-video-preview:-1"},"canonical":"https:\/\/anamandara-resort.com\/vi\/hoat-dong-dich-vu\/kham-pha-ngoai-o-da-lat\/","og_locale":"vi_VN","og_type":"article","og_title":"Kh\u00e1m Ph\u00e1 Ngo\u1ea1i \u00d4 \u0110\u00e0 L\u1ea1t - Ana Mandara Villas Dalat Resort &amp; Spa","og_description":"Ch\u1ec9 v\u1edbi 1,420,000 VN\u0110\/ ng\u01b0\u1eddi. Tour kh\u00e1m ph\u00e1 c\u00e1c \u0111\u1ecba \u0111i\u1ec3m n\u1ed5i ti\u1ebfng t\u1ea1i \u0110\u00e0 L\u1ea1t trong m\u1ed9t ng\u00e0y s\u1ebd cho b\u1ea1n c\u00f9ng gia \u0111\u00ecnh c\u00f3 m\u1ed9t tr\u1ea3i nghi\u1ec7m th\u1eadt \u0111\u00e1ng nh\u1edb trong chuy\u1ebfn du l\u1ecbch h\u00e8 n\u0103m nay.","og_url":"https:\/\/anamandara-resort.com\/vi\/hoat-dong-dich-vu\/kham-pha-ngoai-o-da-lat\/","og_site_name":"Ana Mandara Villas Dalat Resort &amp; Spa","article_modified_time":"2023-08-29T10:19:17+00:00","og_image":[{"width":1284,"height":1467,"url":"https:\/\/www.anamandara-resort.com\/wp-content\/uploads\/sites\/233\/2022\/07\/lang-hoa-van-thanh-ve-dep-cua-nhung-sac-hoa03230-1-e1677466890709.jpg","type":"image\/jpeg"}],"twitter_card":"summary_large_image","twitter_misc":{"Est. reading time":"1 minute"},"schema":{"@context":"https:\/\/schema.org","@graph":[{"@type":"WebPage","@id":"https:\/\/anamandara-resort.com\/vi\/hoat-dong-dich-vu\/kham-pha-ngoai-o-da-lat\/","url":"https:\/\/anamandara-resort.com\/vi\/hoat-dong-dich-vu\/kham-pha-ngoai-o-da-lat\/","name":"Kh\u00e1m Ph\u00e1 Ngo\u1ea1i \u00d4 \u0110\u00e0 L\u1ea1t - Ana Mandara Villas Dalat Resort &amp; Spa","isPartOf":{"@id":"https:\/\/anamandara-resort.com\/vi\/#website"},"primaryImageOfPage":{"@id":"https:\/\/anamandara-resort.com\/vi\/hoat-dong-dich-vu\/kham-pha-ngoai-o-da-lat\/#primaryimage"},"image":{"@id":"https:\/\/anamandara-resort.com\/vi\/hoat-dong-dich-vu\/kham-pha-ngoai-o-da-lat\/#primaryimage"},"thumbnailUrl":"https:\/\/www.anamandara-resort.com\/wp-content\/uploads\/sites\/233\/2022\/07\/lang-hoa-van-thanh-ve-dep-cua-nhung-sac-hoa03230-1-e1677466890709.jpg","datePublished":"2022-07-14T18:43:08+00:00","dateModified":"2023-08-29T10:19:17+00:00","breadcrumb":{"@id":"https:\/\/anamandara-resort.com\/vi\/hoat-dong-dich-vu\/kham-pha-ngoai-o-da-lat\/#breadcrumb"},"inLanguage":"vi-VN","potentialAction":[{"@type":"ReadAction","target":["https:\/\/anamandara-resort.com\/vi\/hoat-dong-dich-vu\/kham-pha-ngoai-o-da-lat\/"]}]},{"@type":"ImageObject","inLanguage":"vi-VN","@id":"https:\/\/anamandara-resort.com\/vi\/hoat-dong-dich-vu\/kham-pha-ngoai-o-da-lat\/#primaryimage","url":"https:\/\/www.anamandara-resort.com\/wp-content\/uploads\/sites\/233\/2022\/07\/lang-hoa-van-thanh-ve-dep-cua-nhung-sac-hoa03230-1-e1677466890709.jpg","contentUrl":"https:\/\/www.anamandara-resort.com\/wp-content\/uploads\/sites\/233\/2022\/07\/lang-hoa-van-thanh-ve-dep-cua-nhung-sac-hoa03230-1-e1677466890709.jpg","width":1284,"height":1467},{"@type":"BreadcrumbList","@id":"https:\/\/anamandara-resort.com\/vi\/hoat-dong-dich-vu\/kham-pha-ngoai-o-da-lat\/#breadcrumb","itemListElement":[{"@type":"ListItem","position":1,"name":"Home","item":"https:\/\/anamandara-resort.com\/vi\/"},{"@type":"ListItem","position":2,"name":"Ho\u1ea1t \u0110\u1ed9ng v\u00e0 D\u1ecbch V\u1ee5","item":"https:\/\/anamandara-resort.com\/vi\/hoat-dong-dich-vu\/"},{"@type":"ListItem","position":3,"name":"Kh\u00e1m Ph\u00e1 Ngo\u1ea1i \u00d4 \u0110\u00e0 L\u1ea1t"}]},{"@type":"WebSite","@id":"https:\/\/anamandara-resort.com\/vi\/#website","url":"https:\/\/anamandara-resort.com\/vi\/","name":"Ana Mandara Villas Dalat Resort &amp; Spa","description":"","potentialAction":[{"@type":"SearchAction","target":{"@type":"EntryPoint","urlTemplate":"https:\/\/anamandara-resort.com\/vi\/?s={search_term_string}"},"query-input":"required name=search_term_string"}],"inLanguage":"vi-VN"}]}},"_links":{"self":[{"href":"https:\/\/anamandara-resort.com\/vi\/wp-json\/wp\/v2\/pages\/1529"}],"collection":[{"href":"https:\/\/anamandara-resort.com\/vi\/wp-json\/wp\/v2\/pages"}],"about":[{"href":"https:\/\/anamandara-resort.com\/vi\/wp-json\/wp\/v2\/types\/page"}],"author":[{"embeddable":true,"href":"https:\/\/anamandara-resort.com\/vi\/wp-json\/wp\/v2\/users\/470"}],"replies":[{"embeddable":true,"href":"https:\/\/anamandara-resort.com\/vi\/wp-json\/wp\/v2\/comments?post=1529"}],"version-history":[{"count":0,"href":"https:\/\/anamandara-resort.com\/vi\/wp-json\/wp\/v2\/pages\/1529\/revisions"}],"up":[{"embeddable":true,"href":"https:\/\/anamandara-resort.com\/vi\/wp-json\/wp\/v2\/pages\/4452"}],"wp:featuredmedia":[{"embeddable":true,"href":"https:\/\/anamandara-resort.com\/vi\/wp-json\/wp\/v2\/media\/1524"}],"wp:attachment":[{"href":"https:\/\/anamandara-resort.com\/vi\/wp-json\/wp\/v2\/media?parent=1529"}],"curies":[{"name":"wp","href":"https:\/\/api.w.org\/{rel}","templated":true}]}}