{"id":291,"date":"2022-04-06T08:32:49","date_gmt":"2022-04-06T08:32:49","guid":{"rendered":"https:\/\/ana-mandara-resort.ms.decms.asia\/destination\/"},"modified":"2025-07-04T04:49:00","modified_gmt":"2025-07-04T04:49:00","slug":"about-us","status":"publish","type":"page","link":"https:\/\/anamandara-resort.com\/vi\/about-us\/","title":{"rendered":"V\u1ec1 Ch\u00fang T\u00f4i"},"content":{"rendered":"<p data-start=\"308\" data-end=\"370\"><strong data-start=\"308\" data-end=\"370\">Ch\u1ea1m v\u00e0o di s\u1ea3n sang tr\u1ecdng b\u00ean r\u1eebng th\u00f4ng gi\u1eefa l\u00f2ng \u0110\u00e0 L\u1ea1t<\/strong><\/p>\n<p data-start=\"372\" data-end=\"619\">C\u00e1ch trung t\u00e2m th\u00e0nh ph\u1ed1 ch\u1ec9 5 ph\u00fat, <strong data-start=\"409\" data-end=\"450\">Ana Mandara Villas Dalat Resort &amp; Spa<\/strong> n\u1eb1m y\u00ean \u1ea3 gi\u1eefa r\u1eebng th\u00f4ng xanh b\u1ea1t ng\u00e0n, n\u01a1i kh\u00ed h\u1eadu trong l\u00e0nh v\u00e0 m\u00e1t m\u1ebb quanh n\u0103m c\u1ee7a cao nguy\u00ean L\u00e2m Vi\u00ean \u2013 m\u1ed9t v\u00f9ng \u0111\u1ea5t g\u1eafn li\u1ec1n v\u1edbi v\u1ebb \u0111\u1eb9p nguy\u00ean s\u01a1 c\u1ee7a \u0110\u00e0 L\u1ea1t x\u01b0a.<\/p>\n<p data-start=\"621\" data-end=\"1021\">Tr\u1ea3i r\u1ed9ng tr\u00ean di\u1ec7n t\u00edch <strong data-start=\"646\" data-end=\"654\">7 ha<\/strong>, khu ngh\u1ec9 d\u01b0\u1ee1ng s\u1edf h\u1eefu <strong data-start=\"678\" data-end=\"701\">17 bi\u1ec7t th\u1ef1 Ph\u00e1p c\u1ed5<\/strong> \u0111\u01b0\u1ee3c ph\u1ee5c d\u1ef1ng nguy\u00ean b\u1ea3n t\u1eeb nh\u1eefng n\u0103m 1920, v\u1edbi t\u1ed5ng c\u1ed9ng <strong data-start=\"761\" data-end=\"778\">87 ph\u00f2ng ngh\u1ec9<\/strong>. M\u1ed7i c\u0103n ph\u00f2ng l\u00e0 m\u1ed9t l\u00e1t c\u1eaft l\u1ecbch s\u1eed, \u0111\u01b0\u1ee3c kh\u00f4i ph\u1ee5c t\u1ec9 m\u1ec9 \u0111\u1ebfn t\u1eebng chi ti\u1ebft \u2013 t\u1eeb tr\u1ea7n nh\u00e0, s\u00e0n g\u1ed7 cho \u0111\u1ebfn nh\u1eefng khung c\u1eeda s\u1ed5 h\u01b0\u1edbng ra thi\u00ean nhi\u00ean, mang \u0111\u1ebfn c\u1ea3m gi\u00e1c <strong data-start=\"946\" data-end=\"1021\">s\u1ed1ng ch\u1eadm, sang tr\u1ecdng v\u00e0 \u0111\u1ea7y c\u1ea3m x\u00fac gi\u1eefa kh\u00f4ng gian di s\u1ea3n nguy\u00ean b\u1ea3n.<\/strong><\/p>\n<p data-start=\"1023\" data-end=\"1257\">Ana Mandara Villas Dalat l\u00e0 n\u01a1i giao h\u00f2a gi\u1eefa v\u1ebb \u0111\u1eb9p <strong data-start=\"1076\" data-end=\"1104\">xanh m\u00e1t c\u1ee7a thi\u00ean nhi\u00ean<\/strong>, <strong data-start=\"1106\" data-end=\"1137\">di s\u1ea3n ki\u1ebfn tr\u00fac \u0110\u00f4ng D\u01b0\u01a1ng<\/strong> v\u00e0 <strong data-start=\"1141\" data-end=\"1180\">d\u1ecbch v\u1ee5 ngh\u1ec9 d\u01b0\u1ee1ng tinh t\u1ebf b\u1eadc nh\u1ea5t<\/strong> \u2013 t\u1ea1o n\u00ean m\u1ed9t tr\u1ea3i nghi\u1ec7m y\u00ean b\u00ecnh, ri\u00eang bi\u1ec7t v\u00e0 \u0111\u00e1ng nh\u1edb cho m\u1ecdi du kh\u00e1ch.<\/p>\n","protected":false},"excerpt":{"rendered":"<p>Ch\u1ea1m v\u00e0o di s\u1ea3n sang tr\u1ecdng b\u00ean r\u1eebng th\u00f4ng gi\u1eefa l\u00f2ng \u0110\u00e0 L\u1ea1t C\u00e1ch trung t\u00e2m th\u00e0nh ph\u1ed1 ch\u1ec9 5 ph\u00fat, Ana Mandara Villas Dalat Resort &amp; Spa n\u1eb1m y\u00ean \u1ea3 gi\u1eefa r\u1eebng th\u00f4ng xanh b\u1ea1t ng\u00e0n, n\u01a1i kh\u00ed h\u1eadu trong l\u00e0nh v\u00e0 m\u00e1t m\u1ebb quanh n\u0103m c\u1ee7a cao nguy\u00ean L\u00e2m Vi\u00ean \u2013 m\u1ed9t v\u00f9ng [&hellip;]<\/p>\n","protected":false},"author":368,"featured_media":8486,"parent":0,"menu_order":0,"comment_status":"closed","ping_status":"closed","template":"","meta":{"footnotes":""},"acf":[],"yoast_head":"<!-- This site is optimized with the Yoast SEO plugin v22.3 - https:\/\/yoast.com\/wordpress\/plugins\/seo\/ -->\n<title>V\u1ec1 Ch\u00fang T\u00f4i - Ana Mandara Villas Dalat Resort &amp; Spa<\/title>\n<meta name=\"robots\" content=\"index, follow, max-snippet:-1, max-image-preview:large, max-video-preview:-1\" \/>\n<link rel=\"canonical\" href=\"https:\/\/anamandara-resort.com\/vi\/about-us\/\" \/>\n<meta property=\"og:locale\" content=\"vi_VN\" \/>\n<meta property=\"og:type\" content=\"article\" \/>\n<meta property=\"og:title\" content=\"V\u1ec1 Ch\u00fang T\u00f4i - Ana Mandara Villas Dalat Resort &amp; Spa\" \/>\n<meta property=\"og:description\" content=\"Ch\u1ea1m v\u00e0o di s\u1ea3n sang tr\u1ecdng b\u00ean r\u1eebng th\u00f4ng gi\u1eefa l\u00f2ng \u0110\u00e0 L\u1ea1t C\u00e1ch trung t\u00e2m th\u00e0nh ph\u1ed1 ch\u1ec9 5 ph\u00fat, Ana Mandara Villas Dalat Resort &amp; Spa n\u1eb1m y\u00ean \u1ea3 gi\u1eefa r\u1eebng th\u00f4ng xanh b\u1ea1t ng\u00e0n, n\u01a1i kh\u00ed h\u1eadu trong l\u00e0nh v\u00e0 m\u00e1t m\u1ebb quanh n\u0103m c\u1ee7a cao nguy\u00ean L\u00e2m Vi\u00ean \u2013 m\u1ed9t v\u00f9ng [&hellip;]\" \/>\n<meta property=\"og:url\" content=\"https:\/\/anamandara-resort.com\/vi\/about-us\/\" \/>\n<meta property=\"og:site_name\" content=\"Ana Mandara Villas Dalat Resort &amp; Spa\" \/>\n<meta property=\"article:modified_time\" content=\"2025-07-04T04:49:00+00:00\" \/>\n<meta property=\"og:image\" content=\"https:\/\/www.anamandara-resort.com\/wp-content\/uploads\/sites\/233\/2025\/06\/DJI_0475.jpg\" \/>\n\t<meta property=\"og:image:width\" content=\"1476\" \/>\n\t<meta property=\"og:image:height\" content=\"984\" \/>\n\t<meta property=\"og:image:type\" content=\"image\/jpeg\" \/>\n<meta name=\"twitter:card\" content=\"summary_large_image\" \/>\n<meta name=\"twitter:label1\" content=\"Est. reading time\" \/>\n\t<meta name=\"twitter:data1\" content=\"2 minutes\" \/>\n<script type=\"application\/ld+json\" class=\"yoast-schema-graph\">{\"@context\":\"https:\/\/schema.org\",\"@graph\":[{\"@type\":\"WebPage\",\"@id\":\"https:\/\/anamandara-resort.com\/vi\/about-us\/\",\"url\":\"https:\/\/anamandara-resort.com\/vi\/about-us\/\",\"name\":\"V\u1ec1 Ch\u00fang T\u00f4i - Ana Mandara Villas Dalat Resort &amp; Spa\",\"isPartOf\":{\"@id\":\"https:\/\/anamandara-resort.com\/vi\/#website\"},\"primaryImageOfPage\":{\"@id\":\"https:\/\/anamandara-resort.com\/vi\/about-us\/#primaryimage\"},\"image\":{\"@id\":\"https:\/\/anamandara-resort.com\/vi\/about-us\/#primaryimage\"},\"thumbnailUrl\":\"https:\/\/www.anamandara-resort.com\/wp-content\/uploads\/sites\/233\/2025\/06\/DJI_0475.jpg\",\"datePublished\":\"2022-04-06T08:32:49+00:00\",\"dateModified\":\"2025-07-04T04:49:00+00:00\",\"breadcrumb\":{\"@id\":\"https:\/\/anamandara-resort.com\/vi\/about-us\/#breadcrumb\"},\"inLanguage\":\"vi-VN\",\"potentialAction\":[{\"@type\":\"ReadAction\",\"target\":[\"https:\/\/anamandara-resort.com\/vi\/about-us\/\"]}]},{\"@type\":\"ImageObject\",\"inLanguage\":\"vi-VN\",\"@id\":\"https:\/\/anamandara-resort.com\/vi\/about-us\/#primaryimage\",\"url\":\"https:\/\/www.anamandara-resort.com\/wp-content\/uploads\/sites\/233\/2025\/06\/DJI_0475.jpg\",\"contentUrl\":\"https:\/\/www.anamandara-resort.com\/wp-content\/uploads\/sites\/233\/2025\/06\/DJI_0475.jpg\",\"width\":1476,\"height\":984,\"caption\":\"default\"},{\"@type\":\"BreadcrumbList\",\"@id\":\"https:\/\/anamandara-resort.com\/vi\/about-us\/#breadcrumb\",\"itemListElement\":[{\"@type\":\"ListItem\",\"position\":1,\"name\":\"Home\",\"item\":\"https:\/\/anamandara-resort.com\/vi\/\"},{\"@type\":\"ListItem\",\"position\":2,\"name\":\"V\u1ec1 Ch\u00fang T\u00f4i\"}]},{\"@type\":\"WebSite\",\"@id\":\"https:\/\/anamandara-resort.com\/vi\/#website\",\"url\":\"https:\/\/anamandara-resort.com\/vi\/\",\"name\":\"Ana Mandara Villas Dalat Resort &amp; Spa\",\"description\":\"\",\"potentialAction\":[{\"@type\":\"SearchAction\",\"target\":{\"@type\":\"EntryPoint\",\"urlTemplate\":\"https:\/\/anamandara-resort.com\/vi\/?s={search_term_string}\"},\"query-input\":\"required name=search_term_string\"}],\"inLanguage\":\"vi-VN\"}]}<\/script>\n<!-- \/ Yoast SEO plugin. -->","yoast_head_json":{"title":"V\u1ec1 Ch\u00fang T\u00f4i - Ana Mandara Villas Dalat Resort &amp; Spa","robots":{"index":"index","follow":"follow","max-snippet":"max-snippet:-1","max-image-preview":"max-image-preview:large","max-video-preview":"max-video-preview:-1"},"canonical":"https:\/\/anamandara-resort.com\/vi\/about-us\/","og_locale":"vi_VN","og_type":"article","og_title":"V\u1ec1 Ch\u00fang T\u00f4i - Ana Mandara Villas Dalat Resort &amp; Spa","og_description":"Ch\u1ea1m v\u00e0o di s\u1ea3n sang tr\u1ecdng b\u00ean r\u1eebng th\u00f4ng gi\u1eefa l\u00f2ng \u0110\u00e0 L\u1ea1t C\u00e1ch trung t\u00e2m th\u00e0nh ph\u1ed1 ch\u1ec9 5 ph\u00fat, Ana Mandara Villas Dalat Resort &amp; Spa n\u1eb1m y\u00ean \u1ea3 gi\u1eefa r\u1eebng th\u00f4ng xanh b\u1ea1t ng\u00e0n, n\u01a1i kh\u00ed h\u1eadu trong l\u00e0nh v\u00e0 m\u00e1t m\u1ebb quanh n\u0103m c\u1ee7a cao nguy\u00ean L\u00e2m Vi\u00ean \u2013 m\u1ed9t v\u00f9ng [&hellip;]","og_url":"https:\/\/anamandara-resort.com\/vi\/about-us\/","og_site_name":"Ana Mandara Villas Dalat Resort &amp; Spa","article_modified_time":"2025-07-04T04:49:00+00:00","og_image":[{"width":1476,"height":984,"url":"https:\/\/www.anamandara-resort.com\/wp-content\/uploads\/sites\/233\/2025\/06\/DJI_0475.jpg","type":"image\/jpeg"}],"twitter_card":"summary_large_image","twitter_misc":{"Est. reading time":"2 minutes"},"schema":{"@context":"https:\/\/schema.org","@graph":[{"@type":"WebPage","@id":"https:\/\/anamandara-resort.com\/vi\/about-us\/","url":"https:\/\/anamandara-resort.com\/vi\/about-us\/","name":"V\u1ec1 Ch\u00fang T\u00f4i - Ana Mandara Villas Dalat Resort &amp; Spa","isPartOf":{"@id":"https:\/\/anamandara-resort.com\/vi\/#website"},"primaryImageOfPage":{"@id":"https:\/\/anamandara-resort.com\/vi\/about-us\/#primaryimage"},"image":{"@id":"https:\/\/anamandara-resort.com\/vi\/about-us\/#primaryimage"},"thumbnailUrl":"https:\/\/www.anamandara-resort.com\/wp-content\/uploads\/sites\/233\/2025\/06\/DJI_0475.jpg","datePublished":"2022-04-06T08:32:49+00:00","dateModified":"2025-07-04T04:49:00+00:00","breadcrumb":{"@id":"https:\/\/anamandara-resort.com\/vi\/about-us\/#breadcrumb"},"inLanguage":"vi-VN","potentialAction":[{"@type":"ReadAction","target":["https:\/\/anamandara-resort.com\/vi\/about-us\/"]}]},{"@type":"ImageObject","inLanguage":"vi-VN","@id":"https:\/\/anamandara-resort.com\/vi\/about-us\/#primaryimage","url":"https:\/\/www.anamandara-resort.com\/wp-content\/uploads\/sites\/233\/2025\/06\/DJI_0475.jpg","contentUrl":"https:\/\/www.anamandara-resort.com\/wp-content\/uploads\/sites\/233\/2025\/06\/DJI_0475.jpg","width":1476,"height":984,"caption":"default"},{"@type":"BreadcrumbList","@id":"https:\/\/anamandara-resort.com\/vi\/about-us\/#breadcrumb","itemListElement":[{"@type":"ListItem","position":1,"name":"Home","item":"https:\/\/anamandara-resort.com\/vi\/"},{"@type":"ListItem","position":2,"name":"V\u1ec1 Ch\u00fang T\u00f4i"}]},{"@type":"WebSite","@id":"https:\/\/anamandara-resort.com\/vi\/#website","url":"https:\/\/anamandara-resort.com\/vi\/","name":"Ana Mandara Villas Dalat Resort &amp; Spa","description":"","potentialAction":[{"@type":"SearchAction","target":{"@type":"EntryPoint","urlTemplate":"https:\/\/anamandara-resort.com\/vi\/?s={search_term_string}"},"query-input":"required name=search_term_string"}],"inLanguage":"vi-VN"}]}},"_links":{"self":[{"href":"https:\/\/anamandara-resort.com\/vi\/wp-json\/wp\/v2\/pages\/291"}],"collection":[{"href":"https:\/\/anamandara-resort.com\/vi\/wp-json\/wp\/v2\/pages"}],"about":[{"href":"https:\/\/anamandara-resort.com\/vi\/wp-json\/wp\/v2\/types\/page"}],"author":[{"embeddable":true,"href":"https:\/\/anamandara-resort.com\/vi\/wp-json\/wp\/v2\/users\/368"}],"replies":[{"embeddable":true,"href":"https:\/\/anamandara-resort.com\/vi\/wp-json\/wp\/v2\/comments?post=291"}],"version-history":[{"count":0,"href":"https:\/\/anamandara-resort.com\/vi\/wp-json\/wp\/v2\/pages\/291\/revisions"}],"wp:featuredmedia":[{"embeddable":true,"href":"https:\/\/anamandara-resort.com\/vi\/wp-json\/wp\/v2\/media\/8486"}],"wp:attachment":[{"href":"https:\/\/anamandara-resort.com\/vi\/wp-json\/wp\/v2\/media?parent=291"}],"curies":[{"name":"wp","href":"https:\/\/api.w.org\/{rel}","templated":true}]}}