{"id":292,"date":"2022-04-06T10:29:24","date_gmt":"2022-04-06T10:29:24","guid":{"rendered":"https:\/\/ana-mandara-resort.ms.decms.asia\/job\/"},"modified":"2023-04-19T13:01:39","modified_gmt":"2023-04-19T13:01:39","slug":"job","status":"publish","type":"page","link":"https:\/\/anamandara-resort.com\/vi\/job\/","title":{"rendered":"Tuy\u1ec3n D\u1ee5ng"},"content":{"rendered":"<div id=\"lipsum\">\n<p><span data-sheets-value=\"{&quot;1&quot;:2,&quot;2&quot;:&quot;T\u1ea1i Ana Mandara Villas Dalat Resort &amp; Spa, ch\u00fang t\u00f4i kh\u00f4ng ng\u1eebng t\u00ecm ki\u1ebfm nh\u1eefng nh\u00e2n t\u00e0i tr\u00e0n \u0111\u1ea7y nhi\u1ec7t huy\u1ebft, t\u1eadn t\u00e2m v\u00e0 tinh th\u1ea7n hi\u1ebfu kh\u00e1ch nh\u1eb1m mang l\u1ea1i nh\u1eefng tr\u1ea3i nghi\u1ec7m \u0111\u00e1ng nh\u1edb cho k\u1ef3 ngh\u1ec9 c\u1ee7a m\u1ed7i du kh\u00e1ch.\\n\\nV\u1edbi tinh th\u1ea7n c\u1ea7u th\u1ecb v\u00e0 hi\u1ebfu kh\u00e1ch, \u0111\u1ed9i ng\u0169 nh\u00e2n vi\u00ean gi\u00e0u kinh nghi\u1ec7m c\u1ee7a khu ngh\u1ec9 lu\u00f4n n\u1ed5 l\u1ef1c cung c\u1ea5p c\u00e1c d\u1ecbch v\u1ee5 \u0111\u1ea1t ti\u00eau chu\u1ea9n qu\u1ed1c t\u1ebf cho kh\u00e1ch ngh\u1ec9. \u0110\u1ec3 duy tr\u00ec c\u00e1c ti\u00eau chu\u1ea9n cao c\u1ee7a m\u00ecnh, khu ngh\u1ec9 lu\u00f4n cung c\u1ea5p c\u00e1c c\u01a1 h\u1ed9i v\u00e0 t\u1ea1o \u0111i\u1ec1u ki\u1ec7n \u0111\u1ec3 \u0111\u1ea3m b\u1ea3o ph\u00e1t tri\u1ec3n c\u00e1c t\u00e0i n\u0103ng c\u1ee7a khu ngh\u1ec9 m\u1ed9t c\u00e1ch to\u00e0n di\u1ec7n.&quot;}\" data-sheets-userformat=\"{&quot;2&quot;:15235,&quot;3&quot;:{&quot;1&quot;:0},&quot;4&quot;:{&quot;1&quot;:2,&quot;2&quot;:16777215},&quot;10&quot;:1,&quot;11&quot;:4,&quot;12&quot;:0,&quot;14&quot;:{&quot;1&quot;:2,&quot;2&quot;:0},&quot;15&quot;:&quot;Montserrat&quot;,&quot;16&quot;:10}\">T\u1ea1i Ana Mandara Villas Dalat Resort &amp; Spa, ch\u00fang t\u00f4i kh\u00f4ng ng\u1eebng t\u00ecm ki\u1ebfm nh\u1eefng nh\u00e2n t\u00e0i tr\u00e0n \u0111\u1ea7y nhi\u1ec7t huy\u1ebft, t\u1eadn t\u00e2m v\u00e0 tinh th\u1ea7n hi\u1ebfu kh\u00e1ch nh\u1eb1m mang l\u1ea1i nh\u1eefng tr\u1ea3i nghi\u1ec7m \u0111\u00e1ng nh\u1edb cho k\u1ef3 ngh\u1ec9 c\u1ee7a m\u1ed7i du kh\u00e1ch.<\/span><\/p>\n<p>V\u1edbi tinh th\u1ea7n c\u1ea7u th\u1ecb v\u00e0 hi\u1ebfu kh\u00e1ch, \u0111\u1ed9i ng\u0169 nh\u00e2n vi\u00ean gi\u00e0u kinh nghi\u1ec7m c\u1ee7a khu ngh\u1ec9 lu\u00f4n n\u1ed5 l\u1ef1c cung c\u1ea5p c\u00e1c d\u1ecbch v\u1ee5 \u0111\u1ea1t ti\u00eau chu\u1ea9n qu\u1ed1c t\u1ebf cho kh\u00e1ch ngh\u1ec9. \u0110\u1ec3 duy tr\u00ec c\u00e1c ti\u00eau chu\u1ea9n cao c\u1ee7a m\u00ecnh, khu ngh\u1ec9 lu\u00f4n cung c\u1ea5p c\u00e1c c\u01a1 h\u1ed9i v\u00e0 t\u1ea1o \u0111i\u1ec1u ki\u1ec7n \u0111\u1ec3 \u0111\u1ea3m b\u1ea3o ph\u00e1t tri\u1ec3n c\u00e1c t\u00e0i n\u0103ng c\u1ee7a khu ngh\u1ec9 m\u1ed9t c\u00e1ch to\u00e0n di\u1ec7n.<\/p>\n<\/div>\n","protected":false},"excerpt":{"rendered":"<p>T\u1ea1i Ana Mandara Villas Dalat Resort &amp; Spa, ch\u00fang t\u00f4i kh\u00f4ng ng\u1eebng t\u00ecm ki\u1ebfm nh\u1eefng nh\u00e2n t\u00e0i tr\u00e0n \u0111\u1ea7y nhi\u1ec7t huy\u1ebft, t\u1eadn t\u00e2m v\u00e0 tinh th\u1ea7n hi\u1ebfu kh\u00e1ch nh\u1eb1m mang l\u1ea1i nh\u1eefng tr\u1ea3i nghi\u1ec7m \u0111\u00e1ng nh\u1edb cho k\u1ef3 ngh\u1ec9 c\u1ee7a m\u1ed7i du kh\u00e1ch. V\u1edbi tinh th\u1ea7n c\u1ea7u th\u1ecb v\u00e0 hi\u1ebfu kh\u00e1ch, \u0111\u1ed9i ng\u0169 nh\u00e2n vi\u00ean [&hellip;]<\/p>\n","protected":false},"author":368,"featured_media":1029,"parent":0,"menu_order":0,"comment_status":"closed","ping_status":"closed","template":"template-default-2.php","meta":{"footnotes":""},"acf":[],"yoast_head":"<!-- This site is optimized with the Yoast SEO plugin v22.3 - https:\/\/yoast.com\/wordpress\/plugins\/seo\/ -->\n<title>Tuy\u1ec3n D\u1ee5ng - Ana Mandara Villas Dalat Resort &amp; Spa<\/title>\n<meta name=\"robots\" content=\"index, follow, max-snippet:-1, max-image-preview:large, max-video-preview:-1\" \/>\n<link rel=\"canonical\" href=\"https:\/\/anamandara-resort.com\/vi\/job\/\" \/>\n<meta property=\"og:locale\" content=\"vi_VN\" \/>\n<meta property=\"og:type\" content=\"article\" \/>\n<meta property=\"og:title\" content=\"Tuy\u1ec3n D\u1ee5ng - Ana Mandara Villas Dalat Resort &amp; Spa\" \/>\n<meta property=\"og:description\" content=\"T\u1ea1i Ana Mandara Villas Dalat Resort &amp; Spa, ch\u00fang t\u00f4i kh\u00f4ng ng\u1eebng t\u00ecm ki\u1ebfm nh\u1eefng nh\u00e2n t\u00e0i tr\u00e0n \u0111\u1ea7y nhi\u1ec7t huy\u1ebft, t\u1eadn t\u00e2m v\u00e0 tinh th\u1ea7n hi\u1ebfu kh\u00e1ch nh\u1eb1m mang l\u1ea1i nh\u1eefng tr\u1ea3i nghi\u1ec7m \u0111\u00e1ng nh\u1edb cho k\u1ef3 ngh\u1ec9 c\u1ee7a m\u1ed7i du kh\u00e1ch. V\u1edbi tinh th\u1ea7n c\u1ea7u th\u1ecb v\u00e0 hi\u1ebfu kh\u00e1ch, \u0111\u1ed9i ng\u0169 nh\u00e2n vi\u00ean [&hellip;]\" \/>\n<meta property=\"og:url\" content=\"https:\/\/anamandara-resort.com\/vi\/job\/\" \/>\n<meta property=\"og:site_name\" content=\"Ana Mandara Villas Dalat Resort &amp; Spa\" \/>\n<meta property=\"article:modified_time\" content=\"2023-04-19T13:01:39+00:00\" \/>\n<meta property=\"og:image\" content=\"https:\/\/www.anamandara-resort.com\/wp-content\/uploads\/sites\/233\/2022\/05\/ana-mandara-dalat-jobs-1.jpg\" \/>\n\t<meta property=\"og:image:width\" content=\"2200\" \/>\n\t<meta property=\"og:image:height\" content=\"1226\" \/>\n\t<meta property=\"og:image:type\" content=\"image\/jpeg\" \/>\n<meta name=\"twitter:card\" content=\"summary_large_image\" \/>\n<meta name=\"twitter:label1\" content=\"Est. reading time\" \/>\n\t<meta name=\"twitter:data1\" content=\"1 minute\" \/>\n<script type=\"application\/ld+json\" class=\"yoast-schema-graph\">{\"@context\":\"https:\/\/schema.org\",\"@graph\":[{\"@type\":\"WebPage\",\"@id\":\"https:\/\/anamandara-resort.com\/vi\/job\/\",\"url\":\"https:\/\/anamandara-resort.com\/vi\/job\/\",\"name\":\"Tuy\u1ec3n D\u1ee5ng - Ana Mandara Villas Dalat Resort &amp; Spa\",\"isPartOf\":{\"@id\":\"https:\/\/anamandara-resort.com\/vi\/#website\"},\"primaryImageOfPage\":{\"@id\":\"https:\/\/anamandara-resort.com\/vi\/job\/#primaryimage\"},\"image\":{\"@id\":\"https:\/\/anamandara-resort.com\/vi\/job\/#primaryimage\"},\"thumbnailUrl\":\"https:\/\/www.anamandara-resort.com\/wp-content\/uploads\/sites\/233\/2022\/05\/ana-mandara-dalat-jobs-1.jpg\",\"datePublished\":\"2022-04-06T10:29:24+00:00\",\"dateModified\":\"2023-04-19T13:01:39+00:00\",\"breadcrumb\":{\"@id\":\"https:\/\/anamandara-resort.com\/vi\/job\/#breadcrumb\"},\"inLanguage\":\"vi-VN\",\"potentialAction\":[{\"@type\":\"ReadAction\",\"target\":[\"https:\/\/anamandara-resort.com\/vi\/job\/\"]}]},{\"@type\":\"ImageObject\",\"inLanguage\":\"vi-VN\",\"@id\":\"https:\/\/anamandara-resort.com\/vi\/job\/#primaryimage\",\"url\":\"https:\/\/www.anamandara-resort.com\/wp-content\/uploads\/sites\/233\/2022\/05\/ana-mandara-dalat-jobs-1.jpg\",\"contentUrl\":\"https:\/\/www.anamandara-resort.com\/wp-content\/uploads\/sites\/233\/2022\/05\/ana-mandara-dalat-jobs-1.jpg\",\"width\":2200,\"height\":1226},{\"@type\":\"BreadcrumbList\",\"@id\":\"https:\/\/anamandara-resort.com\/vi\/job\/#breadcrumb\",\"itemListElement\":[{\"@type\":\"ListItem\",\"position\":1,\"name\":\"Home\",\"item\":\"https:\/\/anamandara-resort.com\/vi\/\"},{\"@type\":\"ListItem\",\"position\":2,\"name\":\"Tuy\u1ec3n D\u1ee5ng\"}]},{\"@type\":\"WebSite\",\"@id\":\"https:\/\/anamandara-resort.com\/vi\/#website\",\"url\":\"https:\/\/anamandara-resort.com\/vi\/\",\"name\":\"Ana Mandara Villas Dalat Resort &amp; Spa\",\"description\":\"\",\"potentialAction\":[{\"@type\":\"SearchAction\",\"target\":{\"@type\":\"EntryPoint\",\"urlTemplate\":\"https:\/\/anamandara-resort.com\/vi\/?s={search_term_string}\"},\"query-input\":\"required name=search_term_string\"}],\"inLanguage\":\"vi-VN\"}]}<\/script>\n<!-- \/ Yoast SEO plugin. -->","yoast_head_json":{"title":"Tuy\u1ec3n D\u1ee5ng - Ana Mandara Villas Dalat Resort &amp; Spa","robots":{"index":"index","follow":"follow","max-snippet":"max-snippet:-1","max-image-preview":"max-image-preview:large","max-video-preview":"max-video-preview:-1"},"canonical":"https:\/\/anamandara-resort.com\/vi\/job\/","og_locale":"vi_VN","og_type":"article","og_title":"Tuy\u1ec3n D\u1ee5ng - Ana Mandara Villas Dalat Resort &amp; Spa","og_description":"T\u1ea1i Ana Mandara Villas Dalat Resort &amp; Spa, ch\u00fang t\u00f4i kh\u00f4ng ng\u1eebng t\u00ecm ki\u1ebfm nh\u1eefng nh\u00e2n t\u00e0i tr\u00e0n \u0111\u1ea7y nhi\u1ec7t huy\u1ebft, t\u1eadn t\u00e2m v\u00e0 tinh th\u1ea7n hi\u1ebfu kh\u00e1ch nh\u1eb1m mang l\u1ea1i nh\u1eefng tr\u1ea3i nghi\u1ec7m \u0111\u00e1ng nh\u1edb cho k\u1ef3 ngh\u1ec9 c\u1ee7a m\u1ed7i du kh\u00e1ch. V\u1edbi tinh th\u1ea7n c\u1ea7u th\u1ecb v\u00e0 hi\u1ebfu kh\u00e1ch, \u0111\u1ed9i ng\u0169 nh\u00e2n vi\u00ean [&hellip;]","og_url":"https:\/\/anamandara-resort.com\/vi\/job\/","og_site_name":"Ana Mandara Villas Dalat Resort &amp; Spa","article_modified_time":"2023-04-19T13:01:39+00:00","og_image":[{"width":2200,"height":1226,"url":"https:\/\/www.anamandara-resort.com\/wp-content\/uploads\/sites\/233\/2022\/05\/ana-mandara-dalat-jobs-1.jpg","type":"image\/jpeg"}],"twitter_card":"summary_large_image","twitter_misc":{"Est. reading time":"1 minute"},"schema":{"@context":"https:\/\/schema.org","@graph":[{"@type":"WebPage","@id":"https:\/\/anamandara-resort.com\/vi\/job\/","url":"https:\/\/anamandara-resort.com\/vi\/job\/","name":"Tuy\u1ec3n D\u1ee5ng - Ana Mandara Villas Dalat Resort &amp; Spa","isPartOf":{"@id":"https:\/\/anamandara-resort.com\/vi\/#website"},"primaryImageOfPage":{"@id":"https:\/\/anamandara-resort.com\/vi\/job\/#primaryimage"},"image":{"@id":"https:\/\/anamandara-resort.com\/vi\/job\/#primaryimage"},"thumbnailUrl":"https:\/\/www.anamandara-resort.com\/wp-content\/uploads\/sites\/233\/2022\/05\/ana-mandara-dalat-jobs-1.jpg","datePublished":"2022-04-06T10:29:24+00:00","dateModified":"2023-04-19T13:01:39+00:00","breadcrumb":{"@id":"https:\/\/anamandara-resort.com\/vi\/job\/#breadcrumb"},"inLanguage":"vi-VN","potentialAction":[{"@type":"ReadAction","target":["https:\/\/anamandara-resort.com\/vi\/job\/"]}]},{"@type":"ImageObject","inLanguage":"vi-VN","@id":"https:\/\/anamandara-resort.com\/vi\/job\/#primaryimage","url":"https:\/\/www.anamandara-resort.com\/wp-content\/uploads\/sites\/233\/2022\/05\/ana-mandara-dalat-jobs-1.jpg","contentUrl":"https:\/\/www.anamandara-resort.com\/wp-content\/uploads\/sites\/233\/2022\/05\/ana-mandara-dalat-jobs-1.jpg","width":2200,"height":1226},{"@type":"BreadcrumbList","@id":"https:\/\/anamandara-resort.com\/vi\/job\/#breadcrumb","itemListElement":[{"@type":"ListItem","position":1,"name":"Home","item":"https:\/\/anamandara-resort.com\/vi\/"},{"@type":"ListItem","position":2,"name":"Tuy\u1ec3n D\u1ee5ng"}]},{"@type":"WebSite","@id":"https:\/\/anamandara-resort.com\/vi\/#website","url":"https:\/\/anamandara-resort.com\/vi\/","name":"Ana Mandara Villas Dalat Resort &amp; Spa","description":"","potentialAction":[{"@type":"SearchAction","target":{"@type":"EntryPoint","urlTemplate":"https:\/\/anamandara-resort.com\/vi\/?s={search_term_string}"},"query-input":"required name=search_term_string"}],"inLanguage":"vi-VN"}]}},"_links":{"self":[{"href":"https:\/\/anamandara-resort.com\/vi\/wp-json\/wp\/v2\/pages\/292"}],"collection":[{"href":"https:\/\/anamandara-resort.com\/vi\/wp-json\/wp\/v2\/pages"}],"about":[{"href":"https:\/\/anamandara-resort.com\/vi\/wp-json\/wp\/v2\/types\/page"}],"author":[{"embeddable":true,"href":"https:\/\/anamandara-resort.com\/vi\/wp-json\/wp\/v2\/users\/368"}],"replies":[{"embeddable":true,"href":"https:\/\/anamandara-resort.com\/vi\/wp-json\/wp\/v2\/comments?post=292"}],"version-history":[{"count":0,"href":"https:\/\/anamandara-resort.com\/vi\/wp-json\/wp\/v2\/pages\/292\/revisions"}],"wp:featuredmedia":[{"embeddable":true,"href":"https:\/\/anamandara-resort.com\/vi\/wp-json\/wp\/v2\/media\/1029"}],"wp:attachment":[{"href":"https:\/\/anamandara-resort.com\/vi\/wp-json\/wp\/v2\/media?parent=292"}],"curies":[{"name":"wp","href":"https:\/\/api.w.org\/{rel}","templated":true}]}}