{"id":293,"date":"2022-04-06T03:25:10","date_gmt":"2022-04-06T03:25:10","guid":{"rendered":"https:\/\/ana-mandara-resort.ms.decms.asia\/la-cochinchine-spa\/"},"modified":"2025-11-03T03:57:37","modified_gmt":"2025-11-03T03:57:37","slug":"la-cochinchine-spa","status":"publish","type":"page","link":"https:\/\/anamandara-resort.com\/vi\/la-cochinchine-spa\/","title":{"rendered":"Ch\u0103m S\u00f3c S\u1ee9c Kh\u1ecfe &amp; Spa"},"content":{"rendered":"<h2>La Cochinchine Spa<\/h2>\n<p>\u1ea8n m\u00ecnh t\u1ea1i Villa 14 y\u00ean b\u00ecnh, La Cochinchine Spa ch\u00e0o \u0111\u00f3n b\u1ea1n v\u1edbi s\u1ea3nh kh\u00e1ch l\u00e1t g\u1ed7 r\u1ed9ng r\u00e3i, c\u1eeda s\u1ed5 l\u1edbn v\u00e0 nh\u1eefng h\u00e0nh lang t\u00e1ch bi\u1ec7t d\u1eabn th\u1eb3ng \u0111\u1ebfn c\u00e1c ph\u00f2ng tr\u1ecb li\u1ec7u &#8211; t\u1ea5t c\u1ea3 nh\u1eb1m mang l\u1ea1i cho b\u1ea1n s\u1ef1 th\u01b0 gi\u00e3n tuy\u1ec7t \u0111\u1ed1i b\u1eb1ng c\u00e1c li\u1ec7u ph\u00e1p ch\u0103m s\u00f3c s\u1ee9c kh\u1ecfe. C\u00e1c ph\u01b0\u01a1ng ph\u00e1p \u0111i\u1ec1u tr\u1ecb c\u1ee7a ch\u00fang t\u00f4i \u0111\u01b0\u1ee3c l\u1ea5y c\u1ea3m h\u1ee9ng t\u1eeb c\u00e1c li\u1ec7u ph\u00e1p m\u00e1t-xa truy\u1ec1n th\u1ed1ng c\u1ee7a \u00c1 \u0110\u00f4ng c\u1ed5 truy\u1ec1n, Ph\u00e1p v\u00e0 \u1ea4n \u0110\u1ed9, \u0111\u01b0\u1ee3c th\u1ef1c hi\u1ec7n b\u1edfi \u0111\u1ed9i ng\u0169 chuy\u00ean vi\u00ean \u0111\u01b0\u1ee3c \u0111\u00e0o t\u1ea1o chuy\u00ean nghi\u1ec7p s\u1ebd gi\u00fap l\u01b0u th\u00f4ng huy\u1ec7t \u0111\u1ea1o, khai s\u00e1ng l\u00e0n da v\u00e0 gi\u1ea3i t\u1ecfa m\u1ecdi c\u0103ng th\u1eb3ng. C\u00e1c s\u1ea3n ph\u1ea9m h\u1eefu c\u01a1 v\u1edbi 100% th\u00e0nh ph\u1ea7n t\u1ef1 nhi\u00ean t\u1eeb tr\u00e0 v\u00e0 d\u1ea7u m\u00e1t-xa handmade, \u0111\u1ebfn b\u1ed9t c\u00e0 ph\u00ea v\u00e0 c\u00e1c th\u00e0nh ph\u1ea7n thi\u00ean nhi\u00ean \u0111\u1ecba ph\u01b0\u01a1ng kh\u00e1c nh\u1eb1m kh\u00f4i ph\u1ee5c tr\u1ea1ng th\u00e1i kh\u1ecfe m\u1ea1nh v\u1ed1n c\u00f3 cho c\u01a1 th\u1ec3, t\u00e2m tr\u00ed, v\u00e0 tinh th\u1ea7n.<\/p>\n","protected":false},"excerpt":{"rendered":"<p>La Cochinchine Spa \u1ea8n m\u00ecnh t\u1ea1i Villa 14 y\u00ean b\u00ecnh, La Cochinchine Spa ch\u00e0o \u0111\u00f3n b\u1ea1n v\u1edbi s\u1ea3nh kh\u00e1ch l\u00e1t g\u1ed7 r\u1ed9ng r\u00e3i, c\u1eeda s\u1ed5 l\u1edbn v\u00e0 nh\u1eefng h\u00e0nh lang t\u00e1ch bi\u1ec7t d\u1eabn th\u1eb3ng \u0111\u1ebfn c\u00e1c ph\u00f2ng tr\u1ecb li\u1ec7u &#8211; t\u1ea5t c\u1ea3 nh\u1eb1m mang l\u1ea1i cho b\u1ea1n s\u1ef1 th\u01b0 gi\u00e3n tuy\u1ec7t \u0111\u1ed1i b\u1eb1ng c\u00e1c li\u1ec7u [&hellip;]<\/p>\n","protected":false},"author":368,"featured_media":175,"parent":0,"menu_order":0,"comment_status":"closed","ping_status":"closed","template":"template-default-2.php","meta":{"footnotes":""},"acf":[],"yoast_head":"<!-- This site is optimized with the Yoast SEO plugin v22.3 - https:\/\/yoast.com\/wordpress\/plugins\/seo\/ -->\n<title>Ch\u0103m S\u00f3c S\u1ee9c Kh\u1ecfe &amp; Spa - Ana Mandara Villas Dalat Resort &amp; Spa<\/title>\n<meta name=\"robots\" content=\"index, follow, max-snippet:-1, max-image-preview:large, max-video-preview:-1\" \/>\n<link rel=\"canonical\" href=\"https:\/\/anamandara-resort.com\/vi\/la-cochinchine-spa\/\" \/>\n<meta property=\"og:locale\" content=\"vi_VN\" \/>\n<meta property=\"og:type\" content=\"article\" \/>\n<meta property=\"og:title\" content=\"Ch\u0103m S\u00f3c S\u1ee9c Kh\u1ecfe &amp; Spa - Ana Mandara Villas Dalat Resort &amp; Spa\" \/>\n<meta property=\"og:description\" content=\"La Cochinchine Spa \u1ea8n m\u00ecnh t\u1ea1i Villa 14 y\u00ean b\u00ecnh, La Cochinchine Spa ch\u00e0o \u0111\u00f3n b\u1ea1n v\u1edbi s\u1ea3nh kh\u00e1ch l\u00e1t g\u1ed7 r\u1ed9ng r\u00e3i, c\u1eeda s\u1ed5 l\u1edbn v\u00e0 nh\u1eefng h\u00e0nh lang t\u00e1ch bi\u1ec7t d\u1eabn th\u1eb3ng \u0111\u1ebfn c\u00e1c ph\u00f2ng tr\u1ecb li\u1ec7u &#8211; t\u1ea5t c\u1ea3 nh\u1eb1m mang l\u1ea1i cho b\u1ea1n s\u1ef1 th\u01b0 gi\u00e3n tuy\u1ec7t \u0111\u1ed1i b\u1eb1ng c\u00e1c li\u1ec7u [&hellip;]\" \/>\n<meta property=\"og:url\" content=\"https:\/\/anamandara-resort.com\/vi\/la-cochinchine-spa\/\" \/>\n<meta property=\"og:site_name\" content=\"Ana Mandara Villas Dalat Resort &amp; Spa\" \/>\n<meta property=\"article:modified_time\" content=\"2025-11-03T03:57:37+00:00\" \/>\n<meta property=\"og:image\" content=\"https:\/\/www.anamandara-resort.com\/wp-content\/uploads\/sites\/233\/2022\/04\/DSC1792.jpg\" \/>\n\t<meta property=\"og:image:width\" content=\"1200\" \/>\n\t<meta property=\"og:image:height\" content=\"801\" \/>\n\t<meta property=\"og:image:type\" content=\"image\/jpeg\" \/>\n<meta name=\"twitter:card\" content=\"summary_large_image\" \/>\n<meta name=\"twitter:label1\" content=\"Est. reading time\" \/>\n\t<meta name=\"twitter:data1\" content=\"1 minute\" \/>\n<script type=\"application\/ld+json\" class=\"yoast-schema-graph\">{\"@context\":\"https:\/\/schema.org\",\"@graph\":[{\"@type\":\"WebPage\",\"@id\":\"https:\/\/anamandara-resort.com\/vi\/la-cochinchine-spa\/\",\"url\":\"https:\/\/anamandara-resort.com\/vi\/la-cochinchine-spa\/\",\"name\":\"Ch\u0103m S\u00f3c S\u1ee9c Kh\u1ecfe &amp; Spa - Ana Mandara Villas Dalat Resort &amp; Spa\",\"isPartOf\":{\"@id\":\"https:\/\/anamandara-resort.com\/vi\/#website\"},\"primaryImageOfPage\":{\"@id\":\"https:\/\/anamandara-resort.com\/vi\/la-cochinchine-spa\/#primaryimage\"},\"image\":{\"@id\":\"https:\/\/anamandara-resort.com\/vi\/la-cochinchine-spa\/#primaryimage\"},\"thumbnailUrl\":\"https:\/\/www.anamandara-resort.com\/wp-content\/uploads\/sites\/233\/2022\/04\/DSC1792.jpg\",\"datePublished\":\"2022-04-06T03:25:10+00:00\",\"dateModified\":\"2025-11-03T03:57:37+00:00\",\"breadcrumb\":{\"@id\":\"https:\/\/anamandara-resort.com\/vi\/la-cochinchine-spa\/#breadcrumb\"},\"inLanguage\":\"vi-VN\",\"potentialAction\":[{\"@type\":\"ReadAction\",\"target\":[\"https:\/\/anamandara-resort.com\/vi\/la-cochinchine-spa\/\"]}]},{\"@type\":\"ImageObject\",\"inLanguage\":\"vi-VN\",\"@id\":\"https:\/\/anamandara-resort.com\/vi\/la-cochinchine-spa\/#primaryimage\",\"url\":\"https:\/\/www.anamandara-resort.com\/wp-content\/uploads\/sites\/233\/2022\/04\/DSC1792.jpg\",\"contentUrl\":\"https:\/\/www.anamandara-resort.com\/wp-content\/uploads\/sites\/233\/2022\/04\/DSC1792.jpg\",\"width\":1200,\"height\":801},{\"@type\":\"BreadcrumbList\",\"@id\":\"https:\/\/anamandara-resort.com\/vi\/la-cochinchine-spa\/#breadcrumb\",\"itemListElement\":[{\"@type\":\"ListItem\",\"position\":1,\"name\":\"Home\",\"item\":\"https:\/\/anamandara-resort.com\/vi\/\"},{\"@type\":\"ListItem\",\"position\":2,\"name\":\"Ch\u0103m S\u00f3c S\u1ee9c Kh\u1ecfe &amp; Spa\"}]},{\"@type\":\"WebSite\",\"@id\":\"https:\/\/anamandara-resort.com\/vi\/#website\",\"url\":\"https:\/\/anamandara-resort.com\/vi\/\",\"name\":\"Ana Mandara Villas Dalat Resort &amp; Spa\",\"description\":\"\",\"potentialAction\":[{\"@type\":\"SearchAction\",\"target\":{\"@type\":\"EntryPoint\",\"urlTemplate\":\"https:\/\/anamandara-resort.com\/vi\/?s={search_term_string}\"},\"query-input\":\"required name=search_term_string\"}],\"inLanguage\":\"vi-VN\"}]}<\/script>\n<!-- \/ Yoast SEO plugin. -->","yoast_head_json":{"title":"Ch\u0103m S\u00f3c S\u1ee9c Kh\u1ecfe &amp; Spa - Ana Mandara Villas Dalat Resort &amp; Spa","robots":{"index":"index","follow":"follow","max-snippet":"max-snippet:-1","max-image-preview":"max-image-preview:large","max-video-preview":"max-video-preview:-1"},"canonical":"https:\/\/anamandara-resort.com\/vi\/la-cochinchine-spa\/","og_locale":"vi_VN","og_type":"article","og_title":"Ch\u0103m S\u00f3c S\u1ee9c Kh\u1ecfe &amp; Spa - Ana Mandara Villas Dalat Resort &amp; Spa","og_description":"La Cochinchine Spa \u1ea8n m\u00ecnh t\u1ea1i Villa 14 y\u00ean b\u00ecnh, La Cochinchine Spa ch\u00e0o \u0111\u00f3n b\u1ea1n v\u1edbi s\u1ea3nh kh\u00e1ch l\u00e1t g\u1ed7 r\u1ed9ng r\u00e3i, c\u1eeda s\u1ed5 l\u1edbn v\u00e0 nh\u1eefng h\u00e0nh lang t\u00e1ch bi\u1ec7t d\u1eabn th\u1eb3ng \u0111\u1ebfn c\u00e1c ph\u00f2ng tr\u1ecb li\u1ec7u &#8211; t\u1ea5t c\u1ea3 nh\u1eb1m mang l\u1ea1i cho b\u1ea1n s\u1ef1 th\u01b0 gi\u00e3n tuy\u1ec7t \u0111\u1ed1i b\u1eb1ng c\u00e1c li\u1ec7u [&hellip;]","og_url":"https:\/\/anamandara-resort.com\/vi\/la-cochinchine-spa\/","og_site_name":"Ana Mandara Villas Dalat Resort &amp; Spa","article_modified_time":"2025-11-03T03:57:37+00:00","og_image":[{"width":1200,"height":801,"url":"https:\/\/www.anamandara-resort.com\/wp-content\/uploads\/sites\/233\/2022\/04\/DSC1792.jpg","type":"image\/jpeg"}],"twitter_card":"summary_large_image","twitter_misc":{"Est. reading time":"1 minute"},"schema":{"@context":"https:\/\/schema.org","@graph":[{"@type":"WebPage","@id":"https:\/\/anamandara-resort.com\/vi\/la-cochinchine-spa\/","url":"https:\/\/anamandara-resort.com\/vi\/la-cochinchine-spa\/","name":"Ch\u0103m S\u00f3c S\u1ee9c Kh\u1ecfe &amp; Spa - Ana Mandara Villas Dalat Resort &amp; Spa","isPartOf":{"@id":"https:\/\/anamandara-resort.com\/vi\/#website"},"primaryImageOfPage":{"@id":"https:\/\/anamandara-resort.com\/vi\/la-cochinchine-spa\/#primaryimage"},"image":{"@id":"https:\/\/anamandara-resort.com\/vi\/la-cochinchine-spa\/#primaryimage"},"thumbnailUrl":"https:\/\/www.anamandara-resort.com\/wp-content\/uploads\/sites\/233\/2022\/04\/DSC1792.jpg","datePublished":"2022-04-06T03:25:10+00:00","dateModified":"2025-11-03T03:57:37+00:00","breadcrumb":{"@id":"https:\/\/anamandara-resort.com\/vi\/la-cochinchine-spa\/#breadcrumb"},"inLanguage":"vi-VN","potentialAction":[{"@type":"ReadAction","target":["https:\/\/anamandara-resort.com\/vi\/la-cochinchine-spa\/"]}]},{"@type":"ImageObject","inLanguage":"vi-VN","@id":"https:\/\/anamandara-resort.com\/vi\/la-cochinchine-spa\/#primaryimage","url":"https:\/\/www.anamandara-resort.com\/wp-content\/uploads\/sites\/233\/2022\/04\/DSC1792.jpg","contentUrl":"https:\/\/www.anamandara-resort.com\/wp-content\/uploads\/sites\/233\/2022\/04\/DSC1792.jpg","width":1200,"height":801},{"@type":"BreadcrumbList","@id":"https:\/\/anamandara-resort.com\/vi\/la-cochinchine-spa\/#breadcrumb","itemListElement":[{"@type":"ListItem","position":1,"name":"Home","item":"https:\/\/anamandara-resort.com\/vi\/"},{"@type":"ListItem","position":2,"name":"Ch\u0103m S\u00f3c S\u1ee9c Kh\u1ecfe &amp; Spa"}]},{"@type":"WebSite","@id":"https:\/\/anamandara-resort.com\/vi\/#website","url":"https:\/\/anamandara-resort.com\/vi\/","name":"Ana Mandara Villas Dalat Resort &amp; Spa","description":"","potentialAction":[{"@type":"SearchAction","target":{"@type":"EntryPoint","urlTemplate":"https:\/\/anamandara-resort.com\/vi\/?s={search_term_string}"},"query-input":"required name=search_term_string"}],"inLanguage":"vi-VN"}]}},"_links":{"self":[{"href":"https:\/\/anamandara-resort.com\/vi\/wp-json\/wp\/v2\/pages\/293"}],"collection":[{"href":"https:\/\/anamandara-resort.com\/vi\/wp-json\/wp\/v2\/pages"}],"about":[{"href":"https:\/\/anamandara-resort.com\/vi\/wp-json\/wp\/v2\/types\/page"}],"author":[{"embeddable":true,"href":"https:\/\/anamandara-resort.com\/vi\/wp-json\/wp\/v2\/users\/368"}],"replies":[{"embeddable":true,"href":"https:\/\/anamandara-resort.com\/vi\/wp-json\/wp\/v2\/comments?post=293"}],"version-history":[{"count":0,"href":"https:\/\/anamandara-resort.com\/vi\/wp-json\/wp\/v2\/pages\/293\/revisions"}],"wp:featuredmedia":[{"embeddable":true,"href":"https:\/\/anamandara-resort.com\/vi\/wp-json\/wp\/v2\/media\/175"}],"wp:attachment":[{"href":"https:\/\/anamandara-resort.com\/vi\/wp-json\/wp\/v2\/media?parent=293"}],"curies":[{"name":"wp","href":"https:\/\/api.w.org\/{rel}","templated":true}]}}