{"id":295,"date":"2022-04-06T04:21:03","date_gmt":"2022-04-06T04:21:03","guid":{"rendered":"https:\/\/ana-mandara-resort.ms.decms.asia\/la-cochinchine-spa\/natural-facial-care\/"},"modified":"2023-09-07T08:27:26","modified_gmt":"2023-09-07T08:27:26","slug":"hot-stone-treatment","status":"publish","type":"page","link":"https:\/\/anamandara-resort.com\/vi\/la-cochinchine-spa\/hot-stone-treatment\/","title":{"rendered":"Li\u1ec7u Tr\u00ecnh \u0110\u00e1 N\u00f3ng"},"content":{"rendered":"<p><span data-sheets-value=\"{&quot;1&quot;:2,&quot;2&quot;:&quot;Restore and moisturize your face and neck with a fresh nature mask, tropical fruits, honey and yogurt.\\r\\n&quot;}\" data-sheets-userformat=\"{&quot;2&quot;:13247,&quot;3&quot;:{&quot;1&quot;:0},&quot;4&quot;:{&quot;1&quot;:2,&quot;2&quot;:16777215},&quot;5&quot;:{&quot;1&quot;:[{&quot;1&quot;:2,&quot;2&quot;:0,&quot;5&quot;:{&quot;1&quot;:2,&quot;2&quot;:14277081}},{&quot;1&quot;:0,&quot;2&quot;:0,&quot;3&quot;:3},{&quot;1&quot;:1,&quot;2&quot;:0,&quot;4&quot;:1}]},&quot;6&quot;:{&quot;1&quot;:[{&quot;1&quot;:2,&quot;2&quot;:0,&quot;5&quot;:{&quot;1&quot;:2,&quot;2&quot;:14277081}},{&quot;1&quot;:0,&quot;2&quot;:0,&quot;3&quot;:3},{&quot;1&quot;:1,&quot;2&quot;:0,&quot;4&quot;:1}]},&quot;7&quot;:{&quot;1&quot;:[{&quot;1&quot;:2,&quot;2&quot;:0,&quot;5&quot;:{&quot;1&quot;:2,&quot;2&quot;:16777215}},{&quot;1&quot;:0,&quot;2&quot;:0,&quot;3&quot;:3},{&quot;1&quot;:1,&quot;2&quot;:0,&quot;4&quot;:1}]},&quot;8&quot;:{&quot;1&quot;:[{&quot;1&quot;:2,&quot;2&quot;:0,&quot;5&quot;:{&quot;1&quot;:2,&quot;2&quot;:14277081}},{&quot;1&quot;:0,&quot;2&quot;:0,&quot;3&quot;:3},{&quot;1&quot;:1,&quot;2&quot;:0,&quot;4&quot;:1}]},&quot;10&quot;:1,&quot;11&quot;:4,&quot;12&quot;:0,&quot;15&quot;:&quot;Arial&quot;,&quot;16&quot;:12}\">K\u1ebf th\u1eeba k\u1ef9 thu\u1eadt massage to\u00e0n th\u00e2n &amp; c\u01a1 m\u1eb7t c\u1ee7a c\u00e1c nh\u00e0 s\u01b0 T\u00e2y T\u1ea1ng b\u1eb1ng \u0111\u00e1 Basalt, t\u1ea1o n\u00ean c\u1ea3m gi\u00e1c t\u0129nh l\u1eb7ng s\u00e2u cho t\u00e2m tr\u00ed \u0111\u1ed3ng th\u1eddi th\u01b0 gi\u00e3n c\u01a1, lo\u1ea1i b\u1ecf t\u1eafc ngh\u1ebdn v\u00e0 \u0111\u00e1nh tan c\u0103ng th\u1eb3ng.<\/span><\/p>\n","protected":false},"excerpt":{"rendered":"<p>K\u1ebf th\u1eeba k\u1ef9 thu\u1eadt massage to\u00e0n th\u00e2n &amp; c\u01a1 m\u1eb7t c\u1ee7a c\u00e1c nh\u00e0 s\u01b0 T\u00e2y T\u1ea1ng b\u1eb1ng \u0111\u00e1 Basalt, t\u1ea1o n\u00ean c\u1ea3m gi\u00e1c t\u0129nh l\u1eb7ng s\u00e2u cho t\u00e2m tr\u00ed \u0111\u1ed3ng th\u1eddi th\u01b0 gi\u00e3n c\u01a1, lo\u1ea1i b\u1ecf t\u1eafc ngh\u1ebdn v\u00e0 \u0111\u00e1nh tan c\u0103ng th\u1eb3ng.<\/p>\n","protected":false},"author":368,"featured_media":860,"parent":293,"menu_order":0,"comment_status":"closed","ping_status":"closed","template":"template-default-3.php","meta":{"footnotes":""},"acf":[],"yoast_head":"<!-- This site is optimized with the Yoast SEO plugin v22.3 - https:\/\/yoast.com\/wordpress\/plugins\/seo\/ -->\n<title>T\u00e1i T\u1ea1o S\u1ee9c S\u1ed1ng V\u1edbi Matxa \u0110\u00e1 N\u00f3ng \u0110\u00e0 L\u1ea1t T\u1ea1i La Cochinchine Spa<\/title>\n<meta name=\"description\" content=\"Th\u01b0 Gi\u00e3n V\u1edbi Li\u1ec7u Ph\u00e1p Matxa \u0110\u00e1 N\u00f3ng \u0110\u00e0 L\u1ea1t T\u1ea1i La Cochinchine Spa, L\u1ea5y L\u1ea1i N\u0103ng L\u01b0\u1ee3ng, C\u00e2n B\u1eb1ng C\u01a1 Th\u1ec3 Cho Tr\u1ea3i Nghi\u1ec7m Th\u01b0 Gi\u00e3n Tuy\u1ec7t V\u1eddi Nh\u1ea5t.\" \/>\n<meta name=\"robots\" content=\"index, follow, max-snippet:-1, max-image-preview:large, max-video-preview:-1\" \/>\n<link rel=\"canonical\" href=\"https:\/\/anamandara-resort.com\/vi\/la-cochinchine-spa\/hot-stone-treatment\/\" \/>\n<meta property=\"og:locale\" content=\"vi_VN\" \/>\n<meta property=\"og:type\" content=\"article\" \/>\n<meta property=\"og:title\" content=\"T\u00e1i T\u1ea1o S\u1ee9c S\u1ed1ng V\u1edbi Matxa \u0110\u00e1 N\u00f3ng \u0110\u00e0 L\u1ea1t T\u1ea1i La Cochinchine Spa\" \/>\n<meta property=\"og:description\" content=\"Th\u01b0 Gi\u00e3n V\u1edbi Li\u1ec7u Ph\u00e1p Matxa \u0110\u00e1 N\u00f3ng \u0110\u00e0 L\u1ea1t T\u1ea1i La Cochinchine Spa, L\u1ea5y L\u1ea1i N\u0103ng L\u01b0\u1ee3ng, C\u00e2n B\u1eb1ng C\u01a1 Th\u1ec3 Cho Tr\u1ea3i Nghi\u1ec7m Th\u01b0 Gi\u00e3n Tuy\u1ec7t V\u1eddi Nh\u1ea5t.\" \/>\n<meta property=\"og:url\" content=\"https:\/\/anamandara-resort.com\/vi\/la-cochinchine-spa\/hot-stone-treatment\/\" \/>\n<meta property=\"og:site_name\" content=\"Ana Mandara Villas Dalat Resort &amp; Spa\" \/>\n<meta property=\"article:modified_time\" content=\"2023-09-07T08:27:26+00:00\" \/>\n<meta property=\"og:image\" content=\"https:\/\/www.anamandara-resort.com\/wp-content\/uploads\/sites\/233\/2022\/05\/ana-mandara-dalat-spa-1.jpg\" \/>\n\t<meta property=\"og:image:width\" content=\"2200\" \/>\n\t<meta property=\"og:image:height\" content=\"1468\" \/>\n\t<meta property=\"og:image:type\" content=\"image\/jpeg\" \/>\n<meta name=\"twitter:card\" content=\"summary_large_image\" \/>\n<meta name=\"twitter:label1\" content=\"Est. reading time\" \/>\n\t<meta name=\"twitter:data1\" content=\"1 minute\" \/>\n<script type=\"application\/ld+json\" class=\"yoast-schema-graph\">{\"@context\":\"https:\/\/schema.org\",\"@graph\":[{\"@type\":\"WebPage\",\"@id\":\"https:\/\/anamandara-resort.com\/vi\/la-cochinchine-spa\/hot-stone-treatment\/\",\"url\":\"https:\/\/anamandara-resort.com\/vi\/la-cochinchine-spa\/hot-stone-treatment\/\",\"name\":\"T\u00e1i T\u1ea1o S\u1ee9c S\u1ed1ng V\u1edbi Matxa \u0110\u00e1 N\u00f3ng \u0110\u00e0 L\u1ea1t T\u1ea1i La Cochinchine Spa\",\"isPartOf\":{\"@id\":\"https:\/\/anamandara-resort.com\/vi\/#website\"},\"primaryImageOfPage\":{\"@id\":\"https:\/\/anamandara-resort.com\/vi\/la-cochinchine-spa\/hot-stone-treatment\/#primaryimage\"},\"image\":{\"@id\":\"https:\/\/anamandara-resort.com\/vi\/la-cochinchine-spa\/hot-stone-treatment\/#primaryimage\"},\"thumbnailUrl\":\"https:\/\/www.anamandara-resort.com\/wp-content\/uploads\/sites\/233\/2022\/05\/ana-mandara-dalat-spa-1.jpg\",\"datePublished\":\"2022-04-06T04:21:03+00:00\",\"dateModified\":\"2023-09-07T08:27:26+00:00\",\"description\":\"Th\u01b0 Gi\u00e3n V\u1edbi Li\u1ec7u Ph\u00e1p Matxa \u0110\u00e1 N\u00f3ng \u0110\u00e0 L\u1ea1t T\u1ea1i La Cochinchine Spa, L\u1ea5y L\u1ea1i N\u0103ng L\u01b0\u1ee3ng, C\u00e2n B\u1eb1ng C\u01a1 Th\u1ec3 Cho Tr\u1ea3i Nghi\u1ec7m Th\u01b0 Gi\u00e3n Tuy\u1ec7t V\u1eddi Nh\u1ea5t.\",\"breadcrumb\":{\"@id\":\"https:\/\/anamandara-resort.com\/vi\/la-cochinchine-spa\/hot-stone-treatment\/#breadcrumb\"},\"inLanguage\":\"vi-VN\",\"potentialAction\":[{\"@type\":\"ReadAction\",\"target\":[\"https:\/\/anamandara-resort.com\/vi\/la-cochinchine-spa\/hot-stone-treatment\/\"]}]},{\"@type\":\"ImageObject\",\"inLanguage\":\"vi-VN\",\"@id\":\"https:\/\/anamandara-resort.com\/vi\/la-cochinchine-spa\/hot-stone-treatment\/#primaryimage\",\"url\":\"https:\/\/www.anamandara-resort.com\/wp-content\/uploads\/sites\/233\/2022\/05\/ana-mandara-dalat-spa-1.jpg\",\"contentUrl\":\"https:\/\/www.anamandara-resort.com\/wp-content\/uploads\/sites\/233\/2022\/05\/ana-mandara-dalat-spa-1.jpg\",\"width\":2200,\"height\":1468},{\"@type\":\"BreadcrumbList\",\"@id\":\"https:\/\/anamandara-resort.com\/vi\/la-cochinchine-spa\/hot-stone-treatment\/#breadcrumb\",\"itemListElement\":[{\"@type\":\"ListItem\",\"position\":1,\"name\":\"Home\",\"item\":\"https:\/\/anamandara-resort.com\/vi\/\"},{\"@type\":\"ListItem\",\"position\":2,\"name\":\"Ch\u0103m S\u00f3c S\u1ee9c Kh\u1ecfe &amp; Spa\",\"item\":\"https:\/\/anamandara-resort.com\/vi\/la-cochinchine-spa\/\"},{\"@type\":\"ListItem\",\"position\":3,\"name\":\"Li\u1ec7u Tr\u00ecnh \u0110\u00e1 N\u00f3ng\"}]},{\"@type\":\"WebSite\",\"@id\":\"https:\/\/anamandara-resort.com\/vi\/#website\",\"url\":\"https:\/\/anamandara-resort.com\/vi\/\",\"name\":\"Ana Mandara Villas Dalat Resort &amp; Spa\",\"description\":\"\",\"potentialAction\":[{\"@type\":\"SearchAction\",\"target\":{\"@type\":\"EntryPoint\",\"urlTemplate\":\"https:\/\/anamandara-resort.com\/vi\/?s={search_term_string}\"},\"query-input\":\"required name=search_term_string\"}],\"inLanguage\":\"vi-VN\"}]}<\/script>\n<!-- \/ Yoast SEO plugin. -->","yoast_head_json":{"title":"T\u00e1i T\u1ea1o S\u1ee9c S\u1ed1ng V\u1edbi Matxa \u0110\u00e1 N\u00f3ng \u0110\u00e0 L\u1ea1t T\u1ea1i La Cochinchine Spa","description":"Th\u01b0 Gi\u00e3n V\u1edbi Li\u1ec7u Ph\u00e1p Matxa \u0110\u00e1 N\u00f3ng \u0110\u00e0 L\u1ea1t T\u1ea1i La Cochinchine Spa, L\u1ea5y L\u1ea1i N\u0103ng L\u01b0\u1ee3ng, C\u00e2n B\u1eb1ng C\u01a1 Th\u1ec3 Cho Tr\u1ea3i Nghi\u1ec7m Th\u01b0 Gi\u00e3n Tuy\u1ec7t V\u1eddi Nh\u1ea5t.","robots":{"index":"index","follow":"follow","max-snippet":"max-snippet:-1","max-image-preview":"max-image-preview:large","max-video-preview":"max-video-preview:-1"},"canonical":"https:\/\/anamandara-resort.com\/vi\/la-cochinchine-spa\/hot-stone-treatment\/","og_locale":"vi_VN","og_type":"article","og_title":"T\u00e1i T\u1ea1o S\u1ee9c S\u1ed1ng V\u1edbi Matxa \u0110\u00e1 N\u00f3ng \u0110\u00e0 L\u1ea1t T\u1ea1i La Cochinchine Spa","og_description":"Th\u01b0 Gi\u00e3n V\u1edbi Li\u1ec7u Ph\u00e1p Matxa \u0110\u00e1 N\u00f3ng \u0110\u00e0 L\u1ea1t T\u1ea1i La Cochinchine Spa, L\u1ea5y L\u1ea1i N\u0103ng L\u01b0\u1ee3ng, C\u00e2n B\u1eb1ng C\u01a1 Th\u1ec3 Cho Tr\u1ea3i Nghi\u1ec7m Th\u01b0 Gi\u00e3n Tuy\u1ec7t V\u1eddi Nh\u1ea5t.","og_url":"https:\/\/anamandara-resort.com\/vi\/la-cochinchine-spa\/hot-stone-treatment\/","og_site_name":"Ana Mandara Villas Dalat Resort &amp; Spa","article_modified_time":"2023-09-07T08:27:26+00:00","og_image":[{"width":2200,"height":1468,"url":"https:\/\/www.anamandara-resort.com\/wp-content\/uploads\/sites\/233\/2022\/05\/ana-mandara-dalat-spa-1.jpg","type":"image\/jpeg"}],"twitter_card":"summary_large_image","twitter_misc":{"Est. reading time":"1 minute"},"schema":{"@context":"https:\/\/schema.org","@graph":[{"@type":"WebPage","@id":"https:\/\/anamandara-resort.com\/vi\/la-cochinchine-spa\/hot-stone-treatment\/","url":"https:\/\/anamandara-resort.com\/vi\/la-cochinchine-spa\/hot-stone-treatment\/","name":"T\u00e1i T\u1ea1o S\u1ee9c S\u1ed1ng V\u1edbi Matxa \u0110\u00e1 N\u00f3ng \u0110\u00e0 L\u1ea1t T\u1ea1i La Cochinchine Spa","isPartOf":{"@id":"https:\/\/anamandara-resort.com\/vi\/#website"},"primaryImageOfPage":{"@id":"https:\/\/anamandara-resort.com\/vi\/la-cochinchine-spa\/hot-stone-treatment\/#primaryimage"},"image":{"@id":"https:\/\/anamandara-resort.com\/vi\/la-cochinchine-spa\/hot-stone-treatment\/#primaryimage"},"thumbnailUrl":"https:\/\/www.anamandara-resort.com\/wp-content\/uploads\/sites\/233\/2022\/05\/ana-mandara-dalat-spa-1.jpg","datePublished":"2022-04-06T04:21:03+00:00","dateModified":"2023-09-07T08:27:26+00:00","description":"Th\u01b0 Gi\u00e3n V\u1edbi Li\u1ec7u Ph\u00e1p Matxa \u0110\u00e1 N\u00f3ng \u0110\u00e0 L\u1ea1t T\u1ea1i La Cochinchine Spa, L\u1ea5y L\u1ea1i N\u0103ng L\u01b0\u1ee3ng, C\u00e2n B\u1eb1ng C\u01a1 Th\u1ec3 Cho Tr\u1ea3i Nghi\u1ec7m Th\u01b0 Gi\u00e3n Tuy\u1ec7t V\u1eddi Nh\u1ea5t.","breadcrumb":{"@id":"https:\/\/anamandara-resort.com\/vi\/la-cochinchine-spa\/hot-stone-treatment\/#breadcrumb"},"inLanguage":"vi-VN","potentialAction":[{"@type":"ReadAction","target":["https:\/\/anamandara-resort.com\/vi\/la-cochinchine-spa\/hot-stone-treatment\/"]}]},{"@type":"ImageObject","inLanguage":"vi-VN","@id":"https:\/\/anamandara-resort.com\/vi\/la-cochinchine-spa\/hot-stone-treatment\/#primaryimage","url":"https:\/\/www.anamandara-resort.com\/wp-content\/uploads\/sites\/233\/2022\/05\/ana-mandara-dalat-spa-1.jpg","contentUrl":"https:\/\/www.anamandara-resort.com\/wp-content\/uploads\/sites\/233\/2022\/05\/ana-mandara-dalat-spa-1.jpg","width":2200,"height":1468},{"@type":"BreadcrumbList","@id":"https:\/\/anamandara-resort.com\/vi\/la-cochinchine-spa\/hot-stone-treatment\/#breadcrumb","itemListElement":[{"@type":"ListItem","position":1,"name":"Home","item":"https:\/\/anamandara-resort.com\/vi\/"},{"@type":"ListItem","position":2,"name":"Ch\u0103m S\u00f3c S\u1ee9c Kh\u1ecfe &amp; Spa","item":"https:\/\/anamandara-resort.com\/vi\/la-cochinchine-spa\/"},{"@type":"ListItem","position":3,"name":"Li\u1ec7u Tr\u00ecnh \u0110\u00e1 N\u00f3ng"}]},{"@type":"WebSite","@id":"https:\/\/anamandara-resort.com\/vi\/#website","url":"https:\/\/anamandara-resort.com\/vi\/","name":"Ana Mandara Villas Dalat Resort &amp; Spa","description":"","potentialAction":[{"@type":"SearchAction","target":{"@type":"EntryPoint","urlTemplate":"https:\/\/anamandara-resort.com\/vi\/?s={search_term_string}"},"query-input":"required name=search_term_string"}],"inLanguage":"vi-VN"}]}},"_links":{"self":[{"href":"https:\/\/anamandara-resort.com\/vi\/wp-json\/wp\/v2\/pages\/295"}],"collection":[{"href":"https:\/\/anamandara-resort.com\/vi\/wp-json\/wp\/v2\/pages"}],"about":[{"href":"https:\/\/anamandara-resort.com\/vi\/wp-json\/wp\/v2\/types\/page"}],"author":[{"embeddable":true,"href":"https:\/\/anamandara-resort.com\/vi\/wp-json\/wp\/v2\/users\/368"}],"replies":[{"embeddable":true,"href":"https:\/\/anamandara-resort.com\/vi\/wp-json\/wp\/v2\/comments?post=295"}],"version-history":[{"count":0,"href":"https:\/\/anamandara-resort.com\/vi\/wp-json\/wp\/v2\/pages\/295\/revisions"}],"up":[{"embeddable":true,"href":"https:\/\/anamandara-resort.com\/vi\/wp-json\/wp\/v2\/pages\/293"}],"wp:featuredmedia":[{"embeddable":true,"href":"https:\/\/anamandara-resort.com\/vi\/wp-json\/wp\/v2\/media\/860"}],"wp:attachment":[{"href":"https:\/\/anamandara-resort.com\/vi\/wp-json\/wp\/v2\/media?parent=295"}],"curies":[{"name":"wp","href":"https:\/\/api.w.org\/{rel}","templated":true}]}}