{"id":296,"date":"2022-04-06T04:00:41","date_gmt":"2022-04-06T04:00:41","guid":{"rendered":"https:\/\/ana-mandara-resort.ms.decms.asia\/la-cochinchine-spa\/shirodhara-treatment\/"},"modified":"2023-09-07T08:33:34","modified_gmt":"2023-09-07T08:33:34","slug":"shirodhara-treatment","status":"publish","type":"page","link":"https:\/\/anamandara-resort.com\/vi\/la-cochinchine-spa\/shirodhara-treatment\/","title":{"rendered":"Tr\u1ecb Li\u1ec7u Shirodhara"},"content":{"rendered":"<p><span data-sheets-value=\"{&quot;1&quot;:2,&quot;2&quot;:&quot;A steady flow of warm oil onto the forehead stimulates the pituitary gland, or \\&quot;third-eye.\\&quot; This is one of the most divine therapies, awakening your body\u2019s intuitive knowledge. \\&quot;Shiro,\\&quot; means head, and \\&quot;dhara\\&quot; is the continuous flow of a liquid. In this process, warm herbal oils are poured in a slow steady stream on your forehead. This treatment is profoundly relaxing, nourishing. It will improve your mental clarity and comprehension.\\r\\n&quot;}\" data-sheets-userformat=\"{&quot;2&quot;:13247,&quot;3&quot;:{&quot;1&quot;:0},&quot;4&quot;:{&quot;1&quot;:2,&quot;2&quot;:16777215},&quot;5&quot;:{&quot;1&quot;:[{&quot;1&quot;:2,&quot;2&quot;:0,&quot;5&quot;:{&quot;1&quot;:2,&quot;2&quot;:14277081}},{&quot;1&quot;:0,&quot;2&quot;:0,&quot;3&quot;:3},{&quot;1&quot;:1,&quot;2&quot;:0,&quot;4&quot;:1}]},&quot;6&quot;:{&quot;1&quot;:[{&quot;1&quot;:2,&quot;2&quot;:0,&quot;5&quot;:{&quot;1&quot;:2,&quot;2&quot;:14277081}},{&quot;1&quot;:0,&quot;2&quot;:0,&quot;3&quot;:3},{&quot;1&quot;:1,&quot;2&quot;:0,&quot;4&quot;:1}]},&quot;7&quot;:{&quot;1&quot;:[{&quot;1&quot;:2,&quot;2&quot;:0,&quot;5&quot;:{&quot;1&quot;:2,&quot;2&quot;:16777215}},{&quot;1&quot;:0,&quot;2&quot;:0,&quot;3&quot;:3},{&quot;1&quot;:1,&quot;2&quot;:0,&quot;4&quot;:1}]},&quot;8&quot;:{&quot;1&quot;:[{&quot;1&quot;:2,&quot;2&quot;:0,&quot;5&quot;:{&quot;1&quot;:2,&quot;2&quot;:14277081}},{&quot;1&quot;:0,&quot;2&quot;:0,&quot;3&quot;:3},{&quot;1&quot;:1,&quot;2&quot;:0,&quot;4&quot;:1}]},&quot;10&quot;:1,&quot;11&quot;:4,&quot;12&quot;:0,&quot;15&quot;:&quot;Arial&quot;,&quot;16&quot;:12}\">Li\u1ec7u tr\u00ecnh s\u1eed d\u1ee5ng d\u1ea7u n\u00f3ng y h\u1ecdc c\u1ed5 truy\u1ec1n ch\u1ea3y t\u1ea1i m\u1ed9t \u0111i\u1ec3m \u1edf gi\u1eefa tr\u00e1n, gi\u00fap \u0111\u01b0a b\u1ea1n v\u00e0o tr\u1ea1ng th\u00e1i thi\u1ec1n \u0111\u1ecbnh nh\u1eb1m gi\u1ea3m \u0111au \u0111\u1ea7u, m\u1ea5t ng\u1ee7, m\u1ec7t m\u1ecfi v\u00e0 c\u0103ng th\u1eb3ng.<\/span><\/p>\n","protected":false},"excerpt":{"rendered":"<p>Li\u1ec7u tr\u00ecnh s\u1eed d\u1ee5ng d\u1ea7u n\u00f3ng y h\u1ecdc c\u1ed5 truy\u1ec1n ch\u1ea3y t\u1ea1i m\u1ed9t \u0111i\u1ec3m \u1edf gi\u1eefa tr\u00e1n, gi\u00fap \u0111\u01b0a b\u1ea1n v\u00e0o tr\u1ea1ng th\u00e1i thi\u1ec1n \u0111\u1ecbnh nh\u1eb1m gi\u1ea3m \u0111au \u0111\u1ea7u, m\u1ea5t ng\u1ee7, m\u1ec7t m\u1ecfi v\u00e0 c\u0103ng th\u1eb3ng.<\/p>\n","protected":false},"author":368,"featured_media":865,"parent":293,"menu_order":0,"comment_status":"closed","ping_status":"closed","template":"template-default-3.php","meta":{"footnotes":""},"acf":[],"yoast_head":"<!-- This site is optimized with the Yoast SEO plugin v22.3 - https:\/\/yoast.com\/wordpress\/plugins\/seo\/ -->\n<title>Tr\u1ecb Li\u1ec7u Shirodhara - Ana Mandara Villas Dalat Resort &amp; Spa<\/title>\n<meta name=\"robots\" content=\"index, follow, max-snippet:-1, max-image-preview:large, max-video-preview:-1\" \/>\n<link rel=\"canonical\" href=\"https:\/\/anamandara-resort.com\/vi\/la-cochinchine-spa\/shirodhara-treatment\/\" \/>\n<meta property=\"og:locale\" content=\"vi_VN\" \/>\n<meta property=\"og:type\" content=\"article\" \/>\n<meta property=\"og:title\" content=\"Tr\u1ecb Li\u1ec7u Shirodhara - Ana Mandara Villas Dalat Resort &amp; Spa\" \/>\n<meta property=\"og:description\" content=\"Li\u1ec7u tr\u00ecnh s\u1eed d\u1ee5ng d\u1ea7u n\u00f3ng y h\u1ecdc c\u1ed5 truy\u1ec1n ch\u1ea3y t\u1ea1i m\u1ed9t \u0111i\u1ec3m \u1edf gi\u1eefa tr\u00e1n, gi\u00fap \u0111\u01b0a b\u1ea1n v\u00e0o tr\u1ea1ng th\u00e1i thi\u1ec1n \u0111\u1ecbnh nh\u1eb1m gi\u1ea3m \u0111au \u0111\u1ea7u, m\u1ea5t ng\u1ee7, m\u1ec7t m\u1ecfi v\u00e0 c\u0103ng th\u1eb3ng.\" \/>\n<meta property=\"og:url\" content=\"https:\/\/anamandara-resort.com\/vi\/la-cochinchine-spa\/shirodhara-treatment\/\" \/>\n<meta property=\"og:site_name\" content=\"Ana Mandara Villas Dalat Resort &amp; Spa\" \/>\n<meta property=\"article:modified_time\" content=\"2023-09-07T08:33:34+00:00\" \/>\n<meta property=\"og:image\" content=\"https:\/\/www.anamandara-resort.com\/wp-content\/uploads\/sites\/233\/2022\/05\/ana-mandara-dalat-spa-6.jpg\" \/>\n\t<meta property=\"og:image:width\" content=\"2200\" \/>\n\t<meta property=\"og:image:height\" content=\"1468\" \/>\n\t<meta property=\"og:image:type\" content=\"image\/jpeg\" \/>\n<meta name=\"twitter:card\" content=\"summary_large_image\" \/>\n<meta name=\"twitter:label1\" content=\"Est. reading time\" \/>\n\t<meta name=\"twitter:data1\" content=\"1 minute\" \/>\n<script type=\"application\/ld+json\" class=\"yoast-schema-graph\">{\"@context\":\"https:\/\/schema.org\",\"@graph\":[{\"@type\":\"WebPage\",\"@id\":\"https:\/\/anamandara-resort.com\/vi\/la-cochinchine-spa\/shirodhara-treatment\/\",\"url\":\"https:\/\/anamandara-resort.com\/vi\/la-cochinchine-spa\/shirodhara-treatment\/\",\"name\":\"Tr\u1ecb Li\u1ec7u Shirodhara - Ana Mandara Villas Dalat Resort &amp; Spa\",\"isPartOf\":{\"@id\":\"https:\/\/anamandara-resort.com\/vi\/#website\"},\"primaryImageOfPage\":{\"@id\":\"https:\/\/anamandara-resort.com\/vi\/la-cochinchine-spa\/shirodhara-treatment\/#primaryimage\"},\"image\":{\"@id\":\"https:\/\/anamandara-resort.com\/vi\/la-cochinchine-spa\/shirodhara-treatment\/#primaryimage\"},\"thumbnailUrl\":\"https:\/\/www.anamandara-resort.com\/wp-content\/uploads\/sites\/233\/2022\/05\/ana-mandara-dalat-spa-6.jpg\",\"datePublished\":\"2022-04-06T04:00:41+00:00\",\"dateModified\":\"2023-09-07T08:33:34+00:00\",\"breadcrumb\":{\"@id\":\"https:\/\/anamandara-resort.com\/vi\/la-cochinchine-spa\/shirodhara-treatment\/#breadcrumb\"},\"inLanguage\":\"vi-VN\",\"potentialAction\":[{\"@type\":\"ReadAction\",\"target\":[\"https:\/\/anamandara-resort.com\/vi\/la-cochinchine-spa\/shirodhara-treatment\/\"]}]},{\"@type\":\"ImageObject\",\"inLanguage\":\"vi-VN\",\"@id\":\"https:\/\/anamandara-resort.com\/vi\/la-cochinchine-spa\/shirodhara-treatment\/#primaryimage\",\"url\":\"https:\/\/www.anamandara-resort.com\/wp-content\/uploads\/sites\/233\/2022\/05\/ana-mandara-dalat-spa-6.jpg\",\"contentUrl\":\"https:\/\/www.anamandara-resort.com\/wp-content\/uploads\/sites\/233\/2022\/05\/ana-mandara-dalat-spa-6.jpg\",\"width\":2200,\"height\":1468,\"caption\":\"Tr\u1ea3i Nghi\u1ec7m M\u00e1t-xa\"},{\"@type\":\"BreadcrumbList\",\"@id\":\"https:\/\/anamandara-resort.com\/vi\/la-cochinchine-spa\/shirodhara-treatment\/#breadcrumb\",\"itemListElement\":[{\"@type\":\"ListItem\",\"position\":1,\"name\":\"Home\",\"item\":\"https:\/\/anamandara-resort.com\/vi\/\"},{\"@type\":\"ListItem\",\"position\":2,\"name\":\"Ch\u0103m S\u00f3c S\u1ee9c Kh\u1ecfe &amp; Spa\",\"item\":\"https:\/\/anamandara-resort.com\/vi\/la-cochinchine-spa\/\"},{\"@type\":\"ListItem\",\"position\":3,\"name\":\"Tr\u1ecb Li\u1ec7u Shirodhara\"}]},{\"@type\":\"WebSite\",\"@id\":\"https:\/\/anamandara-resort.com\/vi\/#website\",\"url\":\"https:\/\/anamandara-resort.com\/vi\/\",\"name\":\"Ana Mandara Villas Dalat Resort &amp; Spa\",\"description\":\"\",\"potentialAction\":[{\"@type\":\"SearchAction\",\"target\":{\"@type\":\"EntryPoint\",\"urlTemplate\":\"https:\/\/anamandara-resort.com\/vi\/?s={search_term_string}\"},\"query-input\":\"required name=search_term_string\"}],\"inLanguage\":\"vi-VN\"}]}<\/script>\n<!-- \/ Yoast SEO plugin. -->","yoast_head_json":{"title":"Tr\u1ecb Li\u1ec7u Shirodhara - Ana Mandara Villas Dalat Resort &amp; Spa","robots":{"index":"index","follow":"follow","max-snippet":"max-snippet:-1","max-image-preview":"max-image-preview:large","max-video-preview":"max-video-preview:-1"},"canonical":"https:\/\/anamandara-resort.com\/vi\/la-cochinchine-spa\/shirodhara-treatment\/","og_locale":"vi_VN","og_type":"article","og_title":"Tr\u1ecb Li\u1ec7u Shirodhara - Ana Mandara Villas Dalat Resort &amp; Spa","og_description":"Li\u1ec7u tr\u00ecnh s\u1eed d\u1ee5ng d\u1ea7u n\u00f3ng y h\u1ecdc c\u1ed5 truy\u1ec1n ch\u1ea3y t\u1ea1i m\u1ed9t \u0111i\u1ec3m \u1edf gi\u1eefa tr\u00e1n, gi\u00fap \u0111\u01b0a b\u1ea1n v\u00e0o tr\u1ea1ng th\u00e1i thi\u1ec1n \u0111\u1ecbnh nh\u1eb1m gi\u1ea3m \u0111au \u0111\u1ea7u, m\u1ea5t ng\u1ee7, m\u1ec7t m\u1ecfi v\u00e0 c\u0103ng th\u1eb3ng.","og_url":"https:\/\/anamandara-resort.com\/vi\/la-cochinchine-spa\/shirodhara-treatment\/","og_site_name":"Ana Mandara Villas Dalat Resort &amp; Spa","article_modified_time":"2023-09-07T08:33:34+00:00","og_image":[{"width":2200,"height":1468,"url":"https:\/\/www.anamandara-resort.com\/wp-content\/uploads\/sites\/233\/2022\/05\/ana-mandara-dalat-spa-6.jpg","type":"image\/jpeg"}],"twitter_card":"summary_large_image","twitter_misc":{"Est. reading time":"1 minute"},"schema":{"@context":"https:\/\/schema.org","@graph":[{"@type":"WebPage","@id":"https:\/\/anamandara-resort.com\/vi\/la-cochinchine-spa\/shirodhara-treatment\/","url":"https:\/\/anamandara-resort.com\/vi\/la-cochinchine-spa\/shirodhara-treatment\/","name":"Tr\u1ecb Li\u1ec7u Shirodhara - Ana Mandara Villas Dalat Resort &amp; Spa","isPartOf":{"@id":"https:\/\/anamandara-resort.com\/vi\/#website"},"primaryImageOfPage":{"@id":"https:\/\/anamandara-resort.com\/vi\/la-cochinchine-spa\/shirodhara-treatment\/#primaryimage"},"image":{"@id":"https:\/\/anamandara-resort.com\/vi\/la-cochinchine-spa\/shirodhara-treatment\/#primaryimage"},"thumbnailUrl":"https:\/\/www.anamandara-resort.com\/wp-content\/uploads\/sites\/233\/2022\/05\/ana-mandara-dalat-spa-6.jpg","datePublished":"2022-04-06T04:00:41+00:00","dateModified":"2023-09-07T08:33:34+00:00","breadcrumb":{"@id":"https:\/\/anamandara-resort.com\/vi\/la-cochinchine-spa\/shirodhara-treatment\/#breadcrumb"},"inLanguage":"vi-VN","potentialAction":[{"@type":"ReadAction","target":["https:\/\/anamandara-resort.com\/vi\/la-cochinchine-spa\/shirodhara-treatment\/"]}]},{"@type":"ImageObject","inLanguage":"vi-VN","@id":"https:\/\/anamandara-resort.com\/vi\/la-cochinchine-spa\/shirodhara-treatment\/#primaryimage","url":"https:\/\/www.anamandara-resort.com\/wp-content\/uploads\/sites\/233\/2022\/05\/ana-mandara-dalat-spa-6.jpg","contentUrl":"https:\/\/www.anamandara-resort.com\/wp-content\/uploads\/sites\/233\/2022\/05\/ana-mandara-dalat-spa-6.jpg","width":2200,"height":1468,"caption":"Tr\u1ea3i Nghi\u1ec7m M\u00e1t-xa"},{"@type":"BreadcrumbList","@id":"https:\/\/anamandara-resort.com\/vi\/la-cochinchine-spa\/shirodhara-treatment\/#breadcrumb","itemListElement":[{"@type":"ListItem","position":1,"name":"Home","item":"https:\/\/anamandara-resort.com\/vi\/"},{"@type":"ListItem","position":2,"name":"Ch\u0103m S\u00f3c S\u1ee9c Kh\u1ecfe &amp; Spa","item":"https:\/\/anamandara-resort.com\/vi\/la-cochinchine-spa\/"},{"@type":"ListItem","position":3,"name":"Tr\u1ecb Li\u1ec7u Shirodhara"}]},{"@type":"WebSite","@id":"https:\/\/anamandara-resort.com\/vi\/#website","url":"https:\/\/anamandara-resort.com\/vi\/","name":"Ana Mandara Villas Dalat Resort &amp; Spa","description":"","potentialAction":[{"@type":"SearchAction","target":{"@type":"EntryPoint","urlTemplate":"https:\/\/anamandara-resort.com\/vi\/?s={search_term_string}"},"query-input":"required name=search_term_string"}],"inLanguage":"vi-VN"}]}},"_links":{"self":[{"href":"https:\/\/anamandara-resort.com\/vi\/wp-json\/wp\/v2\/pages\/296"}],"collection":[{"href":"https:\/\/anamandara-resort.com\/vi\/wp-json\/wp\/v2\/pages"}],"about":[{"href":"https:\/\/anamandara-resort.com\/vi\/wp-json\/wp\/v2\/types\/page"}],"author":[{"embeddable":true,"href":"https:\/\/anamandara-resort.com\/vi\/wp-json\/wp\/v2\/users\/368"}],"replies":[{"embeddable":true,"href":"https:\/\/anamandara-resort.com\/vi\/wp-json\/wp\/v2\/comments?post=296"}],"version-history":[{"count":0,"href":"https:\/\/anamandara-resort.com\/vi\/wp-json\/wp\/v2\/pages\/296\/revisions"}],"up":[{"embeddable":true,"href":"https:\/\/anamandara-resort.com\/vi\/wp-json\/wp\/v2\/pages\/293"}],"wp:featuredmedia":[{"embeddable":true,"href":"https:\/\/anamandara-resort.com\/vi\/wp-json\/wp\/v2\/media\/865"}],"wp:attachment":[{"href":"https:\/\/anamandara-resort.com\/vi\/wp-json\/wp\/v2\/media?parent=296"}],"curies":[{"name":"wp","href":"https:\/\/api.w.org\/{rel}","templated":true}]}}