{"id":297,"date":"2022-04-06T05:57:09","date_gmt":"2022-04-06T05:57:09","guid":{"rendered":"https:\/\/ana-mandara-resort.ms.decms.asia\/la-cochinchine-spa\/stress-release\/"},"modified":"2023-09-07T08:38:31","modified_gmt":"2023-09-07T08:38:31","slug":"swedish-message","status":"publish","type":"page","link":"https:\/\/anamandara-resort.com\/vi\/la-cochinchine-spa\/swedish-message\/","title":{"rendered":"Massage Ki\u1ec3u Th\u1ee5y \u0110i\u1ec3n"},"content":{"rendered":"<p><span data-sheets-value=\"{&quot;1&quot;:2,&quot;2&quot;:&quot;\u00c1p d\u1ee5ng k\u1ef9 thu\u1eadt massage to\u00e0n th\u00e2n truy\u1ec1n th\u1ed1ng c\u1ee7a Thu\u1ef5 \u0110i\u1ec3n nh\u1eb1m gi\u00fap gi\u00e3n c\u01a1, k\u00edch th\u00edch qu\u00e1 tr\u00ecnh tu\u1ea7n ho\u00e0n v\u00e0 \u0111\u00e0o th\u1ea3i \u0111\u1ed9c t\u1ed1, ph\u00f9 h\u1ee3p sau khi v\u1eadn \u0111\u1ed9ng m\u1ea1nh ho\u1eb7c \u0111\u01a1n gi\u1ea3n khi c\u1ea3m th\u1ea5y c\u0103ng th\u1eb3ng.&quot;}\" data-sheets-userformat=\"{&quot;2&quot;:15299,&quot;3&quot;:{&quot;1&quot;:0},&quot;4&quot;:{&quot;1&quot;:2,&quot;2&quot;:16777215},&quot;9&quot;:0,&quot;10&quot;:1,&quot;11&quot;:4,&quot;12&quot;:0,&quot;14&quot;:{&quot;1&quot;:2,&quot;2&quot;:0},&quot;15&quot;:&quot;Montserrat&quot;,&quot;16&quot;:10}\">\u00c1p d\u1ee5ng k\u1ef9 thu\u1eadt massage to\u00e0n th\u00e2n truy\u1ec1n th\u1ed1ng c\u1ee7a Thu\u1ef5 \u0110i\u1ec3n nh\u1eb1m gi\u00fap gi\u00e3n c\u01a1, k\u00edch th\u00edch qu\u00e1 tr\u00ecnh tu\u1ea7n ho\u00e0n v\u00e0 \u0111\u00e0o th\u1ea3i \u0111\u1ed9c t\u1ed1, ph\u00f9 h\u1ee3p sau khi v\u1eadn \u0111\u1ed9ng m\u1ea1nh ho\u1eb7c \u0111\u01a1n gi\u1ea3n khi c\u1ea3m th\u1ea5y c\u0103ng th\u1eb3ng.<\/span><\/p>\n","protected":false},"excerpt":{"rendered":"<p>\u00c1p d\u1ee5ng k\u1ef9 thu\u1eadt massage to\u00e0n th\u00e2n truy\u1ec1n th\u1ed1ng c\u1ee7a Thu\u1ef5 \u0110i\u1ec3n nh\u1eb1m gi\u00fap gi\u00e3n c\u01a1, k\u00edch th\u00edch qu\u00e1 tr\u00ecnh tu\u1ea7n ho\u00e0n v\u00e0 \u0111\u00e0o th\u1ea3i \u0111\u1ed9c t\u1ed1, ph\u00f9 h\u1ee3p sau khi v\u1eadn \u0111\u1ed9ng m\u1ea1nh ho\u1eb7c \u0111\u01a1n gi\u1ea3n khi c\u1ea3m th\u1ea5y c\u0103ng th\u1eb3ng.<\/p>\n","protected":false},"author":368,"featured_media":867,"parent":293,"menu_order":0,"comment_status":"closed","ping_status":"closed","template":"template-default-3.php","meta":{"footnotes":""},"acf":[],"yoast_head":"<!-- This site is optimized with the Yoast SEO plugin v22.3 - https:\/\/yoast.com\/wordpress\/plugins\/seo\/ -->\n<title>Massage Th\u1ee5y \u0110i\u1ec3n T\u1ea1i La Cochinchine Spa \u0110\u00e0 L\u1ea1t<\/title>\n<meta name=\"description\" content=\"H\u00e3y Th\u01b0 Gi\u00e3n V\u00e0 T\u00e1i T\u1ea1o S\u1ee9c S\u1ed1ng V\u1edbi Li\u1ec7u Ph\u00e1p Massage Th\u1ee5y \u0110i\u1ec3n Chuy\u00ean Nghi\u1ec7p T\u1ea1i La Cochinchine Spa \u0110\u00e0 L\u1ea1t.\" \/>\n<meta name=\"robots\" content=\"index, follow, max-snippet:-1, max-image-preview:large, max-video-preview:-1\" \/>\n<link rel=\"canonical\" href=\"https:\/\/anamandara-resort.com\/vi\/la-cochinchine-spa\/swedish-message\/\" \/>\n<meta property=\"og:locale\" content=\"vi_VN\" \/>\n<meta property=\"og:type\" content=\"article\" \/>\n<meta property=\"og:title\" content=\"Massage Th\u1ee5y \u0110i\u1ec3n T\u1ea1i La Cochinchine Spa \u0110\u00e0 L\u1ea1t\" \/>\n<meta property=\"og:description\" content=\"H\u00e3y Th\u01b0 Gi\u00e3n V\u00e0 T\u00e1i T\u1ea1o S\u1ee9c S\u1ed1ng V\u1edbi Li\u1ec7u Ph\u00e1p Massage Th\u1ee5y \u0110i\u1ec3n Chuy\u00ean Nghi\u1ec7p T\u1ea1i La Cochinchine Spa \u0110\u00e0 L\u1ea1t.\" \/>\n<meta property=\"og:url\" content=\"https:\/\/anamandara-resort.com\/vi\/la-cochinchine-spa\/swedish-message\/\" \/>\n<meta property=\"og:site_name\" content=\"Ana Mandara Villas Dalat Resort &amp; Spa\" \/>\n<meta property=\"article:modified_time\" content=\"2023-09-07T08:38:31+00:00\" \/>\n<meta property=\"og:image\" content=\"https:\/\/www.anamandara-resort.com\/wp-content\/uploads\/sites\/233\/2022\/05\/ana-mandara-dalat-spa-7.jpg\" \/>\n\t<meta property=\"og:image:width\" content=\"2200\" \/>\n\t<meta property=\"og:image:height\" content=\"1468\" \/>\n\t<meta property=\"og:image:type\" content=\"image\/jpeg\" \/>\n<meta name=\"twitter:card\" content=\"summary_large_image\" \/>\n<meta name=\"twitter:label1\" content=\"Est. reading time\" \/>\n\t<meta name=\"twitter:data1\" content=\"1 minute\" \/>\n<script type=\"application\/ld+json\" class=\"yoast-schema-graph\">{\"@context\":\"https:\/\/schema.org\",\"@graph\":[{\"@type\":\"WebPage\",\"@id\":\"https:\/\/anamandara-resort.com\/vi\/la-cochinchine-spa\/swedish-message\/\",\"url\":\"https:\/\/anamandara-resort.com\/vi\/la-cochinchine-spa\/swedish-message\/\",\"name\":\"Massage Th\u1ee5y \u0110i\u1ec3n T\u1ea1i La Cochinchine Spa \u0110\u00e0 L\u1ea1t\",\"isPartOf\":{\"@id\":\"https:\/\/anamandara-resort.com\/vi\/#website\"},\"primaryImageOfPage\":{\"@id\":\"https:\/\/anamandara-resort.com\/vi\/la-cochinchine-spa\/swedish-message\/#primaryimage\"},\"image\":{\"@id\":\"https:\/\/anamandara-resort.com\/vi\/la-cochinchine-spa\/swedish-message\/#primaryimage\"},\"thumbnailUrl\":\"https:\/\/www.anamandara-resort.com\/wp-content\/uploads\/sites\/233\/2022\/05\/ana-mandara-dalat-spa-7.jpg\",\"datePublished\":\"2022-04-06T05:57:09+00:00\",\"dateModified\":\"2023-09-07T08:38:31+00:00\",\"description\":\"H\u00e3y Th\u01b0 Gi\u00e3n V\u00e0 T\u00e1i T\u1ea1o S\u1ee9c S\u1ed1ng V\u1edbi Li\u1ec7u Ph\u00e1p Massage Th\u1ee5y \u0110i\u1ec3n Chuy\u00ean Nghi\u1ec7p T\u1ea1i La Cochinchine Spa \u0110\u00e0 L\u1ea1t.\",\"breadcrumb\":{\"@id\":\"https:\/\/anamandara-resort.com\/vi\/la-cochinchine-spa\/swedish-message\/#breadcrumb\"},\"inLanguage\":\"vi-VN\",\"potentialAction\":[{\"@type\":\"ReadAction\",\"target\":[\"https:\/\/anamandara-resort.com\/vi\/la-cochinchine-spa\/swedish-message\/\"]}]},{\"@type\":\"ImageObject\",\"inLanguage\":\"vi-VN\",\"@id\":\"https:\/\/anamandara-resort.com\/vi\/la-cochinchine-spa\/swedish-message\/#primaryimage\",\"url\":\"https:\/\/www.anamandara-resort.com\/wp-content\/uploads\/sites\/233\/2022\/05\/ana-mandara-dalat-spa-7.jpg\",\"contentUrl\":\"https:\/\/www.anamandara-resort.com\/wp-content\/uploads\/sites\/233\/2022\/05\/ana-mandara-dalat-spa-7.jpg\",\"width\":2200,\"height\":1468,\"caption\":\"Tr\u1ea3i Nghi\u1ec7m M\u00e1t-xa\"},{\"@type\":\"BreadcrumbList\",\"@id\":\"https:\/\/anamandara-resort.com\/vi\/la-cochinchine-spa\/swedish-message\/#breadcrumb\",\"itemListElement\":[{\"@type\":\"ListItem\",\"position\":1,\"name\":\"Home\",\"item\":\"https:\/\/anamandara-resort.com\/vi\/\"},{\"@type\":\"ListItem\",\"position\":2,\"name\":\"Ch\u0103m S\u00f3c S\u1ee9c Kh\u1ecfe &amp; Spa\",\"item\":\"https:\/\/anamandara-resort.com\/vi\/la-cochinchine-spa\/\"},{\"@type\":\"ListItem\",\"position\":3,\"name\":\"Massage Ki\u1ec3u Th\u1ee5y \u0110i\u1ec3n\"}]},{\"@type\":\"WebSite\",\"@id\":\"https:\/\/anamandara-resort.com\/vi\/#website\",\"url\":\"https:\/\/anamandara-resort.com\/vi\/\",\"name\":\"Ana Mandara Villas Dalat Resort &amp; Spa\",\"description\":\"\",\"potentialAction\":[{\"@type\":\"SearchAction\",\"target\":{\"@type\":\"EntryPoint\",\"urlTemplate\":\"https:\/\/anamandara-resort.com\/vi\/?s={search_term_string}\"},\"query-input\":\"required name=search_term_string\"}],\"inLanguage\":\"vi-VN\"}]}<\/script>\n<!-- \/ Yoast SEO plugin. -->","yoast_head_json":{"title":"Massage Th\u1ee5y \u0110i\u1ec3n T\u1ea1i La Cochinchine Spa \u0110\u00e0 L\u1ea1t","description":"H\u00e3y Th\u01b0 Gi\u00e3n V\u00e0 T\u00e1i T\u1ea1o S\u1ee9c S\u1ed1ng V\u1edbi Li\u1ec7u Ph\u00e1p Massage Th\u1ee5y \u0110i\u1ec3n Chuy\u00ean Nghi\u1ec7p T\u1ea1i La Cochinchine Spa \u0110\u00e0 L\u1ea1t.","robots":{"index":"index","follow":"follow","max-snippet":"max-snippet:-1","max-image-preview":"max-image-preview:large","max-video-preview":"max-video-preview:-1"},"canonical":"https:\/\/anamandara-resort.com\/vi\/la-cochinchine-spa\/swedish-message\/","og_locale":"vi_VN","og_type":"article","og_title":"Massage Th\u1ee5y \u0110i\u1ec3n T\u1ea1i La Cochinchine Spa \u0110\u00e0 L\u1ea1t","og_description":"H\u00e3y Th\u01b0 Gi\u00e3n V\u00e0 T\u00e1i T\u1ea1o S\u1ee9c S\u1ed1ng V\u1edbi Li\u1ec7u Ph\u00e1p Massage Th\u1ee5y \u0110i\u1ec3n Chuy\u00ean Nghi\u1ec7p T\u1ea1i La Cochinchine Spa \u0110\u00e0 L\u1ea1t.","og_url":"https:\/\/anamandara-resort.com\/vi\/la-cochinchine-spa\/swedish-message\/","og_site_name":"Ana Mandara Villas Dalat Resort &amp; Spa","article_modified_time":"2023-09-07T08:38:31+00:00","og_image":[{"width":2200,"height":1468,"url":"https:\/\/www.anamandara-resort.com\/wp-content\/uploads\/sites\/233\/2022\/05\/ana-mandara-dalat-spa-7.jpg","type":"image\/jpeg"}],"twitter_card":"summary_large_image","twitter_misc":{"Est. reading time":"1 minute"},"schema":{"@context":"https:\/\/schema.org","@graph":[{"@type":"WebPage","@id":"https:\/\/anamandara-resort.com\/vi\/la-cochinchine-spa\/swedish-message\/","url":"https:\/\/anamandara-resort.com\/vi\/la-cochinchine-spa\/swedish-message\/","name":"Massage Th\u1ee5y \u0110i\u1ec3n T\u1ea1i La Cochinchine Spa \u0110\u00e0 L\u1ea1t","isPartOf":{"@id":"https:\/\/anamandara-resort.com\/vi\/#website"},"primaryImageOfPage":{"@id":"https:\/\/anamandara-resort.com\/vi\/la-cochinchine-spa\/swedish-message\/#primaryimage"},"image":{"@id":"https:\/\/anamandara-resort.com\/vi\/la-cochinchine-spa\/swedish-message\/#primaryimage"},"thumbnailUrl":"https:\/\/www.anamandara-resort.com\/wp-content\/uploads\/sites\/233\/2022\/05\/ana-mandara-dalat-spa-7.jpg","datePublished":"2022-04-06T05:57:09+00:00","dateModified":"2023-09-07T08:38:31+00:00","description":"H\u00e3y Th\u01b0 Gi\u00e3n V\u00e0 T\u00e1i T\u1ea1o S\u1ee9c S\u1ed1ng V\u1edbi Li\u1ec7u Ph\u00e1p Massage Th\u1ee5y \u0110i\u1ec3n Chuy\u00ean Nghi\u1ec7p T\u1ea1i La Cochinchine Spa \u0110\u00e0 L\u1ea1t.","breadcrumb":{"@id":"https:\/\/anamandara-resort.com\/vi\/la-cochinchine-spa\/swedish-message\/#breadcrumb"},"inLanguage":"vi-VN","potentialAction":[{"@type":"ReadAction","target":["https:\/\/anamandara-resort.com\/vi\/la-cochinchine-spa\/swedish-message\/"]}]},{"@type":"ImageObject","inLanguage":"vi-VN","@id":"https:\/\/anamandara-resort.com\/vi\/la-cochinchine-spa\/swedish-message\/#primaryimage","url":"https:\/\/www.anamandara-resort.com\/wp-content\/uploads\/sites\/233\/2022\/05\/ana-mandara-dalat-spa-7.jpg","contentUrl":"https:\/\/www.anamandara-resort.com\/wp-content\/uploads\/sites\/233\/2022\/05\/ana-mandara-dalat-spa-7.jpg","width":2200,"height":1468,"caption":"Tr\u1ea3i Nghi\u1ec7m M\u00e1t-xa"},{"@type":"BreadcrumbList","@id":"https:\/\/anamandara-resort.com\/vi\/la-cochinchine-spa\/swedish-message\/#breadcrumb","itemListElement":[{"@type":"ListItem","position":1,"name":"Home","item":"https:\/\/anamandara-resort.com\/vi\/"},{"@type":"ListItem","position":2,"name":"Ch\u0103m S\u00f3c S\u1ee9c Kh\u1ecfe &amp; Spa","item":"https:\/\/anamandara-resort.com\/vi\/la-cochinchine-spa\/"},{"@type":"ListItem","position":3,"name":"Massage Ki\u1ec3u Th\u1ee5y \u0110i\u1ec3n"}]},{"@type":"WebSite","@id":"https:\/\/anamandara-resort.com\/vi\/#website","url":"https:\/\/anamandara-resort.com\/vi\/","name":"Ana Mandara Villas Dalat Resort &amp; Spa","description":"","potentialAction":[{"@type":"SearchAction","target":{"@type":"EntryPoint","urlTemplate":"https:\/\/anamandara-resort.com\/vi\/?s={search_term_string}"},"query-input":"required name=search_term_string"}],"inLanguage":"vi-VN"}]}},"_links":{"self":[{"href":"https:\/\/anamandara-resort.com\/vi\/wp-json\/wp\/v2\/pages\/297"}],"collection":[{"href":"https:\/\/anamandara-resort.com\/vi\/wp-json\/wp\/v2\/pages"}],"about":[{"href":"https:\/\/anamandara-resort.com\/vi\/wp-json\/wp\/v2\/types\/page"}],"author":[{"embeddable":true,"href":"https:\/\/anamandara-resort.com\/vi\/wp-json\/wp\/v2\/users\/368"}],"replies":[{"embeddable":true,"href":"https:\/\/anamandara-resort.com\/vi\/wp-json\/wp\/v2\/comments?post=297"}],"version-history":[{"count":0,"href":"https:\/\/anamandara-resort.com\/vi\/wp-json\/wp\/v2\/pages\/297\/revisions"}],"up":[{"embeddable":true,"href":"https:\/\/anamandara-resort.com\/vi\/wp-json\/wp\/v2\/pages\/293"}],"wp:featuredmedia":[{"embeddable":true,"href":"https:\/\/anamandara-resort.com\/vi\/wp-json\/wp\/v2\/media\/867"}],"wp:attachment":[{"href":"https:\/\/anamandara-resort.com\/vi\/wp-json\/wp\/v2\/media?parent=297"}],"curies":[{"name":"wp","href":"https:\/\/api.w.org\/{rel}","templated":true}]}}