{"id":298,"date":"2022-04-05T07:48:56","date_gmt":"2022-04-05T07:48:56","guid":{"rendered":"https:\/\/ana-mandara-resort.ms.decms.asia\/le-petit-restaurants\/"},"modified":"2025-01-13T05:32:08","modified_gmt":"2025-01-13T05:32:08","slug":"dining","status":"publish","type":"page","link":"https:\/\/anamandara-resort.com\/vi\/dining\/","title":{"rendered":"\u1ea8m Th\u1ef1c"},"content":{"rendered":"<p><span data-sheets-value=\"{&quot;1&quot;:2,&quot;2&quot;:&quot;T\u1eebng l\u00e0 m\u1ed9t bi\u1ec7t th\u1ef1 Ph\u00e1p c\u1ed5, nh\u00e0 h\u00e0ng Le Petit mang n\u00e9t ri\u00eang \u0111\u1ed9c \u0111\u00e1o v\u1edbi ki\u1ebfn tr\u00fac c\u1ed5 \u0111i\u1ec3n v\u00e0 nh\u1eefng trang tr\u00ed mang m\u00e0u \u0110\u00f4ng D\u01b0\u01a1ng l\u00e3ng m\u1ea1n, n\u1eb1m t\u00e1ch bi\u1ec7t v\u1edbi s\u1ef1 nh\u1ed9n nh\u1ecbp b\u00ean ngo\u00e0i. V\u1edbi 120 ch\u1ed7 ng\u1ed3i d\u00e0nh cho th\u1ef1c kh\u00e1ch, Le Petit l\u00e0 n\u01a1i l\u00fd t\u01b0\u1edfng ph\u00f9 h\u1ee3p cho gia \u0111\u00ecnh sum v\u1ea7y, ti\u1ec7c c\u01b0\u1edbi, ti\u1ec7c c\u00f4ng ty, ti\u1ec7c chi\u00eau \u0111\u00e3i v\u00e0 c\u00e1c s\u1ef1 ki\u1ec7n kh\u00e1c.\\n\\nTho\u00e1ng m\u00e1t v\u00e0 l\u00f4i cu\u1ed1n. H\u00e3y th\u01b0 gi\u00e3n t\u1ea1i s\u00e2n hi\u00ean ngo\u00e0i r\u1ee3p m\u00e1t b\u00f3ng r\u00e2m, t\u1eadn h\u01b0\u1edfng kh\u00f4ng gian xanh ng\u00e1t v\u00e0 nh\u00e2m nhi ch\u00fat tr\u00e0 chi\u1ec1u c\u00f9ng v\u1edbi h\u1ed9i b\u1ea1n. Khi m\u00e0n \u0111\u00eam bu\u00f4ng xu\u1ed1ng, h\u00e3y th\u01b0\u1edfng th\u1ee9c \u1ea9m th\u1ef1c Ph\u00e1p th\u01b0\u1ee3ng h\u1ea1ng v\u1edbi n\u1ebfn v\u00e0 hoa trong nh\u1eefng khu v\u1ef1c ri\u00eang bi\u1ec7t l\u00e3ng m\u1ea1n c\u1ee7a Le Petit.\\n\\n\u0110\u1eb7c bi\u1ec7t, vi\u00ean ng\u1ecdc qu\u00fd th\u1ef1c s\u1ef1 c\u1ee7a nh\u00e0 h\u00e0ng n\u1eb1m n\u00e9p m\u00ecnh d\u01b0\u1edbi m\u00e1i nh\u00e0 Mansard c\u1ee7a nh\u00e0 h\u00e0ng - h\u1ea7m r\u01b0\u1ee3u, n\u01a1i c\u1ea5t gi\u1eef b\u1ed9 s\u01b0u t\u1eadp r\u01b0\u1ee3u phong ph\u00fa lu\u00f4n s\u1eb5n s\u00e0ng \u0111\u00f3n ch\u1edd gi\u1edbi m\u1ed9 \u0111i\u1ec7u tr\u1ea3i nghi\u1ec7m ti\u1ec7c t\u1ed1i th\u00e2n m\u1eadt v\u00e0 \u1ea5m c\u00fang trong kh\u00f4ng gian ri\u00eang bi\u1ec7t v\u1edbi 9 ch\u1ed7 ng\u1ed3i.&quot;}\" data-sheets-userformat=\"{&quot;2&quot;:13251,&quot;3&quot;:{&quot;1&quot;:0},&quot;4&quot;:{&quot;1&quot;:2,&quot;2&quot;:16773836},&quot;9&quot;:0,&quot;10&quot;:1,&quot;11&quot;:4,&quot;12&quot;:0,&quot;15&quot;:&quot;Montserrat&quot;,&quot;16&quot;:10}\">T\u1eebng l\u00e0 m\u1ed9t bi\u1ec7t th\u1ef1 Ph\u00e1p c\u1ed5, nh\u00e0 h\u00e0ng Le Petit mang n\u00e9t ri\u00eang \u0111\u1ed9c \u0111\u00e1o v\u1edbi ki\u1ebfn tr\u00fac c\u1ed5 \u0111i\u1ec3n v\u00e0 nh\u1eefng trang tr\u00ed mang m\u00e0u \u0110\u00f4ng D\u01b0\u01a1ng l\u00e3ng m\u1ea1n, n\u1eb1m t\u00e1ch bi\u1ec7t v\u1edbi s\u1ef1 nh\u1ed9n nh\u1ecbp b\u00ean ngo\u00e0i. V\u1edbi 120 ch\u1ed7 ng\u1ed3i d\u00e0nh cho th\u1ef1c kh\u00e1ch, Le Petit l\u00e0 n\u01a1i l\u00fd t\u01b0\u1edfng ph\u00f9 h\u1ee3p cho gia \u0111\u00ecnh sum v\u1ea7y, ti\u1ec7c c\u01b0\u1edbi, ti\u1ec7c c\u00f4ng ty, ti\u1ec7c chi\u00eau \u0111\u00e3i v\u00e0 c\u00e1c s\u1ef1 ki\u1ec7n kh\u00e1c.<\/span><\/p>\n<p>Tho\u00e1ng m\u00e1t v\u00e0 l\u00f4i cu\u1ed1n. H\u00e3y th\u01b0 gi\u00e3n t\u1ea1i s\u00e2n hi\u00ean ngo\u00e0i r\u1ee3p m\u00e1t b\u00f3ng r\u00e2m, t\u1eadn h\u01b0\u1edfng kh\u00f4ng gian xanh ng\u00e1t v\u00e0 nh\u00e2m nhi ch\u00fat tr\u00e0 chi\u1ec1u c\u00f9ng v\u1edbi h\u1ed9i b\u1ea1n. Khi m\u00e0n \u0111\u00eam bu\u00f4ng xu\u1ed1ng, h\u00e3y th\u01b0\u1edfng th\u1ee9c \u1ea9m th\u1ef1c Ph\u00e1p th\u01b0\u1ee3ng h\u1ea1ng v\u1edbi n\u1ebfn v\u00e0 hoa trong nh\u1eefng khu v\u1ef1c ri\u00eang bi\u1ec7t l\u00e3ng m\u1ea1n c\u1ee7a Le Petit.<\/p>\n<p>\u0110\u1eb7c bi\u1ec7t, vi\u00ean ng\u1ecdc qu\u00fd th\u1ef1c s\u1ef1 c\u1ee7a nh\u00e0 h\u00e0ng n\u1eb1m n\u00e9p m\u00ecnh d\u01b0\u1edbi m\u00e1i nh\u00e0 Mansard c\u1ee7a nh\u00e0 h\u00e0ng &#8211; h\u1ea7m r\u01b0\u1ee3u, n\u01a1i c\u1ea5t gi\u1eef b\u1ed9 s\u01b0u t\u1eadp r\u01b0\u1ee3u phong ph\u00fa lu\u00f4n s\u1eb5n s\u00e0ng \u0111\u00f3n ch\u1edd gi\u1edbi m\u1ed9 \u0111i\u1ec7u tr\u1ea3i nghi\u1ec7m ti\u1ec7c t\u1ed1i th\u00e2n m\u1eadt v\u00e0 \u1ea5m c\u00fang trong kh\u00f4ng gian ri\u00eang bi\u1ec7t v\u1edbi 9 ch\u1ed7 ng\u1ed3i.<\/p>\n","protected":false},"excerpt":{"rendered":"<p>T\u1eebng l\u00e0 m\u1ed9t bi\u1ec7t th\u1ef1 Ph\u00e1p c\u1ed5, nh\u00e0 h\u00e0ng Le Petit mang n\u00e9t ri\u00eang \u0111\u1ed9c \u0111\u00e1o v\u1edbi ki\u1ebfn tr\u00fac c\u1ed5 \u0111i\u1ec3n v\u00e0 nh\u1eefng trang tr\u00ed mang m\u00e0u \u0110\u00f4ng D\u01b0\u01a1ng l\u00e3ng m\u1ea1n, n\u1eb1m t\u00e1ch bi\u1ec7t v\u1edbi s\u1ef1 nh\u1ed9n nh\u1ecbp b\u00ean ngo\u00e0i. V\u1edbi 120 ch\u1ed7 ng\u1ed3i d\u00e0nh cho th\u1ef1c kh\u00e1ch, Le Petit l\u00e0 n\u01a1i l\u00fd t\u01b0\u1edfng ph\u00f9 [&hellip;]<\/p>\n","protected":false},"author":368,"featured_media":783,"parent":0,"menu_order":0,"comment_status":"closed","ping_status":"closed","template":"template-single-restaurant.php","meta":{"footnotes":""},"acf":[],"yoast_head":"<!-- This site is optimized with the Yoast SEO plugin v22.3 - https:\/\/yoast.com\/wordpress\/plugins\/seo\/ -->\n<title>Nh\u00e0 H\u00e0ng Ana Mandara \u0110\u00e0 L\u1ea1t: \u1ea8m Th\u1ef1c Tuy\u1ec7t H\u1ea3o, Kh\u00f4ng Gian L\u00e3ng M\u1ea1n<\/title>\n<meta name=\"description\" content=\"Th\u01b0\u1edfng Th\u1ee9c \u1ea8m Th\u1ef1c Tinh T\u1ebf, \u0110\u1eb7c S\u1eafc Trong Kh\u00f4ng Gian \u1ea4m C\u00fang T\u1ea1i Nh\u00e0 H\u00e0ng Ana Mandara \u0110\u00e0 L\u1ea1t - N\u01a1i Mang \u0110\u1ebfn Tr\u1ea3i Nghi\u1ec7m \u1ea8m Th\u1ef1c \u0110\u1ec9nh Cao Cho Th\u1ef1c Kh\u00e1ch.\" \/>\n<meta name=\"robots\" content=\"index, follow, max-snippet:-1, max-image-preview:large, max-video-preview:-1\" \/>\n<link rel=\"canonical\" href=\"https:\/\/anamandara-resort.com\/vi\/dining\/\" \/>\n<meta property=\"og:locale\" content=\"vi_VN\" \/>\n<meta property=\"og:type\" content=\"article\" \/>\n<meta property=\"og:title\" content=\"Nh\u00e0 H\u00e0ng Ana Mandara \u0110\u00e0 L\u1ea1t: \u1ea8m Th\u1ef1c Tuy\u1ec7t H\u1ea3o, Kh\u00f4ng Gian L\u00e3ng M\u1ea1n\" \/>\n<meta property=\"og:description\" content=\"Th\u01b0\u1edfng Th\u1ee9c \u1ea8m Th\u1ef1c Tinh T\u1ebf, \u0110\u1eb7c S\u1eafc Trong Kh\u00f4ng Gian \u1ea4m C\u00fang T\u1ea1i Nh\u00e0 H\u00e0ng Ana Mandara \u0110\u00e0 L\u1ea1t - N\u01a1i Mang \u0110\u1ebfn Tr\u1ea3i Nghi\u1ec7m \u1ea8m Th\u1ef1c \u0110\u1ec9nh Cao Cho Th\u1ef1c Kh\u00e1ch.\" \/>\n<meta property=\"og:url\" content=\"https:\/\/anamandara-resort.com\/vi\/dining\/\" \/>\n<meta property=\"og:site_name\" content=\"Ana Mandara Villas Dalat Resort &amp; Spa\" \/>\n<meta property=\"article:modified_time\" content=\"2025-01-13T05:32:08+00:00\" \/>\n<meta property=\"og:image\" content=\"https:\/\/www.anamandara-resort.com\/wp-content\/uploads\/sites\/233\/2022\/05\/ana-mandara-dalat-dining-1.jpg\" \/>\n\t<meta property=\"og:image:width\" content=\"2200\" \/>\n\t<meta property=\"og:image:height\" content=\"1467\" \/>\n\t<meta property=\"og:image:type\" content=\"image\/jpeg\" \/>\n<meta name=\"twitter:card\" content=\"summary_large_image\" \/>\n<meta name=\"twitter:label1\" content=\"Est. reading time\" \/>\n\t<meta name=\"twitter:data1\" content=\"1 minute\" \/>\n<script type=\"application\/ld+json\" class=\"yoast-schema-graph\">{\"@context\":\"https:\/\/schema.org\",\"@graph\":[{\"@type\":\"WebPage\",\"@id\":\"https:\/\/anamandara-resort.com\/vi\/dining\/\",\"url\":\"https:\/\/anamandara-resort.com\/vi\/dining\/\",\"name\":\"Nh\u00e0 H\u00e0ng Ana Mandara \u0110\u00e0 L\u1ea1t: \u1ea8m Th\u1ef1c Tuy\u1ec7t H\u1ea3o, Kh\u00f4ng Gian L\u00e3ng M\u1ea1n\",\"isPartOf\":{\"@id\":\"https:\/\/anamandara-resort.com\/vi\/#website\"},\"primaryImageOfPage\":{\"@id\":\"https:\/\/anamandara-resort.com\/vi\/dining\/#primaryimage\"},\"image\":{\"@id\":\"https:\/\/anamandara-resort.com\/vi\/dining\/#primaryimage\"},\"thumbnailUrl\":\"https:\/\/www.anamandara-resort.com\/wp-content\/uploads\/sites\/233\/2022\/05\/ana-mandara-dalat-dining-1.jpg\",\"datePublished\":\"2022-04-05T07:48:56+00:00\",\"dateModified\":\"2025-01-13T05:32:08+00:00\",\"description\":\"Th\u01b0\u1edfng Th\u1ee9c \u1ea8m Th\u1ef1c Tinh T\u1ebf, \u0110\u1eb7c S\u1eafc Trong Kh\u00f4ng Gian \u1ea4m C\u00fang T\u1ea1i Nh\u00e0 H\u00e0ng Ana Mandara \u0110\u00e0 L\u1ea1t - N\u01a1i Mang \u0110\u1ebfn Tr\u1ea3i Nghi\u1ec7m \u1ea8m Th\u1ef1c \u0110\u1ec9nh Cao Cho Th\u1ef1c Kh\u00e1ch.\",\"breadcrumb\":{\"@id\":\"https:\/\/anamandara-resort.com\/vi\/dining\/#breadcrumb\"},\"inLanguage\":\"vi-VN\",\"potentialAction\":[{\"@type\":\"ReadAction\",\"target\":[\"https:\/\/anamandara-resort.com\/vi\/dining\/\"]}]},{\"@type\":\"ImageObject\",\"inLanguage\":\"vi-VN\",\"@id\":\"https:\/\/anamandara-resort.com\/vi\/dining\/#primaryimage\",\"url\":\"https:\/\/www.anamandara-resort.com\/wp-content\/uploads\/sites\/233\/2022\/05\/ana-mandara-dalat-dining-1.jpg\",\"contentUrl\":\"https:\/\/www.anamandara-resort.com\/wp-content\/uploads\/sites\/233\/2022\/05\/ana-mandara-dalat-dining-1.jpg\",\"width\":2200,\"height\":1467},{\"@type\":\"BreadcrumbList\",\"@id\":\"https:\/\/anamandara-resort.com\/vi\/dining\/#breadcrumb\",\"itemListElement\":[{\"@type\":\"ListItem\",\"position\":1,\"name\":\"Home\",\"item\":\"https:\/\/anamandara-resort.com\/vi\/\"},{\"@type\":\"ListItem\",\"position\":2,\"name\":\"\u1ea8m Th\u1ef1c\"}]},{\"@type\":\"WebSite\",\"@id\":\"https:\/\/anamandara-resort.com\/vi\/#website\",\"url\":\"https:\/\/anamandara-resort.com\/vi\/\",\"name\":\"Ana Mandara Villas Dalat Resort &amp; Spa\",\"description\":\"\",\"potentialAction\":[{\"@type\":\"SearchAction\",\"target\":{\"@type\":\"EntryPoint\",\"urlTemplate\":\"https:\/\/anamandara-resort.com\/vi\/?s={search_term_string}\"},\"query-input\":\"required name=search_term_string\"}],\"inLanguage\":\"vi-VN\"}]}<\/script>\n<!-- \/ Yoast SEO plugin. -->","yoast_head_json":{"title":"Nh\u00e0 H\u00e0ng Ana Mandara \u0110\u00e0 L\u1ea1t: \u1ea8m Th\u1ef1c Tuy\u1ec7t H\u1ea3o, Kh\u00f4ng Gian L\u00e3ng M\u1ea1n","description":"Th\u01b0\u1edfng Th\u1ee9c \u1ea8m Th\u1ef1c Tinh T\u1ebf, \u0110\u1eb7c S\u1eafc Trong Kh\u00f4ng Gian \u1ea4m C\u00fang T\u1ea1i Nh\u00e0 H\u00e0ng Ana Mandara \u0110\u00e0 L\u1ea1t - N\u01a1i Mang \u0110\u1ebfn Tr\u1ea3i Nghi\u1ec7m \u1ea8m Th\u1ef1c \u0110\u1ec9nh Cao Cho Th\u1ef1c Kh\u00e1ch.","robots":{"index":"index","follow":"follow","max-snippet":"max-snippet:-1","max-image-preview":"max-image-preview:large","max-video-preview":"max-video-preview:-1"},"canonical":"https:\/\/anamandara-resort.com\/vi\/dining\/","og_locale":"vi_VN","og_type":"article","og_title":"Nh\u00e0 H\u00e0ng Ana Mandara \u0110\u00e0 L\u1ea1t: \u1ea8m Th\u1ef1c Tuy\u1ec7t H\u1ea3o, Kh\u00f4ng Gian L\u00e3ng M\u1ea1n","og_description":"Th\u01b0\u1edfng Th\u1ee9c \u1ea8m Th\u1ef1c Tinh T\u1ebf, \u0110\u1eb7c S\u1eafc Trong Kh\u00f4ng Gian \u1ea4m C\u00fang T\u1ea1i Nh\u00e0 H\u00e0ng Ana Mandara \u0110\u00e0 L\u1ea1t - N\u01a1i Mang \u0110\u1ebfn Tr\u1ea3i Nghi\u1ec7m \u1ea8m Th\u1ef1c \u0110\u1ec9nh Cao Cho Th\u1ef1c Kh\u00e1ch.","og_url":"https:\/\/anamandara-resort.com\/vi\/dining\/","og_site_name":"Ana Mandara Villas Dalat Resort &amp; Spa","article_modified_time":"2025-01-13T05:32:08+00:00","og_image":[{"width":2200,"height":1467,"url":"https:\/\/www.anamandara-resort.com\/wp-content\/uploads\/sites\/233\/2022\/05\/ana-mandara-dalat-dining-1.jpg","type":"image\/jpeg"}],"twitter_card":"summary_large_image","twitter_misc":{"Est. reading time":"1 minute"},"schema":{"@context":"https:\/\/schema.org","@graph":[{"@type":"WebPage","@id":"https:\/\/anamandara-resort.com\/vi\/dining\/","url":"https:\/\/anamandara-resort.com\/vi\/dining\/","name":"Nh\u00e0 H\u00e0ng Ana Mandara \u0110\u00e0 L\u1ea1t: \u1ea8m Th\u1ef1c Tuy\u1ec7t H\u1ea3o, Kh\u00f4ng Gian L\u00e3ng M\u1ea1n","isPartOf":{"@id":"https:\/\/anamandara-resort.com\/vi\/#website"},"primaryImageOfPage":{"@id":"https:\/\/anamandara-resort.com\/vi\/dining\/#primaryimage"},"image":{"@id":"https:\/\/anamandara-resort.com\/vi\/dining\/#primaryimage"},"thumbnailUrl":"https:\/\/www.anamandara-resort.com\/wp-content\/uploads\/sites\/233\/2022\/05\/ana-mandara-dalat-dining-1.jpg","datePublished":"2022-04-05T07:48:56+00:00","dateModified":"2025-01-13T05:32:08+00:00","description":"Th\u01b0\u1edfng Th\u1ee9c \u1ea8m Th\u1ef1c Tinh T\u1ebf, \u0110\u1eb7c S\u1eafc Trong Kh\u00f4ng Gian \u1ea4m C\u00fang T\u1ea1i Nh\u00e0 H\u00e0ng Ana Mandara \u0110\u00e0 L\u1ea1t - N\u01a1i Mang \u0110\u1ebfn Tr\u1ea3i Nghi\u1ec7m \u1ea8m Th\u1ef1c \u0110\u1ec9nh Cao Cho Th\u1ef1c Kh\u00e1ch.","breadcrumb":{"@id":"https:\/\/anamandara-resort.com\/vi\/dining\/#breadcrumb"},"inLanguage":"vi-VN","potentialAction":[{"@type":"ReadAction","target":["https:\/\/anamandara-resort.com\/vi\/dining\/"]}]},{"@type":"ImageObject","inLanguage":"vi-VN","@id":"https:\/\/anamandara-resort.com\/vi\/dining\/#primaryimage","url":"https:\/\/www.anamandara-resort.com\/wp-content\/uploads\/sites\/233\/2022\/05\/ana-mandara-dalat-dining-1.jpg","contentUrl":"https:\/\/www.anamandara-resort.com\/wp-content\/uploads\/sites\/233\/2022\/05\/ana-mandara-dalat-dining-1.jpg","width":2200,"height":1467},{"@type":"BreadcrumbList","@id":"https:\/\/anamandara-resort.com\/vi\/dining\/#breadcrumb","itemListElement":[{"@type":"ListItem","position":1,"name":"Home","item":"https:\/\/anamandara-resort.com\/vi\/"},{"@type":"ListItem","position":2,"name":"\u1ea8m Th\u1ef1c"}]},{"@type":"WebSite","@id":"https:\/\/anamandara-resort.com\/vi\/#website","url":"https:\/\/anamandara-resort.com\/vi\/","name":"Ana Mandara Villas Dalat Resort &amp; Spa","description":"","potentialAction":[{"@type":"SearchAction","target":{"@type":"EntryPoint","urlTemplate":"https:\/\/anamandara-resort.com\/vi\/?s={search_term_string}"},"query-input":"required name=search_term_string"}],"inLanguage":"vi-VN"}]}},"_links":{"self":[{"href":"https:\/\/anamandara-resort.com\/vi\/wp-json\/wp\/v2\/pages\/298"}],"collection":[{"href":"https:\/\/anamandara-resort.com\/vi\/wp-json\/wp\/v2\/pages"}],"about":[{"href":"https:\/\/anamandara-resort.com\/vi\/wp-json\/wp\/v2\/types\/page"}],"author":[{"embeddable":true,"href":"https:\/\/anamandara-resort.com\/vi\/wp-json\/wp\/v2\/users\/368"}],"replies":[{"embeddable":true,"href":"https:\/\/anamandara-resort.com\/vi\/wp-json\/wp\/v2\/comments?post=298"}],"version-history":[{"count":0,"href":"https:\/\/anamandara-resort.com\/vi\/wp-json\/wp\/v2\/pages\/298\/revisions"}],"wp:featuredmedia":[{"embeddable":true,"href":"https:\/\/anamandara-resort.com\/vi\/wp-json\/wp\/v2\/media\/783"}],"wp:attachment":[{"href":"https:\/\/anamandara-resort.com\/vi\/wp-json\/wp\/v2\/media?parent=298"}],"curies":[{"name":"wp","href":"https:\/\/api.w.org\/{rel}","templated":true}]}}