{"id":300,"date":"2022-04-06T10:15:04","date_gmt":"2022-04-06T10:15:04","guid":{"rendered":"https:\/\/ana-mandara-resort.ms.decms.asia\/legal-notice\/"},"modified":"2023-04-19T13:00:53","modified_gmt":"2023-04-19T13:00:53","slug":"resort-policy","status":"publish","type":"page","link":"https:\/\/anamandara-resort.com\/vi\/resort-policy\/","title":{"rendered":"Quy \u0110\u1ecbnh Khu Ngh\u1ec9"},"content":{"rendered":"<p>&#8220;1. Qu\u00fd kh\u00e1ch vui l\u00f2ng xu\u1ea5t tr\u00ecnh h\u1ed9 chi\u1ebfu c\u00f3 th\u1ecb th\u1ef1c nh\u1eadp c\u1ea3nh h\u1ee3p l\u1ec7. \u0110\u1ed1i v\u1edbi ng\u01b0\u1eddi Vi\u1ec7t Nam, xin xu\u1ea5t tr\u00ecnh ch\u1ee9ng minh nh\u00e2n d\u00e2n \u0111\u1ec3 nh\u00e2n vi\u00ean L\u1ec5 t\u00e2n l\u00e0m th\u1ee7 t\u1ee5c thu\u00ea ph\u00f2ng.<\/p>\n<p>2. Trong ph\u00f2ng c\u00f3 trang b\u1ecb k\u00e9t s\u1eaft \u0111i\u1ec7n t\u1eed \u0111\u1ec3 c\u1ea5t gi\u1eef ti\u1ec1n b\u1ea1c, \u0111\u1ed3 v\u1eadt qu\u00fd. V\u00ec v\u1eady Khu ngh\u1ec9 s\u1ebd kh\u00f4ng ch\u1ecbu tr\u00e1ch nhi\u1ec7m v\u1ec1 m\u1ecdi m\u1ea5t m\u00e1t c\u1ee7a Qu\u00fd kh\u00e1ch.<br \/>\na. N\u1ebfu Qu\u00fd kh\u00e1ch g\u1eb7p tr\u1ee5c tr\u1eb7c trong vi\u1ec7c s\u1eed d\u1ee5ng k\u00e9t s\u1eaft v\u00e0 y\u00eau c\u1ea7u m\u1edf k\u00e9t s\u1eaft. L\u00fac m\u1edf, y\u00eau c\u1ea7u ph\u1ea3i c\u00f3 \u0111\u1ee7 s\u1ed1 kh\u00e1ch thu\u00ea ph\u00f2ng.<br \/>\nb. Khi tr\u1ea3 ph\u00f2ng r\u1eddi Khu ngh\u1ec9, Qu\u00fd kh\u00e1ch c\u1ea7n ki\u1ec3m tra k\u00e9t s\u1eaft l\u1ea7n cu\u1ed1i v\u00e0 xin \u0111\u1ec3 c\u1eeda k\u00e9t m\u1edf. M\u1ecdi ph\u00e1t sinh sau khi Qu\u00fd kh\u00e1ch r\u1eddi kh\u1ecfi qu\u1ea7y L\u1ec5 t\u00e2n, Khu ngh\u1ec9 ho\u00e0n to\u00e0n kh\u00f4ng ch\u1ecbu tr\u00e1ch nhi\u1ec7m.<\/p>\n<p>3. Qu\u00fd kh\u00e1ch kh\u00f4ng \u0111\u01b0\u1ee3c mang v\u0169 kh\u00ed, ch\u1ea5t n\u1ed5, ch\u1ea5t d\u1ec5 ch\u00e1y, ma tu\u00fd, h\u00e0ng qu\u1ed1c c\u1ea5m, s\u00fac v\u1eadt, c\u00e1c lo\u1ea1i h\u00e0ng ho\u00e1 c\u1ed3ng k\u1ec1nh ho\u1eb7c \u0111un n\u1ea5u, gi\u1eb7t \u1ee7i trong ph\u00f2ng ng\u1ee7.<\/p>\n<p>4. Qu\u00fd kh\u00e1ch kh\u00f4ng \u0111\u01b0\u1ee3c mang v\u1eadt nu\u00f4i c\u0169ng nh\u01b0 c\u00e1c lo\u1ea1i s\u1ea3n ph\u1ea9m, tr\u00e1i c\u00e2y c\u00f3 m\u00f9i l\u1ea1 v\u00e0o Khu ngh\u1ec9 (v\u00ed d\u1ee5: s\u1ea7u ri\u00eang, n\u01b0\u1edbc m\u1eafm\u2026).<\/p>\n<p>5. Khi Qu\u00fd kh\u00e1ch ph\u00e1t hi\u1ec7n th\u1ea5y ch\u00e1y, xin b\u00e1o \u0111\u1ed9ng cho m\u1ecdi ng\u01b0\u1eddi bi\u1ebft. S\u1eed d\u1ee5ng n\u00fat \u201cChu\u00f4ng b\u00e1o ch\u00e1y\u201d \u0111\u01b0\u1ee3c l\u1eafp tr\u00ean c\u00e1c h\u00e0nh lang v\u00e0 g\u1ecdi s\u1ed1 \u201c0\u201d b\u00e1o cho nh\u00e2n vi\u00ean tr\u1ef1c t\u1ed5ng \u0111\u00e0i bi\u1ebft. B\u00ecnh t\u0129nh th\u1ef1c hi\u1ec7n theo s\u1ef1 h\u01b0\u1edbng d\u1eabn c\u1ee7a nh\u00e2n vi\u00ean Khu ngh\u1ec9 khi c\u00f3 s\u1ef1 c\u1ed1.<\/p>\n<p>6. Khi ra kh\u1ecfi ph\u00f2ng, xin Qu\u00fd kh\u00e1ch kho\u00e1 c\u1eeda c\u1ea9n th\u1eadn v\u00e0 g\u1eedi ch\u00eca kho\u00e1 t\u1ea1i qu\u1ea7y L\u1ec5 t\u00e2n. Khi nh\u1eadn l\u1ea1i ch\u00eca kho\u00e1, xin vui l\u00f2ng cho bi\u1ebft s\u1ed1 ph\u00f2ng \u0111\u1ec3 tr\u00e1nh tr\u01b0\u1eddng h\u1ee3p ng\u01b0\u1eddi kh\u00e1c gi\u1ea3 m\u1ea1o.<\/p>\n<p>7. Xin vui l\u00f2ng kh\u00f4ng ti\u1ebfp kh\u00e1ch trong ph\u00f2ng ng\u1ee7, khi c\u1ea7n thi\u1ebft ph\u1ea3i c\u00f3 s\u1ef1 \u0111\u1ed3ng \u00fd c\u1ee7a L\u1ec5 t\u00e2n v\u00e0 ph\u1ea3i g\u1eedi gi\u1ea5y t\u1edd tu\u1ef3 th\u00e2n c\u1ee7a kh\u00e1ch t\u1ea1i qu\u1ea7y L\u1ec5 t\u00e2n nh\u01b0ng kh\u00f4ng \u1edf l\u1ea1i sau 22 gi\u1edd.<\/p>\n<p>8. Qu\u00fd kh\u00e1ch kh\u00f4ng \u0111\u01b0\u1ee3c s\u1eed d\u1ee5ng ph\u00f2ng ng\u1ee7 \u0111\u1ec3 l\u00e0m v\u0103n ph\u00f2ng giao d\u1ecbch; kh\u00f4ng \u0111\u01b0\u1ee3c thay \u0111\u1ed5i ho\u1eb7c di chuy\u1ec3n t\u00e0i s\u1ea3n c\u1ee7a Khu ngh\u1ec9 t\u1eeb ph\u00f2ng n\u00e0y sang ph\u00f2ng kh\u00e1c. Tr\u01b0\u1eddng h\u1ee3p l\u00e0m b\u1ec3 v\u1ee1, h\u01b0 h\u1ecfng t\u00e0i s\u1ea3n, Qu\u00fd kh\u00e1ch s\u1ebd ph\u1ea3i b\u1ed3i th\u01b0\u1eddng theo th\u1eddi gi\u00e1.<\/p>\n<p>9. Qu\u00fd kh\u00e1ch kh\u00f4ng \u0111\u01b0\u1ee3c t\u1ef1 \u00fd \u0111\u1ed5i ph\u00f2ng cho nhau, kh\u00f4ng \u0111\u01b0\u1ee3c nh\u01b0\u1eddng ph\u00f2ng ng\u1ee7 cho ng\u01b0\u1eddi kh\u00e1c s\u1eed d\u1ee5ng, kh\u00f4ng d\u1eabn th\u00eam ng\u01b0\u1eddi v\u00e0o ng\u1ee7 c\u00f9ng ph\u00f2ng. M\u1ecdi ph\u00e1t sinh m\u1edbi, Qu\u00fd kh\u00e1ch ph\u1ea3i th\u00f4ng b\u00e1o v\u00e0 ph\u1ea3i \u0111\u01b0\u1ee3c s\u1ef1 \u0111\u1ed3ng \u00fd c\u1ee7a L\u1ec5 t\u00e2n.<\/p>\n<p>10. Xin Qu\u00fd kh\u00e1ch b\u00e1o tr\u01b0\u1edbc 1 ng\u00e0y v\u1ec1 th\u1eddi gian Qu\u00fd kh\u00e1ch s\u1ebd tr\u1ea3 ph\u00f2ng. Gi\u1edd quy \u0111\u1ecbnh tr\u1ea3 ph\u00f2ng l\u00e0 12 gi\u1edd tr\u01b0a v\u00e0 gi\u1edd nh\u1eadn ph\u00f2ng l\u00e0 14 gi\u1edd.<\/p>\n<p>11. N\u1ebfu Qu\u00fd kh\u00e1ch vi ph\u1ea1m n\u1ed9i quy n\u00e0y, ngo\u00e0i nh\u1eefng tr\u00e1ch nhi\u1ec7m m\u00e0 Qu\u00fd kh\u00e1ch ph\u1ea3i ch\u1ecbu nh\u01b0 \u0111\u00e3 \u0111\u1ec1 c\u1eadp \u1edf tr\u00ean, Khu ngh\u1ec9 s\u1ebd \u0111\u01a1n ph\u01b0\u01a1ng hu\u1ef7 b\u1ecf h\u1ee3p \u0111\u1ed3ng thu\u00ea ph\u00f2ng ng\u1ee7 c\u1ee7a Qu\u00fd kh\u00e1ch.<\/p>\n<p>TH\u00d4NG B\u00c1O PH\u00c1P L\u00dd<\/p>\n<p>1. Anamandara-resort.com thu th\u1eadp nh\u1eefng lo\u1ea1i th\u00f4ng tin c\u00e1 nh\u00e2n n\u00e0o?<br \/>\n&#8211; \u0110\u1ec3 \u0111\u0103ng k\u00fd nh\u00e0 cung c\u1ea5p ch\u1ed7 \u1edf, anamandara-resort.com y\u00eau c\u1ea7u t\u00ean v\u00e0 chi ti\u1ebft li\u00ean l\u1ea1c (email, fax v\u00e0 \u0111i\u1ec7n tho\u1ea1i) c\u1ee7a ch\u1ee7 s\u1edf h\u1eefu. D\u1eef li\u1ec7u \u0111\u00f3 c\u00f3 th\u1ec3 \u0111\u01b0\u1ee3c coi l\u00e0 th\u00f4ng tin c\u00e1 nh\u00e2n. Sau khi ho\u00e0n t\u1ea5t \u0111\u0103ng k\u00fd v\u00e0 nh\u00e0 cung c\u1ea5p d\u1ecbch v\u1ee5 \u0111\u00e3 \u0111\u01b0\u1ee3c ch\u1ea5p nh\u1eadn, quy\u1ec1n truy c\u1eadp s\u1ebd \u0111\u01b0\u1ee3c c\u1ea5p cho extranet anamandara-resort.com, bao g\u1ed3m c\u00e1c \u1ee9ng d\u1ee5ng c\u1ee5 th\u1ec3. Khi s\u1eed d\u1ee5ng D\u1ecbch v\u1ee5 Tr\u1ef1c tuy\u1ebfn c\u1ee7a anamandara-resort.com, anamandara-resort.com thu th\u1eadp c\u00e1c th\u00f4ng tin nh\u01b0 \u0111\u1ecba ch\u1ec9 IP, lo\u1ea1i tr\u00ecnh duy\u1ec7t, h\u1ec7 \u0111i\u1ec1u h\u00e0nh, phi\u00ean b\u1ea3n \u1ee9ng d\u1ee5ng, c\u00e0i \u0111\u1eb7t ng\u00f4n ng\u1eef v\u00e0 l\u01b0\u1ee3t truy c\u1eadp trang.<\/p>\n<p>2. T\u1ea1i sao anamandara-resort.com thu th\u1eadp, s\u1eed d\u1ee5ng v\u00e0 chia s\u1ebb th\u00f4ng tin c\u00e1 nh\u00e2n?<br \/>\n&#8211; Th\u00f4ng tin li\u00ean l\u1ea1c: anamandara-resort.com c\u0169ng s\u1eed d\u1ee5ng th\u00f4ng tin c\u00e1 nh\u00e2n \u0111\u1ec3 g\u1eedi email, fax v\u00e0 tin nh\u1eafn SMS c\u1ea7n thi\u1ebft v\u1ec1 \u0111\u1eb7t ph\u00f2ng. Nh\u1eefng th\u00f4ng tin li\u00ean l\u1ea1c c\u1ea7n thi\u1ebft n\u00e0y cho ng\u01b0\u1eddi li\u00ean h\u1ec7 \u0111\u01b0\u1ee3c ch\u1ec9 \u0111\u1ecbnh bao g\u1ed3m, x\u00e1c nh\u1eadn \u0111\u1eb7t ch\u1ed7, h\u1ee7y \u0111\u1eb7t ch\u1ed7 v\u00e0 th\u00f4ng tin v\u1ec1 c\u00e1c t\u00ednh n\u0103ng v\u00e0 d\u1ecbch v\u1ee5 m\u1edbi tr\u00ean extranet v\u00e0 tr\u00ean trang web \u0111\u1eb7t ch\u1ed7 c\u1ee7a b\u1ea1n.<\/p>\n<p>&#8211; Ph\u00e2n t\u00edch, t\u1ed1i \u01b0u v\u00e0 nghi\u00ean c\u1ee9u: Ch\u00fang t\u00f4i s\u1eed d\u1ee5ng th\u00f4ng tin c\u00e1 nh\u00e2n \u0111\u1ec3 th\u00f4ng b\u00e1o v\u00e0 tr\u00ecnh b\u00e0y c\u00e1ch kh\u00e1ch h\u00e0ng s\u1eed d\u1ee5ng extranet. Ch\u00fang t\u00f4i c\u0169ng m\u1eddi kh\u00e1ch tham gia v\u00e0o c\u00e1c cu\u1ed9c kh\u1ea3o s\u00e1t, ch\u1eb3ng h\u1ea1n nh\u01b0 nghi\u00ean c\u1ee9u th\u1ecb tr\u01b0\u1eddng, \u0111\u1ec3 chia s\u1ebb kinh nghi\u1ec7m qua c\u00e1c blog v\u00ed d\u1ee5 v\u00e0 ph\u00e2n t\u00edch c\u00e1ch c\u1ea3i thi\u1ec7n tr\u1ea3i nghi\u1ec7m ng\u01b0\u1eddi d\u00f9ng, ch\u1ee9c n\u0103ng v\u00e0 ch\u1ea5t l\u01b0\u1ee3ng c\u1ee7a extranet.<\/p>\n<p>&#8211; Ph\u00e1t hi\u1ec7n v\u00e0 ng\u0103n ch\u1eb7n gian l\u1eadn: Ch\u00fang t\u00f4i x\u1eed l\u00fd th\u00f4ng tin c\u00e1 nh\u00e2n \u0111\u1ec3 \u0111i\u1ec1u tra, ng\u0103n ch\u1eb7n, ph\u00e1t hi\u1ec7n h\u00e0nh vi gian l\u1eadn v\u00e0 c\u00e1c ho\u1ea1t \u0111\u1ed9ng b\u1ea5t h\u1ee3p ph\u00e1p ho\u1eb7c vi ph\u1ea1m kh\u00e1c. \u0110\u00e2y c\u00f3 th\u1ec3 l\u00e0 th\u00f4ng tin c\u00e1 nh\u00e2n b\u1ea1n \u0111\u00e3 cung c\u1ea5p cho ch\u00fang t\u00f4i ho\u1eb7c, v\u00ed d\u1ee5 cho m\u1ee5c \u0111\u00edch x\u00e1c minh nh\u01b0 m\u1ed9t ph\u1ea7n c\u1ee7a qu\u00e1 tr\u00ecnh \u0111\u0103ng k\u00fd, th\u00f4ng tin c\u00e1 nh\u00e2n thu \u0111\u01b0\u1ee3c t\u1eeb c\u00e1c ngu\u1ed3n c\u1ee7a b\u00ean th\u1ee9 ba. Ch\u00fang t\u00f4i c\u0169ng c\u00f3 th\u1ec3 s\u1eed d\u1ee5ng th\u00f4ng tin n\u00e0y \u0111\u1ec3 h\u1ed7 tr\u1ee3 vi\u1ec7c truy t\u1ed1 khi c\u1ea7n thi\u1ebft. Ch\u00fang t\u00f4i b\u1ea3o l\u01b0u quy\u1ec1n &#8211; khi \u0111\u01b0\u1ee3c y\u00eau c\u1ea7u h\u1ee3p ph\u00e1p ho\u1eb7c th\u1ef1c s\u1ef1 c\u1ea7n thi\u1ebft &#8211; ti\u1ebft l\u1ed9 th\u00f4ng tin c\u00e1 nh\u00e2n li\u00ean quan \u0111\u1ebfn c\u00e1c nh\u00e0 cung c\u1ea5p ch\u1ed7 \u1edf c\u1ee7a ch\u00fang t\u00f4i cho c\u00e1c c\u01a1 quan th\u1ef1c thi ph\u00e1p lu\u1eadt, c\u00e1c t\u1ed5 ch\u1ee9c \u0111i\u1ec1u tra v\u00e0 c\u00e1c t\u1ed5 ch\u1ee9c kh\u00e1c c\u1ee7a T\u1eadp \u0111o\u00e0n C\u00f4ng ty Priceline m\u00e0 anavillasdalat.com l\u00e0 m\u1ed9t b\u1ed9 ph\u1eadn.<\/p>\n<p>&#8211; M\u1ee5c \u0111\u00edch ph\u00e1p l\u00fd: Cu\u1ed1i c\u00f9ng, trong m\u1ed9t s\u1ed1 tr\u01b0\u1eddng h\u1ee3p nh\u1ea5t \u0111\u1ecbnh, ch\u00fang t\u00f4i c\u00f3 th\u1ec3 c\u1ea7n s\u1eed d\u1ee5ng th\u00f4ng tin c\u1ee7a b\u1ea1n \u0111\u1ec3 x\u1eed l\u00fd v\u00e0 gi\u1ea3i quy\u1ebft c\u00e1c tranh ch\u1ea5p ph\u00e1p l\u00fd, \u0111\u1ec3 \u0111i\u1ec1u tra v\u00e0 tu\u00e2n th\u1ee7 quy \u0111\u1ecbnh, ho\u1eb7c \u0111\u1ec3 th\u1ef1c thi c\u00e1c \u0111i\u1ec1u kho\u1ea3n s\u1eed d\u1ee5ng c\u1ee7a d\u1ecbch v\u1ee5 \u0111\u1eb7t ph\u00f2ng tr\u1ef1c tuy\u1ebfn Anamandara-resort.com nh\u01b0 mong \u0111\u1ee3i m\u1ed9t c\u00e1ch h\u1ee3p l\u00fd.<\/p>\n<p>B\u00c1O C\u00c1O N\u1ea4U \u0102N<\/p>\n<p>1. Cookie l\u00e0 g\u00ec?<br \/>\n&#8211; Cookies l\u00e0 c\u00e1c t\u1ec7p \u0111\u01b0\u1ee3c trang web ng\u01b0\u1eddi d\u00f9ng truy c\u1eadp t\u1ea1o ra. Cookie gi\u00fap tr\u1ea3i nghi\u1ec7m tr\u1ef1c tuy\u1ebfn c\u1ee7a b\u1ea1n d\u1ec5 d\u00e0ng h\u01a1n b\u1eb1ng c\u00e1ch l\u01b0u th\u00f4ng tin duy\u1ec7t web. V\u1edbi Cookies, c\u00e1c trang web c\u00f3 th\u1ec3 duy tr\u00ec tr\u1ea1ng th\u00e1i \u0111\u0103ng nh\u1eadp c\u1ee7a b\u1ea1n, ghi nh\u1edb t\u00f9y ch\u1ecdn trang web v\u00e0 cung c\u1ea5p n\u1ed9i dung ph\u00f9 h\u1ee3p v\u1edbi v\u1ecb tr\u00ed c\u1ee7a ng\u01b0\u1eddi d\u00f9ng. Do \u0111\u00f3, cookie c\u1ee7a anamandara-resort.com l\u00e0 cookie c\u1ee7a b\u00ean th\u1ee9 nh\u1ea5t. N\u1ebfu ch\u00fang t\u00f4i cho ph\u00e9p ng\u01b0\u1eddi kh\u00e1c ph\u00e2n ph\u00e1t cookie th\u00f4ng qua c\u00e1c trang web v\u00e0 \u1ee9ng d\u1ee5ng anamandara-resort.com, nh\u1eefng cookie n\u00e0y \u0111\u01b0\u1ee3c g\u1ecdi l\u00e0 cookie c\u1ee7a b\u00ean th\u1ee9 ba. C\u0169ng c\u00f3 s\u1ef1 kh\u00e1c bi\u1ec7t gi\u1eefa cookie phi\u00ean v\u00e0 cookie v\u0129nh vi\u1ec5n. Cookie phi\u00ean s\u1ebd ch\u1ec9 t\u1ed3n t\u1ea1i cho \u0111\u1ebfn khi b\u1ea1n \u0111\u00f3ng tr\u00ecnh duy\u1ec7t c\u1ee7a m\u00ecnh. Cookie v\u0129nh vi\u1ec5n c\u00f3 tu\u1ed5i th\u1ecd l\u00e2u h\u01a1n v\u00e0 kh\u00f4ng t\u1ef1 \u0111\u1ed9ng b\u1ecb x\u00f3a sau khi b\u1ea1n \u0111\u00f3ng tr\u00ecnh duy\u1ec7t c\u1ee7a m\u00ecnh. Ch\u00fang t\u00f4i c\u1ed1 g\u1eafng ph\u00e2n ph\u00e1t cookie ho\u1eb7c cho ph\u00e9p ph\u00e2n ph\u00e1t cookie c\u00f3 tu\u1ed5i th\u1ecd t\u1ed1i \u0111a l\u00e0 5 n\u0103m. Ch\u1ec9 trong nh\u1eefng tr\u01b0\u1eddng h\u1ee3p \u0111\u1eb7c bi\u1ec7t, ch\u1eb3ng h\u1ea1n nh\u01b0 v\u00ec m\u1ee5c \u0111\u00edch b\u1ea3o m\u1eadt v\u00e0 khi th\u1ef1c s\u1ef1 c\u1ea7n thi\u1ebft, cookie m\u1edbi c\u00f3 tu\u1ed5i th\u1ecd cao h\u01a1n.<\/p>\n<p>2. T\u1ea1i sao c\u00e1c trang web s\u1eed d\u1ee5ng cookie?<br \/>\n&#8211; C\u00e1c trang web kh\u00f4ng c\u00f3 b\u1ed9 nh\u1edb. N\u1ebfu b\u1ea1n \u0111ang l\u01b0\u1edbt t\u1eeb trang n\u00e0y sang trang kh\u00e1c trong m\u1ed9t trang web, b\u1ea1n s\u1ebd kh\u00f4ng \u0111\u01b0\u1ee3c c\u00f4ng nh\u1eadn l\u00e0 c\u00f9ng m\u1ed9t ng\u01b0\u1eddi d\u00f9ng tr\u00ean c\u00e1c trang. Cookie cho ph\u00e9p tr\u00ecnh duy\u1ec7t c\u1ee7a b\u1ea1n \u0111\u01b0\u1ee3c trang web c\u00f4ng nh\u1eadn.<\/p>\n<p>3. C\u00f3 ph\u1ea3i t\u1ea5t c\u1ea3 cookie \u0111\u1ec1u l\u00e0m gi\u1ed1ng nhau kh\u00f4ng?<br \/>\n&#8211; Kh\u00f4ng, c\u00f3 nhi\u1ec1u lo\u1ea1i cookie kh\u00e1c nhau v\u00e0 c\u00e1ch s\u1eed d\u1ee5ng ch\u00fang kh\u00e1c nhau. Cookie c\u00f3 th\u1ec3 \u0111\u01b0\u1ee3c ph\u00e2n lo\u1ea1i theo ch\u1ee9c n\u0103ng c\u1ee7a ch\u00fang v\u00e0 theo ng\u01b0\u1eddi \u0111\u1eb7t ch\u00fang tr\u00ean m\u1ed9t trang web.<\/p>\n<p>4. aAnamandara-resort.com s\u1eed d\u1ee5ng cookie nh\u01b0 th\u1ebf n\u00e0o?<br \/>\n&#8211; Ch\u00fang t\u00f4i c\u1ed1 g\u1eafng mang \u0111\u1ebfn cho ng\u01b0\u1eddi d\u00f9ng tr\u1ea3i nghi\u1ec7m t\u1ed1i \u01b0u v\u00e0 th\u00e2n thi\u1ec7n nh\u1ea5t, ph\u00f9 h\u1ee3p v\u1edbi nhu c\u1ea7u v\u00e0 mong mu\u1ed1n c\u1ee7a ng\u01b0\u1eddi d\u00f9ng. \u0110\u1ec3 \u0111\u1ea1t \u0111\u01b0\u1ee3c \u0111i\u1ec1u n\u00e0y, trang web c\u1ee7a ch\u00fang t\u00f4i s\u1eed d\u1ee5ng c\u00e1c lo\u1ea1i cookie sau:<\/p>\n<p>+ Cookie k\u1ef9 thu\u1eadt: Ch\u00fang t\u00f4i s\u1eed d\u1ee5ng cookie k\u1ef9 thu\u1eadt \u0111\u1ec3 hi\u1ec3n th\u1ecb cho b\u1ea1n trang web c\u1ee7a ch\u00fang t\u00f4i, \u0111\u1ec3 cho ph\u00e9p n\u00f3 ho\u1ea1t \u0111\u1ed9ng ch\u00ednh x\u00e1c, t\u1ea1o t\u00e0i kho\u1ea3n c\u1ee7a b\u1ea1n, \u0111\u0103ng nh\u1eadp v\u00e0 qu\u1ea3n l\u00fd c\u00e1c \u0111\u1eb7t ph\u00f2ng c\u1ee7a b\u1ea1n. C\u00e1c cookie k\u1ef9 thu\u1eadt n\u00e0y ho\u00e0n to\u00e0n c\u1ea7n thi\u1ebft \u0111\u1ec3 trang web c\u1ee7a ch\u00fang t\u00f4i ho\u1ea1t \u0111\u1ed9ng b\u00ecnh th\u01b0\u1eddng.<\/p>\n<p>+ Cookie ch\u1ee9c n\u0103ng: Ch\u00fang t\u00f4i c\u0169ng s\u1eed d\u1ee5ng c\u00e1c cookie ch\u1ee9c n\u0103ng \u0111\u1ec3 ghi nh\u1edb c\u00e1c s\u1edf th\u00edch c\u1ee7a b\u1ea1n v\u00e0 gi\u00fap b\u1ea1n s\u1eed d\u1ee5ng trang web c\u1ee7a ch\u00fang t\u00f4i m\u1ed9t c\u00e1ch hi\u1ec7u qu\u1ea3 v\u00e0 hi\u1ec7u qu\u1ea3. V\u00ed d\u1ee5, ch\u00fang t\u00f4i nh\u1edb s\u1edf th\u00edch \u01b0a th\u00edch c\u1ee7a b\u1ea1n. C\u00e1c cookie ch\u1ee9c n\u0103ng n\u00e0y kh\u00f4ng ho\u00e0n to\u00e0n c\u1ea7n thi\u1ebft cho ho\u1ea1t \u0111\u1ed9ng c\u1ee7a trang web c\u1ee7a ch\u00fang t\u00f4i, nh\u01b0ng ch\u00fang b\u1ed5 sung ch\u1ee9c n\u0103ng cho b\u1ea1n v\u00e0 n\u00e2ng cao tr\u1ea3i nghi\u1ec7m c\u1ee7a b\u1ea1n.<\/p>\n<p>+ Cookie ph\u00e2n t\u00edch: Ch\u00fang t\u00f4i s\u1eed d\u1ee5ng c\u00e1c cookie n\u00e0y \u0111\u1ec3 hi\u1ec3u r\u00f5 h\u01a1n v\u1ec1 c\u00e1ch kh\u00e1ch c\u1ee7a ch\u00fang t\u00f4i s\u1eed d\u1ee5ng trang web, \u0111\u1ec3 t\u00ecm hi\u1ec3u \u0111i\u1ec1u g\u00ec hi\u1ec7u qu\u1ea3 v\u00e0 \u0111i\u1ec1u g\u00ec kh\u00f4ng hi\u1ec7u qu\u1ea3, \u0111\u1ec3 t\u1ed1i \u01b0u h\u00f3a v\u00e0 c\u1ea3i thi\u1ec7n trang web c\u0169ng nh\u01b0 n\u1ec1n t\u1ea3ng di \u0111\u1ed9ng c\u1ee7a ch\u00fang t\u00f4i v\u00e0 \u0111\u1ec3 \u0111\u1ea3m b\u1ea3o ch\u00fang t\u00f4i ti\u1ebfp t\u1ee5c th\u00fa v\u1ecb v\u00e0 ph\u00f9 h\u1ee3p . D\u1eef li\u1ec7u ch\u00fang t\u00f4i thu th\u1eadp bao g\u1ed3m nh\u1eefng trang web n\u00e0o b\u1ea1n \u0111\u00e3 xem, nh\u1eefng trang gi\u1edbi thi\u1ec7u \/ tho\u00e1t m\u00e0 b\u1ea1n \u0111\u00e3 nh\u1eadp v\u00e0 r\u1eddi kh\u1ecfi, lo\u1ea1i n\u1ec1n t\u1ea3ng b\u1ea1n \u0111\u00e3 s\u1eed d\u1ee5ng, th\u00f4ng tin d\u1ea5u ng\u00e0y v\u00e0 gi\u1edd v\u00e0 c\u00e1c chi ti\u1ebft nh\u01b0 s\u1ed1 l\u1ea7n b\u1ea1n nh\u1ea5p v\u00e0o m\u1ed9t trang nh\u1ea5t \u0111\u1ecbnh, con chu\u1ed9t c\u1ee7a b\u1ea1n chuy\u1ec3n \u0111\u1ed9ng v\u00e0 ho\u1ea1t \u0111\u1ed9ng cu\u1ed9n v\u00e0 v\u0103n b\u1ea3n b\u1ea1n nh\u1eadp khi s\u1eed d\u1ee5ng trang web c\u1ee7a ch\u00fang t\u00f4i.<\/p>\n<p>+ Cookie th\u01b0\u01a1ng m\u1ea1i: Ch\u00fang t\u00f4i s\u1eed d\u1ee5ng cookie c\u1ee7a b\u00ean th\u1ee9 ba c\u0169ng nh\u01b0 cookie c\u1ee7a ch\u00fang t\u00f4i \u0111\u1ec3 hi\u1ec3n th\u1ecb c\u00e1c qu\u1ea3ng c\u00e1o \u0111\u01b0\u1ee3c c\u00e1 nh\u00e2n h\u00f3a tr\u00ean trang web c\u1ee7a ch\u00fang t\u00f4i v\u00e0 tr\u00ean c\u00e1c trang web kh\u00e1c. \u0110\u00e2y \u0111\u01b0\u1ee3c g\u1ecdi l\u00e0 \u201cnh\u1eafm m\u1ee5c ti\u00eau l\u1ea1i\u201d v\u00e0 n\u00f3 d\u1ef1a tr\u00ean c\u00e1c ho\u1ea1t \u0111\u1ed9ng duy\u1ec7t, ch\u1eb3ng h\u1ea1n nh\u01b0 th\u1ef1c hi\u1ec7n quy tr\u00ecnh \u0111\u0103ng k\u00fd.&#8221;<\/p>\n","protected":false},"excerpt":{"rendered":"<p>&#8220;1. Qu\u00fd kh\u00e1ch vui l\u00f2ng xu\u1ea5t tr\u00ecnh h\u1ed9 chi\u1ebfu c\u00f3 th\u1ecb th\u1ef1c nh\u1eadp c\u1ea3nh h\u1ee3p l\u1ec7. \u0110\u1ed1i v\u1edbi ng\u01b0\u1eddi Vi\u1ec7t Nam, xin xu\u1ea5t tr\u00ecnh ch\u1ee9ng minh nh\u00e2n d\u00e2n \u0111\u1ec3 nh\u00e2n vi\u00ean L\u1ec5 t\u00e2n l\u00e0m th\u1ee7 t\u1ee5c thu\u00ea ph\u00f2ng. 2. Trong ph\u00f2ng c\u00f3 trang b\u1ecb k\u00e9t s\u1eaft \u0111i\u1ec7n t\u1eed \u0111\u1ec3 c\u1ea5t gi\u1eef ti\u1ec1n b\u1ea1c, \u0111\u1ed3 v\u1eadt [&hellip;]<\/p>\n","protected":false},"author":368,"featured_media":987,"parent":0,"menu_order":0,"comment_status":"closed","ping_status":"closed","template":"","meta":{"footnotes":""},"acf":[],"yoast_head":"<!-- This site is optimized with the Yoast SEO plugin v22.3 - https:\/\/yoast.com\/wordpress\/plugins\/seo\/ -->\n<title>Quy \u0110\u1ecbnh Khu Ngh\u1ec9 - Ana Mandara Villas Dalat Resort &amp; Spa<\/title>\n<meta name=\"robots\" content=\"index, follow, max-snippet:-1, max-image-preview:large, max-video-preview:-1\" \/>\n<link rel=\"canonical\" href=\"https:\/\/anamandara-resort.com\/vi\/resort-policy\/\" \/>\n<meta property=\"og:locale\" content=\"vi_VN\" \/>\n<meta property=\"og:type\" content=\"article\" \/>\n<meta property=\"og:title\" content=\"Quy \u0110\u1ecbnh Khu Ngh\u1ec9 - Ana Mandara Villas Dalat Resort &amp; Spa\" \/>\n<meta property=\"og:description\" content=\"&#8220;1. Qu\u00fd kh\u00e1ch vui l\u00f2ng xu\u1ea5t tr\u00ecnh h\u1ed9 chi\u1ebfu c\u00f3 th\u1ecb th\u1ef1c nh\u1eadp c\u1ea3nh h\u1ee3p l\u1ec7. \u0110\u1ed1i v\u1edbi ng\u01b0\u1eddi Vi\u1ec7t Nam, xin xu\u1ea5t tr\u00ecnh ch\u1ee9ng minh nh\u00e2n d\u00e2n \u0111\u1ec3 nh\u00e2n vi\u00ean L\u1ec5 t\u00e2n l\u00e0m th\u1ee7 t\u1ee5c thu\u00ea ph\u00f2ng. 2. Trong ph\u00f2ng c\u00f3 trang b\u1ecb k\u00e9t s\u1eaft \u0111i\u1ec7n t\u1eed \u0111\u1ec3 c\u1ea5t gi\u1eef ti\u1ec1n b\u1ea1c, \u0111\u1ed3 v\u1eadt [&hellip;]\" \/>\n<meta property=\"og:url\" content=\"https:\/\/anamandara-resort.com\/vi\/resort-policy\/\" \/>\n<meta property=\"og:site_name\" content=\"Ana Mandara Villas Dalat Resort &amp; Spa\" \/>\n<meta property=\"article:modified_time\" content=\"2023-04-19T13:00:53+00:00\" \/>\n<meta property=\"og:image\" content=\"https:\/\/www.anamandara-resort.com\/wp-content\/uploads\/sites\/233\/2022\/05\/ana-mandara-dalat-resort-policy-1024x683.jpg\" \/>\n\t<meta property=\"og:image:width\" content=\"1024\" \/>\n\t<meta property=\"og:image:height\" content=\"683\" \/>\n\t<meta property=\"og:image:type\" content=\"image\/jpeg\" \/>\n<meta name=\"twitter:card\" content=\"summary_large_image\" \/>\n<meta name=\"twitter:label1\" content=\"Est. reading time\" \/>\n\t<meta name=\"twitter:data1\" content=\"8 minutes\" \/>\n<script type=\"application\/ld+json\" class=\"yoast-schema-graph\">{\"@context\":\"https:\/\/schema.org\",\"@graph\":[{\"@type\":\"WebPage\",\"@id\":\"https:\/\/anamandara-resort.com\/vi\/resort-policy\/\",\"url\":\"https:\/\/anamandara-resort.com\/vi\/resort-policy\/\",\"name\":\"Quy \u0110\u1ecbnh Khu Ngh\u1ec9 - Ana Mandara Villas Dalat Resort &amp; Spa\",\"isPartOf\":{\"@id\":\"https:\/\/anamandara-resort.com\/vi\/#website\"},\"primaryImageOfPage\":{\"@id\":\"https:\/\/anamandara-resort.com\/vi\/resort-policy\/#primaryimage\"},\"image\":{\"@id\":\"https:\/\/anamandara-resort.com\/vi\/resort-policy\/#primaryimage\"},\"thumbnailUrl\":\"https:\/\/www.anamandara-resort.com\/wp-content\/uploads\/sites\/233\/2022\/05\/ana-mandara-dalat-resort-policy.jpg\",\"datePublished\":\"2022-04-06T10:15:04+00:00\",\"dateModified\":\"2023-04-19T13:00:53+00:00\",\"breadcrumb\":{\"@id\":\"https:\/\/anamandara-resort.com\/vi\/resort-policy\/#breadcrumb\"},\"inLanguage\":\"vi-VN\",\"potentialAction\":[{\"@type\":\"ReadAction\",\"target\":[\"https:\/\/anamandara-resort.com\/vi\/resort-policy\/\"]}]},{\"@type\":\"ImageObject\",\"inLanguage\":\"vi-VN\",\"@id\":\"https:\/\/anamandara-resort.com\/vi\/resort-policy\/#primaryimage\",\"url\":\"https:\/\/www.anamandara-resort.com\/wp-content\/uploads\/sites\/233\/2022\/05\/ana-mandara-dalat-resort-policy.jpg\",\"contentUrl\":\"https:\/\/www.anamandara-resort.com\/wp-content\/uploads\/sites\/233\/2022\/05\/ana-mandara-dalat-resort-policy.jpg\",\"width\":2200,\"height\":1467},{\"@type\":\"BreadcrumbList\",\"@id\":\"https:\/\/anamandara-resort.com\/vi\/resort-policy\/#breadcrumb\",\"itemListElement\":[{\"@type\":\"ListItem\",\"position\":1,\"name\":\"Home\",\"item\":\"https:\/\/anamandara-resort.com\/vi\/\"},{\"@type\":\"ListItem\",\"position\":2,\"name\":\"Quy \u0110\u1ecbnh Khu Ngh\u1ec9\"}]},{\"@type\":\"WebSite\",\"@id\":\"https:\/\/anamandara-resort.com\/vi\/#website\",\"url\":\"https:\/\/anamandara-resort.com\/vi\/\",\"name\":\"Ana Mandara Villas Dalat Resort &amp; Spa\",\"description\":\"\",\"potentialAction\":[{\"@type\":\"SearchAction\",\"target\":{\"@type\":\"EntryPoint\",\"urlTemplate\":\"https:\/\/anamandara-resort.com\/vi\/?s={search_term_string}\"},\"query-input\":\"required name=search_term_string\"}],\"inLanguage\":\"vi-VN\"}]}<\/script>\n<!-- \/ Yoast SEO plugin. -->","yoast_head_json":{"title":"Quy \u0110\u1ecbnh Khu Ngh\u1ec9 - Ana Mandara Villas Dalat Resort &amp; Spa","robots":{"index":"index","follow":"follow","max-snippet":"max-snippet:-1","max-image-preview":"max-image-preview:large","max-video-preview":"max-video-preview:-1"},"canonical":"https:\/\/anamandara-resort.com\/vi\/resort-policy\/","og_locale":"vi_VN","og_type":"article","og_title":"Quy \u0110\u1ecbnh Khu Ngh\u1ec9 - Ana Mandara Villas Dalat Resort &amp; Spa","og_description":"&#8220;1. Qu\u00fd kh\u00e1ch vui l\u00f2ng xu\u1ea5t tr\u00ecnh h\u1ed9 chi\u1ebfu c\u00f3 th\u1ecb th\u1ef1c nh\u1eadp c\u1ea3nh h\u1ee3p l\u1ec7. \u0110\u1ed1i v\u1edbi ng\u01b0\u1eddi Vi\u1ec7t Nam, xin xu\u1ea5t tr\u00ecnh ch\u1ee9ng minh nh\u00e2n d\u00e2n \u0111\u1ec3 nh\u00e2n vi\u00ean L\u1ec5 t\u00e2n l\u00e0m th\u1ee7 t\u1ee5c thu\u00ea ph\u00f2ng. 2. Trong ph\u00f2ng c\u00f3 trang b\u1ecb k\u00e9t s\u1eaft \u0111i\u1ec7n t\u1eed \u0111\u1ec3 c\u1ea5t gi\u1eef ti\u1ec1n b\u1ea1c, \u0111\u1ed3 v\u1eadt [&hellip;]","og_url":"https:\/\/anamandara-resort.com\/vi\/resort-policy\/","og_site_name":"Ana Mandara Villas Dalat Resort &amp; Spa","article_modified_time":"2023-04-19T13:00:53+00:00","og_image":[{"width":1024,"height":683,"url":"https:\/\/www.anamandara-resort.com\/wp-content\/uploads\/sites\/233\/2022\/05\/ana-mandara-dalat-resort-policy-1024x683.jpg","type":"image\/jpeg"}],"twitter_card":"summary_large_image","twitter_misc":{"Est. reading time":"8 minutes"},"schema":{"@context":"https:\/\/schema.org","@graph":[{"@type":"WebPage","@id":"https:\/\/anamandara-resort.com\/vi\/resort-policy\/","url":"https:\/\/anamandara-resort.com\/vi\/resort-policy\/","name":"Quy \u0110\u1ecbnh Khu Ngh\u1ec9 - Ana Mandara Villas Dalat Resort &amp; Spa","isPartOf":{"@id":"https:\/\/anamandara-resort.com\/vi\/#website"},"primaryImageOfPage":{"@id":"https:\/\/anamandara-resort.com\/vi\/resort-policy\/#primaryimage"},"image":{"@id":"https:\/\/anamandara-resort.com\/vi\/resort-policy\/#primaryimage"},"thumbnailUrl":"https:\/\/www.anamandara-resort.com\/wp-content\/uploads\/sites\/233\/2022\/05\/ana-mandara-dalat-resort-policy.jpg","datePublished":"2022-04-06T10:15:04+00:00","dateModified":"2023-04-19T13:00:53+00:00","breadcrumb":{"@id":"https:\/\/anamandara-resort.com\/vi\/resort-policy\/#breadcrumb"},"inLanguage":"vi-VN","potentialAction":[{"@type":"ReadAction","target":["https:\/\/anamandara-resort.com\/vi\/resort-policy\/"]}]},{"@type":"ImageObject","inLanguage":"vi-VN","@id":"https:\/\/anamandara-resort.com\/vi\/resort-policy\/#primaryimage","url":"https:\/\/www.anamandara-resort.com\/wp-content\/uploads\/sites\/233\/2022\/05\/ana-mandara-dalat-resort-policy.jpg","contentUrl":"https:\/\/www.anamandara-resort.com\/wp-content\/uploads\/sites\/233\/2022\/05\/ana-mandara-dalat-resort-policy.jpg","width":2200,"height":1467},{"@type":"BreadcrumbList","@id":"https:\/\/anamandara-resort.com\/vi\/resort-policy\/#breadcrumb","itemListElement":[{"@type":"ListItem","position":1,"name":"Home","item":"https:\/\/anamandara-resort.com\/vi\/"},{"@type":"ListItem","position":2,"name":"Quy \u0110\u1ecbnh Khu Ngh\u1ec9"}]},{"@type":"WebSite","@id":"https:\/\/anamandara-resort.com\/vi\/#website","url":"https:\/\/anamandara-resort.com\/vi\/","name":"Ana Mandara Villas Dalat Resort &amp; Spa","description":"","potentialAction":[{"@type":"SearchAction","target":{"@type":"EntryPoint","urlTemplate":"https:\/\/anamandara-resort.com\/vi\/?s={search_term_string}"},"query-input":"required name=search_term_string"}],"inLanguage":"vi-VN"}]}},"_links":{"self":[{"href":"https:\/\/anamandara-resort.com\/vi\/wp-json\/wp\/v2\/pages\/300"}],"collection":[{"href":"https:\/\/anamandara-resort.com\/vi\/wp-json\/wp\/v2\/pages"}],"about":[{"href":"https:\/\/anamandara-resort.com\/vi\/wp-json\/wp\/v2\/types\/page"}],"author":[{"embeddable":true,"href":"https:\/\/anamandara-resort.com\/vi\/wp-json\/wp\/v2\/users\/368"}],"replies":[{"embeddable":true,"href":"https:\/\/anamandara-resort.com\/vi\/wp-json\/wp\/v2\/comments?post=300"}],"version-history":[{"count":0,"href":"https:\/\/anamandara-resort.com\/vi\/wp-json\/wp\/v2\/pages\/300\/revisions"}],"wp:featuredmedia":[{"embeddable":true,"href":"https:\/\/anamandara-resort.com\/vi\/wp-json\/wp\/v2\/media\/987"}],"wp:attachment":[{"href":"https:\/\/anamandara-resort.com\/vi\/wp-json\/wp\/v2\/media?parent=300"}],"curies":[{"name":"wp","href":"https:\/\/api.w.org\/{rel}","templated":true}]}}