{"id":301,"date":"2022-04-05T08:20:12","date_gmt":"2022-04-05T08:20:12","guid":{"rendered":"https:\/\/ana-mandara-resort.ms.decms.asia\/meeting\/"},"modified":"2025-11-06T04:04:45","modified_gmt":"2025-11-06T04:04:45","slug":"meeting","status":"publish","type":"page","link":"https:\/\/anamandara-resort.com\/vi\/meeting\/","title":{"rendered":"H\u1ed9i H\u1ecdp"},"content":{"rendered":"<p><span data-sheets-value=\"{&quot;1&quot;:2,&quot;2&quot;:&quot;Kh\u00f4ng gian h\u1ed9i ngh\u1ecb v\u00e0 s\u1ef1 ki\u1ec7n v\u1edbi ho\u00e0n h\u1ea3o \u0111\u01b0\u1ee3c trang b\u1ecb nh\u1eefng thi\u1ebft b\u1ecb t\u1ed1i \u01b0u v\u00e0 c\u00f4ng ngh\u1ec7 ti\u00ean ti\u1ebfn \u0111\u1ea3m b\u1ea3o cho m\u1ed9t bu\u1ed5i t\u1ed5 ch\u1ee9c s\u1ef1 ki\u1ec7n ho\u00e0n h\u1ea3o. V\u1edbi \u0111\u1ed9i ng\u0169 nh\u00e2n vi\u00ean ph\u1ee5c v\u1ee5 chuy\u00ean nghi\u1ec7p v\u00e0 tinh t\u1ebf, ch\u00fang t\u00f4i s\u1ebd mang \u0111\u1ebfn s\u1ef1 ho\u00e0n h\u1ea3o nh\u1ea5t cho s\u1ef1 ki\u1ec7n c\u1ee7a b\u1ea1n.&quot;}\" data-sheets-userformat=\"{&quot;2&quot;:13219,&quot;3&quot;:{&quot;1&quot;:0},&quot;4&quot;:{&quot;1&quot;:2,&quot;2&quot;:16777215},&quot;8&quot;:{&quot;1&quot;:[{&quot;1&quot;:2,&quot;2&quot;:0,&quot;5&quot;:{&quot;1&quot;:2,&quot;2&quot;:14277081}},{&quot;1&quot;:0,&quot;2&quot;:0,&quot;3&quot;:3},{&quot;1&quot;:1,&quot;2&quot;:0,&quot;4&quot;:1}]},&quot;10&quot;:1,&quot;11&quot;:4,&quot;12&quot;:0,&quot;15&quot;:&quot;Montserrat&quot;,&quot;16&quot;:10}\">Kh\u00f4ng gian h\u1ed9i ngh\u1ecb v\u00e0 s\u1ef1 ki\u1ec7n v\u1edbi ho\u00e0n h\u1ea3o \u0111\u01b0\u1ee3c trang b\u1ecb nh\u1eefng thi\u1ebft b\u1ecb t\u1ed1i \u01b0u v\u00e0 c\u00f4ng ngh\u1ec7 ti\u00ean ti\u1ebfn \u0111\u1ea3m b\u1ea3o cho m\u1ed9t bu\u1ed5i t\u1ed5 ch\u1ee9c s\u1ef1 ki\u1ec7n ho\u00e0n h\u1ea3o. V\u1edbi \u0111\u1ed9i ng\u0169 nh\u00e2n vi\u00ean ph\u1ee5c v\u1ee5 chuy\u00ean nghi\u1ec7p v\u00e0 tinh t\u1ebf, ch\u00fang t\u00f4i s\u1ebd mang \u0111\u1ebfn s\u1ef1 ho\u00e0n h\u1ea3o nh\u1ea5t cho s\u1ef1 ki\u1ec7n c\u1ee7a b\u1ea1n.<\/span><\/p>\n","protected":false},"excerpt":{"rendered":"<p>Kh\u00f4ng gian h\u1ed9i ngh\u1ecb v\u00e0 s\u1ef1 ki\u1ec7n v\u1edbi ho\u00e0n h\u1ea3o \u0111\u01b0\u1ee3c trang b\u1ecb nh\u1eefng thi\u1ebft b\u1ecb t\u1ed1i \u01b0u v\u00e0 c\u00f4ng ngh\u1ec7 ti\u00ean ti\u1ebfn \u0111\u1ea3m b\u1ea3o cho m\u1ed9t bu\u1ed5i t\u1ed5 ch\u1ee9c s\u1ef1 ki\u1ec7n ho\u00e0n h\u1ea3o. V\u1edbi \u0111\u1ed9i ng\u0169 nh\u00e2n vi\u00ean ph\u1ee5c v\u1ee5 chuy\u00ean nghi\u1ec7p v\u00e0 tinh t\u1ebf, ch\u00fang t\u00f4i s\u1ebd mang \u0111\u1ebfn s\u1ef1 ho\u00e0n h\u1ea3o nh\u1ea5t [&hellip;]<\/p>\n","protected":false},"author":368,"featured_media":7069,"parent":0,"menu_order":0,"comment_status":"closed","ping_status":"closed","template":"template-meeting.php","meta":{"footnotes":""},"acf":[],"yoast_head":"<!-- This site is optimized with the Yoast SEO plugin v22.3 - https:\/\/yoast.com\/wordpress\/plugins\/seo\/ -->\n<title>H\u1ed9i H\u1ecdp - Ana Mandara Villas Dalat Resort &amp; Spa<\/title>\n<meta name=\"robots\" content=\"index, follow, max-snippet:-1, max-image-preview:large, max-video-preview:-1\" \/>\n<link rel=\"canonical\" href=\"https:\/\/anamandara-resort.com\/vi\/meeting\/\" \/>\n<meta property=\"og:locale\" content=\"vi_VN\" \/>\n<meta property=\"og:type\" content=\"article\" \/>\n<meta property=\"og:title\" content=\"H\u1ed9i H\u1ecdp - Ana Mandara Villas Dalat Resort &amp; Spa\" \/>\n<meta property=\"og:description\" content=\"Kh\u00f4ng gian h\u1ed9i ngh\u1ecb v\u00e0 s\u1ef1 ki\u1ec7n v\u1edbi ho\u00e0n h\u1ea3o \u0111\u01b0\u1ee3c trang b\u1ecb nh\u1eefng thi\u1ebft b\u1ecb t\u1ed1i \u01b0u v\u00e0 c\u00f4ng ngh\u1ec7 ti\u00ean ti\u1ebfn \u0111\u1ea3m b\u1ea3o cho m\u1ed9t bu\u1ed5i t\u1ed5 ch\u1ee9c s\u1ef1 ki\u1ec7n ho\u00e0n h\u1ea3o. V\u1edbi \u0111\u1ed9i ng\u0169 nh\u00e2n vi\u00ean ph\u1ee5c v\u1ee5 chuy\u00ean nghi\u1ec7p v\u00e0 tinh t\u1ebf, ch\u00fang t\u00f4i s\u1ebd mang \u0111\u1ebfn s\u1ef1 ho\u00e0n h\u1ea3o nh\u1ea5t [&hellip;]\" \/>\n<meta property=\"og:url\" content=\"https:\/\/anamandara-resort.com\/vi\/meeting\/\" \/>\n<meta property=\"og:site_name\" content=\"Ana Mandara Villas Dalat Resort &amp; Spa\" \/>\n<meta property=\"article:modified_time\" content=\"2025-11-06T04:04:45+00:00\" \/>\n<meta property=\"og:image\" content=\"https:\/\/www.anamandara-resort.com\/wp-content\/uploads\/sites\/233\/2024\/06\/3.jpg\" \/>\n\t<meta property=\"og:image:width\" content=\"2048\" \/>\n\t<meta property=\"og:image:height\" content=\"1366\" \/>\n\t<meta property=\"og:image:type\" content=\"image\/jpeg\" \/>\n<meta name=\"twitter:card\" content=\"summary_large_image\" \/>\n<script type=\"application\/ld+json\" class=\"yoast-schema-graph\">{\"@context\":\"https:\/\/schema.org\",\"@graph\":[{\"@type\":\"WebPage\",\"@id\":\"https:\/\/anamandara-resort.com\/vi\/meeting\/\",\"url\":\"https:\/\/anamandara-resort.com\/vi\/meeting\/\",\"name\":\"H\u1ed9i H\u1ecdp - Ana Mandara Villas Dalat Resort &amp; Spa\",\"isPartOf\":{\"@id\":\"https:\/\/anamandara-resort.com\/vi\/#website\"},\"primaryImageOfPage\":{\"@id\":\"https:\/\/anamandara-resort.com\/vi\/meeting\/#primaryimage\"},\"image\":{\"@id\":\"https:\/\/anamandara-resort.com\/vi\/meeting\/#primaryimage\"},\"thumbnailUrl\":\"https:\/\/www.anamandara-resort.com\/wp-content\/uploads\/sites\/233\/2024\/06\/3.jpg\",\"datePublished\":\"2022-04-05T08:20:12+00:00\",\"dateModified\":\"2025-11-06T04:04:45+00:00\",\"breadcrumb\":{\"@id\":\"https:\/\/anamandara-resort.com\/vi\/meeting\/#breadcrumb\"},\"inLanguage\":\"vi-VN\",\"potentialAction\":[{\"@type\":\"ReadAction\",\"target\":[\"https:\/\/anamandara-resort.com\/vi\/meeting\/\"]}]},{\"@type\":\"ImageObject\",\"inLanguage\":\"vi-VN\",\"@id\":\"https:\/\/anamandara-resort.com\/vi\/meeting\/#primaryimage\",\"url\":\"https:\/\/www.anamandara-resort.com\/wp-content\/uploads\/sites\/233\/2024\/06\/3.jpg\",\"contentUrl\":\"https:\/\/www.anamandara-resort.com\/wp-content\/uploads\/sites\/233\/2024\/06\/3.jpg\",\"width\":2048,\"height\":1366},{\"@type\":\"BreadcrumbList\",\"@id\":\"https:\/\/anamandara-resort.com\/vi\/meeting\/#breadcrumb\",\"itemListElement\":[{\"@type\":\"ListItem\",\"position\":1,\"name\":\"Home\",\"item\":\"https:\/\/anamandara-resort.com\/vi\/\"},{\"@type\":\"ListItem\",\"position\":2,\"name\":\"H\u1ed9i H\u1ecdp\"}]},{\"@type\":\"WebSite\",\"@id\":\"https:\/\/anamandara-resort.com\/vi\/#website\",\"url\":\"https:\/\/anamandara-resort.com\/vi\/\",\"name\":\"Ana Mandara Villas Dalat Resort &amp; Spa\",\"description\":\"\",\"potentialAction\":[{\"@type\":\"SearchAction\",\"target\":{\"@type\":\"EntryPoint\",\"urlTemplate\":\"https:\/\/anamandara-resort.com\/vi\/?s={search_term_string}\"},\"query-input\":\"required name=search_term_string\"}],\"inLanguage\":\"vi-VN\"}]}<\/script>\n<!-- \/ Yoast SEO plugin. -->","yoast_head_json":{"title":"H\u1ed9i H\u1ecdp - Ana Mandara Villas Dalat Resort &amp; Spa","robots":{"index":"index","follow":"follow","max-snippet":"max-snippet:-1","max-image-preview":"max-image-preview:large","max-video-preview":"max-video-preview:-1"},"canonical":"https:\/\/anamandara-resort.com\/vi\/meeting\/","og_locale":"vi_VN","og_type":"article","og_title":"H\u1ed9i H\u1ecdp - Ana Mandara Villas Dalat Resort &amp; Spa","og_description":"Kh\u00f4ng gian h\u1ed9i ngh\u1ecb v\u00e0 s\u1ef1 ki\u1ec7n v\u1edbi ho\u00e0n h\u1ea3o \u0111\u01b0\u1ee3c trang b\u1ecb nh\u1eefng thi\u1ebft b\u1ecb t\u1ed1i \u01b0u v\u00e0 c\u00f4ng ngh\u1ec7 ti\u00ean ti\u1ebfn \u0111\u1ea3m b\u1ea3o cho m\u1ed9t bu\u1ed5i t\u1ed5 ch\u1ee9c s\u1ef1 ki\u1ec7n ho\u00e0n h\u1ea3o. V\u1edbi \u0111\u1ed9i ng\u0169 nh\u00e2n vi\u00ean ph\u1ee5c v\u1ee5 chuy\u00ean nghi\u1ec7p v\u00e0 tinh t\u1ebf, ch\u00fang t\u00f4i s\u1ebd mang \u0111\u1ebfn s\u1ef1 ho\u00e0n h\u1ea3o nh\u1ea5t [&hellip;]","og_url":"https:\/\/anamandara-resort.com\/vi\/meeting\/","og_site_name":"Ana Mandara Villas Dalat Resort &amp; Spa","article_modified_time":"2025-11-06T04:04:45+00:00","og_image":[{"width":2048,"height":1366,"url":"https:\/\/www.anamandara-resort.com\/wp-content\/uploads\/sites\/233\/2024\/06\/3.jpg","type":"image\/jpeg"}],"twitter_card":"summary_large_image","schema":{"@context":"https:\/\/schema.org","@graph":[{"@type":"WebPage","@id":"https:\/\/anamandara-resort.com\/vi\/meeting\/","url":"https:\/\/anamandara-resort.com\/vi\/meeting\/","name":"H\u1ed9i H\u1ecdp - Ana Mandara Villas Dalat Resort &amp; Spa","isPartOf":{"@id":"https:\/\/anamandara-resort.com\/vi\/#website"},"primaryImageOfPage":{"@id":"https:\/\/anamandara-resort.com\/vi\/meeting\/#primaryimage"},"image":{"@id":"https:\/\/anamandara-resort.com\/vi\/meeting\/#primaryimage"},"thumbnailUrl":"https:\/\/www.anamandara-resort.com\/wp-content\/uploads\/sites\/233\/2024\/06\/3.jpg","datePublished":"2022-04-05T08:20:12+00:00","dateModified":"2025-11-06T04:04:45+00:00","breadcrumb":{"@id":"https:\/\/anamandara-resort.com\/vi\/meeting\/#breadcrumb"},"inLanguage":"vi-VN","potentialAction":[{"@type":"ReadAction","target":["https:\/\/anamandara-resort.com\/vi\/meeting\/"]}]},{"@type":"ImageObject","inLanguage":"vi-VN","@id":"https:\/\/anamandara-resort.com\/vi\/meeting\/#primaryimage","url":"https:\/\/www.anamandara-resort.com\/wp-content\/uploads\/sites\/233\/2024\/06\/3.jpg","contentUrl":"https:\/\/www.anamandara-resort.com\/wp-content\/uploads\/sites\/233\/2024\/06\/3.jpg","width":2048,"height":1366},{"@type":"BreadcrumbList","@id":"https:\/\/anamandara-resort.com\/vi\/meeting\/#breadcrumb","itemListElement":[{"@type":"ListItem","position":1,"name":"Home","item":"https:\/\/anamandara-resort.com\/vi\/"},{"@type":"ListItem","position":2,"name":"H\u1ed9i H\u1ecdp"}]},{"@type":"WebSite","@id":"https:\/\/anamandara-resort.com\/vi\/#website","url":"https:\/\/anamandara-resort.com\/vi\/","name":"Ana Mandara Villas Dalat Resort &amp; Spa","description":"","potentialAction":[{"@type":"SearchAction","target":{"@type":"EntryPoint","urlTemplate":"https:\/\/anamandara-resort.com\/vi\/?s={search_term_string}"},"query-input":"required name=search_term_string"}],"inLanguage":"vi-VN"}]}},"_links":{"self":[{"href":"https:\/\/anamandara-resort.com\/vi\/wp-json\/wp\/v2\/pages\/301"}],"collection":[{"href":"https:\/\/anamandara-resort.com\/vi\/wp-json\/wp\/v2\/pages"}],"about":[{"href":"https:\/\/anamandara-resort.com\/vi\/wp-json\/wp\/v2\/types\/page"}],"author":[{"embeddable":true,"href":"https:\/\/anamandara-resort.com\/vi\/wp-json\/wp\/v2\/users\/368"}],"replies":[{"embeddable":true,"href":"https:\/\/anamandara-resort.com\/vi\/wp-json\/wp\/v2\/comments?post=301"}],"version-history":[{"count":0,"href":"https:\/\/anamandara-resort.com\/vi\/wp-json\/wp\/v2\/pages\/301\/revisions"}],"wp:featuredmedia":[{"embeddable":true,"href":"https:\/\/anamandara-resort.com\/vi\/wp-json\/wp\/v2\/media\/7069"}],"wp:attachment":[{"href":"https:\/\/anamandara-resort.com\/vi\/wp-json\/wp\/v2\/media?parent=301"}],"curies":[{"name":"wp","href":"https:\/\/api.w.org\/{rel}","templated":true}]}}