{"id":304,"date":"2022-04-05T07:03:04","date_gmt":"2022-04-05T07:03:04","guid":{"rendered":"https:\/\/ana-mandara-resort.ms.decms.asia\/rooms-suites\/"},"modified":"2025-07-29T04:23:25","modified_gmt":"2025-07-29T04:23:25","slug":"rooms-suites","status":"publish","type":"page","link":"https:\/\/anamandara-resort.com\/vi\/rooms-suites\/","title":{"rendered":"Ph\u00f2ng Ngh\u1ec9"},"content":{"rendered":"<p><span data-sheets-value=\"{&quot;1&quot;:2,&quot;2&quot;:&quot;Ch\u00e0o m\u1eebng \u0111\u1ebfn v\u1edbi n\u01a1i ngh\u1ec9 ch\u00e2n y\u00ean b\u00ecnh t\u1ea1i trung t\u00e2m th\u00e0nh ph\u1ed1 \u0110\u00e0 L\u1ea1t. H\u00e3y l\u1ef1a ch\u1ecdn h\u1ea1ng ph\u00f2ng \u0111\u01b0\u1ee3c thi\u1ebft k\u1ebf ri\u00eang bi\u1ec7t \u0111\u1eadm ch\u1ea5t Ph\u00e1p c\u1ed5 \u0111i\u1ec3n \u0111em l\u1ea1i cho m\u1ed7i v\u1ecb kh\u00e1ch m\u1ed9t tr\u1ea3i nghi\u1ec7m du l\u1ecbch \u0111\u1ed9c \u0111\u00e1o k\u1ebft h\u1ee3p h\u01b0\u01a1ng v\u1ecb b\u1ea3n \u0111\u1ecba ch\u00e2n th\u1ef1c v\u1edbi s\u1ef1 sang tr\u1ecdng tinh t\u1ebf. &quot;}\" data-sheets-userformat=\"{&quot;2&quot;:13251,&quot;3&quot;:{&quot;1&quot;:0},&quot;4&quot;:{&quot;1&quot;:2,&quot;2&quot;:16773836},&quot;9&quot;:0,&quot;10&quot;:1,&quot;11&quot;:4,&quot;12&quot;:0,&quot;15&quot;:&quot;Montserrat&quot;,&quot;16&quot;:10}\">Ch\u00e0o m\u1eebng \u0111\u1ebfn v\u1edbi n\u01a1i ngh\u1ec9 ch\u00e2n y\u00ean b\u00ecnh t\u1ea1i trung t\u00e2m th\u00e0nh ph\u1ed1 \u0110\u00e0 L\u1ea1t. H\u00e3y l\u1ef1a ch\u1ecdn h\u1ea1ng ph\u00f2ng \u0111\u01b0\u1ee3c thi\u1ebft k\u1ebf ri\u00eang bi\u1ec7t \u0111\u1eadm ch\u1ea5t Ph\u00e1p c\u1ed5 \u0111i\u1ec3n \u0111em l\u1ea1i cho m\u1ed7i v\u1ecb kh\u00e1ch m\u1ed9t tr\u1ea3i nghi\u1ec7m du l\u1ecbch \u0111\u1ed9c \u0111\u00e1o k\u1ebft h\u1ee3p h\u01b0\u01a1ng v\u1ecb b\u1ea3n \u0111\u1ecba ch\u00e2n th\u1ef1c v\u1edbi s\u1ef1 sang tr\u1ecdng tinh t\u1ebf. <\/span><\/p>\n","protected":false},"excerpt":{"rendered":"<p>Ch\u00e0o m\u1eebng \u0111\u1ebfn v\u1edbi n\u01a1i ngh\u1ec9 ch\u00e2n y\u00ean b\u00ecnh t\u1ea1i trung t\u00e2m th\u00e0nh ph\u1ed1 \u0110\u00e0 L\u1ea1t. H\u00e3y l\u1ef1a ch\u1ecdn h\u1ea1ng ph\u00f2ng \u0111\u01b0\u1ee3c thi\u1ebft k\u1ebf ri\u00eang bi\u1ec7t \u0111\u1eadm ch\u1ea5t Ph\u00e1p c\u1ed5 \u0111i\u1ec3n \u0111em l\u1ea1i cho m\u1ed7i v\u1ecb kh\u00e1ch m\u1ed9t tr\u1ea3i nghi\u1ec7m du l\u1ecbch \u0111\u1ed9c \u0111\u00e1o k\u1ebft h\u1ee3p h\u01b0\u01a1ng v\u1ecb b\u1ea3n \u0111\u1ecba ch\u00e2n th\u1ef1c v\u1edbi s\u1ef1 sang [&hellip;]<\/p>\n","protected":false},"author":368,"featured_media":8751,"parent":0,"menu_order":0,"comment_status":"closed","ping_status":"closed","template":"template-rooms.php","meta":{"footnotes":""},"acf":[],"yoast_head":"<!-- This site is optimized with the Yoast SEO plugin v22.3 - https:\/\/yoast.com\/wordpress\/plugins\/seo\/ -->\n<title>Ph\u00f2ng Ngh\u1ec9 - Ana Mandara Villas Dalat Resort &amp; Spa<\/title>\n<meta name=\"robots\" content=\"index, follow, max-snippet:-1, max-image-preview:large, max-video-preview:-1\" \/>\n<link rel=\"canonical\" href=\"https:\/\/anamandara-resort.com\/vi\/rooms-suites\/\" \/>\n<meta property=\"og:locale\" content=\"vi_VN\" \/>\n<meta property=\"og:type\" content=\"article\" \/>\n<meta property=\"og:title\" content=\"Ph\u00f2ng Ngh\u1ec9 - Ana Mandara Villas Dalat Resort &amp; Spa\" \/>\n<meta property=\"og:description\" content=\"Ch\u00e0o m\u1eebng \u0111\u1ebfn v\u1edbi n\u01a1i ngh\u1ec9 ch\u00e2n y\u00ean b\u00ecnh t\u1ea1i trung t\u00e2m th\u00e0nh ph\u1ed1 \u0110\u00e0 L\u1ea1t. H\u00e3y l\u1ef1a ch\u1ecdn h\u1ea1ng ph\u00f2ng \u0111\u01b0\u1ee3c thi\u1ebft k\u1ebf ri\u00eang bi\u1ec7t \u0111\u1eadm ch\u1ea5t Ph\u00e1p c\u1ed5 \u0111i\u1ec3n \u0111em l\u1ea1i cho m\u1ed7i v\u1ecb kh\u00e1ch m\u1ed9t tr\u1ea3i nghi\u1ec7m du l\u1ecbch \u0111\u1ed9c \u0111\u00e1o k\u1ebft h\u1ee3p h\u01b0\u01a1ng v\u1ecb b\u1ea3n \u0111\u1ecba ch\u00e2n th\u1ef1c v\u1edbi s\u1ef1 sang [&hellip;]\" \/>\n<meta property=\"og:url\" content=\"https:\/\/anamandara-resort.com\/vi\/rooms-suites\/\" \/>\n<meta property=\"og:site_name\" content=\"Ana Mandara Villas Dalat Resort &amp; Spa\" \/>\n<meta property=\"article:modified_time\" content=\"2025-07-29T04:23:25+00:00\" \/>\n<meta property=\"og:image\" content=\"https:\/\/www.anamandara-resort.com\/wp-content\/uploads\/sites\/233\/2025\/07\/VILLA-STUDIO-1602-9.jpg\" \/>\n\t<meta property=\"og:image:width\" content=\"1920\" \/>\n\t<meta property=\"og:image:height\" content=\"1280\" \/>\n\t<meta property=\"og:image:type\" content=\"image\/jpeg\" \/>\n<meta name=\"twitter:card\" content=\"summary_large_image\" \/>\n<script type=\"application\/ld+json\" class=\"yoast-schema-graph\">{\"@context\":\"https:\/\/schema.org\",\"@graph\":[{\"@type\":\"WebPage\",\"@id\":\"https:\/\/anamandara-resort.com\/vi\/rooms-suites\/\",\"url\":\"https:\/\/anamandara-resort.com\/vi\/rooms-suites\/\",\"name\":\"Ph\u00f2ng Ngh\u1ec9 - Ana Mandara Villas Dalat Resort &amp; Spa\",\"isPartOf\":{\"@id\":\"https:\/\/anamandara-resort.com\/vi\/#website\"},\"primaryImageOfPage\":{\"@id\":\"https:\/\/anamandara-resort.com\/vi\/rooms-suites\/#primaryimage\"},\"image\":{\"@id\":\"https:\/\/anamandara-resort.com\/vi\/rooms-suites\/#primaryimage\"},\"thumbnailUrl\":\"https:\/\/www.anamandara-resort.com\/wp-content\/uploads\/sites\/233\/2025\/07\/VILLA-STUDIO-1602-9.jpg\",\"datePublished\":\"2022-04-05T07:03:04+00:00\",\"dateModified\":\"2025-07-29T04:23:25+00:00\",\"breadcrumb\":{\"@id\":\"https:\/\/anamandara-resort.com\/vi\/rooms-suites\/#breadcrumb\"},\"inLanguage\":\"vi-VN\",\"potentialAction\":[{\"@type\":\"ReadAction\",\"target\":[\"https:\/\/anamandara-resort.com\/vi\/rooms-suites\/\"]}]},{\"@type\":\"ImageObject\",\"inLanguage\":\"vi-VN\",\"@id\":\"https:\/\/anamandara-resort.com\/vi\/rooms-suites\/#primaryimage\",\"url\":\"https:\/\/www.anamandara-resort.com\/wp-content\/uploads\/sites\/233\/2025\/07\/VILLA-STUDIO-1602-9.jpg\",\"contentUrl\":\"https:\/\/www.anamandara-resort.com\/wp-content\/uploads\/sites\/233\/2025\/07\/VILLA-STUDIO-1602-9.jpg\",\"width\":1920,\"height\":1280},{\"@type\":\"BreadcrumbList\",\"@id\":\"https:\/\/anamandara-resort.com\/vi\/rooms-suites\/#breadcrumb\",\"itemListElement\":[{\"@type\":\"ListItem\",\"position\":1,\"name\":\"Home\",\"item\":\"https:\/\/anamandara-resort.com\/vi\/\"},{\"@type\":\"ListItem\",\"position\":2,\"name\":\"Ph\u00f2ng Ngh\u1ec9\"}]},{\"@type\":\"WebSite\",\"@id\":\"https:\/\/anamandara-resort.com\/vi\/#website\",\"url\":\"https:\/\/anamandara-resort.com\/vi\/\",\"name\":\"Ana Mandara Villas Dalat Resort &amp; Spa\",\"description\":\"\",\"potentialAction\":[{\"@type\":\"SearchAction\",\"target\":{\"@type\":\"EntryPoint\",\"urlTemplate\":\"https:\/\/anamandara-resort.com\/vi\/?s={search_term_string}\"},\"query-input\":\"required name=search_term_string\"}],\"inLanguage\":\"vi-VN\"}]}<\/script>\n<!-- \/ Yoast SEO plugin. -->","yoast_head_json":{"title":"Ph\u00f2ng Ngh\u1ec9 - Ana Mandara Villas Dalat Resort &amp; Spa","robots":{"index":"index","follow":"follow","max-snippet":"max-snippet:-1","max-image-preview":"max-image-preview:large","max-video-preview":"max-video-preview:-1"},"canonical":"https:\/\/anamandara-resort.com\/vi\/rooms-suites\/","og_locale":"vi_VN","og_type":"article","og_title":"Ph\u00f2ng Ngh\u1ec9 - Ana Mandara Villas Dalat Resort &amp; Spa","og_description":"Ch\u00e0o m\u1eebng \u0111\u1ebfn v\u1edbi n\u01a1i ngh\u1ec9 ch\u00e2n y\u00ean b\u00ecnh t\u1ea1i trung t\u00e2m th\u00e0nh ph\u1ed1 \u0110\u00e0 L\u1ea1t. H\u00e3y l\u1ef1a ch\u1ecdn h\u1ea1ng ph\u00f2ng \u0111\u01b0\u1ee3c thi\u1ebft k\u1ebf ri\u00eang bi\u1ec7t \u0111\u1eadm ch\u1ea5t Ph\u00e1p c\u1ed5 \u0111i\u1ec3n \u0111em l\u1ea1i cho m\u1ed7i v\u1ecb kh\u00e1ch m\u1ed9t tr\u1ea3i nghi\u1ec7m du l\u1ecbch \u0111\u1ed9c \u0111\u00e1o k\u1ebft h\u1ee3p h\u01b0\u01a1ng v\u1ecb b\u1ea3n \u0111\u1ecba ch\u00e2n th\u1ef1c v\u1edbi s\u1ef1 sang [&hellip;]","og_url":"https:\/\/anamandara-resort.com\/vi\/rooms-suites\/","og_site_name":"Ana Mandara Villas Dalat Resort &amp; Spa","article_modified_time":"2025-07-29T04:23:25+00:00","og_image":[{"width":1920,"height":1280,"url":"https:\/\/www.anamandara-resort.com\/wp-content\/uploads\/sites\/233\/2025\/07\/VILLA-STUDIO-1602-9.jpg","type":"image\/jpeg"}],"twitter_card":"summary_large_image","schema":{"@context":"https:\/\/schema.org","@graph":[{"@type":"WebPage","@id":"https:\/\/anamandara-resort.com\/vi\/rooms-suites\/","url":"https:\/\/anamandara-resort.com\/vi\/rooms-suites\/","name":"Ph\u00f2ng Ngh\u1ec9 - Ana Mandara Villas Dalat Resort &amp; Spa","isPartOf":{"@id":"https:\/\/anamandara-resort.com\/vi\/#website"},"primaryImageOfPage":{"@id":"https:\/\/anamandara-resort.com\/vi\/rooms-suites\/#primaryimage"},"image":{"@id":"https:\/\/anamandara-resort.com\/vi\/rooms-suites\/#primaryimage"},"thumbnailUrl":"https:\/\/www.anamandara-resort.com\/wp-content\/uploads\/sites\/233\/2025\/07\/VILLA-STUDIO-1602-9.jpg","datePublished":"2022-04-05T07:03:04+00:00","dateModified":"2025-07-29T04:23:25+00:00","breadcrumb":{"@id":"https:\/\/anamandara-resort.com\/vi\/rooms-suites\/#breadcrumb"},"inLanguage":"vi-VN","potentialAction":[{"@type":"ReadAction","target":["https:\/\/anamandara-resort.com\/vi\/rooms-suites\/"]}]},{"@type":"ImageObject","inLanguage":"vi-VN","@id":"https:\/\/anamandara-resort.com\/vi\/rooms-suites\/#primaryimage","url":"https:\/\/www.anamandara-resort.com\/wp-content\/uploads\/sites\/233\/2025\/07\/VILLA-STUDIO-1602-9.jpg","contentUrl":"https:\/\/www.anamandara-resort.com\/wp-content\/uploads\/sites\/233\/2025\/07\/VILLA-STUDIO-1602-9.jpg","width":1920,"height":1280},{"@type":"BreadcrumbList","@id":"https:\/\/anamandara-resort.com\/vi\/rooms-suites\/#breadcrumb","itemListElement":[{"@type":"ListItem","position":1,"name":"Home","item":"https:\/\/anamandara-resort.com\/vi\/"},{"@type":"ListItem","position":2,"name":"Ph\u00f2ng Ngh\u1ec9"}]},{"@type":"WebSite","@id":"https:\/\/anamandara-resort.com\/vi\/#website","url":"https:\/\/anamandara-resort.com\/vi\/","name":"Ana Mandara Villas Dalat Resort &amp; Spa","description":"","potentialAction":[{"@type":"SearchAction","target":{"@type":"EntryPoint","urlTemplate":"https:\/\/anamandara-resort.com\/vi\/?s={search_term_string}"},"query-input":"required name=search_term_string"}],"inLanguage":"vi-VN"}]}},"_links":{"self":[{"href":"https:\/\/anamandara-resort.com\/vi\/wp-json\/wp\/v2\/pages\/304"}],"collection":[{"href":"https:\/\/anamandara-resort.com\/vi\/wp-json\/wp\/v2\/pages"}],"about":[{"href":"https:\/\/anamandara-resort.com\/vi\/wp-json\/wp\/v2\/types\/page"}],"author":[{"embeddable":true,"href":"https:\/\/anamandara-resort.com\/vi\/wp-json\/wp\/v2\/users\/368"}],"replies":[{"embeddable":true,"href":"https:\/\/anamandara-resort.com\/vi\/wp-json\/wp\/v2\/comments?post=304"}],"version-history":[{"count":0,"href":"https:\/\/anamandara-resort.com\/vi\/wp-json\/wp\/v2\/pages\/304\/revisions"}],"wp:featuredmedia":[{"embeddable":true,"href":"https:\/\/anamandara-resort.com\/vi\/wp-json\/wp\/v2\/media\/8751"}],"wp:attachment":[{"href":"https:\/\/anamandara-resort.com\/vi\/wp-json\/wp\/v2\/media?parent=304"}],"curies":[{"name":"wp","href":"https:\/\/api.w.org\/{rel}","templated":true}]}}