{"id":305,"date":"2022-04-05T07:06:01","date_gmt":"2022-04-05T07:06:01","guid":{"rendered":"https:\/\/ana-mandara-resort.ms.decms.asia\/rooms-suites\/le-petit\/"},"modified":"2025-07-21T03:35:10","modified_gmt":"2025-07-21T03:35:10","slug":"le-petit","status":"publish","type":"page","link":"https:\/\/anamandara-resort.com\/vi\/rooms-suites\/le-petit\/","title":{"rendered":"Le Petit"},"content":{"rendered":"<p><span data-sheets-value=\"{&quot;1&quot;:2,&quot;2&quot;:&quot;\u0110\u01b0\u1ee3c bao ph\u1ee7 b\u1edfi r\u1eebng th\u00f4ng xanh ng\u00e1t, 8 c\u0103n ph\u00f2ng Le Petit ch\u00e0o \u0111\u00f3n Qu\u00fd kh\u00e1ch v\u1edbi gi\u01b0\u1eddng \u0111\u00f4i m\u1eafc m\u00e0n t\u1ee9 tr\u1ee5 truy\u1ec1n th\u1ed1ng, l\u00f2 s\u01b0\u1edfi c\u1ed5 b\u1eb1ng gang, ph\u00f2ng t\u1eafm v\u00e0 nhi\u1ec1u ti\u1ec7n \u00edch kh\u00e1c. S\u1ef1 c\u1ed5 \u0111i\u1ec3n to\u00e1t l\u00ean t\u1eeb nh\u1eefng c\u00f4ng t\u1eafc \u0111i\u1ec7n c\u1ed5 \u0111i\u1ec3n, qu\u1ea1t tr\u1ea7n v\u00e0 s\u00e0n g\u1ed7. T\u1ea5t c\u1ea3 t\u1ea1o n\u00ean m\u1ed9t b\u1ea7u kh\u00f4ng kh\u00ed \u1ea5m c\u00fang, l\u00fd t\u01b0\u1edfng cho 02 ng\u01b0\u1eddi l\u1edbn v\u00e0 01 tr\u1ebb em d\u01b0\u1edbi 6 tu\u1ed5i.\\n&quot;}\" data-sheets-userformat=\"{&quot;2&quot;:13251,&quot;3&quot;:{&quot;1&quot;:0},&quot;4&quot;:{&quot;1&quot;:2,&quot;2&quot;:16773836},&quot;9&quot;:0,&quot;10&quot;:1,&quot;11&quot;:4,&quot;12&quot;:0,&quot;15&quot;:&quot;Montserrat&quot;,&quot;16&quot;:10}\">\u0110\u01b0\u1ee3c bao ph\u1ee7 b\u1edfi r\u1eebng th\u00f4ng xanh ng\u00e1t, 5 c\u0103n ph\u00f2ng Le Petit ch\u00e0o \u0111\u00f3n Qu\u00fd kh\u00e1ch v\u1edbi gi\u01b0\u1eddng \u0111\u00f4i m\u1eafc m\u00e0n t\u1ee9 tr\u1ee5 truy\u1ec1n th\u1ed1ng, l\u00f2 s\u01b0\u1edfi c\u1ed5 b\u1eb1ng gang, ph\u00f2ng t\u1eafm v\u00e0 nhi\u1ec1u ti\u1ec7n \u00edch kh\u00e1c. S\u1ef1 c\u1ed5 \u0111i\u1ec3n to\u00e1t l\u00ean t\u1eeb nh\u1eefng c\u00f4ng t\u1eafc \u0111i\u1ec7n c\u1ed5 \u0111i\u1ec3n, qu\u1ea1t tr\u1ea7n v\u00e0 s\u00e0n g\u1ed7. T\u1ea5t c\u1ea3 t\u1ea1o n\u00ean m\u1ed9t b\u1ea7u kh\u00f4ng kh\u00ed \u1ea5m c\u00fang, l\u00fd t\u01b0\u1edfng cho 02 ng\u01b0\u1eddi l\u1edbn v\u00e0 01 tr\u1ebb em d\u01b0\u1edbi 6 tu\u1ed5i.<br \/>\n<\/span><\/p>\n<p>&nbsp;<\/p>\n","protected":false},"excerpt":{"rendered":"<p>\u0110\u01b0\u1ee3c bao ph\u1ee7 b\u1edfi r\u1eebng th\u00f4ng xanh ng\u00e1t, 5 c\u0103n ph\u00f2ng Le Petit ch\u00e0o \u0111\u00f3n Qu\u00fd kh\u00e1ch v\u1edbi gi\u01b0\u1eddng \u0111\u00f4i m\u1eafc m\u00e0n t\u1ee9 tr\u1ee5 truy\u1ec1n th\u1ed1ng, l\u00f2 s\u01b0\u1edfi c\u1ed5 b\u1eb1ng gang, ph\u00f2ng t\u1eafm v\u00e0 nhi\u1ec1u ti\u1ec7n \u00edch kh\u00e1c. S\u1ef1 c\u1ed5 \u0111i\u1ec3n to\u00e1t l\u00ean t\u1eeb nh\u1eefng c\u00f4ng t\u1eafc \u0111i\u1ec7n c\u1ed5 \u0111i\u1ec3n, qu\u1ea1t tr\u1ea7n v\u00e0 s\u00e0n g\u1ed7. [&hellip;]<\/p>\n","protected":false},"author":368,"featured_media":8615,"parent":304,"menu_order":0,"comment_status":"closed","ping_status":"closed","template":"template-single-room.php","meta":{"footnotes":""},"acf":[],"yoast_head":"<!-- This site is optimized with the Yoast SEO plugin v22.3 - https:\/\/yoast.com\/wordpress\/plugins\/seo\/ -->\n<title>Le Petit - Ana Mandara Villas Dalat Resort &amp; Spa<\/title>\n<meta name=\"robots\" content=\"index, follow, max-snippet:-1, max-image-preview:large, max-video-preview:-1\" \/>\n<link rel=\"canonical\" href=\"https:\/\/anamandara-resort.com\/vi\/rooms-suites\/le-petit\/\" \/>\n<meta property=\"og:locale\" content=\"vi_VN\" \/>\n<meta property=\"og:type\" content=\"article\" \/>\n<meta property=\"og:title\" content=\"Le Petit - Ana Mandara Villas Dalat Resort &amp; Spa\" \/>\n<meta property=\"og:description\" content=\"\u0110\u01b0\u1ee3c bao ph\u1ee7 b\u1edfi r\u1eebng th\u00f4ng xanh ng\u00e1t, 5 c\u0103n ph\u00f2ng Le Petit ch\u00e0o \u0111\u00f3n Qu\u00fd kh\u00e1ch v\u1edbi gi\u01b0\u1eddng \u0111\u00f4i m\u1eafc m\u00e0n t\u1ee9 tr\u1ee5 truy\u1ec1n th\u1ed1ng, l\u00f2 s\u01b0\u1edfi c\u1ed5 b\u1eb1ng gang, ph\u00f2ng t\u1eafm v\u00e0 nhi\u1ec1u ti\u1ec7n \u00edch kh\u00e1c. S\u1ef1 c\u1ed5 \u0111i\u1ec3n to\u00e1t l\u00ean t\u1eeb nh\u1eefng c\u00f4ng t\u1eafc \u0111i\u1ec7n c\u1ed5 \u0111i\u1ec3n, qu\u1ea1t tr\u1ea7n v\u00e0 s\u00e0n g\u1ed7. [&hellip;]\" \/>\n<meta property=\"og:url\" content=\"https:\/\/anamandara-resort.com\/vi\/rooms-suites\/le-petit\/\" \/>\n<meta property=\"og:site_name\" content=\"Ana Mandara Villas Dalat Resort &amp; Spa\" \/>\n<meta property=\"article:modified_time\" content=\"2025-07-21T03:35:10+00:00\" \/>\n<meta property=\"og:image\" content=\"https:\/\/www.anamandara-resort.com\/wp-content\/uploads\/sites\/233\/2025\/07\/LE-PETIT-ROOM-1502-2-3.jpg\" \/>\n\t<meta property=\"og:image:width\" content=\"1920\" \/>\n\t<meta property=\"og:image:height\" content=\"1280\" \/>\n\t<meta property=\"og:image:type\" content=\"image\/jpeg\" \/>\n<meta name=\"twitter:card\" content=\"summary_large_image\" \/>\n<meta name=\"twitter:label1\" content=\"Est. reading time\" \/>\n\t<meta name=\"twitter:data1\" content=\"1 minute\" \/>\n<script type=\"application\/ld+json\" class=\"yoast-schema-graph\">{\"@context\":\"https:\/\/schema.org\",\"@graph\":[{\"@type\":\"WebPage\",\"@id\":\"https:\/\/anamandara-resort.com\/vi\/rooms-suites\/le-petit\/\",\"url\":\"https:\/\/anamandara-resort.com\/vi\/rooms-suites\/le-petit\/\",\"name\":\"Le Petit - Ana Mandara Villas Dalat Resort &amp; Spa\",\"isPartOf\":{\"@id\":\"https:\/\/anamandara-resort.com\/vi\/#website\"},\"primaryImageOfPage\":{\"@id\":\"https:\/\/anamandara-resort.com\/vi\/rooms-suites\/le-petit\/#primaryimage\"},\"image\":{\"@id\":\"https:\/\/anamandara-resort.com\/vi\/rooms-suites\/le-petit\/#primaryimage\"},\"thumbnailUrl\":\"https:\/\/www.anamandara-resort.com\/wp-content\/uploads\/sites\/233\/2025\/07\/LE-PETIT-ROOM-1502-2-3.jpg\",\"datePublished\":\"2022-04-05T07:06:01+00:00\",\"dateModified\":\"2025-07-21T03:35:10+00:00\",\"breadcrumb\":{\"@id\":\"https:\/\/anamandara-resort.com\/vi\/rooms-suites\/le-petit\/#breadcrumb\"},\"inLanguage\":\"vi-VN\",\"potentialAction\":[{\"@type\":\"ReadAction\",\"target\":[\"https:\/\/anamandara-resort.com\/vi\/rooms-suites\/le-petit\/\"]}]},{\"@type\":\"ImageObject\",\"inLanguage\":\"vi-VN\",\"@id\":\"https:\/\/anamandara-resort.com\/vi\/rooms-suites\/le-petit\/#primaryimage\",\"url\":\"https:\/\/www.anamandara-resort.com\/wp-content\/uploads\/sites\/233\/2025\/07\/LE-PETIT-ROOM-1502-2-3.jpg\",\"contentUrl\":\"https:\/\/www.anamandara-resort.com\/wp-content\/uploads\/sites\/233\/2025\/07\/LE-PETIT-ROOM-1502-2-3.jpg\",\"width\":1920,\"height\":1280},{\"@type\":\"BreadcrumbList\",\"@id\":\"https:\/\/anamandara-resort.com\/vi\/rooms-suites\/le-petit\/#breadcrumb\",\"itemListElement\":[{\"@type\":\"ListItem\",\"position\":1,\"name\":\"Home\",\"item\":\"https:\/\/anamandara-resort.com\/vi\/\"},{\"@type\":\"ListItem\",\"position\":2,\"name\":\"Ph\u00f2ng Ngh\u1ec9\",\"item\":\"https:\/\/anamandara-resort.com\/vi\/rooms-suites\/\"},{\"@type\":\"ListItem\",\"position\":3,\"name\":\"Le Petit\"}]},{\"@type\":\"WebSite\",\"@id\":\"https:\/\/anamandara-resort.com\/vi\/#website\",\"url\":\"https:\/\/anamandara-resort.com\/vi\/\",\"name\":\"Ana Mandara Villas Dalat Resort &amp; Spa\",\"description\":\"\",\"potentialAction\":[{\"@type\":\"SearchAction\",\"target\":{\"@type\":\"EntryPoint\",\"urlTemplate\":\"https:\/\/anamandara-resort.com\/vi\/?s={search_term_string}\"},\"query-input\":\"required name=search_term_string\"}],\"inLanguage\":\"vi-VN\"}]}<\/script>\n<!-- \/ Yoast SEO plugin. -->","yoast_head_json":{"title":"Le Petit - Ana Mandara Villas Dalat Resort &amp; Spa","robots":{"index":"index","follow":"follow","max-snippet":"max-snippet:-1","max-image-preview":"max-image-preview:large","max-video-preview":"max-video-preview:-1"},"canonical":"https:\/\/anamandara-resort.com\/vi\/rooms-suites\/le-petit\/","og_locale":"vi_VN","og_type":"article","og_title":"Le Petit - Ana Mandara Villas Dalat Resort &amp; Spa","og_description":"\u0110\u01b0\u1ee3c bao ph\u1ee7 b\u1edfi r\u1eebng th\u00f4ng xanh ng\u00e1t, 5 c\u0103n ph\u00f2ng Le Petit ch\u00e0o \u0111\u00f3n Qu\u00fd kh\u00e1ch v\u1edbi gi\u01b0\u1eddng \u0111\u00f4i m\u1eafc m\u00e0n t\u1ee9 tr\u1ee5 truy\u1ec1n th\u1ed1ng, l\u00f2 s\u01b0\u1edfi c\u1ed5 b\u1eb1ng gang, ph\u00f2ng t\u1eafm v\u00e0 nhi\u1ec1u ti\u1ec7n \u00edch kh\u00e1c. S\u1ef1 c\u1ed5 \u0111i\u1ec3n to\u00e1t l\u00ean t\u1eeb nh\u1eefng c\u00f4ng t\u1eafc \u0111i\u1ec7n c\u1ed5 \u0111i\u1ec3n, qu\u1ea1t tr\u1ea7n v\u00e0 s\u00e0n g\u1ed7. [&hellip;]","og_url":"https:\/\/anamandara-resort.com\/vi\/rooms-suites\/le-petit\/","og_site_name":"Ana Mandara Villas Dalat Resort &amp; Spa","article_modified_time":"2025-07-21T03:35:10+00:00","og_image":[{"width":1920,"height":1280,"url":"https:\/\/www.anamandara-resort.com\/wp-content\/uploads\/sites\/233\/2025\/07\/LE-PETIT-ROOM-1502-2-3.jpg","type":"image\/jpeg"}],"twitter_card":"summary_large_image","twitter_misc":{"Est. reading time":"1 minute"},"schema":{"@context":"https:\/\/schema.org","@graph":[{"@type":"WebPage","@id":"https:\/\/anamandara-resort.com\/vi\/rooms-suites\/le-petit\/","url":"https:\/\/anamandara-resort.com\/vi\/rooms-suites\/le-petit\/","name":"Le Petit - Ana Mandara Villas Dalat Resort &amp; Spa","isPartOf":{"@id":"https:\/\/anamandara-resort.com\/vi\/#website"},"primaryImageOfPage":{"@id":"https:\/\/anamandara-resort.com\/vi\/rooms-suites\/le-petit\/#primaryimage"},"image":{"@id":"https:\/\/anamandara-resort.com\/vi\/rooms-suites\/le-petit\/#primaryimage"},"thumbnailUrl":"https:\/\/www.anamandara-resort.com\/wp-content\/uploads\/sites\/233\/2025\/07\/LE-PETIT-ROOM-1502-2-3.jpg","datePublished":"2022-04-05T07:06:01+00:00","dateModified":"2025-07-21T03:35:10+00:00","breadcrumb":{"@id":"https:\/\/anamandara-resort.com\/vi\/rooms-suites\/le-petit\/#breadcrumb"},"inLanguage":"vi-VN","potentialAction":[{"@type":"ReadAction","target":["https:\/\/anamandara-resort.com\/vi\/rooms-suites\/le-petit\/"]}]},{"@type":"ImageObject","inLanguage":"vi-VN","@id":"https:\/\/anamandara-resort.com\/vi\/rooms-suites\/le-petit\/#primaryimage","url":"https:\/\/www.anamandara-resort.com\/wp-content\/uploads\/sites\/233\/2025\/07\/LE-PETIT-ROOM-1502-2-3.jpg","contentUrl":"https:\/\/www.anamandara-resort.com\/wp-content\/uploads\/sites\/233\/2025\/07\/LE-PETIT-ROOM-1502-2-3.jpg","width":1920,"height":1280},{"@type":"BreadcrumbList","@id":"https:\/\/anamandara-resort.com\/vi\/rooms-suites\/le-petit\/#breadcrumb","itemListElement":[{"@type":"ListItem","position":1,"name":"Home","item":"https:\/\/anamandara-resort.com\/vi\/"},{"@type":"ListItem","position":2,"name":"Ph\u00f2ng Ngh\u1ec9","item":"https:\/\/anamandara-resort.com\/vi\/rooms-suites\/"},{"@type":"ListItem","position":3,"name":"Le Petit"}]},{"@type":"WebSite","@id":"https:\/\/anamandara-resort.com\/vi\/#website","url":"https:\/\/anamandara-resort.com\/vi\/","name":"Ana Mandara Villas Dalat Resort &amp; Spa","description":"","potentialAction":[{"@type":"SearchAction","target":{"@type":"EntryPoint","urlTemplate":"https:\/\/anamandara-resort.com\/vi\/?s={search_term_string}"},"query-input":"required name=search_term_string"}],"inLanguage":"vi-VN"}]}},"_links":{"self":[{"href":"https:\/\/anamandara-resort.com\/vi\/wp-json\/wp\/v2\/pages\/305"}],"collection":[{"href":"https:\/\/anamandara-resort.com\/vi\/wp-json\/wp\/v2\/pages"}],"about":[{"href":"https:\/\/anamandara-resort.com\/vi\/wp-json\/wp\/v2\/types\/page"}],"author":[{"embeddable":true,"href":"https:\/\/anamandara-resort.com\/vi\/wp-json\/wp\/v2\/users\/368"}],"replies":[{"embeddable":true,"href":"https:\/\/anamandara-resort.com\/vi\/wp-json\/wp\/v2\/comments?post=305"}],"version-history":[{"count":0,"href":"https:\/\/anamandara-resort.com\/vi\/wp-json\/wp\/v2\/pages\/305\/revisions"}],"up":[{"embeddable":true,"href":"https:\/\/anamandara-resort.com\/vi\/wp-json\/wp\/v2\/pages\/304"}],"wp:featuredmedia":[{"embeddable":true,"href":"https:\/\/anamandara-resort.com\/vi\/wp-json\/wp\/v2\/media\/8615"}],"wp:attachment":[{"href":"https:\/\/anamandara-resort.com\/vi\/wp-json\/wp\/v2\/media?parent=305"}],"curies":[{"name":"wp","href":"https:\/\/api.w.org\/{rel}","templated":true}]}}