{"id":306,"date":"2022-04-05T07:19:48","date_gmt":"2022-04-05T07:19:48","guid":{"rendered":"https:\/\/ana-mandara-resort.ms.decms.asia\/rooms-suites\/villa-room\/"},"modified":"2025-07-21T04:10:56","modified_gmt":"2025-07-21T04:10:56","slug":"villa-room","status":"publish","type":"page","link":"https:\/\/anamandara-resort.com\/vi\/rooms-suites\/villa-room\/","title":{"rendered":"Villa Room"},"content":{"rendered":"<p><span data-sheets-value=\"{&quot;1&quot;:2,&quot;2&quot;:&quot;L\u1ea5y c\u1ea3m h\u1ee9ng t\u1eeb th\u1eddi \u0111\u1ea1i tinh t\u1ebf xa x\u01b0a, 22 c\u0103n ph\u00f2ng \u0111\u01b0\u1ee3c thi\u1ebft k\u1ebf trang nh\u00e3 v\u1edbi l\u1ef1a ch\u1ecdn gi\u01b0\u1eddng \u0111\u00f4i queen size, t\u1ed1i \u0111a 02 ng\u01b0\u1eddi l\u1edbn v\u00e0 01 tr\u1ebb em d\u01b0\u1edbi 6 tu\u1ed5i. C\u00f9ng chi\u00eam ng\u01b0\u1ee1ng nh\u1eefng ch\u1ea1m kh\u1eafc tinh t\u1ebf c\u1ee7a \u0111\u1ed3 n\u1ed9i th\u1ea5t b\u1eb1ng g\u1ed7 v\u00e0 c\u00e1c v\u1eadt ph\u1ea9m s\u01b0u t\u1ea7m t\u1ea1o n\u00ean n\u00e9t duy\u00ean d\u00e1ng x\u01b0a c\u0169. &quot;}\" data-sheets-userformat=\"{&quot;2&quot;:13251,&quot;3&quot;:{&quot;1&quot;:0},&quot;4&quot;:{&quot;1&quot;:2,&quot;2&quot;:16750848},&quot;9&quot;:0,&quot;10&quot;:1,&quot;11&quot;:4,&quot;12&quot;:0,&quot;15&quot;:&quot;Montserrat&quot;,&quot;16&quot;:10}\">L\u1ea5y c\u1ea3m h\u1ee9ng t\u1eeb th\u1eddi \u0111\u1ea1i tinh t\u1ebf xa x\u01b0a, 28 c\u0103n ph\u00f2ng \u0111\u01b0\u1ee3c thi\u1ebft k\u1ebf trang nh\u00e3 v\u1edbi l\u1ef1a ch\u1ecdn gi\u01b0\u1eddng \u0111\u00f4i queen size, t\u1ed1i \u0111a 02 ng\u01b0\u1eddi l\u1edbn v\u00e0 01 tr\u1ebb em d\u01b0\u1edbi 6 tu\u1ed5i. C\u00f9ng chi\u00eam ng\u01b0\u1ee1ng nh\u1eefng ch\u1ea1m kh\u1eafc tinh t\u1ebf c\u1ee7a \u0111\u1ed3 n\u1ed9i th\u1ea5t b\u1eb1ng g\u1ed7 v\u00e0 c\u00e1c v\u1eadt ph\u1ea9m s\u01b0u t\u1ea7m t\u1ea1o n\u00ean n\u00e9t duy\u00ean d\u00e1ng x\u01b0a c\u0169. <\/span><\/p>\n","protected":false},"excerpt":{"rendered":"<p>L\u1ea5y c\u1ea3m h\u1ee9ng t\u1eeb th\u1eddi \u0111\u1ea1i tinh t\u1ebf xa x\u01b0a, 28 c\u0103n ph\u00f2ng \u0111\u01b0\u1ee3c thi\u1ebft k\u1ebf trang nh\u00e3 v\u1edbi l\u1ef1a ch\u1ecdn gi\u01b0\u1eddng \u0111\u00f4i queen size, t\u1ed1i \u0111a 02 ng\u01b0\u1eddi l\u1edbn v\u00e0 01 tr\u1ebb em d\u01b0\u1edbi 6 tu\u1ed5i. C\u00f9ng chi\u00eam ng\u01b0\u1ee1ng nh\u1eefng ch\u1ea1m kh\u1eafc tinh t\u1ebf c\u1ee7a \u0111\u1ed3 n\u1ed9i th\u1ea5t b\u1eb1ng g\u1ed7 v\u00e0 c\u00e1c v\u1eadt ph\u1ea9m [&hellip;]<\/p>\n","protected":false},"author":368,"featured_media":8731,"parent":304,"menu_order":1,"comment_status":"closed","ping_status":"closed","template":"template-single-room.php","meta":{"footnotes":""},"acf":[],"yoast_head":"<!-- This site is optimized with the Yoast SEO plugin v22.3 - https:\/\/yoast.com\/wordpress\/plugins\/seo\/ -->\n<title>Villa Room - Ana Mandara Villas Dalat Resort &amp; Spa<\/title>\n<meta name=\"robots\" content=\"index, follow, max-snippet:-1, max-image-preview:large, max-video-preview:-1\" \/>\n<link rel=\"canonical\" href=\"https:\/\/anamandara-resort.com\/vi\/rooms-suites\/villa-room\/\" \/>\n<meta property=\"og:locale\" content=\"vi_VN\" \/>\n<meta property=\"og:type\" content=\"article\" \/>\n<meta property=\"og:title\" content=\"Villa Room - Ana Mandara Villas Dalat Resort &amp; Spa\" \/>\n<meta property=\"og:description\" content=\"L\u1ea5y c\u1ea3m h\u1ee9ng t\u1eeb th\u1eddi \u0111\u1ea1i tinh t\u1ebf xa x\u01b0a, 28 c\u0103n ph\u00f2ng \u0111\u01b0\u1ee3c thi\u1ebft k\u1ebf trang nh\u00e3 v\u1edbi l\u1ef1a ch\u1ecdn gi\u01b0\u1eddng \u0111\u00f4i queen size, t\u1ed1i \u0111a 02 ng\u01b0\u1eddi l\u1edbn v\u00e0 01 tr\u1ebb em d\u01b0\u1edbi 6 tu\u1ed5i. C\u00f9ng chi\u00eam ng\u01b0\u1ee1ng nh\u1eefng ch\u1ea1m kh\u1eafc tinh t\u1ebf c\u1ee7a \u0111\u1ed3 n\u1ed9i th\u1ea5t b\u1eb1ng g\u1ed7 v\u00e0 c\u00e1c v\u1eadt ph\u1ea9m [&hellip;]\" \/>\n<meta property=\"og:url\" content=\"https:\/\/anamandara-resort.com\/vi\/rooms-suites\/villa-room\/\" \/>\n<meta property=\"og:site_name\" content=\"Ana Mandara Villas Dalat Resort &amp; Spa\" \/>\n<meta property=\"article:modified_time\" content=\"2025-07-21T04:10:56+00:00\" \/>\n<meta property=\"og:image\" content=\"https:\/\/www.anamandara-resort.com\/wp-content\/uploads\/sites\/233\/2025\/07\/VILLA-ROOM-1304-1.jpg\" \/>\n\t<meta property=\"og:image:width\" content=\"1920\" \/>\n\t<meta property=\"og:image:height\" content=\"1280\" \/>\n\t<meta property=\"og:image:type\" content=\"image\/jpeg\" \/>\n<meta name=\"twitter:card\" content=\"summary_large_image\" \/>\n<script type=\"application\/ld+json\" class=\"yoast-schema-graph\">{\"@context\":\"https:\/\/schema.org\",\"@graph\":[{\"@type\":\"WebPage\",\"@id\":\"https:\/\/anamandara-resort.com\/vi\/rooms-suites\/villa-room\/\",\"url\":\"https:\/\/anamandara-resort.com\/vi\/rooms-suites\/villa-room\/\",\"name\":\"Villa Room - Ana Mandara Villas Dalat Resort &amp; Spa\",\"isPartOf\":{\"@id\":\"https:\/\/anamandara-resort.com\/vi\/#website\"},\"primaryImageOfPage\":{\"@id\":\"https:\/\/anamandara-resort.com\/vi\/rooms-suites\/villa-room\/#primaryimage\"},\"image\":{\"@id\":\"https:\/\/anamandara-resort.com\/vi\/rooms-suites\/villa-room\/#primaryimage\"},\"thumbnailUrl\":\"https:\/\/www.anamandara-resort.com\/wp-content\/uploads\/sites\/233\/2025\/07\/VILLA-ROOM-1304-1.jpg\",\"datePublished\":\"2022-04-05T07:19:48+00:00\",\"dateModified\":\"2025-07-21T04:10:56+00:00\",\"breadcrumb\":{\"@id\":\"https:\/\/anamandara-resort.com\/vi\/rooms-suites\/villa-room\/#breadcrumb\"},\"inLanguage\":\"vi-VN\",\"potentialAction\":[{\"@type\":\"ReadAction\",\"target\":[\"https:\/\/anamandara-resort.com\/vi\/rooms-suites\/villa-room\/\"]}]},{\"@type\":\"ImageObject\",\"inLanguage\":\"vi-VN\",\"@id\":\"https:\/\/anamandara-resort.com\/vi\/rooms-suites\/villa-room\/#primaryimage\",\"url\":\"https:\/\/www.anamandara-resort.com\/wp-content\/uploads\/sites\/233\/2025\/07\/VILLA-ROOM-1304-1.jpg\",\"contentUrl\":\"https:\/\/www.anamandara-resort.com\/wp-content\/uploads\/sites\/233\/2025\/07\/VILLA-ROOM-1304-1.jpg\",\"width\":1920,\"height\":1280},{\"@type\":\"BreadcrumbList\",\"@id\":\"https:\/\/anamandara-resort.com\/vi\/rooms-suites\/villa-room\/#breadcrumb\",\"itemListElement\":[{\"@type\":\"ListItem\",\"position\":1,\"name\":\"Home\",\"item\":\"https:\/\/anamandara-resort.com\/vi\/\"},{\"@type\":\"ListItem\",\"position\":2,\"name\":\"Ph\u00f2ng Ngh\u1ec9\",\"item\":\"https:\/\/anamandara-resort.com\/vi\/rooms-suites\/\"},{\"@type\":\"ListItem\",\"position\":3,\"name\":\"Villa Room\"}]},{\"@type\":\"WebSite\",\"@id\":\"https:\/\/anamandara-resort.com\/vi\/#website\",\"url\":\"https:\/\/anamandara-resort.com\/vi\/\",\"name\":\"Ana Mandara Villas Dalat Resort &amp; Spa\",\"description\":\"\",\"potentialAction\":[{\"@type\":\"SearchAction\",\"target\":{\"@type\":\"EntryPoint\",\"urlTemplate\":\"https:\/\/anamandara-resort.com\/vi\/?s={search_term_string}\"},\"query-input\":\"required name=search_term_string\"}],\"inLanguage\":\"vi-VN\"}]}<\/script>\n<!-- \/ Yoast SEO plugin. -->","yoast_head_json":{"title":"Villa Room - Ana Mandara Villas Dalat Resort &amp; Spa","robots":{"index":"index","follow":"follow","max-snippet":"max-snippet:-1","max-image-preview":"max-image-preview:large","max-video-preview":"max-video-preview:-1"},"canonical":"https:\/\/anamandara-resort.com\/vi\/rooms-suites\/villa-room\/","og_locale":"vi_VN","og_type":"article","og_title":"Villa Room - Ana Mandara Villas Dalat Resort &amp; Spa","og_description":"L\u1ea5y c\u1ea3m h\u1ee9ng t\u1eeb th\u1eddi \u0111\u1ea1i tinh t\u1ebf xa x\u01b0a, 28 c\u0103n ph\u00f2ng \u0111\u01b0\u1ee3c thi\u1ebft k\u1ebf trang nh\u00e3 v\u1edbi l\u1ef1a ch\u1ecdn gi\u01b0\u1eddng \u0111\u00f4i queen size, t\u1ed1i \u0111a 02 ng\u01b0\u1eddi l\u1edbn v\u00e0 01 tr\u1ebb em d\u01b0\u1edbi 6 tu\u1ed5i. C\u00f9ng chi\u00eam ng\u01b0\u1ee1ng nh\u1eefng ch\u1ea1m kh\u1eafc tinh t\u1ebf c\u1ee7a \u0111\u1ed3 n\u1ed9i th\u1ea5t b\u1eb1ng g\u1ed7 v\u00e0 c\u00e1c v\u1eadt ph\u1ea9m [&hellip;]","og_url":"https:\/\/anamandara-resort.com\/vi\/rooms-suites\/villa-room\/","og_site_name":"Ana Mandara Villas Dalat Resort &amp; Spa","article_modified_time":"2025-07-21T04:10:56+00:00","og_image":[{"width":1920,"height":1280,"url":"https:\/\/www.anamandara-resort.com\/wp-content\/uploads\/sites\/233\/2025\/07\/VILLA-ROOM-1304-1.jpg","type":"image\/jpeg"}],"twitter_card":"summary_large_image","schema":{"@context":"https:\/\/schema.org","@graph":[{"@type":"WebPage","@id":"https:\/\/anamandara-resort.com\/vi\/rooms-suites\/villa-room\/","url":"https:\/\/anamandara-resort.com\/vi\/rooms-suites\/villa-room\/","name":"Villa Room - Ana Mandara Villas Dalat Resort &amp; Spa","isPartOf":{"@id":"https:\/\/anamandara-resort.com\/vi\/#website"},"primaryImageOfPage":{"@id":"https:\/\/anamandara-resort.com\/vi\/rooms-suites\/villa-room\/#primaryimage"},"image":{"@id":"https:\/\/anamandara-resort.com\/vi\/rooms-suites\/villa-room\/#primaryimage"},"thumbnailUrl":"https:\/\/www.anamandara-resort.com\/wp-content\/uploads\/sites\/233\/2025\/07\/VILLA-ROOM-1304-1.jpg","datePublished":"2022-04-05T07:19:48+00:00","dateModified":"2025-07-21T04:10:56+00:00","breadcrumb":{"@id":"https:\/\/anamandara-resort.com\/vi\/rooms-suites\/villa-room\/#breadcrumb"},"inLanguage":"vi-VN","potentialAction":[{"@type":"ReadAction","target":["https:\/\/anamandara-resort.com\/vi\/rooms-suites\/villa-room\/"]}]},{"@type":"ImageObject","inLanguage":"vi-VN","@id":"https:\/\/anamandara-resort.com\/vi\/rooms-suites\/villa-room\/#primaryimage","url":"https:\/\/www.anamandara-resort.com\/wp-content\/uploads\/sites\/233\/2025\/07\/VILLA-ROOM-1304-1.jpg","contentUrl":"https:\/\/www.anamandara-resort.com\/wp-content\/uploads\/sites\/233\/2025\/07\/VILLA-ROOM-1304-1.jpg","width":1920,"height":1280},{"@type":"BreadcrumbList","@id":"https:\/\/anamandara-resort.com\/vi\/rooms-suites\/villa-room\/#breadcrumb","itemListElement":[{"@type":"ListItem","position":1,"name":"Home","item":"https:\/\/anamandara-resort.com\/vi\/"},{"@type":"ListItem","position":2,"name":"Ph\u00f2ng Ngh\u1ec9","item":"https:\/\/anamandara-resort.com\/vi\/rooms-suites\/"},{"@type":"ListItem","position":3,"name":"Villa Room"}]},{"@type":"WebSite","@id":"https:\/\/anamandara-resort.com\/vi\/#website","url":"https:\/\/anamandara-resort.com\/vi\/","name":"Ana Mandara Villas Dalat Resort &amp; Spa","description":"","potentialAction":[{"@type":"SearchAction","target":{"@type":"EntryPoint","urlTemplate":"https:\/\/anamandara-resort.com\/vi\/?s={search_term_string}"},"query-input":"required name=search_term_string"}],"inLanguage":"vi-VN"}]}},"_links":{"self":[{"href":"https:\/\/anamandara-resort.com\/vi\/wp-json\/wp\/v2\/pages\/306"}],"collection":[{"href":"https:\/\/anamandara-resort.com\/vi\/wp-json\/wp\/v2\/pages"}],"about":[{"href":"https:\/\/anamandara-resort.com\/vi\/wp-json\/wp\/v2\/types\/page"}],"author":[{"embeddable":true,"href":"https:\/\/anamandara-resort.com\/vi\/wp-json\/wp\/v2\/users\/368"}],"replies":[{"embeddable":true,"href":"https:\/\/anamandara-resort.com\/vi\/wp-json\/wp\/v2\/comments?post=306"}],"version-history":[{"count":0,"href":"https:\/\/anamandara-resort.com\/vi\/wp-json\/wp\/v2\/pages\/306\/revisions"}],"up":[{"embeddable":true,"href":"https:\/\/anamandara-resort.com\/vi\/wp-json\/wp\/v2\/pages\/304"}],"wp:featuredmedia":[{"embeddable":true,"href":"https:\/\/anamandara-resort.com\/vi\/wp-json\/wp\/v2\/media\/8731"}],"wp:attachment":[{"href":"https:\/\/anamandara-resort.com\/vi\/wp-json\/wp\/v2\/media?parent=306"}],"curies":[{"name":"wp","href":"https:\/\/api.w.org\/{rel}","templated":true}]}}