{"id":307,"date":"2022-04-05T07:32:56","date_gmt":"2022-04-05T07:32:56","guid":{"rendered":"https:\/\/ana-mandara-resort.ms.decms.asia\/rooms-suites\/villa-studio\/"},"modified":"2025-07-21T09:12:56","modified_gmt":"2025-07-21T09:12:56","slug":"villa-studio","status":"publish","type":"page","link":"https:\/\/anamandara-resort.com\/vi\/rooms-suites\/villa-studio\/","title":{"rendered":"Villa Studio"},"content":{"rendered":"<p><span data-sheets-value=\"{&quot;1&quot;:2,&quot;2&quot;:&quot;20 c\u0103n Villa Studio mang b\u1ea1n quay ng\u01b0\u1ee3c th\u1eddi gian tr\u1edf l\u1ea1i \u0110\u00e0 L\u1ea1t th\u1eddi \u0110\u00f4ng D\u01b0\u01a1ng. Th\u01b0 th\u00e1i t\u1eadn h\u01b0\u1edfng gi\u01b0\u1eddng King d\u00e0nh cho 02 ng\u01b0\u1eddi l\u1edbn v\u00e0 01 tr\u1ebb em d\u01b0\u1edbi 6 tu\u1ed5i khi \u00e1nh s\u00e1ng ban ng\u00e0y chi\u1ebfu r\u1ecdi qua khung c\u1eeda s\u1ed5 g\u1ed7 \u0111\u01b0\u1ee3c l\u1ea5y c\u1ea3m h\u1ee9ng t\u1eeb ki\u1ebfn tr\u00fac Ph\u00e1p, s\u00e0n g\u1ed7, nh\u1eefng b\u1ee9c tranh ngh\u1ec7 thu\u1eadt x\u01b0a c\u1ed5 treo t\u01b0\u1eddng, c\u00f9ng v\u1edbi c\u00e1c v\u1eadt ph\u1ea9m s\u01b0u t\u1ea7m - t\u1ea5t c\u1ea3 s\u1ebd l\u00e0m t\u0103ng th\u00eam t\u00ednh ch\u00e2n th\u1ef1c cho tr\u1ea3i nghi\u1ec7m.&quot;}\" data-sheets-userformat=\"{&quot;2&quot;:13251,&quot;3&quot;:{&quot;1&quot;:0},&quot;4&quot;:{&quot;1&quot;:2,&quot;2&quot;:16773836},&quot;9&quot;:0,&quot;10&quot;:1,&quot;11&quot;:4,&quot;12&quot;:0,&quot;15&quot;:&quot;Montserrat&quot;,&quot;16&quot;:10}\">21 c\u0103n Villa Studio mang b\u1ea1n quay ng\u01b0\u1ee3c th\u1eddi gian tr\u1edf l\u1ea1i \u0110\u00e0 L\u1ea1t th\u1eddi \u0110\u00f4ng D\u01b0\u01a1ng. Th\u01b0 th\u00e1i t\u1eadn h\u01b0\u1edfng gi\u01b0\u1eddng King d\u00e0nh cho 02 ng\u01b0\u1eddi l\u1edbn v\u00e0 01 tr\u1ebb em d\u01b0\u1edbi 6 tu\u1ed5i khi \u00e1nh s\u00e1ng ban ng\u00e0y chi\u1ebfu r\u1ecdi qua khung c\u1eeda s\u1ed5 g\u1ed7 \u0111\u01b0\u1ee3c l\u1ea5y c\u1ea3m h\u1ee9ng t\u1eeb ki\u1ebfn tr\u00fac Ph\u00e1p, s\u00e0n g\u1ed7, nh\u1eefng b\u1ee9c tranh ngh\u1ec7 thu\u1eadt x\u01b0a c\u1ed5 treo t\u01b0\u1eddng, c\u00f9ng v\u1edbi c\u00e1c v\u1eadt ph\u1ea9m s\u01b0u t\u1ea7m &#8211; t\u1ea5t c\u1ea3 s\u1ebd l\u00e0m t\u0103ng th\u00eam t\u00ednh ch\u00e2n th\u1ef1c cho tr\u1ea3i nghi\u1ec7m.<\/span><\/p>\n","protected":false},"excerpt":{"rendered":"<p>21 c\u0103n Villa Studio mang b\u1ea1n quay ng\u01b0\u1ee3c th\u1eddi gian tr\u1edf l\u1ea1i \u0110\u00e0 L\u1ea1t th\u1eddi \u0110\u00f4ng D\u01b0\u01a1ng. Th\u01b0 th\u00e1i t\u1eadn h\u01b0\u1edfng gi\u01b0\u1eddng King d\u00e0nh cho 02 ng\u01b0\u1eddi l\u1edbn v\u00e0 01 tr\u1ebb em d\u01b0\u1edbi 6 tu\u1ed5i khi \u00e1nh s\u00e1ng ban ng\u00e0y chi\u1ebfu r\u1ecdi qua khung c\u1eeda s\u1ed5 g\u1ed7 \u0111\u01b0\u1ee3c l\u1ea5y c\u1ea3m h\u1ee9ng t\u1eeb ki\u1ebfn tr\u00fac Ph\u00e1p, [&hellip;]<\/p>\n","protected":false},"author":368,"featured_media":8757,"parent":304,"menu_order":2,"comment_status":"closed","ping_status":"closed","template":"template-single-room.php","meta":{"footnotes":""},"acf":[],"yoast_head":"<!-- This site is optimized with the Yoast SEO plugin v22.3 - https:\/\/yoast.com\/wordpress\/plugins\/seo\/ -->\n<title>Villa Studio - Ana Mandara Villas Dalat Resort &amp; Spa<\/title>\n<meta name=\"robots\" content=\"index, follow, max-snippet:-1, max-image-preview:large, max-video-preview:-1\" \/>\n<link rel=\"canonical\" href=\"https:\/\/anamandara-resort.com\/vi\/rooms-suites\/villa-studio\/\" \/>\n<meta property=\"og:locale\" content=\"vi_VN\" \/>\n<meta property=\"og:type\" content=\"article\" \/>\n<meta property=\"og:title\" content=\"Villa Studio - Ana Mandara Villas Dalat Resort &amp; Spa\" \/>\n<meta property=\"og:description\" content=\"21 c\u0103n Villa Studio mang b\u1ea1n quay ng\u01b0\u1ee3c th\u1eddi gian tr\u1edf l\u1ea1i \u0110\u00e0 L\u1ea1t th\u1eddi \u0110\u00f4ng D\u01b0\u01a1ng. Th\u01b0 th\u00e1i t\u1eadn h\u01b0\u1edfng gi\u01b0\u1eddng King d\u00e0nh cho 02 ng\u01b0\u1eddi l\u1edbn v\u00e0 01 tr\u1ebb em d\u01b0\u1edbi 6 tu\u1ed5i khi \u00e1nh s\u00e1ng ban ng\u00e0y chi\u1ebfu r\u1ecdi qua khung c\u1eeda s\u1ed5 g\u1ed7 \u0111\u01b0\u1ee3c l\u1ea5y c\u1ea3m h\u1ee9ng t\u1eeb ki\u1ebfn tr\u00fac Ph\u00e1p, [&hellip;]\" \/>\n<meta property=\"og:url\" content=\"https:\/\/anamandara-resort.com\/vi\/rooms-suites\/villa-studio\/\" \/>\n<meta property=\"og:site_name\" content=\"Ana Mandara Villas Dalat Resort &amp; Spa\" \/>\n<meta property=\"article:modified_time\" content=\"2025-07-21T09:12:56+00:00\" \/>\n<meta property=\"og:image\" content=\"https:\/\/www.anamandara-resort.com\/wp-content\/uploads\/sites\/233\/2025\/07\/VILLA-STUDIO-1602-11.jpg\" \/>\n\t<meta property=\"og:image:width\" content=\"1920\" \/>\n\t<meta property=\"og:image:height\" content=\"1280\" \/>\n\t<meta property=\"og:image:type\" content=\"image\/jpeg\" \/>\n<meta name=\"twitter:card\" content=\"summary_large_image\" \/>\n<meta name=\"twitter:label1\" content=\"Est. reading time\" \/>\n\t<meta name=\"twitter:data1\" content=\"1 minute\" \/>\n<script type=\"application\/ld+json\" class=\"yoast-schema-graph\">{\"@context\":\"https:\/\/schema.org\",\"@graph\":[{\"@type\":\"WebPage\",\"@id\":\"https:\/\/anamandara-resort.com\/vi\/rooms-suites\/villa-studio\/\",\"url\":\"https:\/\/anamandara-resort.com\/vi\/rooms-suites\/villa-studio\/\",\"name\":\"Villa Studio - Ana Mandara Villas Dalat Resort &amp; Spa\",\"isPartOf\":{\"@id\":\"https:\/\/anamandara-resort.com\/vi\/#website\"},\"primaryImageOfPage\":{\"@id\":\"https:\/\/anamandara-resort.com\/vi\/rooms-suites\/villa-studio\/#primaryimage\"},\"image\":{\"@id\":\"https:\/\/anamandara-resort.com\/vi\/rooms-suites\/villa-studio\/#primaryimage\"},\"thumbnailUrl\":\"https:\/\/www.anamandara-resort.com\/wp-content\/uploads\/sites\/233\/2025\/07\/VILLA-STUDIO-1602-11.jpg\",\"datePublished\":\"2022-04-05T07:32:56+00:00\",\"dateModified\":\"2025-07-21T09:12:56+00:00\",\"breadcrumb\":{\"@id\":\"https:\/\/anamandara-resort.com\/vi\/rooms-suites\/villa-studio\/#breadcrumb\"},\"inLanguage\":\"vi-VN\",\"potentialAction\":[{\"@type\":\"ReadAction\",\"target\":[\"https:\/\/anamandara-resort.com\/vi\/rooms-suites\/villa-studio\/\"]}]},{\"@type\":\"ImageObject\",\"inLanguage\":\"vi-VN\",\"@id\":\"https:\/\/anamandara-resort.com\/vi\/rooms-suites\/villa-studio\/#primaryimage\",\"url\":\"https:\/\/www.anamandara-resort.com\/wp-content\/uploads\/sites\/233\/2025\/07\/VILLA-STUDIO-1602-11.jpg\",\"contentUrl\":\"https:\/\/www.anamandara-resort.com\/wp-content\/uploads\/sites\/233\/2025\/07\/VILLA-STUDIO-1602-11.jpg\",\"width\":1920,\"height\":1280},{\"@type\":\"BreadcrumbList\",\"@id\":\"https:\/\/anamandara-resort.com\/vi\/rooms-suites\/villa-studio\/#breadcrumb\",\"itemListElement\":[{\"@type\":\"ListItem\",\"position\":1,\"name\":\"Home\",\"item\":\"https:\/\/anamandara-resort.com\/vi\/\"},{\"@type\":\"ListItem\",\"position\":2,\"name\":\"Ph\u00f2ng Ngh\u1ec9\",\"item\":\"https:\/\/anamandara-resort.com\/vi\/rooms-suites\/\"},{\"@type\":\"ListItem\",\"position\":3,\"name\":\"Villa Studio\"}]},{\"@type\":\"WebSite\",\"@id\":\"https:\/\/anamandara-resort.com\/vi\/#website\",\"url\":\"https:\/\/anamandara-resort.com\/vi\/\",\"name\":\"Ana Mandara Villas Dalat Resort &amp; Spa\",\"description\":\"\",\"potentialAction\":[{\"@type\":\"SearchAction\",\"target\":{\"@type\":\"EntryPoint\",\"urlTemplate\":\"https:\/\/anamandara-resort.com\/vi\/?s={search_term_string}\"},\"query-input\":\"required name=search_term_string\"}],\"inLanguage\":\"vi-VN\"}]}<\/script>\n<!-- \/ Yoast SEO plugin. -->","yoast_head_json":{"title":"Villa Studio - Ana Mandara Villas Dalat Resort &amp; Spa","robots":{"index":"index","follow":"follow","max-snippet":"max-snippet:-1","max-image-preview":"max-image-preview:large","max-video-preview":"max-video-preview:-1"},"canonical":"https:\/\/anamandara-resort.com\/vi\/rooms-suites\/villa-studio\/","og_locale":"vi_VN","og_type":"article","og_title":"Villa Studio - Ana Mandara Villas Dalat Resort &amp; Spa","og_description":"21 c\u0103n Villa Studio mang b\u1ea1n quay ng\u01b0\u1ee3c th\u1eddi gian tr\u1edf l\u1ea1i \u0110\u00e0 L\u1ea1t th\u1eddi \u0110\u00f4ng D\u01b0\u01a1ng. Th\u01b0 th\u00e1i t\u1eadn h\u01b0\u1edfng gi\u01b0\u1eddng King d\u00e0nh cho 02 ng\u01b0\u1eddi l\u1edbn v\u00e0 01 tr\u1ebb em d\u01b0\u1edbi 6 tu\u1ed5i khi \u00e1nh s\u00e1ng ban ng\u00e0y chi\u1ebfu r\u1ecdi qua khung c\u1eeda s\u1ed5 g\u1ed7 \u0111\u01b0\u1ee3c l\u1ea5y c\u1ea3m h\u1ee9ng t\u1eeb ki\u1ebfn tr\u00fac Ph\u00e1p, [&hellip;]","og_url":"https:\/\/anamandara-resort.com\/vi\/rooms-suites\/villa-studio\/","og_site_name":"Ana Mandara Villas Dalat Resort &amp; Spa","article_modified_time":"2025-07-21T09:12:56+00:00","og_image":[{"width":1920,"height":1280,"url":"https:\/\/www.anamandara-resort.com\/wp-content\/uploads\/sites\/233\/2025\/07\/VILLA-STUDIO-1602-11.jpg","type":"image\/jpeg"}],"twitter_card":"summary_large_image","twitter_misc":{"Est. reading time":"1 minute"},"schema":{"@context":"https:\/\/schema.org","@graph":[{"@type":"WebPage","@id":"https:\/\/anamandara-resort.com\/vi\/rooms-suites\/villa-studio\/","url":"https:\/\/anamandara-resort.com\/vi\/rooms-suites\/villa-studio\/","name":"Villa Studio - Ana Mandara Villas Dalat Resort &amp; Spa","isPartOf":{"@id":"https:\/\/anamandara-resort.com\/vi\/#website"},"primaryImageOfPage":{"@id":"https:\/\/anamandara-resort.com\/vi\/rooms-suites\/villa-studio\/#primaryimage"},"image":{"@id":"https:\/\/anamandara-resort.com\/vi\/rooms-suites\/villa-studio\/#primaryimage"},"thumbnailUrl":"https:\/\/www.anamandara-resort.com\/wp-content\/uploads\/sites\/233\/2025\/07\/VILLA-STUDIO-1602-11.jpg","datePublished":"2022-04-05T07:32:56+00:00","dateModified":"2025-07-21T09:12:56+00:00","breadcrumb":{"@id":"https:\/\/anamandara-resort.com\/vi\/rooms-suites\/villa-studio\/#breadcrumb"},"inLanguage":"vi-VN","potentialAction":[{"@type":"ReadAction","target":["https:\/\/anamandara-resort.com\/vi\/rooms-suites\/villa-studio\/"]}]},{"@type":"ImageObject","inLanguage":"vi-VN","@id":"https:\/\/anamandara-resort.com\/vi\/rooms-suites\/villa-studio\/#primaryimage","url":"https:\/\/www.anamandara-resort.com\/wp-content\/uploads\/sites\/233\/2025\/07\/VILLA-STUDIO-1602-11.jpg","contentUrl":"https:\/\/www.anamandara-resort.com\/wp-content\/uploads\/sites\/233\/2025\/07\/VILLA-STUDIO-1602-11.jpg","width":1920,"height":1280},{"@type":"BreadcrumbList","@id":"https:\/\/anamandara-resort.com\/vi\/rooms-suites\/villa-studio\/#breadcrumb","itemListElement":[{"@type":"ListItem","position":1,"name":"Home","item":"https:\/\/anamandara-resort.com\/vi\/"},{"@type":"ListItem","position":2,"name":"Ph\u00f2ng Ngh\u1ec9","item":"https:\/\/anamandara-resort.com\/vi\/rooms-suites\/"},{"@type":"ListItem","position":3,"name":"Villa Studio"}]},{"@type":"WebSite","@id":"https:\/\/anamandara-resort.com\/vi\/#website","url":"https:\/\/anamandara-resort.com\/vi\/","name":"Ana Mandara Villas Dalat Resort &amp; Spa","description":"","potentialAction":[{"@type":"SearchAction","target":{"@type":"EntryPoint","urlTemplate":"https:\/\/anamandara-resort.com\/vi\/?s={search_term_string}"},"query-input":"required name=search_term_string"}],"inLanguage":"vi-VN"}]}},"_links":{"self":[{"href":"https:\/\/anamandara-resort.com\/vi\/wp-json\/wp\/v2\/pages\/307"}],"collection":[{"href":"https:\/\/anamandara-resort.com\/vi\/wp-json\/wp\/v2\/pages"}],"about":[{"href":"https:\/\/anamandara-resort.com\/vi\/wp-json\/wp\/v2\/types\/page"}],"author":[{"embeddable":true,"href":"https:\/\/anamandara-resort.com\/vi\/wp-json\/wp\/v2\/users\/368"}],"replies":[{"embeddable":true,"href":"https:\/\/anamandara-resort.com\/vi\/wp-json\/wp\/v2\/comments?post=307"}],"version-history":[{"count":0,"href":"https:\/\/anamandara-resort.com\/vi\/wp-json\/wp\/v2\/pages\/307\/revisions"}],"up":[{"embeddable":true,"href":"https:\/\/anamandara-resort.com\/vi\/wp-json\/wp\/v2\/pages\/304"}],"wp:featuredmedia":[{"embeddable":true,"href":"https:\/\/anamandara-resort.com\/vi\/wp-json\/wp\/v2\/media\/8757"}],"wp:attachment":[{"href":"https:\/\/anamandara-resort.com\/vi\/wp-json\/wp\/v2\/media?parent=307"}],"curies":[{"name":"wp","href":"https:\/\/api.w.org\/{rel}","templated":true}]}}