{"id":308,"date":"2022-04-05T07:39:26","date_gmt":"2022-04-05T07:39:26","guid":{"rendered":"https:\/\/ana-mandara-resort.ms.decms.asia\/rooms-suites\/villa-suite\/"},"modified":"2025-07-21T10:19:45","modified_gmt":"2025-07-21T10:19:45","slug":"villa-suite","status":"publish","type":"page","link":"https:\/\/anamandara-resort.com\/vi\/rooms-suites\/villa-suite\/","title":{"rendered":"Villa Suite"},"content":{"rendered":"<p><span data-sheets-value=\"{&quot;1&quot;:2,&quot;2&quot;:&quot;Tranh treo t\u01b0\u1eddng x\u01b0a c\u1ed5, \u0111\u1ed3 n\u1ed9i th\u1ea5t trang nh\u00e3 v\u00e0 c\u00e1c v\u1eadt d\u1ee5ng \u0111\u01b0\u1ee3c s\u01b0u t\u1ea7m theo phong c\u00e1ch \u0110\u00f4ng D\u01b0\u01a1ng trong 28 c\u0103n Villa Suite s\u1ebd \u0111\u01b0a Qu\u00fd kh\u00e1ch ng\u01b0\u1ee3c th\u1eddi gian v\u1ec1 \u0110\u00e0 L\u1ea1t th\u1eddi Ph\u00e1p thu\u1ed9c. Gi\u01b0\u1eddng King \u0111\u01b0\u1ee3c \u0111\u1eb7t tr\u00ean n\u1ec1n s\u00e0n g\u1ed7 g\u1ee5 t\u1ef1 nhi\u00ean, h\u1ee9a h\u1eb9n m\u1ed9t gi\u1ea5c ng\u1ee7 ngon trong ti\u1ebft tr\u1eddi m\u00e1t m\u1ebb t\u1ea1i \u0110\u00e0 L\u1ea1t d\u00e0nh cho 02 ng\u01b0\u1eddi l\u1edbn v\u00e0 01 tr\u1ebb em d\u01b0\u1edbi 6 tu\u1ed5i.&quot;}\" data-sheets-userformat=\"{&quot;2&quot;:13251,&quot;3&quot;:{&quot;1&quot;:0},&quot;4&quot;:{&quot;1&quot;:2,&quot;2&quot;:16773836},&quot;9&quot;:0,&quot;10&quot;:1,&quot;11&quot;:4,&quot;12&quot;:0,&quot;15&quot;:&quot;Montserrat&quot;,&quot;16&quot;:10}\">Tranh treo t\u01b0\u1eddng x\u01b0a c\u1ed5, \u0111\u1ed3 n\u1ed9i th\u1ea5t trang nh\u00e3 v\u00e0 c\u00e1c v\u1eadt d\u1ee5ng \u0111\u01b0\u1ee3c s\u01b0u t\u1ea7m theo phong c\u00e1ch \u0110\u00f4ng D\u01b0\u01a1ng trong 29 c\u0103n Villa Suite s\u1ebd \u0111\u01b0a Qu\u00fd kh\u00e1ch ng\u01b0\u1ee3c th\u1eddi gian v\u1ec1 \u0110\u00e0 L\u1ea1t th\u1eddi Ph\u00e1p thu\u1ed9c. Gi\u01b0\u1eddng King \u0111\u01b0\u1ee3c \u0111\u1eb7t tr\u00ean n\u1ec1n s\u00e0n g\u1ed7 g\u1ee5 t\u1ef1 nhi\u00ean, h\u1ee9a h\u1eb9n m\u1ed9t gi\u1ea5c ng\u1ee7 ngon trong ti\u1ebft tr\u1eddi m\u00e1t m\u1ebb t\u1ea1i \u0110\u00e0 L\u1ea1t d\u00e0nh cho 02 ng\u01b0\u1eddi l\u1edbn v\u00e0 01 tr\u1ebb em d\u01b0\u1edbi 6 tu\u1ed5i.<\/span><\/p>\n","protected":false},"excerpt":{"rendered":"<p>Tranh treo t\u01b0\u1eddng x\u01b0a c\u1ed5, \u0111\u1ed3 n\u1ed9i th\u1ea5t trang nh\u00e3 v\u00e0 c\u00e1c v\u1eadt d\u1ee5ng \u0111\u01b0\u1ee3c s\u01b0u t\u1ea7m theo phong c\u00e1ch \u0110\u00f4ng D\u01b0\u01a1ng trong 29 c\u0103n Villa Suite s\u1ebd \u0111\u01b0a Qu\u00fd kh\u00e1ch ng\u01b0\u1ee3c th\u1eddi gian v\u1ec1 \u0110\u00e0 L\u1ea1t th\u1eddi Ph\u00e1p thu\u1ed9c. Gi\u01b0\u1eddng King \u0111\u01b0\u1ee3c \u0111\u1eb7t tr\u00ean n\u1ec1n s\u00e0n g\u1ed7 g\u1ee5 t\u1ef1 nhi\u00ean, h\u1ee9a h\u1eb9n m\u1ed9t gi\u1ea5c [&hellip;]<\/p>\n","protected":false},"author":368,"featured_media":8802,"parent":304,"menu_order":3,"comment_status":"closed","ping_status":"closed","template":"template-single-room.php","meta":{"footnotes":""},"acf":[],"yoast_head":"<!-- This site is optimized with the Yoast SEO plugin v22.3 - https:\/\/yoast.com\/wordpress\/plugins\/seo\/ -->\n<title>Villa Suite - Ana Mandara Villas Dalat Resort &amp; Spa<\/title>\n<meta name=\"robots\" content=\"index, follow, max-snippet:-1, max-image-preview:large, max-video-preview:-1\" \/>\n<link rel=\"canonical\" href=\"https:\/\/anamandara-resort.com\/vi\/rooms-suites\/villa-suite\/\" \/>\n<meta property=\"og:locale\" content=\"vi_VN\" \/>\n<meta property=\"og:type\" content=\"article\" \/>\n<meta property=\"og:title\" content=\"Villa Suite - Ana Mandara Villas Dalat Resort &amp; Spa\" \/>\n<meta property=\"og:description\" content=\"Tranh treo t\u01b0\u1eddng x\u01b0a c\u1ed5, \u0111\u1ed3 n\u1ed9i th\u1ea5t trang nh\u00e3 v\u00e0 c\u00e1c v\u1eadt d\u1ee5ng \u0111\u01b0\u1ee3c s\u01b0u t\u1ea7m theo phong c\u00e1ch \u0110\u00f4ng D\u01b0\u01a1ng trong 29 c\u0103n Villa Suite s\u1ebd \u0111\u01b0a Qu\u00fd kh\u00e1ch ng\u01b0\u1ee3c th\u1eddi gian v\u1ec1 \u0110\u00e0 L\u1ea1t th\u1eddi Ph\u00e1p thu\u1ed9c. Gi\u01b0\u1eddng King \u0111\u01b0\u1ee3c \u0111\u1eb7t tr\u00ean n\u1ec1n s\u00e0n g\u1ed7 g\u1ee5 t\u1ef1 nhi\u00ean, h\u1ee9a h\u1eb9n m\u1ed9t gi\u1ea5c [&hellip;]\" \/>\n<meta property=\"og:url\" content=\"https:\/\/anamandara-resort.com\/vi\/rooms-suites\/villa-suite\/\" \/>\n<meta property=\"og:site_name\" content=\"Ana Mandara Villas Dalat Resort &amp; Spa\" \/>\n<meta property=\"article:modified_time\" content=\"2025-07-21T10:19:45+00:00\" \/>\n<meta property=\"og:image\" content=\"https:\/\/www.anamandara-resort.com\/wp-content\/uploads\/sites\/233\/2025\/07\/VILLA-SUITE-705.jpg\" \/>\n\t<meta property=\"og:image:width\" content=\"1920\" \/>\n\t<meta property=\"og:image:height\" content=\"1280\" \/>\n\t<meta property=\"og:image:type\" content=\"image\/jpeg\" \/>\n<meta name=\"twitter:card\" content=\"summary_large_image\" \/>\n<meta name=\"twitter:label1\" content=\"Est. reading time\" \/>\n\t<meta name=\"twitter:data1\" content=\"1 minute\" \/>\n<script type=\"application\/ld+json\" class=\"yoast-schema-graph\">{\"@context\":\"https:\/\/schema.org\",\"@graph\":[{\"@type\":\"WebPage\",\"@id\":\"https:\/\/anamandara-resort.com\/vi\/rooms-suites\/villa-suite\/\",\"url\":\"https:\/\/anamandara-resort.com\/vi\/rooms-suites\/villa-suite\/\",\"name\":\"Villa Suite - Ana Mandara Villas Dalat Resort &amp; Spa\",\"isPartOf\":{\"@id\":\"https:\/\/anamandara-resort.com\/vi\/#website\"},\"primaryImageOfPage\":{\"@id\":\"https:\/\/anamandara-resort.com\/vi\/rooms-suites\/villa-suite\/#primaryimage\"},\"image\":{\"@id\":\"https:\/\/anamandara-resort.com\/vi\/rooms-suites\/villa-suite\/#primaryimage\"},\"thumbnailUrl\":\"https:\/\/www.anamandara-resort.com\/wp-content\/uploads\/sites\/233\/2025\/07\/VILLA-SUITE-705.jpg\",\"datePublished\":\"2022-04-05T07:39:26+00:00\",\"dateModified\":\"2025-07-21T10:19:45+00:00\",\"breadcrumb\":{\"@id\":\"https:\/\/anamandara-resort.com\/vi\/rooms-suites\/villa-suite\/#breadcrumb\"},\"inLanguage\":\"vi-VN\",\"potentialAction\":[{\"@type\":\"ReadAction\",\"target\":[\"https:\/\/anamandara-resort.com\/vi\/rooms-suites\/villa-suite\/\"]}]},{\"@type\":\"ImageObject\",\"inLanguage\":\"vi-VN\",\"@id\":\"https:\/\/anamandara-resort.com\/vi\/rooms-suites\/villa-suite\/#primaryimage\",\"url\":\"https:\/\/www.anamandara-resort.com\/wp-content\/uploads\/sites\/233\/2025\/07\/VILLA-SUITE-705.jpg\",\"contentUrl\":\"https:\/\/www.anamandara-resort.com\/wp-content\/uploads\/sites\/233\/2025\/07\/VILLA-SUITE-705.jpg\",\"width\":1920,\"height\":1280,\"caption\":\"VILLA SUITE\"},{\"@type\":\"BreadcrumbList\",\"@id\":\"https:\/\/anamandara-resort.com\/vi\/rooms-suites\/villa-suite\/#breadcrumb\",\"itemListElement\":[{\"@type\":\"ListItem\",\"position\":1,\"name\":\"Home\",\"item\":\"https:\/\/anamandara-resort.com\/vi\/\"},{\"@type\":\"ListItem\",\"position\":2,\"name\":\"Ph\u00f2ng Ngh\u1ec9\",\"item\":\"https:\/\/anamandara-resort.com\/vi\/rooms-suites\/\"},{\"@type\":\"ListItem\",\"position\":3,\"name\":\"Villa Suite\"}]},{\"@type\":\"WebSite\",\"@id\":\"https:\/\/anamandara-resort.com\/vi\/#website\",\"url\":\"https:\/\/anamandara-resort.com\/vi\/\",\"name\":\"Ana Mandara Villas Dalat Resort &amp; Spa\",\"description\":\"\",\"potentialAction\":[{\"@type\":\"SearchAction\",\"target\":{\"@type\":\"EntryPoint\",\"urlTemplate\":\"https:\/\/anamandara-resort.com\/vi\/?s={search_term_string}\"},\"query-input\":\"required name=search_term_string\"}],\"inLanguage\":\"vi-VN\"}]}<\/script>\n<!-- \/ Yoast SEO plugin. -->","yoast_head_json":{"title":"Villa Suite - Ana Mandara Villas Dalat Resort &amp; Spa","robots":{"index":"index","follow":"follow","max-snippet":"max-snippet:-1","max-image-preview":"max-image-preview:large","max-video-preview":"max-video-preview:-1"},"canonical":"https:\/\/anamandara-resort.com\/vi\/rooms-suites\/villa-suite\/","og_locale":"vi_VN","og_type":"article","og_title":"Villa Suite - Ana Mandara Villas Dalat Resort &amp; Spa","og_description":"Tranh treo t\u01b0\u1eddng x\u01b0a c\u1ed5, \u0111\u1ed3 n\u1ed9i th\u1ea5t trang nh\u00e3 v\u00e0 c\u00e1c v\u1eadt d\u1ee5ng \u0111\u01b0\u1ee3c s\u01b0u t\u1ea7m theo phong c\u00e1ch \u0110\u00f4ng D\u01b0\u01a1ng trong 29 c\u0103n Villa Suite s\u1ebd \u0111\u01b0a Qu\u00fd kh\u00e1ch ng\u01b0\u1ee3c th\u1eddi gian v\u1ec1 \u0110\u00e0 L\u1ea1t th\u1eddi Ph\u00e1p thu\u1ed9c. Gi\u01b0\u1eddng King \u0111\u01b0\u1ee3c \u0111\u1eb7t tr\u00ean n\u1ec1n s\u00e0n g\u1ed7 g\u1ee5 t\u1ef1 nhi\u00ean, h\u1ee9a h\u1eb9n m\u1ed9t gi\u1ea5c [&hellip;]","og_url":"https:\/\/anamandara-resort.com\/vi\/rooms-suites\/villa-suite\/","og_site_name":"Ana Mandara Villas Dalat Resort &amp; Spa","article_modified_time":"2025-07-21T10:19:45+00:00","og_image":[{"width":1920,"height":1280,"url":"https:\/\/www.anamandara-resort.com\/wp-content\/uploads\/sites\/233\/2025\/07\/VILLA-SUITE-705.jpg","type":"image\/jpeg"}],"twitter_card":"summary_large_image","twitter_misc":{"Est. reading time":"1 minute"},"schema":{"@context":"https:\/\/schema.org","@graph":[{"@type":"WebPage","@id":"https:\/\/anamandara-resort.com\/vi\/rooms-suites\/villa-suite\/","url":"https:\/\/anamandara-resort.com\/vi\/rooms-suites\/villa-suite\/","name":"Villa Suite - Ana Mandara Villas Dalat Resort &amp; Spa","isPartOf":{"@id":"https:\/\/anamandara-resort.com\/vi\/#website"},"primaryImageOfPage":{"@id":"https:\/\/anamandara-resort.com\/vi\/rooms-suites\/villa-suite\/#primaryimage"},"image":{"@id":"https:\/\/anamandara-resort.com\/vi\/rooms-suites\/villa-suite\/#primaryimage"},"thumbnailUrl":"https:\/\/www.anamandara-resort.com\/wp-content\/uploads\/sites\/233\/2025\/07\/VILLA-SUITE-705.jpg","datePublished":"2022-04-05T07:39:26+00:00","dateModified":"2025-07-21T10:19:45+00:00","breadcrumb":{"@id":"https:\/\/anamandara-resort.com\/vi\/rooms-suites\/villa-suite\/#breadcrumb"},"inLanguage":"vi-VN","potentialAction":[{"@type":"ReadAction","target":["https:\/\/anamandara-resort.com\/vi\/rooms-suites\/villa-suite\/"]}]},{"@type":"ImageObject","inLanguage":"vi-VN","@id":"https:\/\/anamandara-resort.com\/vi\/rooms-suites\/villa-suite\/#primaryimage","url":"https:\/\/www.anamandara-resort.com\/wp-content\/uploads\/sites\/233\/2025\/07\/VILLA-SUITE-705.jpg","contentUrl":"https:\/\/www.anamandara-resort.com\/wp-content\/uploads\/sites\/233\/2025\/07\/VILLA-SUITE-705.jpg","width":1920,"height":1280,"caption":"VILLA SUITE"},{"@type":"BreadcrumbList","@id":"https:\/\/anamandara-resort.com\/vi\/rooms-suites\/villa-suite\/#breadcrumb","itemListElement":[{"@type":"ListItem","position":1,"name":"Home","item":"https:\/\/anamandara-resort.com\/vi\/"},{"@type":"ListItem","position":2,"name":"Ph\u00f2ng Ngh\u1ec9","item":"https:\/\/anamandara-resort.com\/vi\/rooms-suites\/"},{"@type":"ListItem","position":3,"name":"Villa Suite"}]},{"@type":"WebSite","@id":"https:\/\/anamandara-resort.com\/vi\/#website","url":"https:\/\/anamandara-resort.com\/vi\/","name":"Ana Mandara Villas Dalat Resort &amp; Spa","description":"","potentialAction":[{"@type":"SearchAction","target":{"@type":"EntryPoint","urlTemplate":"https:\/\/anamandara-resort.com\/vi\/?s={search_term_string}"},"query-input":"required name=search_term_string"}],"inLanguage":"vi-VN"}]}},"_links":{"self":[{"href":"https:\/\/anamandara-resort.com\/vi\/wp-json\/wp\/v2\/pages\/308"}],"collection":[{"href":"https:\/\/anamandara-resort.com\/vi\/wp-json\/wp\/v2\/pages"}],"about":[{"href":"https:\/\/anamandara-resort.com\/vi\/wp-json\/wp\/v2\/types\/page"}],"author":[{"embeddable":true,"href":"https:\/\/anamandara-resort.com\/vi\/wp-json\/wp\/v2\/users\/368"}],"replies":[{"embeddable":true,"href":"https:\/\/anamandara-resort.com\/vi\/wp-json\/wp\/v2\/comments?post=308"}],"version-history":[{"count":0,"href":"https:\/\/anamandara-resort.com\/vi\/wp-json\/wp\/v2\/pages\/308\/revisions"}],"up":[{"embeddable":true,"href":"https:\/\/anamandara-resort.com\/vi\/wp-json\/wp\/v2\/pages\/304"}],"wp:featuredmedia":[{"embeddable":true,"href":"https:\/\/anamandara-resort.com\/vi\/wp-json\/wp\/v2\/media\/8802"}],"wp:attachment":[{"href":"https:\/\/anamandara-resort.com\/vi\/wp-json\/wp\/v2\/media?parent=308"}],"curies":[{"name":"wp","href":"https:\/\/api.w.org\/{rel}","templated":true}]}}