{"id":309,"date":"2022-04-05T07:43:47","date_gmt":"2022-04-05T07:43:47","guid":{"rendered":"https:\/\/ana-mandara-resort.ms.decms.asia\/rooms-suites\/grande-suite\/"},"modified":"2025-07-22T02:18:08","modified_gmt":"2025-07-22T02:18:08","slug":"grande-suite","status":"publish","type":"page","link":"https:\/\/anamandara-resort.com\/vi\/rooms-suites\/grande-suite\/","title":{"rendered":"Grande Suite"},"content":{"rendered":"<p><span data-sheets-value=\"{&quot;1&quot;:2,&quot;2&quot;:&quot;Chi\u1ebfc gi\u01b0\u1eddng t\u1ee9 tr\u1ee5 truy\u1ec1n th\u1ed1ng, ph\u00f2ng kh\u00e1ch r\u1ed9ng r\u00e3i v\u00e0 \u0111\u1ed3 n\u1ed9i th\u1ea5t \u0111\u01b0\u1ee3c thi\u1ebft k\u1ebf ri\u00eang bi\u1ec7t theo ki\u1ec3u \u0110\u00f4ng D\u01b0\u01a1ng - t\u1ea5t c\u1ea3 t\u1ea1o n\u00ean s\u1ef1 trang nh\u00e3 nh\u1eb9 nh\u00e0ng, l\u00f4i cu\u1ed1n trong 3 c\u0103n Grande Suite v\u1edbi t\u1ea7m nh\u00ecn tuy\u1ec7t \u0111\u1eb9p t\u1eeb ban c\u00f4ng ri\u00eang. Ph\u00f2ng t\u1eafm r\u1ed9ng r\u00e3i gi\u00fap Qu\u00fd kh\u00e1ch th\u01b0 gi\u00e3n v\u1edbi b\u1ed3n t\u1eafm ch\u00e2n \u0111\u1ebf c\u1ed5 \u0111i\u1ec3n v\u00e0 khu v\u1ef1c t\u1eafm v\u00f2i sen ri\u00eang bi\u1ec7t. Ph\u00f2ng Grande Suite l\u00e0 n\u01a1i ngh\u1ec9 ng\u01a1i l\u00fd t\u01b0\u1edfng cho 02 ng\u01b0\u1eddi l\u1edbn v\u00e0 01 tr\u1ebb em d\u01b0\u1edbi 6 tu\u1ed5i.&quot;}\" data-sheets-userformat=\"{&quot;2&quot;:13251,&quot;3&quot;:{&quot;1&quot;:0},&quot;4&quot;:{&quot;1&quot;:2,&quot;2&quot;:16773836},&quot;9&quot;:0,&quot;10&quot;:1,&quot;11&quot;:4,&quot;12&quot;:0,&quot;15&quot;:&quot;Montserrat&quot;,&quot;16&quot;:10}\">Chi\u1ebfc gi\u01b0\u1eddng t\u1ee9 tr\u1ee5 truy\u1ec1n th\u1ed1ng, ph\u00f2ng kh\u00e1ch r\u1ed9ng r\u00e3i v\u00e0 \u0111\u1ed3 n\u1ed9i th\u1ea5t \u0111\u01b0\u1ee3c thi\u1ebft k\u1ebf ri\u00eang bi\u1ec7t theo ki\u1ec3u \u0110\u00f4ng D\u01b0\u01a1ng &#8211; t\u1ea5t c\u1ea3 t\u1ea1o n\u00ean s\u1ef1 trang nh\u00e3 nh\u1eb9 nh\u00e0ng, l\u00f4i cu\u1ed1n trong 2 c\u0103n Grande Suite v\u1edbi t\u1ea7m nh\u00ecn tuy\u1ec7t \u0111\u1eb9p t\u1eeb ban c\u00f4ng ri\u00eang. Ph\u00f2ng t\u1eafm r\u1ed9ng r\u00e3i gi\u00fap Qu\u00fd kh\u00e1ch th\u01b0 gi\u00e3n v\u1edbi b\u1ed3n t\u1eafm ch\u00e2n \u0111\u1ebf c\u1ed5 \u0111i\u1ec3n v\u00e0 khu v\u1ef1c t\u1eafm v\u00f2i sen ri\u00eang bi\u1ec7t. Ph\u00f2ng Grande Suite l\u00e0 n\u01a1i ngh\u1ec9 ng\u01a1i l\u00fd t\u01b0\u1edfng cho 02 ng\u01b0\u1eddi l\u1edbn v\u00e0 01 tr\u1ebb em d\u01b0\u1edbi 6 tu\u1ed5i.<\/span><\/p>\n","protected":false},"excerpt":{"rendered":"<p>Chi\u1ebfc gi\u01b0\u1eddng t\u1ee9 tr\u1ee5 truy\u1ec1n th\u1ed1ng, ph\u00f2ng kh\u00e1ch r\u1ed9ng r\u00e3i v\u00e0 \u0111\u1ed3 n\u1ed9i th\u1ea5t \u0111\u01b0\u1ee3c thi\u1ebft k\u1ebf ri\u00eang bi\u1ec7t theo ki\u1ec3u \u0110\u00f4ng D\u01b0\u01a1ng &#8211; t\u1ea5t c\u1ea3 t\u1ea1o n\u00ean s\u1ef1 trang nh\u00e3 nh\u1eb9 nh\u00e0ng, l\u00f4i cu\u1ed1n trong 2 c\u0103n Grande Suite v\u1edbi t\u1ea7m nh\u00ecn tuy\u1ec7t \u0111\u1eb9p t\u1eeb ban c\u00f4ng ri\u00eang. Ph\u00f2ng t\u1eafm r\u1ed9ng r\u00e3i gi\u00fap Qu\u00fd [&hellip;]<\/p>\n","protected":false},"author":368,"featured_media":8837,"parent":304,"menu_order":4,"comment_status":"closed","ping_status":"closed","template":"template-single-room.php","meta":{"footnotes":""},"acf":[],"yoast_head":"<!-- This site is optimized with the Yoast SEO plugin v22.3 - https:\/\/yoast.com\/wordpress\/plugins\/seo\/ -->\n<title>Grande Suite - Ana Mandara Villas Dalat Resort &amp; Spa<\/title>\n<meta name=\"robots\" content=\"index, follow, max-snippet:-1, max-image-preview:large, max-video-preview:-1\" \/>\n<link rel=\"canonical\" href=\"https:\/\/anamandara-resort.com\/vi\/rooms-suites\/grande-suite\/\" \/>\n<meta property=\"og:locale\" content=\"vi_VN\" \/>\n<meta property=\"og:type\" content=\"article\" \/>\n<meta property=\"og:title\" content=\"Grande Suite - Ana Mandara Villas Dalat Resort &amp; Spa\" \/>\n<meta property=\"og:description\" content=\"Chi\u1ebfc gi\u01b0\u1eddng t\u1ee9 tr\u1ee5 truy\u1ec1n th\u1ed1ng, ph\u00f2ng kh\u00e1ch r\u1ed9ng r\u00e3i v\u00e0 \u0111\u1ed3 n\u1ed9i th\u1ea5t \u0111\u01b0\u1ee3c thi\u1ebft k\u1ebf ri\u00eang bi\u1ec7t theo ki\u1ec3u \u0110\u00f4ng D\u01b0\u01a1ng &#8211; t\u1ea5t c\u1ea3 t\u1ea1o n\u00ean s\u1ef1 trang nh\u00e3 nh\u1eb9 nh\u00e0ng, l\u00f4i cu\u1ed1n trong 2 c\u0103n Grande Suite v\u1edbi t\u1ea7m nh\u00ecn tuy\u1ec7t \u0111\u1eb9p t\u1eeb ban c\u00f4ng ri\u00eang. Ph\u00f2ng t\u1eafm r\u1ed9ng r\u00e3i gi\u00fap Qu\u00fd [&hellip;]\" \/>\n<meta property=\"og:url\" content=\"https:\/\/anamandara-resort.com\/vi\/rooms-suites\/grande-suite\/\" \/>\n<meta property=\"og:site_name\" content=\"Ana Mandara Villas Dalat Resort &amp; Spa\" \/>\n<meta property=\"article:modified_time\" content=\"2025-07-22T02:18:08+00:00\" \/>\n<meta property=\"og:image\" content=\"https:\/\/www.anamandara-resort.com\/wp-content\/uploads\/sites\/233\/2025\/07\/GRANDE-SUITE-304-7.jpg\" \/>\n\t<meta property=\"og:image:width\" content=\"1920\" \/>\n\t<meta property=\"og:image:height\" content=\"1280\" \/>\n\t<meta property=\"og:image:type\" content=\"image\/jpeg\" \/>\n<meta name=\"twitter:card\" content=\"summary_large_image\" \/>\n<meta name=\"twitter:label1\" content=\"Est. reading time\" \/>\n\t<meta name=\"twitter:data1\" content=\"1 minute\" \/>\n<script type=\"application\/ld+json\" class=\"yoast-schema-graph\">{\"@context\":\"https:\/\/schema.org\",\"@graph\":[{\"@type\":\"WebPage\",\"@id\":\"https:\/\/anamandara-resort.com\/vi\/rooms-suites\/grande-suite\/\",\"url\":\"https:\/\/anamandara-resort.com\/vi\/rooms-suites\/grande-suite\/\",\"name\":\"Grande Suite - Ana Mandara Villas Dalat Resort &amp; Spa\",\"isPartOf\":{\"@id\":\"https:\/\/anamandara-resort.com\/vi\/#website\"},\"primaryImageOfPage\":{\"@id\":\"https:\/\/anamandara-resort.com\/vi\/rooms-suites\/grande-suite\/#primaryimage\"},\"image\":{\"@id\":\"https:\/\/anamandara-resort.com\/vi\/rooms-suites\/grande-suite\/#primaryimage\"},\"thumbnailUrl\":\"https:\/\/www.anamandara-resort.com\/wp-content\/uploads\/sites\/233\/2025\/07\/GRANDE-SUITE-304-7.jpg\",\"datePublished\":\"2022-04-05T07:43:47+00:00\",\"dateModified\":\"2025-07-22T02:18:08+00:00\",\"breadcrumb\":{\"@id\":\"https:\/\/anamandara-resort.com\/vi\/rooms-suites\/grande-suite\/#breadcrumb\"},\"inLanguage\":\"vi-VN\",\"potentialAction\":[{\"@type\":\"ReadAction\",\"target\":[\"https:\/\/anamandara-resort.com\/vi\/rooms-suites\/grande-suite\/\"]}]},{\"@type\":\"ImageObject\",\"inLanguage\":\"vi-VN\",\"@id\":\"https:\/\/anamandara-resort.com\/vi\/rooms-suites\/grande-suite\/#primaryimage\",\"url\":\"https:\/\/www.anamandara-resort.com\/wp-content\/uploads\/sites\/233\/2025\/07\/GRANDE-SUITE-304-7.jpg\",\"contentUrl\":\"https:\/\/www.anamandara-resort.com\/wp-content\/uploads\/sites\/233\/2025\/07\/GRANDE-SUITE-304-7.jpg\",\"width\":1920,\"height\":1280},{\"@type\":\"BreadcrumbList\",\"@id\":\"https:\/\/anamandara-resort.com\/vi\/rooms-suites\/grande-suite\/#breadcrumb\",\"itemListElement\":[{\"@type\":\"ListItem\",\"position\":1,\"name\":\"Home\",\"item\":\"https:\/\/anamandara-resort.com\/vi\/\"},{\"@type\":\"ListItem\",\"position\":2,\"name\":\"Ph\u00f2ng Ngh\u1ec9\",\"item\":\"https:\/\/anamandara-resort.com\/vi\/rooms-suites\/\"},{\"@type\":\"ListItem\",\"position\":3,\"name\":\"Grande Suite\"}]},{\"@type\":\"WebSite\",\"@id\":\"https:\/\/anamandara-resort.com\/vi\/#website\",\"url\":\"https:\/\/anamandara-resort.com\/vi\/\",\"name\":\"Ana Mandara Villas Dalat Resort &amp; Spa\",\"description\":\"\",\"potentialAction\":[{\"@type\":\"SearchAction\",\"target\":{\"@type\":\"EntryPoint\",\"urlTemplate\":\"https:\/\/anamandara-resort.com\/vi\/?s={search_term_string}\"},\"query-input\":\"required name=search_term_string\"}],\"inLanguage\":\"vi-VN\"}]}<\/script>\n<!-- \/ Yoast SEO plugin. -->","yoast_head_json":{"title":"Grande Suite - Ana Mandara Villas Dalat Resort &amp; Spa","robots":{"index":"index","follow":"follow","max-snippet":"max-snippet:-1","max-image-preview":"max-image-preview:large","max-video-preview":"max-video-preview:-1"},"canonical":"https:\/\/anamandara-resort.com\/vi\/rooms-suites\/grande-suite\/","og_locale":"vi_VN","og_type":"article","og_title":"Grande Suite - Ana Mandara Villas Dalat Resort &amp; Spa","og_description":"Chi\u1ebfc gi\u01b0\u1eddng t\u1ee9 tr\u1ee5 truy\u1ec1n th\u1ed1ng, ph\u00f2ng kh\u00e1ch r\u1ed9ng r\u00e3i v\u00e0 \u0111\u1ed3 n\u1ed9i th\u1ea5t \u0111\u01b0\u1ee3c thi\u1ebft k\u1ebf ri\u00eang bi\u1ec7t theo ki\u1ec3u \u0110\u00f4ng D\u01b0\u01a1ng &#8211; t\u1ea5t c\u1ea3 t\u1ea1o n\u00ean s\u1ef1 trang nh\u00e3 nh\u1eb9 nh\u00e0ng, l\u00f4i cu\u1ed1n trong 2 c\u0103n Grande Suite v\u1edbi t\u1ea7m nh\u00ecn tuy\u1ec7t \u0111\u1eb9p t\u1eeb ban c\u00f4ng ri\u00eang. Ph\u00f2ng t\u1eafm r\u1ed9ng r\u00e3i gi\u00fap Qu\u00fd [&hellip;]","og_url":"https:\/\/anamandara-resort.com\/vi\/rooms-suites\/grande-suite\/","og_site_name":"Ana Mandara Villas Dalat Resort &amp; Spa","article_modified_time":"2025-07-22T02:18:08+00:00","og_image":[{"width":1920,"height":1280,"url":"https:\/\/www.anamandara-resort.com\/wp-content\/uploads\/sites\/233\/2025\/07\/GRANDE-SUITE-304-7.jpg","type":"image\/jpeg"}],"twitter_card":"summary_large_image","twitter_misc":{"Est. reading time":"1 minute"},"schema":{"@context":"https:\/\/schema.org","@graph":[{"@type":"WebPage","@id":"https:\/\/anamandara-resort.com\/vi\/rooms-suites\/grande-suite\/","url":"https:\/\/anamandara-resort.com\/vi\/rooms-suites\/grande-suite\/","name":"Grande Suite - Ana Mandara Villas Dalat Resort &amp; Spa","isPartOf":{"@id":"https:\/\/anamandara-resort.com\/vi\/#website"},"primaryImageOfPage":{"@id":"https:\/\/anamandara-resort.com\/vi\/rooms-suites\/grande-suite\/#primaryimage"},"image":{"@id":"https:\/\/anamandara-resort.com\/vi\/rooms-suites\/grande-suite\/#primaryimage"},"thumbnailUrl":"https:\/\/www.anamandara-resort.com\/wp-content\/uploads\/sites\/233\/2025\/07\/GRANDE-SUITE-304-7.jpg","datePublished":"2022-04-05T07:43:47+00:00","dateModified":"2025-07-22T02:18:08+00:00","breadcrumb":{"@id":"https:\/\/anamandara-resort.com\/vi\/rooms-suites\/grande-suite\/#breadcrumb"},"inLanguage":"vi-VN","potentialAction":[{"@type":"ReadAction","target":["https:\/\/anamandara-resort.com\/vi\/rooms-suites\/grande-suite\/"]}]},{"@type":"ImageObject","inLanguage":"vi-VN","@id":"https:\/\/anamandara-resort.com\/vi\/rooms-suites\/grande-suite\/#primaryimage","url":"https:\/\/www.anamandara-resort.com\/wp-content\/uploads\/sites\/233\/2025\/07\/GRANDE-SUITE-304-7.jpg","contentUrl":"https:\/\/www.anamandara-resort.com\/wp-content\/uploads\/sites\/233\/2025\/07\/GRANDE-SUITE-304-7.jpg","width":1920,"height":1280},{"@type":"BreadcrumbList","@id":"https:\/\/anamandara-resort.com\/vi\/rooms-suites\/grande-suite\/#breadcrumb","itemListElement":[{"@type":"ListItem","position":1,"name":"Home","item":"https:\/\/anamandara-resort.com\/vi\/"},{"@type":"ListItem","position":2,"name":"Ph\u00f2ng Ngh\u1ec9","item":"https:\/\/anamandara-resort.com\/vi\/rooms-suites\/"},{"@type":"ListItem","position":3,"name":"Grande Suite"}]},{"@type":"WebSite","@id":"https:\/\/anamandara-resort.com\/vi\/#website","url":"https:\/\/anamandara-resort.com\/vi\/","name":"Ana Mandara Villas Dalat Resort &amp; Spa","description":"","potentialAction":[{"@type":"SearchAction","target":{"@type":"EntryPoint","urlTemplate":"https:\/\/anamandara-resort.com\/vi\/?s={search_term_string}"},"query-input":"required name=search_term_string"}],"inLanguage":"vi-VN"}]}},"_links":{"self":[{"href":"https:\/\/anamandara-resort.com\/vi\/wp-json\/wp\/v2\/pages\/309"}],"collection":[{"href":"https:\/\/anamandara-resort.com\/vi\/wp-json\/wp\/v2\/pages"}],"about":[{"href":"https:\/\/anamandara-resort.com\/vi\/wp-json\/wp\/v2\/types\/page"}],"author":[{"embeddable":true,"href":"https:\/\/anamandara-resort.com\/vi\/wp-json\/wp\/v2\/users\/368"}],"replies":[{"embeddable":true,"href":"https:\/\/anamandara-resort.com\/vi\/wp-json\/wp\/v2\/comments?post=309"}],"version-history":[{"count":0,"href":"https:\/\/anamandara-resort.com\/vi\/wp-json\/wp\/v2\/pages\/309\/revisions"}],"up":[{"embeddable":true,"href":"https:\/\/anamandara-resort.com\/vi\/wp-json\/wp\/v2\/pages\/304"}],"wp:featuredmedia":[{"embeddable":true,"href":"https:\/\/anamandara-resort.com\/vi\/wp-json\/wp\/v2\/media\/8837"}],"wp:attachment":[{"href":"https:\/\/anamandara-resort.com\/vi\/wp-json\/wp\/v2\/media?parent=309"}],"curies":[{"name":"wp","href":"https:\/\/api.w.org\/{rel}","templated":true}]}}