{"id":310,"date":"2022-04-05T07:46:48","date_gmt":"2022-04-05T07:46:48","guid":{"rendered":"https:\/\/ana-mandara-resort.ms.decms.asia\/rooms-suites\/bellevue-suite\/"},"modified":"2025-07-22T03:28:56","modified_gmt":"2025-07-22T03:28:56","slug":"bellevue-suite","status":"publish","type":"page","link":"https:\/\/anamandara-resort.com\/vi\/rooms-suites\/bellevue-suite\/","title":{"rendered":"Bellevue Suite"},"content":{"rendered":"<p><span data-sheets-value=\"{&quot;1&quot;:2,&quot;2&quot;:&quot;Ghi l\u1ea1i kho\u1ea3nh kh\u1eafc ri\u00eang t\u01b0 v\u00e0 ch\u00ecm \u0111\u1eafm trong c\u1ea3nh s\u1eafc v\u00e0 kh\u00f4ng gian \u0111\u1eadm ch\u1ea5t Ph\u00e1p c\u1ee7a c\u0103n Bellevue Suite \u0111\u1ed9c \u200b\u200bnh\u1ea5t v\u00e0 duy nh\u1ea5t c\u1ee7a ch\u00fang t\u00f4i. \u0110\u1eb7c bi\u1ec7t ph\u00f2ng kh\u00e1ch c\u1ee7a c\u0103n suite n\u00e0y \u0111\u01b0\u1ee3c thi\u1ebft k\u1ebf r\u1ed9ng r\u00e3i, s\u00e2n hi\u00ean ri\u00eang bi\u1ec7t v\u00e0 gi\u01b0\u1eddng King v\u1edbi t\u1ea7m nh\u00ecn 270 \u0111\u1ed9 \u1ea5n t\u01b0\u1ee3ng nh\u00ecn ra khu r\u1eebng th\u00f4ng xanh m\u00e1t.\\n&quot;}\" data-sheets-userformat=\"{&quot;2&quot;:13251,&quot;3&quot;:{&quot;1&quot;:0},&quot;4&quot;:{&quot;1&quot;:2,&quot;2&quot;:16773836},&quot;9&quot;:0,&quot;10&quot;:1,&quot;11&quot;:4,&quot;12&quot;:0,&quot;15&quot;:&quot;Montserrat&quot;,&quot;16&quot;:10}\">Ghi l\u1ea1i kho\u1ea3nh kh\u1eafc ri\u00eang t\u01b0 v\u00e0 ch\u00ecm \u0111\u1eafm trong c\u1ea3nh s\u1eafc v\u00e0 kh\u00f4ng gian \u0111\u1eadm ch\u1ea5t Ph\u00e1p c\u1ee7a c\u0103n Bellevue Suite \u0111\u1ed9c \u200b\u200bnh\u1ea5t v\u00e0 duy nh\u1ea5t c\u1ee7a ch\u00fang t\u00f4i. \u0110\u1eb7c bi\u1ec7t ph\u00f2ng kh\u00e1ch c\u1ee7a c\u0103n suite n\u00e0y \u0111\u01b0\u1ee3c thi\u1ebft k\u1ebf r\u1ed9ng r\u00e3i, s\u00e2n hi\u00ean ri\u00eang bi\u1ec7t v\u00e0 gi\u01b0\u1eddng King v\u1edbi t\u1ea7m nh\u00ecn 270 \u0111\u1ed9 \u1ea5n t\u01b0\u1ee3ng nh\u00ecn ra khu r\u1eebng th\u00f4ng xanh m\u00e1t.<br \/>\n<\/span><\/p>\n","protected":false},"excerpt":{"rendered":"<p>Ghi l\u1ea1i kho\u1ea3nh kh\u1eafc ri\u00eang t\u01b0 v\u00e0 ch\u00ecm \u0111\u1eafm trong c\u1ea3nh s\u1eafc v\u00e0 kh\u00f4ng gian \u0111\u1eadm ch\u1ea5t Ph\u00e1p c\u1ee7a c\u0103n Bellevue Suite \u0111\u1ed9c \u200b\u200bnh\u1ea5t v\u00e0 duy nh\u1ea5t c\u1ee7a ch\u00fang t\u00f4i. \u0110\u1eb7c bi\u1ec7t ph\u00f2ng kh\u00e1ch c\u1ee7a c\u0103n suite n\u00e0y \u0111\u01b0\u1ee3c thi\u1ebft k\u1ebf r\u1ed9ng r\u00e3i, s\u00e2n hi\u00ean ri\u00eang bi\u1ec7t v\u00e0 gi\u01b0\u1eddng King v\u1edbi t\u1ea7m nh\u00ecn 270 \u0111\u1ed9 [&hellip;]<\/p>\n","protected":false},"author":368,"featured_media":8895,"parent":304,"menu_order":5,"comment_status":"closed","ping_status":"closed","template":"template-single-room.php","meta":{"footnotes":""},"acf":[],"yoast_head":"<!-- This site is optimized with the Yoast SEO plugin v22.3 - https:\/\/yoast.com\/wordpress\/plugins\/seo\/ -->\n<title>Bellevue Suite - Ana Mandara Villas Dalat Resort &amp; Spa<\/title>\n<meta name=\"robots\" content=\"index, follow, max-snippet:-1, max-image-preview:large, max-video-preview:-1\" \/>\n<link rel=\"canonical\" href=\"https:\/\/anamandara-resort.com\/vi\/rooms-suites\/bellevue-suite\/\" \/>\n<meta property=\"og:locale\" content=\"vi_VN\" \/>\n<meta property=\"og:type\" content=\"article\" \/>\n<meta property=\"og:title\" content=\"Bellevue Suite - Ana Mandara Villas Dalat Resort &amp; Spa\" \/>\n<meta property=\"og:description\" content=\"Ghi l\u1ea1i kho\u1ea3nh kh\u1eafc ri\u00eang t\u01b0 v\u00e0 ch\u00ecm \u0111\u1eafm trong c\u1ea3nh s\u1eafc v\u00e0 kh\u00f4ng gian \u0111\u1eadm ch\u1ea5t Ph\u00e1p c\u1ee7a c\u0103n Bellevue Suite \u0111\u1ed9c \u200b\u200bnh\u1ea5t v\u00e0 duy nh\u1ea5t c\u1ee7a ch\u00fang t\u00f4i. \u0110\u1eb7c bi\u1ec7t ph\u00f2ng kh\u00e1ch c\u1ee7a c\u0103n suite n\u00e0y \u0111\u01b0\u1ee3c thi\u1ebft k\u1ebf r\u1ed9ng r\u00e3i, s\u00e2n hi\u00ean ri\u00eang bi\u1ec7t v\u00e0 gi\u01b0\u1eddng King v\u1edbi t\u1ea7m nh\u00ecn 270 \u0111\u1ed9 [&hellip;]\" \/>\n<meta property=\"og:url\" content=\"https:\/\/anamandara-resort.com\/vi\/rooms-suites\/bellevue-suite\/\" \/>\n<meta property=\"og:site_name\" content=\"Ana Mandara Villas Dalat Resort &amp; Spa\" \/>\n<meta property=\"article:modified_time\" content=\"2025-07-22T03:28:56+00:00\" \/>\n<meta property=\"og:image\" content=\"https:\/\/www.anamandara-resort.com\/wp-content\/uploads\/sites\/233\/2025\/07\/BELLEVUE-SUITE-1104-4.jpg\" \/>\n\t<meta property=\"og:image:width\" content=\"1920\" \/>\n\t<meta property=\"og:image:height\" content=\"1280\" \/>\n\t<meta property=\"og:image:type\" content=\"image\/jpeg\" \/>\n<meta name=\"twitter:card\" content=\"summary_large_image\" \/>\n<meta name=\"twitter:label1\" content=\"Est. reading time\" \/>\n\t<meta name=\"twitter:data1\" content=\"1 minute\" \/>\n<script type=\"application\/ld+json\" class=\"yoast-schema-graph\">{\"@context\":\"https:\/\/schema.org\",\"@graph\":[{\"@type\":\"WebPage\",\"@id\":\"https:\/\/anamandara-resort.com\/vi\/rooms-suites\/bellevue-suite\/\",\"url\":\"https:\/\/anamandara-resort.com\/vi\/rooms-suites\/bellevue-suite\/\",\"name\":\"Bellevue Suite - Ana Mandara Villas Dalat Resort &amp; Spa\",\"isPartOf\":{\"@id\":\"https:\/\/anamandara-resort.com\/vi\/#website\"},\"primaryImageOfPage\":{\"@id\":\"https:\/\/anamandara-resort.com\/vi\/rooms-suites\/bellevue-suite\/#primaryimage\"},\"image\":{\"@id\":\"https:\/\/anamandara-resort.com\/vi\/rooms-suites\/bellevue-suite\/#primaryimage\"},\"thumbnailUrl\":\"https:\/\/www.anamandara-resort.com\/wp-content\/uploads\/sites\/233\/2025\/07\/BELLEVUE-SUITE-1104-4.jpg\",\"datePublished\":\"2022-04-05T07:46:48+00:00\",\"dateModified\":\"2025-07-22T03:28:56+00:00\",\"breadcrumb\":{\"@id\":\"https:\/\/anamandara-resort.com\/vi\/rooms-suites\/bellevue-suite\/#breadcrumb\"},\"inLanguage\":\"vi-VN\",\"potentialAction\":[{\"@type\":\"ReadAction\",\"target\":[\"https:\/\/anamandara-resort.com\/vi\/rooms-suites\/bellevue-suite\/\"]}]},{\"@type\":\"ImageObject\",\"inLanguage\":\"vi-VN\",\"@id\":\"https:\/\/anamandara-resort.com\/vi\/rooms-suites\/bellevue-suite\/#primaryimage\",\"url\":\"https:\/\/www.anamandara-resort.com\/wp-content\/uploads\/sites\/233\/2025\/07\/BELLEVUE-SUITE-1104-4.jpg\",\"contentUrl\":\"https:\/\/www.anamandara-resort.com\/wp-content\/uploads\/sites\/233\/2025\/07\/BELLEVUE-SUITE-1104-4.jpg\",\"width\":1920,\"height\":1280},{\"@type\":\"BreadcrumbList\",\"@id\":\"https:\/\/anamandara-resort.com\/vi\/rooms-suites\/bellevue-suite\/#breadcrumb\",\"itemListElement\":[{\"@type\":\"ListItem\",\"position\":1,\"name\":\"Home\",\"item\":\"https:\/\/anamandara-resort.com\/vi\/\"},{\"@type\":\"ListItem\",\"position\":2,\"name\":\"Ph\u00f2ng Ngh\u1ec9\",\"item\":\"https:\/\/anamandara-resort.com\/vi\/rooms-suites\/\"},{\"@type\":\"ListItem\",\"position\":3,\"name\":\"Bellevue Suite\"}]},{\"@type\":\"WebSite\",\"@id\":\"https:\/\/anamandara-resort.com\/vi\/#website\",\"url\":\"https:\/\/anamandara-resort.com\/vi\/\",\"name\":\"Ana Mandara Villas Dalat Resort &amp; Spa\",\"description\":\"\",\"potentialAction\":[{\"@type\":\"SearchAction\",\"target\":{\"@type\":\"EntryPoint\",\"urlTemplate\":\"https:\/\/anamandara-resort.com\/vi\/?s={search_term_string}\"},\"query-input\":\"required name=search_term_string\"}],\"inLanguage\":\"vi-VN\"}]}<\/script>\n<!-- \/ Yoast SEO plugin. -->","yoast_head_json":{"title":"Bellevue Suite - Ana Mandara Villas Dalat Resort &amp; Spa","robots":{"index":"index","follow":"follow","max-snippet":"max-snippet:-1","max-image-preview":"max-image-preview:large","max-video-preview":"max-video-preview:-1"},"canonical":"https:\/\/anamandara-resort.com\/vi\/rooms-suites\/bellevue-suite\/","og_locale":"vi_VN","og_type":"article","og_title":"Bellevue Suite - Ana Mandara Villas Dalat Resort &amp; Spa","og_description":"Ghi l\u1ea1i kho\u1ea3nh kh\u1eafc ri\u00eang t\u01b0 v\u00e0 ch\u00ecm \u0111\u1eafm trong c\u1ea3nh s\u1eafc v\u00e0 kh\u00f4ng gian \u0111\u1eadm ch\u1ea5t Ph\u00e1p c\u1ee7a c\u0103n Bellevue Suite \u0111\u1ed9c \u200b\u200bnh\u1ea5t v\u00e0 duy nh\u1ea5t c\u1ee7a ch\u00fang t\u00f4i. \u0110\u1eb7c bi\u1ec7t ph\u00f2ng kh\u00e1ch c\u1ee7a c\u0103n suite n\u00e0y \u0111\u01b0\u1ee3c thi\u1ebft k\u1ebf r\u1ed9ng r\u00e3i, s\u00e2n hi\u00ean ri\u00eang bi\u1ec7t v\u00e0 gi\u01b0\u1eddng King v\u1edbi t\u1ea7m nh\u00ecn 270 \u0111\u1ed9 [&hellip;]","og_url":"https:\/\/anamandara-resort.com\/vi\/rooms-suites\/bellevue-suite\/","og_site_name":"Ana Mandara Villas Dalat Resort &amp; Spa","article_modified_time":"2025-07-22T03:28:56+00:00","og_image":[{"width":1920,"height":1280,"url":"https:\/\/www.anamandara-resort.com\/wp-content\/uploads\/sites\/233\/2025\/07\/BELLEVUE-SUITE-1104-4.jpg","type":"image\/jpeg"}],"twitter_card":"summary_large_image","twitter_misc":{"Est. reading time":"1 minute"},"schema":{"@context":"https:\/\/schema.org","@graph":[{"@type":"WebPage","@id":"https:\/\/anamandara-resort.com\/vi\/rooms-suites\/bellevue-suite\/","url":"https:\/\/anamandara-resort.com\/vi\/rooms-suites\/bellevue-suite\/","name":"Bellevue Suite - Ana Mandara Villas Dalat Resort &amp; Spa","isPartOf":{"@id":"https:\/\/anamandara-resort.com\/vi\/#website"},"primaryImageOfPage":{"@id":"https:\/\/anamandara-resort.com\/vi\/rooms-suites\/bellevue-suite\/#primaryimage"},"image":{"@id":"https:\/\/anamandara-resort.com\/vi\/rooms-suites\/bellevue-suite\/#primaryimage"},"thumbnailUrl":"https:\/\/www.anamandara-resort.com\/wp-content\/uploads\/sites\/233\/2025\/07\/BELLEVUE-SUITE-1104-4.jpg","datePublished":"2022-04-05T07:46:48+00:00","dateModified":"2025-07-22T03:28:56+00:00","breadcrumb":{"@id":"https:\/\/anamandara-resort.com\/vi\/rooms-suites\/bellevue-suite\/#breadcrumb"},"inLanguage":"vi-VN","potentialAction":[{"@type":"ReadAction","target":["https:\/\/anamandara-resort.com\/vi\/rooms-suites\/bellevue-suite\/"]}]},{"@type":"ImageObject","inLanguage":"vi-VN","@id":"https:\/\/anamandara-resort.com\/vi\/rooms-suites\/bellevue-suite\/#primaryimage","url":"https:\/\/www.anamandara-resort.com\/wp-content\/uploads\/sites\/233\/2025\/07\/BELLEVUE-SUITE-1104-4.jpg","contentUrl":"https:\/\/www.anamandara-resort.com\/wp-content\/uploads\/sites\/233\/2025\/07\/BELLEVUE-SUITE-1104-4.jpg","width":1920,"height":1280},{"@type":"BreadcrumbList","@id":"https:\/\/anamandara-resort.com\/vi\/rooms-suites\/bellevue-suite\/#breadcrumb","itemListElement":[{"@type":"ListItem","position":1,"name":"Home","item":"https:\/\/anamandara-resort.com\/vi\/"},{"@type":"ListItem","position":2,"name":"Ph\u00f2ng Ngh\u1ec9","item":"https:\/\/anamandara-resort.com\/vi\/rooms-suites\/"},{"@type":"ListItem","position":3,"name":"Bellevue Suite"}]},{"@type":"WebSite","@id":"https:\/\/anamandara-resort.com\/vi\/#website","url":"https:\/\/anamandara-resort.com\/vi\/","name":"Ana Mandara Villas Dalat Resort &amp; Spa","description":"","potentialAction":[{"@type":"SearchAction","target":{"@type":"EntryPoint","urlTemplate":"https:\/\/anamandara-resort.com\/vi\/?s={search_term_string}"},"query-input":"required name=search_term_string"}],"inLanguage":"vi-VN"}]}},"_links":{"self":[{"href":"https:\/\/anamandara-resort.com\/vi\/wp-json\/wp\/v2\/pages\/310"}],"collection":[{"href":"https:\/\/anamandara-resort.com\/vi\/wp-json\/wp\/v2\/pages"}],"about":[{"href":"https:\/\/anamandara-resort.com\/vi\/wp-json\/wp\/v2\/types\/page"}],"author":[{"embeddable":true,"href":"https:\/\/anamandara-resort.com\/vi\/wp-json\/wp\/v2\/users\/368"}],"replies":[{"embeddable":true,"href":"https:\/\/anamandara-resort.com\/vi\/wp-json\/wp\/v2\/comments?post=310"}],"version-history":[{"count":0,"href":"https:\/\/anamandara-resort.com\/vi\/wp-json\/wp\/v2\/pages\/310\/revisions"}],"up":[{"embeddable":true,"href":"https:\/\/anamandara-resort.com\/vi\/wp-json\/wp\/v2\/pages\/304"}],"wp:featuredmedia":[{"embeddable":true,"href":"https:\/\/anamandara-resort.com\/vi\/wp-json\/wp\/v2\/media\/8895"}],"wp:attachment":[{"href":"https:\/\/anamandara-resort.com\/vi\/wp-json\/wp\/v2\/media?parent=310"}],"curies":[{"name":"wp","href":"https:\/\/api.w.org\/{rel}","templated":true}]}}