{"id":311,"date":"2022-04-06T06:02:00","date_gmt":"2022-04-06T06:02:00","guid":{"rendered":"https:\/\/ana-mandara-resort.ms.decms.asia\/weddings-at-ana-mandara-villas-dalat-resort-spa\/"},"modified":"2025-09-24T08:55:54","modified_gmt":"2025-09-24T08:55:54","slug":"weddings","status":"publish","type":"page","link":"https:\/\/anamandara-resort.com\/vi\/weddings\/","title":{"rendered":"Ti\u1ec7c C\u01b0\u1edbi"},"content":{"rendered":"<p>T\u1ea1i Ana Mandara Villas Dalat, m\u1ed7i l\u1ec5 c\u01b0\u1edbi l\u00e0 m\u1ed9t ch\u01b0\u01a1ng t\u00ecnh y\u00eau \u0111\u01b0\u1ee3c vi\u1ebft n\u00ean b\u1eb1ng \u00e1nh s\u00e1ng, h\u01b0\u01a1ng th\u00f4ng v\u00e0 v\u1ebb \u0111\u1eb9p c\u1ed5 \u0111i\u1ec3n v\u01b0\u1ee3t th\u1eddi gian.<\/p>\n<p>Kh\u00f4ng gian xanh nguy\u00ean b\u1ea3n, nh\u1eefng bi\u1ec7t th\u1ef1 Ph\u00e1p c\u1ed5 v\u1edbi thi\u1ebft k\u1ebf \u0111\u1ed9c \u0111\u00e1o v\u00e0 s\u1ef1 ch\u1ec9n chu trong t\u1eebng chi ti\u1ebft \u2013 t\u1ea5t c\u1ea3 c\u00f9ng nhau t\u1ea1o n\u00ean m\u1ed9t ng\u00e0y c\u01b0\u1edbi \u1ea5m \u00e1p, ri\u00eang t\u01b0 v\u00e0 \u0111\u1ea7y c\u1ea3m x\u00fac.<\/p>\n","protected":false},"excerpt":{"rendered":"<p>T\u1ea1i Ana Mandara Villas Dalat, m\u1ed7i l\u1ec5 c\u01b0\u1edbi l\u00e0 m\u1ed9t ch\u01b0\u01a1ng t\u00ecnh y\u00eau \u0111\u01b0\u1ee3c vi\u1ebft n\u00ean b\u1eb1ng \u00e1nh s\u00e1ng, h\u01b0\u01a1ng th\u00f4ng v\u00e0 v\u1ebb \u0111\u1eb9p c\u1ed5 \u0111i\u1ec3n v\u01b0\u1ee3t th\u1eddi gian. Kh\u00f4ng gian xanh nguy\u00ean b\u1ea3n, nh\u1eefng bi\u1ec7t th\u1ef1 Ph\u00e1p c\u1ed5 v\u1edbi thi\u1ebft k\u1ebf \u0111\u1ed9c \u0111\u00e1o v\u00e0 s\u1ef1 ch\u1ec9n chu trong t\u1eebng chi ti\u1ebft \u2013 t\u1ea5t c\u1ea3 [&hellip;]<\/p>\n","protected":false},"author":368,"featured_media":8586,"parent":0,"menu_order":0,"comment_status":"closed","ping_status":"closed","template":"template-default-2.php","meta":{"footnotes":""},"acf":[],"yoast_head":"<!-- This site is optimized with the Yoast SEO plugin v22.3 - https:\/\/yoast.com\/wordpress\/plugins\/seo\/ -->\n<title>T\u1ed5 Ch\u1ee9c \u0110\u00e1m C\u01b0\u1edbi Ho\u00e0n H\u1ea3o T\u1ea1i Nh\u00e0 H\u00e0ng Ti\u1ec7c C\u01b0\u1edbi \u0110\u00e0 L\u1ea1t Ana Mandara<\/title>\n<meta name=\"description\" content=\"T\u1ed5 Ch\u1ee9c \u0110\u00e1m C\u01b0\u1edbi, Ng\u00e0y Tr\u1ecdng \u0110\u1ea1i T\u1ea1i Nh\u00e0 H\u00e0ng Ti\u1ec7c C\u01b0\u1edbi Ana Mandara \u0110\u00e0 L\u1ea1t - \u0110\u1ecba \u0110i\u1ec3m L\u00fd T\u01b0\u1edfng Cho \u0110\u00e1m C\u01b0\u1edbi Ho\u00e0n H\u1ea3o, Ghi D\u1ea5u K\u1ef7 Ni\u1ec7m \u0110\u1eb7c Bi\u1ec7t Trong Cu\u1ed9c \u0110\u1eddi.\" \/>\n<meta name=\"robots\" content=\"index, follow, max-snippet:-1, max-image-preview:large, max-video-preview:-1\" \/>\n<link rel=\"canonical\" href=\"https:\/\/anamandara-resort.com\/vi\/weddings\/\" \/>\n<meta property=\"og:locale\" content=\"vi_VN\" \/>\n<meta property=\"og:type\" content=\"article\" \/>\n<meta property=\"og:title\" content=\"T\u1ed5 Ch\u1ee9c \u0110\u00e1m C\u01b0\u1edbi Ho\u00e0n H\u1ea3o T\u1ea1i Nh\u00e0 H\u00e0ng Ti\u1ec7c C\u01b0\u1edbi \u0110\u00e0 L\u1ea1t Ana Mandara\" \/>\n<meta property=\"og:description\" content=\"T\u1ed5 Ch\u1ee9c \u0110\u00e1m C\u01b0\u1edbi, Ng\u00e0y Tr\u1ecdng \u0110\u1ea1i T\u1ea1i Nh\u00e0 H\u00e0ng Ti\u1ec7c C\u01b0\u1edbi Ana Mandara \u0110\u00e0 L\u1ea1t - \u0110\u1ecba \u0110i\u1ec3m L\u00fd T\u01b0\u1edfng Cho \u0110\u00e1m C\u01b0\u1edbi Ho\u00e0n H\u1ea3o, Ghi D\u1ea5u K\u1ef7 Ni\u1ec7m \u0110\u1eb7c Bi\u1ec7t Trong Cu\u1ed9c \u0110\u1eddi.\" \/>\n<meta property=\"og:url\" content=\"https:\/\/anamandara-resort.com\/vi\/weddings\/\" \/>\n<meta property=\"og:site_name\" content=\"Ana Mandara Villas Dalat Resort &amp; Spa\" \/>\n<meta property=\"article:modified_time\" content=\"2025-09-24T08:55:54+00:00\" \/>\n<meta property=\"og:image\" content=\"https:\/\/www.anamandara-resort.com\/wp-content\/uploads\/sites\/233\/2025\/06\/Thiet-ke-chua-co-ten-1024x576.png\" \/>\n\t<meta property=\"og:image:width\" content=\"1024\" \/>\n\t<meta property=\"og:image:height\" content=\"576\" \/>\n\t<meta property=\"og:image:type\" content=\"image\/png\" \/>\n<meta name=\"twitter:card\" content=\"summary_large_image\" \/>\n<meta name=\"twitter:label1\" content=\"Est. reading time\" \/>\n\t<meta name=\"twitter:data1\" content=\"1 minute\" \/>\n<script type=\"application\/ld+json\" class=\"yoast-schema-graph\">{\"@context\":\"https:\/\/schema.org\",\"@graph\":[{\"@type\":\"WebPage\",\"@id\":\"https:\/\/anamandara-resort.com\/vi\/weddings\/\",\"url\":\"https:\/\/anamandara-resort.com\/vi\/weddings\/\",\"name\":\"T\u1ed5 Ch\u1ee9c \u0110\u00e1m C\u01b0\u1edbi Ho\u00e0n H\u1ea3o T\u1ea1i Nh\u00e0 H\u00e0ng Ti\u1ec7c C\u01b0\u1edbi \u0110\u00e0 L\u1ea1t Ana Mandara\",\"isPartOf\":{\"@id\":\"https:\/\/anamandara-resort.com\/vi\/#website\"},\"primaryImageOfPage\":{\"@id\":\"https:\/\/anamandara-resort.com\/vi\/weddings\/#primaryimage\"},\"image\":{\"@id\":\"https:\/\/anamandara-resort.com\/vi\/weddings\/#primaryimage\"},\"thumbnailUrl\":\"https:\/\/www.anamandara-resort.com\/wp-content\/uploads\/sites\/233\/2025\/06\/Thiet-ke-chua-co-ten.png\",\"datePublished\":\"2022-04-06T06:02:00+00:00\",\"dateModified\":\"2025-09-24T08:55:54+00:00\",\"description\":\"T\u1ed5 Ch\u1ee9c \u0110\u00e1m C\u01b0\u1edbi, Ng\u00e0y Tr\u1ecdng \u0110\u1ea1i T\u1ea1i Nh\u00e0 H\u00e0ng Ti\u1ec7c C\u01b0\u1edbi Ana Mandara \u0110\u00e0 L\u1ea1t - \u0110\u1ecba \u0110i\u1ec3m L\u00fd T\u01b0\u1edfng Cho \u0110\u00e1m C\u01b0\u1edbi Ho\u00e0n H\u1ea3o, Ghi D\u1ea5u K\u1ef7 Ni\u1ec7m \u0110\u1eb7c Bi\u1ec7t Trong Cu\u1ed9c \u0110\u1eddi.\",\"breadcrumb\":{\"@id\":\"https:\/\/anamandara-resort.com\/vi\/weddings\/#breadcrumb\"},\"inLanguage\":\"vi-VN\",\"potentialAction\":[{\"@type\":\"ReadAction\",\"target\":[\"https:\/\/anamandara-resort.com\/vi\/weddings\/\"]}]},{\"@type\":\"ImageObject\",\"inLanguage\":\"vi-VN\",\"@id\":\"https:\/\/anamandara-resort.com\/vi\/weddings\/#primaryimage\",\"url\":\"https:\/\/www.anamandara-resort.com\/wp-content\/uploads\/sites\/233\/2025\/06\/Thiet-ke-chua-co-ten.png\",\"contentUrl\":\"https:\/\/www.anamandara-resort.com\/wp-content\/uploads\/sites\/233\/2025\/06\/Thiet-ke-chua-co-ten.png\",\"width\":2200,\"height\":1238},{\"@type\":\"BreadcrumbList\",\"@id\":\"https:\/\/anamandara-resort.com\/vi\/weddings\/#breadcrumb\",\"itemListElement\":[{\"@type\":\"ListItem\",\"position\":1,\"name\":\"Home\",\"item\":\"https:\/\/anamandara-resort.com\/vi\/\"},{\"@type\":\"ListItem\",\"position\":2,\"name\":\"Ti\u1ec7c C\u01b0\u1edbi\"}]},{\"@type\":\"WebSite\",\"@id\":\"https:\/\/anamandara-resort.com\/vi\/#website\",\"url\":\"https:\/\/anamandara-resort.com\/vi\/\",\"name\":\"Ana Mandara Villas Dalat Resort &amp; Spa\",\"description\":\"\",\"potentialAction\":[{\"@type\":\"SearchAction\",\"target\":{\"@type\":\"EntryPoint\",\"urlTemplate\":\"https:\/\/anamandara-resort.com\/vi\/?s={search_term_string}\"},\"query-input\":\"required name=search_term_string\"}],\"inLanguage\":\"vi-VN\"}]}<\/script>\n<!-- \/ Yoast SEO plugin. -->","yoast_head_json":{"title":"T\u1ed5 Ch\u1ee9c \u0110\u00e1m C\u01b0\u1edbi Ho\u00e0n H\u1ea3o T\u1ea1i Nh\u00e0 H\u00e0ng Ti\u1ec7c C\u01b0\u1edbi \u0110\u00e0 L\u1ea1t Ana Mandara","description":"T\u1ed5 Ch\u1ee9c \u0110\u00e1m C\u01b0\u1edbi, Ng\u00e0y Tr\u1ecdng \u0110\u1ea1i T\u1ea1i Nh\u00e0 H\u00e0ng Ti\u1ec7c C\u01b0\u1edbi Ana Mandara \u0110\u00e0 L\u1ea1t - \u0110\u1ecba \u0110i\u1ec3m L\u00fd T\u01b0\u1edfng Cho \u0110\u00e1m C\u01b0\u1edbi Ho\u00e0n H\u1ea3o, Ghi D\u1ea5u K\u1ef7 Ni\u1ec7m \u0110\u1eb7c Bi\u1ec7t Trong Cu\u1ed9c \u0110\u1eddi.","robots":{"index":"index","follow":"follow","max-snippet":"max-snippet:-1","max-image-preview":"max-image-preview:large","max-video-preview":"max-video-preview:-1"},"canonical":"https:\/\/anamandara-resort.com\/vi\/weddings\/","og_locale":"vi_VN","og_type":"article","og_title":"T\u1ed5 Ch\u1ee9c \u0110\u00e1m C\u01b0\u1edbi Ho\u00e0n H\u1ea3o T\u1ea1i Nh\u00e0 H\u00e0ng Ti\u1ec7c C\u01b0\u1edbi \u0110\u00e0 L\u1ea1t Ana Mandara","og_description":"T\u1ed5 Ch\u1ee9c \u0110\u00e1m C\u01b0\u1edbi, Ng\u00e0y Tr\u1ecdng \u0110\u1ea1i T\u1ea1i Nh\u00e0 H\u00e0ng Ti\u1ec7c C\u01b0\u1edbi Ana Mandara \u0110\u00e0 L\u1ea1t - \u0110\u1ecba \u0110i\u1ec3m L\u00fd T\u01b0\u1edfng Cho \u0110\u00e1m C\u01b0\u1edbi Ho\u00e0n H\u1ea3o, Ghi D\u1ea5u K\u1ef7 Ni\u1ec7m \u0110\u1eb7c Bi\u1ec7t Trong Cu\u1ed9c \u0110\u1eddi.","og_url":"https:\/\/anamandara-resort.com\/vi\/weddings\/","og_site_name":"Ana Mandara Villas Dalat Resort &amp; Spa","article_modified_time":"2025-09-24T08:55:54+00:00","og_image":[{"width":1024,"height":576,"url":"https:\/\/www.anamandara-resort.com\/wp-content\/uploads\/sites\/233\/2025\/06\/Thiet-ke-chua-co-ten-1024x576.png","type":"image\/png"}],"twitter_card":"summary_large_image","twitter_misc":{"Est. reading time":"1 minute"},"schema":{"@context":"https:\/\/schema.org","@graph":[{"@type":"WebPage","@id":"https:\/\/anamandara-resort.com\/vi\/weddings\/","url":"https:\/\/anamandara-resort.com\/vi\/weddings\/","name":"T\u1ed5 Ch\u1ee9c \u0110\u00e1m C\u01b0\u1edbi Ho\u00e0n H\u1ea3o T\u1ea1i Nh\u00e0 H\u00e0ng Ti\u1ec7c C\u01b0\u1edbi \u0110\u00e0 L\u1ea1t Ana Mandara","isPartOf":{"@id":"https:\/\/anamandara-resort.com\/vi\/#website"},"primaryImageOfPage":{"@id":"https:\/\/anamandara-resort.com\/vi\/weddings\/#primaryimage"},"image":{"@id":"https:\/\/anamandara-resort.com\/vi\/weddings\/#primaryimage"},"thumbnailUrl":"https:\/\/www.anamandara-resort.com\/wp-content\/uploads\/sites\/233\/2025\/06\/Thiet-ke-chua-co-ten.png","datePublished":"2022-04-06T06:02:00+00:00","dateModified":"2025-09-24T08:55:54+00:00","description":"T\u1ed5 Ch\u1ee9c \u0110\u00e1m C\u01b0\u1edbi, Ng\u00e0y Tr\u1ecdng \u0110\u1ea1i T\u1ea1i Nh\u00e0 H\u00e0ng Ti\u1ec7c C\u01b0\u1edbi Ana Mandara \u0110\u00e0 L\u1ea1t - \u0110\u1ecba \u0110i\u1ec3m L\u00fd T\u01b0\u1edfng Cho \u0110\u00e1m C\u01b0\u1edbi Ho\u00e0n H\u1ea3o, Ghi D\u1ea5u K\u1ef7 Ni\u1ec7m \u0110\u1eb7c Bi\u1ec7t Trong Cu\u1ed9c \u0110\u1eddi.","breadcrumb":{"@id":"https:\/\/anamandara-resort.com\/vi\/weddings\/#breadcrumb"},"inLanguage":"vi-VN","potentialAction":[{"@type":"ReadAction","target":["https:\/\/anamandara-resort.com\/vi\/weddings\/"]}]},{"@type":"ImageObject","inLanguage":"vi-VN","@id":"https:\/\/anamandara-resort.com\/vi\/weddings\/#primaryimage","url":"https:\/\/www.anamandara-resort.com\/wp-content\/uploads\/sites\/233\/2025\/06\/Thiet-ke-chua-co-ten.png","contentUrl":"https:\/\/www.anamandara-resort.com\/wp-content\/uploads\/sites\/233\/2025\/06\/Thiet-ke-chua-co-ten.png","width":2200,"height":1238},{"@type":"BreadcrumbList","@id":"https:\/\/anamandara-resort.com\/vi\/weddings\/#breadcrumb","itemListElement":[{"@type":"ListItem","position":1,"name":"Home","item":"https:\/\/anamandara-resort.com\/vi\/"},{"@type":"ListItem","position":2,"name":"Ti\u1ec7c C\u01b0\u1edbi"}]},{"@type":"WebSite","@id":"https:\/\/anamandara-resort.com\/vi\/#website","url":"https:\/\/anamandara-resort.com\/vi\/","name":"Ana Mandara Villas Dalat Resort &amp; Spa","description":"","potentialAction":[{"@type":"SearchAction","target":{"@type":"EntryPoint","urlTemplate":"https:\/\/anamandara-resort.com\/vi\/?s={search_term_string}"},"query-input":"required name=search_term_string"}],"inLanguage":"vi-VN"}]}},"_links":{"self":[{"href":"https:\/\/anamandara-resort.com\/vi\/wp-json\/wp\/v2\/pages\/311"}],"collection":[{"href":"https:\/\/anamandara-resort.com\/vi\/wp-json\/wp\/v2\/pages"}],"about":[{"href":"https:\/\/anamandara-resort.com\/vi\/wp-json\/wp\/v2\/types\/page"}],"author":[{"embeddable":true,"href":"https:\/\/anamandara-resort.com\/vi\/wp-json\/wp\/v2\/users\/368"}],"replies":[{"embeddable":true,"href":"https:\/\/anamandara-resort.com\/vi\/wp-json\/wp\/v2\/comments?post=311"}],"version-history":[{"count":0,"href":"https:\/\/anamandara-resort.com\/vi\/wp-json\/wp\/v2\/pages\/311\/revisions"}],"wp:featuredmedia":[{"embeddable":true,"href":"https:\/\/anamandara-resort.com\/vi\/wp-json\/wp\/v2\/media\/8586"}],"wp:attachment":[{"href":"https:\/\/anamandara-resort.com\/vi\/wp-json\/wp\/v2\/media?parent=311"}],"curies":[{"name":"wp","href":"https:\/\/api.w.org\/{rel}","templated":true}]}}