{"id":312,"date":"2022-04-06T06:13:28","date_gmt":"2022-04-06T06:13:28","guid":{"rendered":"https:\/\/ana-mandara-resort.ms.decms.asia\/weddings-at-ana-mandara-villas-dalat-resort-spa\/honeymoon-decoration\/"},"modified":"2023-06-08T06:37:43","modified_gmt":"2023-06-08T06:37:43","slug":"honeymoon-decoration","status":"publish","type":"page","link":"https:\/\/anamandara-resort.com\/vi\/weddings\/honeymoon-decoration\/","title":{"rendered":"Trang Tr\u00ed Tr\u0103ng M\u1eadt"},"content":{"rendered":"<p><span data-sheets-value=\"{&quot;1&quot;:2,&quot;2&quot;:&quot;Ch\u00e0o m\u1eebng b\u1ea1n \u0111\u1ebfn v\u1edbi n\u01a1i ho\u00e0n h\u1ea3o d\u00e0nh cho tu\u1ea7n tr\u0103ng m\u1eadt! H\u00e3y d\u00e0nh cho nhau nh\u1eefng b\u1ea5t ng\u1edd v\u1edbi d\u1ecbch v\u1ee5 trang tr\u00ed tr\u0103ng m\u1eadt t\u1ea1i ph\u00f2ng, v\u00e0 t\u1eadn h\u01b0\u1edfng nh\u1eefng kho\u1ea3ng kh\u1eafc l\u00e3ng m\u1ea1n b\u00ean nhau b\u00ean h\u1ed3 b\u01a1i hay t\u1ea3n b\u1ed9 trong khu v\u01b0\u1eddn ng\u1eadp tr\u00e0n \u00e1nh n\u1eafng. Chuy\u00ean gia t\u1ed5 ch\u1ee9c ti\u1ec7c c\u01b0\u1edbi c\u1ee7a ch\u00fang t\u00f4i lu\u00f4n s\u1eb5n l\u00f2ng l\u00ean k\u1ebf ho\u1ea1ch v\u00e0 s\u1eafp x\u1ebfp tu\u1ea7n tr\u0103ng m\u1eadt c\u1ee7a b\u1ea1n m\u1ed9t c\u00e1ch ho\u00e0n h\u1ea3o.\\n\\nG\u00f3i trang tr\u00ed tr\u0103ng m\u1eadt 800.000 VND\\n\\n\u0110\u00e3 bao g\u1ed3m:\\n- 01 sparkling wine 200ml\\n- B\u00e1nh chocolate v\u00e0 tr\u00e0 xanh\\n- Hoa t\u01b0\u01a1i\\n- Trang tr\u00ed gi\u01b0\u1eddng ng\u1ee7\\n- Trang tr\u00ed b\u1ed3n t\u1eafm v\u1edbi hoa h\u1ed3ng\\n- Chi ph\u00ed \u0111\u00e3 bao g\u1ed3m thu\u1ebf v\u00e0 ph\u00ed d\u1ecbch v\u1ee5&quot;}\" data-sheets-userformat=\"{&quot;2&quot;:13251,&quot;3&quot;:{&quot;1&quot;:0},&quot;4&quot;:{&quot;1&quot;:2,&quot;2&quot;:16773836},&quot;9&quot;:0,&quot;10&quot;:1,&quot;11&quot;:4,&quot;12&quot;:0,&quot;15&quot;:&quot;Montserrat&quot;,&quot;16&quot;:10}\">Ch\u00e0o m\u1eebng b\u1ea1n \u0111\u1ebfn v\u1edbi n\u01a1i ho\u00e0n h\u1ea3o d\u00e0nh cho tu\u1ea7n tr\u0103ng m\u1eadt! H\u00e3y d\u00e0nh cho nhau nh\u1eefng b\u1ea5t ng\u1edd v\u1edbi d\u1ecbch v\u1ee5 trang tr\u00ed tr\u0103ng m\u1eadt t\u1ea1i ph\u00f2ng, v\u00e0 t\u1eadn h\u01b0\u1edfng nh\u1eefng kho\u1ea3ng kh\u1eafc l\u00e3ng m\u1ea1n b\u00ean nhau b\u00ean h\u1ed3 b\u01a1i hay t\u1ea3n b\u1ed9 trong khu v\u01b0\u1eddn ng\u1eadp tr\u00e0n \u00e1nh n\u1eafng. Chuy\u00ean gia t\u1ed5 ch\u1ee9c ti\u1ec7c c\u01b0\u1edbi c\u1ee7a ch\u00fang t\u00f4i lu\u00f4n s\u1eb5n l\u00f2ng l\u00ean k\u1ebf ho\u1ea1ch v\u00e0 s\u1eafp x\u1ebfp tu\u1ea7n tr\u0103ng m\u1eadt c\u1ee7a b\u1ea1n m\u1ed9t c\u00e1ch ho\u00e0n h\u1ea3o.<\/span><\/p>\n<p>G\u00f3i trang tr\u00ed tr\u0103ng m\u1eadt 1.550.000 VND<\/p>\n<p>Bao g\u1ed3m:<br \/>\n&#8211; 01 sparkling wine 375ml<br \/>\n&#8211; B\u00e1nh cheesecake chanh d\u00e2y<br \/>\n&#8211; Hoa t\u01b0\u01a1i<br \/>\n&#8211; Trang tr\u00ed gi\u01b0\u1eddng ng\u1ee7<br \/>\n&#8211; Trang tr\u00ed b\u1ed3n t\u1eafm v\u1edbi hoa h\u1ed3ng<br \/>\n&#8211; Chi ph\u00ed \u0111\u00e3 bao g\u1ed3m thu\u1ebf v\u00e0 ph\u00ed d\u1ecbch v\u1ee5<\/p>\n","protected":false},"excerpt":{"rendered":"<p>Ch\u00e0o m\u1eebng b\u1ea1n \u0111\u1ebfn v\u1edbi n\u01a1i ho\u00e0n h\u1ea3o d\u00e0nh cho tu\u1ea7n tr\u0103ng m\u1eadt! H\u00e3y d\u00e0nh cho nhau nh\u1eefng b\u1ea5t ng\u1edd v\u1edbi d\u1ecbch v\u1ee5 trang tr\u00ed tr\u0103ng m\u1eadt t\u1ea1i ph\u00f2ng, v\u00e0 t\u1eadn h\u01b0\u1edfng nh\u1eefng kho\u1ea3ng kh\u1eafc l\u00e3ng m\u1ea1n b\u00ean nhau b\u00ean h\u1ed3 b\u01a1i hay t\u1ea3n b\u1ed9 trong khu v\u01b0\u1eddn ng\u1eadp tr\u00e0n \u00e1nh n\u1eafng. Chuy\u00ean gia t\u1ed5 [&hellip;]<\/p>\n","protected":false},"author":368,"featured_media":4540,"parent":311,"menu_order":1,"comment_status":"closed","ping_status":"closed","template":"template-default-3.php","meta":{"footnotes":""},"acf":[],"yoast_head":"<!-- This site is optimized with the Yoast SEO plugin v22.3 - https:\/\/yoast.com\/wordpress\/plugins\/seo\/ -->\n<title>Trang Tr\u00ed Tr\u0103ng M\u1eadt | Ana Mandara Villas Dalat Resort &amp; Spa<\/title>\n<meta name=\"description\" content=\"Ch\u00e0o m\u1eebng b\u1ea1n \u0111\u1ebfn v\u1edbi n\u01a1i ho\u00e0n h\u1ea3o d\u00e0nh cho tu\u1ea7n tr\u0103ng m\u1eadt! Chuy\u00ean gia t\u1ed5 ch\u1ee9c ti\u1ec7c c\u01b0\u1edbi c\u1ee7a ch\u00fang t\u00f4i lu\u00f4n s\u1eb5n l\u00f2ng l\u00ean k\u1ebf ho\u1ea1ch v\u00e0 s\u1eafp x\u1ebfp tu\u1ea7n tr\u0103ng m\u1eadt c\u1ee7a b\u1ea1n m\u1ed9t c\u00e1ch ho\u00e0n h\u1ea3o.\" \/>\n<meta name=\"robots\" content=\"index, follow, max-snippet:-1, max-image-preview:large, max-video-preview:-1\" \/>\n<link rel=\"canonical\" href=\"https:\/\/anamandara-resort.com\/vi\/weddings\/honeymoon-decoration\/\" \/>\n<meta property=\"og:locale\" content=\"vi_VN\" \/>\n<meta property=\"og:type\" content=\"article\" \/>\n<meta property=\"og:title\" content=\"Trang Tr\u00ed Tr\u0103ng M\u1eadt | Ana Mandara Villas Dalat Resort &amp; Spa\" \/>\n<meta property=\"og:description\" content=\"Ch\u00e0o m\u1eebng b\u1ea1n \u0111\u1ebfn v\u1edbi n\u01a1i ho\u00e0n h\u1ea3o d\u00e0nh cho tu\u1ea7n tr\u0103ng m\u1eadt! Chuy\u00ean gia t\u1ed5 ch\u1ee9c ti\u1ec7c c\u01b0\u1edbi c\u1ee7a ch\u00fang t\u00f4i lu\u00f4n s\u1eb5n l\u00f2ng l\u00ean k\u1ebf ho\u1ea1ch v\u00e0 s\u1eafp x\u1ebfp tu\u1ea7n tr\u0103ng m\u1eadt c\u1ee7a b\u1ea1n m\u1ed9t c\u00e1ch ho\u00e0n h\u1ea3o.\" \/>\n<meta property=\"og:url\" content=\"https:\/\/anamandara-resort.com\/vi\/weddings\/honeymoon-decoration\/\" \/>\n<meta property=\"og:site_name\" content=\"Ana Mandara Villas Dalat Resort &amp; Spa\" \/>\n<meta property=\"article:modified_time\" content=\"2023-06-08T06:37:43+00:00\" \/>\n<meta property=\"og:image\" content=\"https:\/\/www.anamandara-resort.com\/wp-content\/uploads\/sites\/233\/2023\/06\/Honeymoon-bed.jpg\" \/>\n\t<meta property=\"og:image:width\" content=\"2200\" \/>\n\t<meta property=\"og:image:height\" content=\"1470\" \/>\n\t<meta property=\"og:image:type\" content=\"image\/jpeg\" \/>\n<meta name=\"twitter:card\" content=\"summary_large_image\" \/>\n<meta name=\"twitter:label1\" content=\"Est. reading time\" \/>\n\t<meta name=\"twitter:data1\" content=\"1 minute\" \/>\n<script type=\"application\/ld+json\" class=\"yoast-schema-graph\">{\"@context\":\"https:\/\/schema.org\",\"@graph\":[{\"@type\":\"WebPage\",\"@id\":\"https:\/\/anamandara-resort.com\/vi\/weddings\/honeymoon-decoration\/\",\"url\":\"https:\/\/anamandara-resort.com\/vi\/weddings\/honeymoon-decoration\/\",\"name\":\"Trang Tr\u00ed Tr\u0103ng M\u1eadt | Ana Mandara Villas Dalat Resort & Spa\",\"isPartOf\":{\"@id\":\"https:\/\/anamandara-resort.com\/vi\/#website\"},\"primaryImageOfPage\":{\"@id\":\"https:\/\/anamandara-resort.com\/vi\/weddings\/honeymoon-decoration\/#primaryimage\"},\"image\":{\"@id\":\"https:\/\/anamandara-resort.com\/vi\/weddings\/honeymoon-decoration\/#primaryimage\"},\"thumbnailUrl\":\"https:\/\/www.anamandara-resort.com\/wp-content\/uploads\/sites\/233\/2023\/06\/Honeymoon-bed.jpg\",\"datePublished\":\"2022-04-06T06:13:28+00:00\",\"dateModified\":\"2023-06-08T06:37:43+00:00\",\"description\":\"Ch\u00e0o m\u1eebng b\u1ea1n \u0111\u1ebfn v\u1edbi n\u01a1i ho\u00e0n h\u1ea3o d\u00e0nh cho tu\u1ea7n tr\u0103ng m\u1eadt! Chuy\u00ean gia t\u1ed5 ch\u1ee9c ti\u1ec7c c\u01b0\u1edbi c\u1ee7a ch\u00fang t\u00f4i lu\u00f4n s\u1eb5n l\u00f2ng l\u00ean k\u1ebf ho\u1ea1ch v\u00e0 s\u1eafp x\u1ebfp tu\u1ea7n tr\u0103ng m\u1eadt c\u1ee7a b\u1ea1n m\u1ed9t c\u00e1ch ho\u00e0n h\u1ea3o.\",\"breadcrumb\":{\"@id\":\"https:\/\/anamandara-resort.com\/vi\/weddings\/honeymoon-decoration\/#breadcrumb\"},\"inLanguage\":\"vi-VN\",\"potentialAction\":[{\"@type\":\"ReadAction\",\"target\":[\"https:\/\/anamandara-resort.com\/vi\/weddings\/honeymoon-decoration\/\"]}]},{\"@type\":\"ImageObject\",\"inLanguage\":\"vi-VN\",\"@id\":\"https:\/\/anamandara-resort.com\/vi\/weddings\/honeymoon-decoration\/#primaryimage\",\"url\":\"https:\/\/www.anamandara-resort.com\/wp-content\/uploads\/sites\/233\/2023\/06\/Honeymoon-bed.jpg\",\"contentUrl\":\"https:\/\/www.anamandara-resort.com\/wp-content\/uploads\/sites\/233\/2023\/06\/Honeymoon-bed.jpg\",\"width\":2200,\"height\":1470},{\"@type\":\"BreadcrumbList\",\"@id\":\"https:\/\/anamandara-resort.com\/vi\/weddings\/honeymoon-decoration\/#breadcrumb\",\"itemListElement\":[{\"@type\":\"ListItem\",\"position\":1,\"name\":\"Home\",\"item\":\"https:\/\/anamandara-resort.com\/vi\/\"},{\"@type\":\"ListItem\",\"position\":2,\"name\":\"Ti\u1ec7c C\u01b0\u1edbi\",\"item\":\"https:\/\/anamandara-resort.com\/vi\/weddings\/\"},{\"@type\":\"ListItem\",\"position\":3,\"name\":\"Trang Tr\u00ed Tr\u0103ng M\u1eadt\"}]},{\"@type\":\"WebSite\",\"@id\":\"https:\/\/anamandara-resort.com\/vi\/#website\",\"url\":\"https:\/\/anamandara-resort.com\/vi\/\",\"name\":\"Ana Mandara Villas Dalat Resort &amp; Spa\",\"description\":\"\",\"potentialAction\":[{\"@type\":\"SearchAction\",\"target\":{\"@type\":\"EntryPoint\",\"urlTemplate\":\"https:\/\/anamandara-resort.com\/vi\/?s={search_term_string}\"},\"query-input\":\"required name=search_term_string\"}],\"inLanguage\":\"vi-VN\"}]}<\/script>\n<!-- \/ Yoast SEO plugin. -->","yoast_head_json":{"title":"Trang Tr\u00ed Tr\u0103ng M\u1eadt | Ana Mandara Villas Dalat Resort & Spa","description":"Ch\u00e0o m\u1eebng b\u1ea1n \u0111\u1ebfn v\u1edbi n\u01a1i ho\u00e0n h\u1ea3o d\u00e0nh cho tu\u1ea7n tr\u0103ng m\u1eadt! Chuy\u00ean gia t\u1ed5 ch\u1ee9c ti\u1ec7c c\u01b0\u1edbi c\u1ee7a ch\u00fang t\u00f4i lu\u00f4n s\u1eb5n l\u00f2ng l\u00ean k\u1ebf ho\u1ea1ch v\u00e0 s\u1eafp x\u1ebfp tu\u1ea7n tr\u0103ng m\u1eadt c\u1ee7a b\u1ea1n m\u1ed9t c\u00e1ch ho\u00e0n h\u1ea3o.","robots":{"index":"index","follow":"follow","max-snippet":"max-snippet:-1","max-image-preview":"max-image-preview:large","max-video-preview":"max-video-preview:-1"},"canonical":"https:\/\/anamandara-resort.com\/vi\/weddings\/honeymoon-decoration\/","og_locale":"vi_VN","og_type":"article","og_title":"Trang Tr\u00ed Tr\u0103ng M\u1eadt | Ana Mandara Villas Dalat Resort & Spa","og_description":"Ch\u00e0o m\u1eebng b\u1ea1n \u0111\u1ebfn v\u1edbi n\u01a1i ho\u00e0n h\u1ea3o d\u00e0nh cho tu\u1ea7n tr\u0103ng m\u1eadt! Chuy\u00ean gia t\u1ed5 ch\u1ee9c ti\u1ec7c c\u01b0\u1edbi c\u1ee7a ch\u00fang t\u00f4i lu\u00f4n s\u1eb5n l\u00f2ng l\u00ean k\u1ebf ho\u1ea1ch v\u00e0 s\u1eafp x\u1ebfp tu\u1ea7n tr\u0103ng m\u1eadt c\u1ee7a b\u1ea1n m\u1ed9t c\u00e1ch ho\u00e0n h\u1ea3o.","og_url":"https:\/\/anamandara-resort.com\/vi\/weddings\/honeymoon-decoration\/","og_site_name":"Ana Mandara Villas Dalat Resort &amp; Spa","article_modified_time":"2023-06-08T06:37:43+00:00","og_image":[{"width":2200,"height":1470,"url":"https:\/\/www.anamandara-resort.com\/wp-content\/uploads\/sites\/233\/2023\/06\/Honeymoon-bed.jpg","type":"image\/jpeg"}],"twitter_card":"summary_large_image","twitter_misc":{"Est. reading time":"1 minute"},"schema":{"@context":"https:\/\/schema.org","@graph":[{"@type":"WebPage","@id":"https:\/\/anamandara-resort.com\/vi\/weddings\/honeymoon-decoration\/","url":"https:\/\/anamandara-resort.com\/vi\/weddings\/honeymoon-decoration\/","name":"Trang Tr\u00ed Tr\u0103ng M\u1eadt | Ana Mandara Villas Dalat Resort & Spa","isPartOf":{"@id":"https:\/\/anamandara-resort.com\/vi\/#website"},"primaryImageOfPage":{"@id":"https:\/\/anamandara-resort.com\/vi\/weddings\/honeymoon-decoration\/#primaryimage"},"image":{"@id":"https:\/\/anamandara-resort.com\/vi\/weddings\/honeymoon-decoration\/#primaryimage"},"thumbnailUrl":"https:\/\/www.anamandara-resort.com\/wp-content\/uploads\/sites\/233\/2023\/06\/Honeymoon-bed.jpg","datePublished":"2022-04-06T06:13:28+00:00","dateModified":"2023-06-08T06:37:43+00:00","description":"Ch\u00e0o m\u1eebng b\u1ea1n \u0111\u1ebfn v\u1edbi n\u01a1i ho\u00e0n h\u1ea3o d\u00e0nh cho tu\u1ea7n tr\u0103ng m\u1eadt! Chuy\u00ean gia t\u1ed5 ch\u1ee9c ti\u1ec7c c\u01b0\u1edbi c\u1ee7a ch\u00fang t\u00f4i lu\u00f4n s\u1eb5n l\u00f2ng l\u00ean k\u1ebf ho\u1ea1ch v\u00e0 s\u1eafp x\u1ebfp tu\u1ea7n tr\u0103ng m\u1eadt c\u1ee7a b\u1ea1n m\u1ed9t c\u00e1ch ho\u00e0n h\u1ea3o.","breadcrumb":{"@id":"https:\/\/anamandara-resort.com\/vi\/weddings\/honeymoon-decoration\/#breadcrumb"},"inLanguage":"vi-VN","potentialAction":[{"@type":"ReadAction","target":["https:\/\/anamandara-resort.com\/vi\/weddings\/honeymoon-decoration\/"]}]},{"@type":"ImageObject","inLanguage":"vi-VN","@id":"https:\/\/anamandara-resort.com\/vi\/weddings\/honeymoon-decoration\/#primaryimage","url":"https:\/\/www.anamandara-resort.com\/wp-content\/uploads\/sites\/233\/2023\/06\/Honeymoon-bed.jpg","contentUrl":"https:\/\/www.anamandara-resort.com\/wp-content\/uploads\/sites\/233\/2023\/06\/Honeymoon-bed.jpg","width":2200,"height":1470},{"@type":"BreadcrumbList","@id":"https:\/\/anamandara-resort.com\/vi\/weddings\/honeymoon-decoration\/#breadcrumb","itemListElement":[{"@type":"ListItem","position":1,"name":"Home","item":"https:\/\/anamandara-resort.com\/vi\/"},{"@type":"ListItem","position":2,"name":"Ti\u1ec7c C\u01b0\u1edbi","item":"https:\/\/anamandara-resort.com\/vi\/weddings\/"},{"@type":"ListItem","position":3,"name":"Trang Tr\u00ed Tr\u0103ng M\u1eadt"}]},{"@type":"WebSite","@id":"https:\/\/anamandara-resort.com\/vi\/#website","url":"https:\/\/anamandara-resort.com\/vi\/","name":"Ana Mandara Villas Dalat Resort &amp; Spa","description":"","potentialAction":[{"@type":"SearchAction","target":{"@type":"EntryPoint","urlTemplate":"https:\/\/anamandara-resort.com\/vi\/?s={search_term_string}"},"query-input":"required name=search_term_string"}],"inLanguage":"vi-VN"}]}},"_links":{"self":[{"href":"https:\/\/anamandara-resort.com\/vi\/wp-json\/wp\/v2\/pages\/312"}],"collection":[{"href":"https:\/\/anamandara-resort.com\/vi\/wp-json\/wp\/v2\/pages"}],"about":[{"href":"https:\/\/anamandara-resort.com\/vi\/wp-json\/wp\/v2\/types\/page"}],"author":[{"embeddable":true,"href":"https:\/\/anamandara-resort.com\/vi\/wp-json\/wp\/v2\/users\/368"}],"replies":[{"embeddable":true,"href":"https:\/\/anamandara-resort.com\/vi\/wp-json\/wp\/v2\/comments?post=312"}],"version-history":[{"count":0,"href":"https:\/\/anamandara-resort.com\/vi\/wp-json\/wp\/v2\/pages\/312\/revisions"}],"up":[{"embeddable":true,"href":"https:\/\/anamandara-resort.com\/vi\/wp-json\/wp\/v2\/pages\/311"}],"wp:featuredmedia":[{"embeddable":true,"href":"https:\/\/anamandara-resort.com\/vi\/wp-json\/wp\/v2\/media\/4540"}],"wp:attachment":[{"href":"https:\/\/anamandara-resort.com\/vi\/wp-json\/wp\/v2\/media?parent=312"}],"curies":[{"name":"wp","href":"https:\/\/api.w.org\/{rel}","templated":true}]}}