{"id":313,"date":"2022-04-05T05:49:31","date_gmt":"2022-04-05T05:49:31","guid":{"rendered":"https:\/\/ana-mandara-resort.ms.decms.asia\/sample-page\/"},"modified":"2026-04-02T02:25:24","modified_gmt":"2026-04-02T02:25:24","slug":"home-page","status":"publish","type":"page","link":"https:\/\/anamandara-resort.com\/vi\/","title":{"rendered":"\u0110\u00e0 L\u1ea1t, Vi\u1ec7t Nam"},"content":{"rendered":"\r\n<p data-start=\"336\" data-end=\"615\"><strong data-start=\"336\" data-end=\"399\">Ch\u1ea1m v\u00e0o di s\u1ea3n sang tr\u1ecdng b\u00ean r\u1eebng th\u00f4ng gi\u1eefa l\u00f2ng \u0110\u00e0 L\u1ea1t.<\/strong><\/p>\r\n<p data-start=\"336\" data-end=\"615\">Gi\u1eefa m\u1ed9t \u0110\u00e0 L\u1ea1t m\u1ed9ng m\u01a1, <strong data-start=\"427\" data-end=\"468\">Ana Mandara Villas Dalat Resort &amp; Spa<\/strong> l\u00e0 n\u01a1i giao thoa gi\u1eefa <strong data-start=\"491\" data-end=\"517\">thi\u00ean nhi\u00ean nguy\u00ean b\u1ea3n<\/strong>, <strong data-start=\"519\" data-end=\"547\">di s\u1ea3n ki\u1ebfn tr\u00fac Ph\u00e1p c\u1ed5<\/strong>, v\u00e0 <strong data-start=\"552\" data-end=\"582\">gi\u00e1 tr\u1ecb v\u0103n h\u00f3a ngh\u1ec7 thu\u1eadt<\/strong> \u0111\u01b0\u1ee3c g\u00ecn gi\u1eef qua g\u1ea7n m\u1ed9t th\u1ebf k\u1ef7.<\/p>\r\n<p data-start=\"617\" data-end=\"894\">T\u1ecda l\u1ea1c trong khu\u00f4n vi\u00ean xanh m\u00e1t 7 ha, v\u1edbi <strong data-start=\"661\" data-end=\"702\">17 bi\u1ec7t th\u1ef1 Ph\u00e1p c\u1ed5 t\u1eeb th\u1eadp ni\u00ean 1920<\/strong> \u0111\u01b0\u1ee3c ph\u1ee5c d\u1ef1ng t\u1ec9 m\u1ec9, m\u1ed7i c\u0103n villa l\u00e0 m\u1ed9t l\u00e1t c\u1eaft l\u1ecbch s\u1eed s\u1ed1ng \u0111\u1ed9ng \u2013 n\u01a1i v\u1ebb \u0111\u1eb9p \u0110\u00f4ng D\u01b0\u01a1ng c\u1ed5 \u0111i\u1ec3n h\u00f2a quy\u1ec7n c\u00f9ng kh\u00f4ng kh\u00ed trong l\u00e0nh c\u1ee7a r\u1eebng th\u00f4ng v\u00e0 s\u1ef1 y\u00ean t\u0129nh c\u1ee7a cao nguy\u00ean L\u00e2m Vi\u00ean.<\/p>\r\n<p data-start=\"896\" data-end=\"1139\">T\u1ea1i Ana, m\u1ed7i h\u00e0nh tr\u00ecnh ngh\u1ec9 d\u01b0\u1ee1ng \u0111\u1ec1u mang t\u00ednh <strong data-start=\"945\" data-end=\"968\">c\u00e1 nh\u00e2n h\u00f3a s\u00e2u s\u1eafc<\/strong>, t\u1eeb <strong data-start=\"973\" data-end=\"1008\">tr\u00e0 chi\u1ec1u t\u0129nh t\u1ea1i b\u00ean hi\u00ean nh\u00e0<\/strong>, <strong data-start=\"1010\" data-end=\"1047\">b\u1eefa s\u00e1ng d\u01b0\u1edbi n\u1eafng s\u1edbm trong v\u01b0\u1eddn<\/strong>, \u0111\u1ebfn nh\u1eefng li\u1ec7u tr\u00ecnh <strong data-start=\"1070\" data-end=\"1108\">spa &amp; wellness \u0111\u01b0\u1ee3c thi\u1ebft k\u1ebf ri\u00eang<\/strong> \u0111\u1ec3 t\u00e1i t\u1ea1o th\u00e2n \u2013 t\u00e2m \u2013 tr\u00ed.<\/p>\r\n<p data-start=\"1141\" data-end=\"1397\">Kh\u00f4ng ch\u1ec9 l\u00e0 n\u01a1i d\u1eebng ch\u00e2n, Ana Mandara l\u00e0 n\u01a1i b\u1ea1n <strong data-start=\"1192\" data-end=\"1220\">th\u1eadt s\u1ef1 ch\u1ea1m v\u00e0o c\u1ea3m x\u00fac<\/strong>, s\u1ed1ng ch\u1eadm c\u00f9ng v\u1ebb \u0111\u1eb9p v\u01b0\u1ee3t th\u1eddi gian v\u00e0 k\u1ebft n\u1ed1i l\u1ea1i v\u1edbi ch\u00ednh m\u00ecnh \u2013 trong kh\u00f4ng gian ki\u1ebfn tr\u00fac di s\u1ea3n, gi\u1eefa thi\u00ean nhi\u00ean thanh b\u00ecnh v\u00e0 ngh\u1ec7 thu\u1eadt s\u1ed1ng \u0111\u1ea7y ch\u1ea5t th\u01a1 c\u1ee7a \u0110\u00e0 L\u1ea1t.<\/p>\r\n<p><span data-sheets-value=\"{&quot;1&quot;:2,&quot;2&quot;:&quot;\u0110\u01b0\u1ee3c xem nh\u01b0 m\u1ed9t di t\u00edch v\u0103n h\u00f3a l\u1ecbch s\u1eed c\u1ee7a th\u00e0nh ph\u1ed1 \u0110\u00e0 L\u1ea1t ng\u00e0n hoa, Ana Mandara Villas Dalat Resort &amp; Spa mang v\u1ebb \u0111\u1eb9p \u0111\u1eb7c tr\u01b0ng \u0111\u1eadm d\u1ea5u \u1ea5n ki\u1ebfn tr\u00fac Ph\u00e1p c\u1ed5 \u0111\u1ea7y tinh t\u1ebf, l\u00e3ng m\u1ea1n, v\u00e0 c\u1ea3m x\u00fac. \u1ea8n gi\u1eefa nh\u1eefng r\u1eb7ng th\u00f4ng v\u00e0 ch\u1ec9 c\u00e1ch trung t\u00e2m th\u00e0nh ph\u1ed1 10 ph\u00fat l\u00e1i xe, khu ngh\u1ec9 bao g\u1ed3m 17 t\u00f2a bi\u1ec7t th\u1ef1 trang nh\u00e3 t\u1ecda l\u1ea1c \u0111\u01b0\u1ee3c l\u1ea5y c\u1ea3m h\u1ee9ng t\u1eeb th\u1eddi Ph\u00e1p c\u1ed5 v\u1edbi n\u1ed9i th\u1ea5t l\u00f4i cu\u1ed1n c\u1ee7a m\u1ed9t th\u1ebf k\u1ef7 tr\u01b0\u1edbc. V\u1edbi l\u00f2ng hi\u1ebfu kh\u00e1ch n\u1ed3ng nhi\u1ec7t, d\u1ecbch v\u1ee5 t\u1eadn t\u00ecnh v\u00e0 chu \u0111\u00e1o, ch\u00fang t\u00f4i ch\u00e0o \u0111\u00f3n b\u1ea1n \u0111\u1ebfn v\u1edbi m\u1ed9t kh\u00f4ng gian xanh \u0111\u1ea7y y\u00ean b\u00ecnh h\u00f2a tr\u1ed9n s\u1ef1 c\u1ed5 x\u01b0a ngay t\u1ea1i trung t\u00e2m \u0110\u00e0 L\u1ea1t cho nh\u1eefng k\u00ec ngh\u1ec9 l\u00e3ng m\u1ea1n.\\n&quot;}\" data-sheets-userformat=\"{&quot;2&quot;:13251,&quot;3&quot;:{&quot;1&quot;:0},&quot;4&quot;:{&quot;1&quot;:2,&quot;2&quot;:16773836},&quot;9&quot;:0,&quot;10&quot;:1,&quot;11&quot;:4,&quot;12&quot;:0,&quot;15&quot;:&quot;Montserrat&quot;,&quot;16&quot;:10}\">\u00a0<\/span><\/p>\r\n","protected":false},"excerpt":{"rendered":"<p>Ch\u1ea1m v\u00e0o di s\u1ea3n sang tr\u1ecdng b\u00ean r\u1eebng th\u00f4ng gi\u1eefa l\u00f2ng \u0110\u00e0 L\u1ea1t. Gi\u1eefa m\u1ed9t \u0110\u00e0 L\u1ea1t m\u1ed9ng m\u01a1, Ana Mandara Villas Dalat Resort &amp; Spa l\u00e0 n\u01a1i giao thoa gi\u1eefa thi\u00ean nhi\u00ean nguy\u00ean b\u1ea3n, di s\u1ea3n ki\u1ebfn tr\u00fac Ph\u00e1p c\u1ed5, v\u00e0 gi\u00e1 tr\u1ecb v\u0103n h\u00f3a ngh\u1ec7 thu\u1eadt \u0111\u01b0\u1ee3c g\u00ecn gi\u1eef qua g\u1ea7n m\u1ed9t th\u1ebf [&hellip;]<\/p>\n","protected":false},"author":368,"featured_media":9431,"parent":0,"menu_order":0,"comment_status":"closed","ping_status":"closed","template":"","meta":{"footnotes":""},"acf":[],"yoast_head":"<!-- This site is optimized with the Yoast SEO plugin v22.3 - https:\/\/yoast.com\/wordpress\/plugins\/seo\/ -->\n<title>Khu Ngh\u1ec9 D\u01b0\u1ee1ng Ana Mandara \u0110\u00e0 L\u1ea1t - V\u1ebb \u0110\u1eb9p C\u1ee7a Resort \u0110\u00e0 L\u1ea1t C\u1ed5<\/title>\n<meta name=\"description\" content=\"T\u1eadn H\u01b0\u1edfng K\u1ef3 Ngh\u1ec9 Ho\u00e0n H\u1ea3o T\u1ea1i Ana Mandara \u0110\u00e0 L\u1ea1t - Khu Ngh\u1ec9 D\u01b0\u1ee1ng Sang Tr\u1ecdng, Y\u00ean B\u00ecnh Gi\u1eefa C\u1ea3nh Quan \u0110\u00e0 L\u1ea1t. N\u00e2ng T\u1ea7m Tr\u1ea3i Nghi\u1ec7m K\u1ef3 Ngh\u1ec9 C\u1ee7a B\u1ea1n\" \/>\n<meta name=\"robots\" content=\"index, follow, max-snippet:-1, max-image-preview:large, max-video-preview:-1\" \/>\n<link rel=\"canonical\" href=\"https:\/\/anamandara-resort.com\/vi\/\" \/>\n<meta property=\"og:locale\" content=\"vi_VN\" \/>\n<meta property=\"og:type\" content=\"article\" \/>\n<meta property=\"og:title\" content=\"Khu Ngh\u1ec9 D\u01b0\u1ee1ng Ana Mandara \u0110\u00e0 L\u1ea1t - V\u1ebb \u0110\u1eb9p C\u1ee7a Resort \u0110\u00e0 L\u1ea1t C\u1ed5\" \/>\n<meta property=\"og:description\" content=\"T\u1eadn H\u01b0\u1edfng K\u1ef3 Ngh\u1ec9 Ho\u00e0n H\u1ea3o T\u1ea1i Ana Mandara \u0110\u00e0 L\u1ea1t - Khu Ngh\u1ec9 D\u01b0\u1ee1ng Sang Tr\u1ecdng, Y\u00ean B\u00ecnh Gi\u1eefa C\u1ea3nh Quan \u0110\u00e0 L\u1ea1t. N\u00e2ng T\u1ea7m Tr\u1ea3i Nghi\u1ec7m K\u1ef3 Ngh\u1ec9 C\u1ee7a B\u1ea1n\" \/>\n<meta property=\"og:url\" content=\"https:\/\/anamandara-resort.com\/vi\/\" \/>\n<meta property=\"og:site_name\" content=\"Ana Mandara Villas Dalat Resort &amp; Spa\" \/>\n<meta property=\"article:modified_time\" content=\"2026-04-02T02:25:24+00:00\" \/>\n<meta property=\"og:image\" content=\"https:\/\/www.anamandara-resort.com\/wp-content\/uploads\/sites\/233\/2025\/10\/DJI_20250909072522_0541_D_HDR-2.jpg\" \/>\n\t<meta property=\"og:image:width\" content=\"2200\" \/>\n\t<meta property=\"og:image:height\" content=\"1650\" \/>\n\t<meta property=\"og:image:type\" content=\"image\/jpeg\" \/>\n<meta name=\"twitter:card\" content=\"summary_large_image\" \/>\n<meta name=\"twitter:label1\" content=\"Est. reading time\" \/>\n\t<meta name=\"twitter:data1\" content=\"1 minute\" \/>\n<script type=\"application\/ld+json\" class=\"yoast-schema-graph\">{\"@context\":\"https:\/\/schema.org\",\"@graph\":[{\"@type\":\"WebPage\",\"@id\":\"https:\/\/anamandara-resort.com\/vi\/\",\"url\":\"https:\/\/anamandara-resort.com\/vi\/\",\"name\":\"Khu Ngh\u1ec9 D\u01b0\u1ee1ng Ana Mandara \u0110\u00e0 L\u1ea1t - V\u1ebb \u0110\u1eb9p C\u1ee7a Resort \u0110\u00e0 L\u1ea1t C\u1ed5\",\"isPartOf\":{\"@id\":\"https:\/\/anamandara-resort.com\/vi\/#website\"},\"primaryImageOfPage\":{\"@id\":\"https:\/\/anamandara-resort.com\/vi\/#primaryimage\"},\"image\":{\"@id\":\"https:\/\/anamandara-resort.com\/vi\/#primaryimage\"},\"thumbnailUrl\":\"https:\/\/www.anamandara-resort.com\/wp-content\/uploads\/sites\/233\/2025\/10\/DJI_20250909072522_0541_D_HDR-2.jpg\",\"datePublished\":\"2022-04-05T05:49:31+00:00\",\"dateModified\":\"2026-04-02T02:25:24+00:00\",\"description\":\"T\u1eadn H\u01b0\u1edfng K\u1ef3 Ngh\u1ec9 Ho\u00e0n H\u1ea3o T\u1ea1i Ana Mandara \u0110\u00e0 L\u1ea1t - Khu Ngh\u1ec9 D\u01b0\u1ee1ng Sang Tr\u1ecdng, Y\u00ean B\u00ecnh Gi\u1eefa C\u1ea3nh Quan \u0110\u00e0 L\u1ea1t. N\u00e2ng T\u1ea7m Tr\u1ea3i Nghi\u1ec7m K\u1ef3 Ngh\u1ec9 C\u1ee7a B\u1ea1n\",\"breadcrumb\":{\"@id\":\"https:\/\/anamandara-resort.com\/vi\/#breadcrumb\"},\"inLanguage\":\"vi-VN\",\"potentialAction\":[{\"@type\":\"ReadAction\",\"target\":[\"https:\/\/anamandara-resort.com\/vi\/\"]}]},{\"@type\":\"ImageObject\",\"inLanguage\":\"vi-VN\",\"@id\":\"https:\/\/anamandara-resort.com\/vi\/#primaryimage\",\"url\":\"https:\/\/www.anamandara-resort.com\/wp-content\/uploads\/sites\/233\/2025\/10\/DJI_20250909072522_0541_D_HDR-2.jpg\",\"contentUrl\":\"https:\/\/www.anamandara-resort.com\/wp-content\/uploads\/sites\/233\/2025\/10\/DJI_20250909072522_0541_D_HDR-2.jpg\",\"width\":2200,\"height\":1650},{\"@type\":\"BreadcrumbList\",\"@id\":\"https:\/\/anamandara-resort.com\/vi\/#breadcrumb\",\"itemListElement\":[{\"@type\":\"ListItem\",\"position\":1,\"name\":\"Home\",\"item\":\"https:\/\/anamandara-resort.com\/vi\/\"},{\"@type\":\"ListItem\",\"position\":2,\"name\":\"\u0110\u00e0 L\u1ea1t, Vi\u1ec7t Nam\"}]},{\"@type\":\"WebSite\",\"@id\":\"https:\/\/anamandara-resort.com\/vi\/#website\",\"url\":\"https:\/\/anamandara-resort.com\/vi\/\",\"name\":\"Ana Mandara Villas Dalat Resort &amp; Spa\",\"description\":\"\",\"potentialAction\":[{\"@type\":\"SearchAction\",\"target\":{\"@type\":\"EntryPoint\",\"urlTemplate\":\"https:\/\/anamandara-resort.com\/vi\/?s={search_term_string}\"},\"query-input\":\"required name=search_term_string\"}],\"inLanguage\":\"vi-VN\"}]}<\/script>\n<!-- \/ Yoast SEO plugin. -->","yoast_head_json":{"title":"Khu Ngh\u1ec9 D\u01b0\u1ee1ng Ana Mandara \u0110\u00e0 L\u1ea1t - V\u1ebb \u0110\u1eb9p C\u1ee7a Resort \u0110\u00e0 L\u1ea1t C\u1ed5","description":"T\u1eadn H\u01b0\u1edfng K\u1ef3 Ngh\u1ec9 Ho\u00e0n H\u1ea3o T\u1ea1i Ana Mandara \u0110\u00e0 L\u1ea1t - Khu Ngh\u1ec9 D\u01b0\u1ee1ng Sang Tr\u1ecdng, Y\u00ean B\u00ecnh Gi\u1eefa C\u1ea3nh Quan \u0110\u00e0 L\u1ea1t. N\u00e2ng T\u1ea7m Tr\u1ea3i Nghi\u1ec7m K\u1ef3 Ngh\u1ec9 C\u1ee7a B\u1ea1n","robots":{"index":"index","follow":"follow","max-snippet":"max-snippet:-1","max-image-preview":"max-image-preview:large","max-video-preview":"max-video-preview:-1"},"canonical":"https:\/\/anamandara-resort.com\/vi\/","og_locale":"vi_VN","og_type":"article","og_title":"Khu Ngh\u1ec9 D\u01b0\u1ee1ng Ana Mandara \u0110\u00e0 L\u1ea1t - V\u1ebb \u0110\u1eb9p C\u1ee7a Resort \u0110\u00e0 L\u1ea1t C\u1ed5","og_description":"T\u1eadn H\u01b0\u1edfng K\u1ef3 Ngh\u1ec9 Ho\u00e0n H\u1ea3o T\u1ea1i Ana Mandara \u0110\u00e0 L\u1ea1t - Khu Ngh\u1ec9 D\u01b0\u1ee1ng Sang Tr\u1ecdng, Y\u00ean B\u00ecnh Gi\u1eefa C\u1ea3nh Quan \u0110\u00e0 L\u1ea1t. N\u00e2ng T\u1ea7m Tr\u1ea3i Nghi\u1ec7m K\u1ef3 Ngh\u1ec9 C\u1ee7a B\u1ea1n","og_url":"https:\/\/anamandara-resort.com\/vi\/","og_site_name":"Ana Mandara Villas Dalat Resort &amp; Spa","article_modified_time":"2026-04-02T02:25:24+00:00","og_image":[{"width":2200,"height":1650,"url":"https:\/\/www.anamandara-resort.com\/wp-content\/uploads\/sites\/233\/2025\/10\/DJI_20250909072522_0541_D_HDR-2.jpg","type":"image\/jpeg"}],"twitter_card":"summary_large_image","twitter_misc":{"Est. reading time":"1 minute"},"schema":{"@context":"https:\/\/schema.org","@graph":[{"@type":"WebPage","@id":"https:\/\/anamandara-resort.com\/vi\/","url":"https:\/\/anamandara-resort.com\/vi\/","name":"Khu Ngh\u1ec9 D\u01b0\u1ee1ng Ana Mandara \u0110\u00e0 L\u1ea1t - V\u1ebb \u0110\u1eb9p C\u1ee7a Resort \u0110\u00e0 L\u1ea1t C\u1ed5","isPartOf":{"@id":"https:\/\/anamandara-resort.com\/vi\/#website"},"primaryImageOfPage":{"@id":"https:\/\/anamandara-resort.com\/vi\/#primaryimage"},"image":{"@id":"https:\/\/anamandara-resort.com\/vi\/#primaryimage"},"thumbnailUrl":"https:\/\/www.anamandara-resort.com\/wp-content\/uploads\/sites\/233\/2025\/10\/DJI_20250909072522_0541_D_HDR-2.jpg","datePublished":"2022-04-05T05:49:31+00:00","dateModified":"2026-04-02T02:25:24+00:00","description":"T\u1eadn H\u01b0\u1edfng K\u1ef3 Ngh\u1ec9 Ho\u00e0n H\u1ea3o T\u1ea1i Ana Mandara \u0110\u00e0 L\u1ea1t - Khu Ngh\u1ec9 D\u01b0\u1ee1ng Sang Tr\u1ecdng, Y\u00ean B\u00ecnh Gi\u1eefa C\u1ea3nh Quan \u0110\u00e0 L\u1ea1t. N\u00e2ng T\u1ea7m Tr\u1ea3i Nghi\u1ec7m K\u1ef3 Ngh\u1ec9 C\u1ee7a B\u1ea1n","breadcrumb":{"@id":"https:\/\/anamandara-resort.com\/vi\/#breadcrumb"},"inLanguage":"vi-VN","potentialAction":[{"@type":"ReadAction","target":["https:\/\/anamandara-resort.com\/vi\/"]}]},{"@type":"ImageObject","inLanguage":"vi-VN","@id":"https:\/\/anamandara-resort.com\/vi\/#primaryimage","url":"https:\/\/www.anamandara-resort.com\/wp-content\/uploads\/sites\/233\/2025\/10\/DJI_20250909072522_0541_D_HDR-2.jpg","contentUrl":"https:\/\/www.anamandara-resort.com\/wp-content\/uploads\/sites\/233\/2025\/10\/DJI_20250909072522_0541_D_HDR-2.jpg","width":2200,"height":1650},{"@type":"BreadcrumbList","@id":"https:\/\/anamandara-resort.com\/vi\/#breadcrumb","itemListElement":[{"@type":"ListItem","position":1,"name":"Home","item":"https:\/\/anamandara-resort.com\/vi\/"},{"@type":"ListItem","position":2,"name":"\u0110\u00e0 L\u1ea1t, Vi\u1ec7t Nam"}]},{"@type":"WebSite","@id":"https:\/\/anamandara-resort.com\/vi\/#website","url":"https:\/\/anamandara-resort.com\/vi\/","name":"Ana Mandara Villas Dalat Resort &amp; Spa","description":"","potentialAction":[{"@type":"SearchAction","target":{"@type":"EntryPoint","urlTemplate":"https:\/\/anamandara-resort.com\/vi\/?s={search_term_string}"},"query-input":"required name=search_term_string"}],"inLanguage":"vi-VN"}]}},"_links":{"self":[{"href":"https:\/\/anamandara-resort.com\/vi\/wp-json\/wp\/v2\/pages\/313"}],"collection":[{"href":"https:\/\/anamandara-resort.com\/vi\/wp-json\/wp\/v2\/pages"}],"about":[{"href":"https:\/\/anamandara-resort.com\/vi\/wp-json\/wp\/v2\/types\/page"}],"author":[{"embeddable":true,"href":"https:\/\/anamandara-resort.com\/vi\/wp-json\/wp\/v2\/users\/368"}],"replies":[{"embeddable":true,"href":"https:\/\/anamandara-resort.com\/vi\/wp-json\/wp\/v2\/comments?post=313"}],"version-history":[{"count":3,"href":"https:\/\/anamandara-resort.com\/vi\/wp-json\/wp\/v2\/pages\/313\/revisions"}],"predecessor-version":[{"id":10638,"href":"https:\/\/anamandara-resort.com\/vi\/wp-json\/wp\/v2\/pages\/313\/revisions\/10638"}],"wp:featuredmedia":[{"embeddable":true,"href":"https:\/\/anamandara-resort.com\/vi\/wp-json\/wp\/v2\/media\/9431"}],"wp:attachment":[{"href":"https:\/\/anamandara-resort.com\/vi\/wp-json\/wp\/v2\/media?parent=313"}],"curies":[{"name":"wp","href":"https:\/\/api.w.org\/{rel}","templated":true}]}}