{"id":375,"date":"2022-04-14T02:59:31","date_gmt":"2022-04-14T02:59:31","guid":{"rendered":"https:\/\/ana-mandara-resort.ms.decms.asia\/weddings-at-ana-mandara-villas-dalat-resort-spa\/photo-shooting\/"},"modified":"2023-04-19T13:01:29","modified_gmt":"2023-04-19T13:01:29","slug":"photo-shooting","status":"publish","type":"page","link":"https:\/\/anamandara-resort.com\/vi\/weddings\/photo-shooting\/","title":{"rendered":"G\u00f3i Ch\u1ee5p H\u00ecnh C\u01b0\u1edbi"},"content":{"rendered":"<p><span data-sheets-value=\"{&quot;1&quot;:2,&quot;2&quot;:&quot;C\u00f9ng ghi l\u1ea1i nh\u1eefng kho\u1ea3nh kh\u1eafc \u0111\u00f4i l\u1ee9a c\u1ee7a b\u1ea1n. G\u00f3i ch\u1ee5p \u1ea3nh c\u01b0\u1edbi t\u1ea1i Ana Mandara Villas Dalat Resort &amp; Spa s\u1ebd l\u00e0 m\u1ed9t ph\u1ea7n trong h\u00e0nh tr\u00ecnh t\u00ecnh y\u00eau c\u1ee7a hai b\u1ea1n. H\u00e3y s\u1edf h\u1eefu b\u1ed9 \u1ea3nh c\u01b0\u1edbi l\u01b0u gi\u1eef th\u1eddi gian \u0111\u1eb9p nh\u1ea5t v\u00e0 k\u1ec9 ni\u1ec7m qu\u00fd gi\u00e1 c\u1ee7a b\u1ea1n.\\n\\nG\u00f3i ch\u1ee5p h\u00ecnh t\u1eeb 2.000.000 VND\\n\\n\u0110\u00e3 bao g\u1ed3m: \\n- 4 gi\u1edd s\u1eed d\u1ee5ng ph\u00f2ng Villa Room \u0111\u01b0\u1ee3c trang tr\u00ed tr\u0103ng m\u1eadt k\u00e8m v\u1edbi c\u00e1c th\u1ee9c u\u1ed1ng trong ph\u00f2ng (tr\u00e0, cafe ho\u1eb7c n\u01b0\u1edbc l\u1ecdc)\\n- Ch\u1ee5p h\u00ecnh ngo\u1ea1i c\u1ea3nh t\u1ea1i khu ngh\u1ec9\\n- \u01afu \u0111\u00e3i 30% t\u1ea1i Spa (tr\u01b0\u1edbc 17.00)\\n- \u01afu \u0111\u00e3i 10% t\u1ea1i nh\u00e0 h\u00e0ng v\u00e0 10% gi\u00e1 tour\\n- S\u1eed d\u1ee5ng wifi khi truy c\u1eadp internet\\n- S\u1eed d\u1ee5ng d\u1ecbch v\u1ee5 Gym &amp; H\u1ed3 b\u01a1i\\n- Ph\u1ee5 thu th\u00eam gi\u1edd: 500,000 VND\/gi\u1edd\\n- Chi ph\u00ed \u0111\u00e3 bao g\u1ed3m thu\u1ebf v\u00e0 ph\u00ed d\u1ecbch v\u1ee5\\nTh\u1eddi gian \u00e1p d\u1ee5ng: Tr\u1eeb c\u00e1c ng\u00e0y l\u1ec5 t\u1ebft&quot;}\" data-sheets-userformat=\"{&quot;2&quot;:13251,&quot;3&quot;:{&quot;1&quot;:0},&quot;4&quot;:{&quot;1&quot;:2,&quot;2&quot;:16773836},&quot;9&quot;:0,&quot;10&quot;:1,&quot;11&quot;:4,&quot;12&quot;:0,&quot;15&quot;:&quot;Montserrat&quot;,&quot;16&quot;:10}\">C\u00f9ng ghi l\u1ea1i nh\u1eefng kho\u1ea3nh kh\u1eafc \u0111\u00f4i l\u1ee9a c\u1ee7a b\u1ea1n. G\u00f3i ch\u1ee5p \u1ea3nh c\u01b0\u1edbi t\u1ea1i Ana Mandara Villas Dalat Resort &amp; Spa s\u1ebd l\u00e0 m\u1ed9t ph\u1ea7n trong h\u00e0nh tr\u00ecnh t\u00ecnh y\u00eau c\u1ee7a hai b\u1ea1n. H\u00e3y s\u1edf h\u1eefu b\u1ed9 \u1ea3nh c\u01b0\u1edbi l\u01b0u gi\u1eef th\u1eddi gian \u0111\u1eb9p nh\u1ea5t v\u00e0 k\u1ec9 ni\u1ec7m qu\u00fd gi\u00e1 c\u1ee7a b\u1ea1n.<\/span><\/p>\n<p>G\u00f3i ch\u1ee5p h\u00ecnh t\u1eeb 3.000.000 VND<\/p>\n<p><strong>D\u1ecbch v\u1ee5 bao g\u1ed3m:<\/strong><\/p>\n<p>&#8211; Th\u1eddi gian ch\u1ee5p h\u00ecnh: 4 ti\u1ebfng<\/p>\n<p>&#8211; Khu v\u1ef1c ch\u1ee5p h\u00ecnh: Khu\u00f4n vi\u00ean s\u00e2n v\u01b0\u1eddn c\u1ee7a khu ngh\u1ec9<\/p>\n<p>&#8211; S\u1ed1 l\u01b0\u1ee3ng: 5 ng\u01b0\u1eddi (bao g\u1ed3m c\u00f4 d\u00e2u, ch\u00fa r\u1ec3 &amp; th\u1ee3 ch\u1ee5p)<\/p>\n<p>&#8211; Ph\u1ee5 thu: 300,000 VN\u0110\/ ng\u01b0\u1eddi th\u1ee9 6<\/p>\n<p><strong>Y\u00eau c\u1ea7u:<\/strong><\/p>\n<p>&#8211; Th\u1ee3 ch\u1ee5p h\u00ecnh g\u1eedi gi\u1ea5y t\u1edd tu\u1ef3 th\u00e2n t\u1ea1i s\u1ea3nh l\u1ec5 t\u00e2n.<\/p>\n<p>&#8211; Ph\u1ee5 thu d\u1ecbch v\u1ee5 b\u00ean ngo\u00e0i (th\u1ee3 ch\u1ee5p h\u00ecnh\/ ekip th\u1ee3 ch\u1ee5p h\u00ecnh do kh\u00e1ch h\u00e0ng ch\u1ec9 \u0111\u1ecbnh): 300,000 VN\u0110 m\u1ed7i ng\u01b0\u1eddi<\/p>\n<p><em>Ghi ch\u00fa: \u00c1p d\u1ee5ng chi ph\u00ed \u0111\u1ed1i v\u1edbi th\u1ee3 ch\u1ee5p h\u00ecnh do kh\u00e1ch h\u00e0ng l\u1ef1a ch\u1ecdn (kh\u00f4ng do khu ngh\u1ec9 d\u01b0\u1ee1ng ch\u1ec9 \u0111\u1ecbnh)<\/em><\/p>\n","protected":false},"excerpt":{"rendered":"<p>C\u00f9ng ghi l\u1ea1i nh\u1eefng kho\u1ea3nh kh\u1eafc \u0111\u00f4i l\u1ee9a c\u1ee7a b\u1ea1n. G\u00f3i ch\u1ee5p \u1ea3nh c\u01b0\u1edbi t\u1ea1i Ana Mandara Villas Dalat Resort &amp; Spa s\u1ebd l\u00e0 m\u1ed9t ph\u1ea7n trong h\u00e0nh tr\u00ecnh t\u00ecnh y\u00eau c\u1ee7a hai b\u1ea1n. H\u00e3y s\u1edf h\u1eefu b\u1ed9 \u1ea3nh c\u01b0\u1edbi l\u01b0u gi\u1eef th\u1eddi gian \u0111\u1eb9p nh\u1ea5t v\u00e0 k\u1ec9 ni\u1ec7m qu\u00fd gi\u00e1 c\u1ee7a b\u1ea1n. G\u00f3i ch\u1ee5p [&hellip;]<\/p>\n","protected":false},"author":368,"featured_media":1450,"parent":311,"menu_order":2,"comment_status":"closed","ping_status":"closed","template":"template-default-3.php","meta":{"footnotes":""},"acf":[],"yoast_head":"<!-- This site is optimized with the Yoast SEO plugin v22.3 - https:\/\/yoast.com\/wordpress\/plugins\/seo\/ -->\n<title>Ch\u1ee5p \u1ea2nh C\u01b0\u1edbi \u0110\u00e0 L\u1ea1t: K\u1ec9 Ni\u1ec7m \u0110\u1eb7c Bi\u1ec7t B\u1ed9 H\u00ecnh C\u01b0\u1edbi T\u1ea1i Ana Mandara<\/title>\n<meta name=\"description\" content=\"L\u01b0u Gi\u1eef Kho\u1ea3nh Kh\u1eafc Ng\u1ecdt Ng\u00e0o T\u1ea1i Ana Mandara Resort, \u0110\u00e0 L\u1ea1t - \u0110\u1ecba \u0110i\u1ec3m Ch\u1ee5p \u1ea2nh C\u01b0\u1edbi L\u00fd T\u01b0\u1edfng, Mang \u0110\u1ebfn H\u00ecnh \u1ea2nh \u0110\u1eb9p Lung Linh Cho K\u1ec9 Ni\u1ec7m \u0110\u1eb7c Bi\u1ec7t.\" \/>\n<meta name=\"robots\" content=\"index, follow, max-snippet:-1, max-image-preview:large, max-video-preview:-1\" \/>\n<link rel=\"canonical\" href=\"https:\/\/anamandara-resort.com\/vi\/weddings\/photo-shooting\/\" \/>\n<meta property=\"og:locale\" content=\"vi_VN\" \/>\n<meta property=\"og:type\" content=\"article\" \/>\n<meta property=\"og:title\" content=\"Ch\u1ee5p \u1ea2nh C\u01b0\u1edbi \u0110\u00e0 L\u1ea1t: K\u1ec9 Ni\u1ec7m \u0110\u1eb7c Bi\u1ec7t B\u1ed9 H\u00ecnh C\u01b0\u1edbi T\u1ea1i Ana Mandara\" \/>\n<meta property=\"og:description\" content=\"L\u01b0u Gi\u1eef Kho\u1ea3nh Kh\u1eafc Ng\u1ecdt Ng\u00e0o T\u1ea1i Ana Mandara Resort, \u0110\u00e0 L\u1ea1t - \u0110\u1ecba \u0110i\u1ec3m Ch\u1ee5p \u1ea2nh C\u01b0\u1edbi L\u00fd T\u01b0\u1edfng, Mang \u0110\u1ebfn H\u00ecnh \u1ea2nh \u0110\u1eb9p Lung Linh Cho K\u1ec9 Ni\u1ec7m \u0110\u1eb7c Bi\u1ec7t.\" \/>\n<meta property=\"og:url\" content=\"https:\/\/anamandara-resort.com\/vi\/weddings\/photo-shooting\/\" \/>\n<meta property=\"og:site_name\" content=\"Ana Mandara Villas Dalat Resort &amp; Spa\" \/>\n<meta property=\"article:modified_time\" content=\"2023-04-19T13:01:29+00:00\" \/>\n<meta property=\"og:image\" content=\"https:\/\/www.anamandara-resort.com\/wp-content\/uploads\/sites\/233\/2022\/07\/Untitled-1.jpg\" \/>\n\t<meta property=\"og:image:width\" content=\"1200\" \/>\n\t<meta property=\"og:image:height\" content=\"800\" \/>\n\t<meta property=\"og:image:type\" content=\"image\/jpeg\" \/>\n<meta name=\"twitter:card\" content=\"summary_large_image\" \/>\n<meta name=\"twitter:label1\" content=\"Est. reading time\" \/>\n\t<meta name=\"twitter:data1\" content=\"1 minute\" \/>\n<script type=\"application\/ld+json\" class=\"yoast-schema-graph\">{\"@context\":\"https:\/\/schema.org\",\"@graph\":[{\"@type\":\"WebPage\",\"@id\":\"https:\/\/anamandara-resort.com\/vi\/weddings\/photo-shooting\/\",\"url\":\"https:\/\/anamandara-resort.com\/vi\/weddings\/photo-shooting\/\",\"name\":\"Ch\u1ee5p \u1ea2nh C\u01b0\u1edbi \u0110\u00e0 L\u1ea1t: K\u1ec9 Ni\u1ec7m \u0110\u1eb7c Bi\u1ec7t B\u1ed9 H\u00ecnh C\u01b0\u1edbi T\u1ea1i Ana Mandara\",\"isPartOf\":{\"@id\":\"https:\/\/anamandara-resort.com\/vi\/#website\"},\"primaryImageOfPage\":{\"@id\":\"https:\/\/anamandara-resort.com\/vi\/weddings\/photo-shooting\/#primaryimage\"},\"image\":{\"@id\":\"https:\/\/anamandara-resort.com\/vi\/weddings\/photo-shooting\/#primaryimage\"},\"thumbnailUrl\":\"https:\/\/www.anamandara-resort.com\/wp-content\/uploads\/sites\/233\/2022\/07\/Untitled-1.jpg\",\"datePublished\":\"2022-04-14T02:59:31+00:00\",\"dateModified\":\"2023-04-19T13:01:29+00:00\",\"description\":\"L\u01b0u Gi\u1eef Kho\u1ea3nh Kh\u1eafc Ng\u1ecdt Ng\u00e0o T\u1ea1i Ana Mandara Resort, \u0110\u00e0 L\u1ea1t - \u0110\u1ecba \u0110i\u1ec3m Ch\u1ee5p \u1ea2nh C\u01b0\u1edbi L\u00fd T\u01b0\u1edfng, Mang \u0110\u1ebfn H\u00ecnh \u1ea2nh \u0110\u1eb9p Lung Linh Cho K\u1ec9 Ni\u1ec7m \u0110\u1eb7c Bi\u1ec7t.\",\"breadcrumb\":{\"@id\":\"https:\/\/anamandara-resort.com\/vi\/weddings\/photo-shooting\/#breadcrumb\"},\"inLanguage\":\"vi-VN\",\"potentialAction\":[{\"@type\":\"ReadAction\",\"target\":[\"https:\/\/anamandara-resort.com\/vi\/weddings\/photo-shooting\/\"]}]},{\"@type\":\"ImageObject\",\"inLanguage\":\"vi-VN\",\"@id\":\"https:\/\/anamandara-resort.com\/vi\/weddings\/photo-shooting\/#primaryimage\",\"url\":\"https:\/\/www.anamandara-resort.com\/wp-content\/uploads\/sites\/233\/2022\/07\/Untitled-1.jpg\",\"contentUrl\":\"https:\/\/www.anamandara-resort.com\/wp-content\/uploads\/sites\/233\/2022\/07\/Untitled-1.jpg\",\"width\":1200,\"height\":800},{\"@type\":\"BreadcrumbList\",\"@id\":\"https:\/\/anamandara-resort.com\/vi\/weddings\/photo-shooting\/#breadcrumb\",\"itemListElement\":[{\"@type\":\"ListItem\",\"position\":1,\"name\":\"Home\",\"item\":\"https:\/\/anamandara-resort.com\/vi\/\"},{\"@type\":\"ListItem\",\"position\":2,\"name\":\"Ti\u1ec7c C\u01b0\u1edbi\",\"item\":\"https:\/\/anamandara-resort.com\/vi\/weddings\/\"},{\"@type\":\"ListItem\",\"position\":3,\"name\":\"G\u00f3i Ch\u1ee5p H\u00ecnh C\u01b0\u1edbi\"}]},{\"@type\":\"WebSite\",\"@id\":\"https:\/\/anamandara-resort.com\/vi\/#website\",\"url\":\"https:\/\/anamandara-resort.com\/vi\/\",\"name\":\"Ana Mandara Villas Dalat Resort &amp; Spa\",\"description\":\"\",\"potentialAction\":[{\"@type\":\"SearchAction\",\"target\":{\"@type\":\"EntryPoint\",\"urlTemplate\":\"https:\/\/anamandara-resort.com\/vi\/?s={search_term_string}\"},\"query-input\":\"required name=search_term_string\"}],\"inLanguage\":\"vi-VN\"}]}<\/script>\n<!-- \/ Yoast SEO plugin. -->","yoast_head_json":{"title":"Ch\u1ee5p \u1ea2nh C\u01b0\u1edbi \u0110\u00e0 L\u1ea1t: K\u1ec9 Ni\u1ec7m \u0110\u1eb7c Bi\u1ec7t B\u1ed9 H\u00ecnh C\u01b0\u1edbi T\u1ea1i Ana Mandara","description":"L\u01b0u Gi\u1eef Kho\u1ea3nh Kh\u1eafc Ng\u1ecdt Ng\u00e0o T\u1ea1i Ana Mandara Resort, \u0110\u00e0 L\u1ea1t - \u0110\u1ecba \u0110i\u1ec3m Ch\u1ee5p \u1ea2nh C\u01b0\u1edbi L\u00fd T\u01b0\u1edfng, Mang \u0110\u1ebfn H\u00ecnh \u1ea2nh \u0110\u1eb9p Lung Linh Cho K\u1ec9 Ni\u1ec7m \u0110\u1eb7c Bi\u1ec7t.","robots":{"index":"index","follow":"follow","max-snippet":"max-snippet:-1","max-image-preview":"max-image-preview:large","max-video-preview":"max-video-preview:-1"},"canonical":"https:\/\/anamandara-resort.com\/vi\/weddings\/photo-shooting\/","og_locale":"vi_VN","og_type":"article","og_title":"Ch\u1ee5p \u1ea2nh C\u01b0\u1edbi \u0110\u00e0 L\u1ea1t: K\u1ec9 Ni\u1ec7m \u0110\u1eb7c Bi\u1ec7t B\u1ed9 H\u00ecnh C\u01b0\u1edbi T\u1ea1i Ana Mandara","og_description":"L\u01b0u Gi\u1eef Kho\u1ea3nh Kh\u1eafc Ng\u1ecdt Ng\u00e0o T\u1ea1i Ana Mandara Resort, \u0110\u00e0 L\u1ea1t - \u0110\u1ecba \u0110i\u1ec3m Ch\u1ee5p \u1ea2nh C\u01b0\u1edbi L\u00fd T\u01b0\u1edfng, Mang \u0110\u1ebfn H\u00ecnh \u1ea2nh \u0110\u1eb9p Lung Linh Cho K\u1ec9 Ni\u1ec7m \u0110\u1eb7c Bi\u1ec7t.","og_url":"https:\/\/anamandara-resort.com\/vi\/weddings\/photo-shooting\/","og_site_name":"Ana Mandara Villas Dalat Resort &amp; Spa","article_modified_time":"2023-04-19T13:01:29+00:00","og_image":[{"width":1200,"height":800,"url":"https:\/\/www.anamandara-resort.com\/wp-content\/uploads\/sites\/233\/2022\/07\/Untitled-1.jpg","type":"image\/jpeg"}],"twitter_card":"summary_large_image","twitter_misc":{"Est. reading time":"1 minute"},"schema":{"@context":"https:\/\/schema.org","@graph":[{"@type":"WebPage","@id":"https:\/\/anamandara-resort.com\/vi\/weddings\/photo-shooting\/","url":"https:\/\/anamandara-resort.com\/vi\/weddings\/photo-shooting\/","name":"Ch\u1ee5p \u1ea2nh C\u01b0\u1edbi \u0110\u00e0 L\u1ea1t: K\u1ec9 Ni\u1ec7m \u0110\u1eb7c Bi\u1ec7t B\u1ed9 H\u00ecnh C\u01b0\u1edbi T\u1ea1i Ana Mandara","isPartOf":{"@id":"https:\/\/anamandara-resort.com\/vi\/#website"},"primaryImageOfPage":{"@id":"https:\/\/anamandara-resort.com\/vi\/weddings\/photo-shooting\/#primaryimage"},"image":{"@id":"https:\/\/anamandara-resort.com\/vi\/weddings\/photo-shooting\/#primaryimage"},"thumbnailUrl":"https:\/\/www.anamandara-resort.com\/wp-content\/uploads\/sites\/233\/2022\/07\/Untitled-1.jpg","datePublished":"2022-04-14T02:59:31+00:00","dateModified":"2023-04-19T13:01:29+00:00","description":"L\u01b0u Gi\u1eef Kho\u1ea3nh Kh\u1eafc Ng\u1ecdt Ng\u00e0o T\u1ea1i Ana Mandara Resort, \u0110\u00e0 L\u1ea1t - \u0110\u1ecba \u0110i\u1ec3m Ch\u1ee5p \u1ea2nh C\u01b0\u1edbi L\u00fd T\u01b0\u1edfng, Mang \u0110\u1ebfn H\u00ecnh \u1ea2nh \u0110\u1eb9p Lung Linh Cho K\u1ec9 Ni\u1ec7m \u0110\u1eb7c Bi\u1ec7t.","breadcrumb":{"@id":"https:\/\/anamandara-resort.com\/vi\/weddings\/photo-shooting\/#breadcrumb"},"inLanguage":"vi-VN","potentialAction":[{"@type":"ReadAction","target":["https:\/\/anamandara-resort.com\/vi\/weddings\/photo-shooting\/"]}]},{"@type":"ImageObject","inLanguage":"vi-VN","@id":"https:\/\/anamandara-resort.com\/vi\/weddings\/photo-shooting\/#primaryimage","url":"https:\/\/www.anamandara-resort.com\/wp-content\/uploads\/sites\/233\/2022\/07\/Untitled-1.jpg","contentUrl":"https:\/\/www.anamandara-resort.com\/wp-content\/uploads\/sites\/233\/2022\/07\/Untitled-1.jpg","width":1200,"height":800},{"@type":"BreadcrumbList","@id":"https:\/\/anamandara-resort.com\/vi\/weddings\/photo-shooting\/#breadcrumb","itemListElement":[{"@type":"ListItem","position":1,"name":"Home","item":"https:\/\/anamandara-resort.com\/vi\/"},{"@type":"ListItem","position":2,"name":"Ti\u1ec7c C\u01b0\u1edbi","item":"https:\/\/anamandara-resort.com\/vi\/weddings\/"},{"@type":"ListItem","position":3,"name":"G\u00f3i Ch\u1ee5p H\u00ecnh C\u01b0\u1edbi"}]},{"@type":"WebSite","@id":"https:\/\/anamandara-resort.com\/vi\/#website","url":"https:\/\/anamandara-resort.com\/vi\/","name":"Ana Mandara Villas Dalat Resort &amp; Spa","description":"","potentialAction":[{"@type":"SearchAction","target":{"@type":"EntryPoint","urlTemplate":"https:\/\/anamandara-resort.com\/vi\/?s={search_term_string}"},"query-input":"required name=search_term_string"}],"inLanguage":"vi-VN"}]}},"_links":{"self":[{"href":"https:\/\/anamandara-resort.com\/vi\/wp-json\/wp\/v2\/pages\/375"}],"collection":[{"href":"https:\/\/anamandara-resort.com\/vi\/wp-json\/wp\/v2\/pages"}],"about":[{"href":"https:\/\/anamandara-resort.com\/vi\/wp-json\/wp\/v2\/types\/page"}],"author":[{"embeddable":true,"href":"https:\/\/anamandara-resort.com\/vi\/wp-json\/wp\/v2\/users\/368"}],"replies":[{"embeddable":true,"href":"https:\/\/anamandara-resort.com\/vi\/wp-json\/wp\/v2\/comments?post=375"}],"version-history":[{"count":0,"href":"https:\/\/anamandara-resort.com\/vi\/wp-json\/wp\/v2\/pages\/375\/revisions"}],"up":[{"embeddable":true,"href":"https:\/\/anamandara-resort.com\/vi\/wp-json\/wp\/v2\/pages\/311"}],"wp:featuredmedia":[{"embeddable":true,"href":"https:\/\/anamandara-resort.com\/vi\/wp-json\/wp\/v2\/media\/1450"}],"wp:attachment":[{"href":"https:\/\/anamandara-resort.com\/vi\/wp-json\/wp\/v2\/media?parent=375"}],"curies":[{"name":"wp","href":"https:\/\/api.w.org\/{rel}","templated":true}]}}