{"id":4045,"date":"2023-04-25T03:45:31","date_gmt":"2023-04-25T03:45:31","guid":{"rendered":"https:\/\/anamandara-resort.com\/?page_id=4045"},"modified":"2025-07-30T04:53:42","modified_gmt":"2025-07-30T04:53:42","slug":"ky-nghi-gia-dinh","status":"publish","type":"page","link":"https:\/\/anamandara-resort.com\/vi\/nghi-duong\/ky-nghi-gia-dinh\/","title":{"rendered":"K\u1ef3 ngh\u1ec9 Gia \u0110\u00ecnh"},"content":{"rendered":"<p style=\"text-align: center\">K\u1ef3 ngh\u1ec9 l\u00fd t\u01b0\u1edfng \u0111\u1ec3 c\u1ea3 gia \u0111\u00ecnh c\u00f9ng th\u01b0 gi\u00e3n, kh\u00e1m ph\u00e1 v\u00e0 k\u1ebft n\u1ed1i trong kh\u00f4ng gian xanh m\u00e1t t\u1ea1i Ana Mandara Villas Dalat.<\/p>\n","protected":false},"excerpt":{"rendered":"<p>K\u1ef3 ngh\u1ec9 l\u00fd t\u01b0\u1edfng \u0111\u1ec3 c\u1ea3 gia \u0111\u00ecnh c\u00f9ng th\u01b0 gi\u00e3n, kh\u00e1m ph\u00e1 v\u00e0 k\u1ebft n\u1ed1i trong kh\u00f4ng gian xanh m\u00e1t t\u1ea1i Ana Mandara Villas Dalat.<\/p>\n","protected":false},"author":470,"featured_media":8435,"parent":4360,"menu_order":0,"comment_status":"closed","ping_status":"closed","template":"template-default-4.php","meta":{"footnotes":""},"acf":[],"yoast_head":"<!-- This site is optimized with the Yoast SEO plugin v22.3 - https:\/\/yoast.com\/wordpress\/plugins\/seo\/ -->\n<title>K\u1ef3 ngh\u1ec9 Gia \u0110\u00ecnh - Ana Mandara Villas Dalat Resort &amp; Spa<\/title>\n<meta name=\"description\" content=\"K\u1ef3 ngh\u1ec9 l\u00fd t\u01b0\u1edfng \u0111\u1ec3 c\u1ea3 gia \u0111\u00ecnh c\u00f9ng th\u01b0 gi\u00e3n, kh\u00e1m ph\u00e1 v\u00e0 k\u1ebft n\u1ed1i trong kh\u00f4ng gian xanh m\u00e1t t\u1ea1i Ana Mandara Villas Dalat.\" \/>\n<meta name=\"robots\" content=\"index, follow, max-snippet:-1, max-image-preview:large, max-video-preview:-1\" \/>\n<link rel=\"canonical\" href=\"https:\/\/anamandara-resort.com\/vi\/nghi-duong\/ky-nghi-gia-dinh\/\" \/>\n<meta property=\"og:locale\" content=\"vi_VN\" \/>\n<meta property=\"og:type\" content=\"article\" \/>\n<meta property=\"og:title\" content=\"K\u1ef3 ngh\u1ec9 Gia \u0110\u00ecnh - Ana Mandara Villas Dalat Resort &amp; Spa\" \/>\n<meta property=\"og:description\" content=\"K\u1ef3 ngh\u1ec9 l\u00fd t\u01b0\u1edfng \u0111\u1ec3 c\u1ea3 gia \u0111\u00ecnh c\u00f9ng th\u01b0 gi\u00e3n, kh\u00e1m ph\u00e1 v\u00e0 k\u1ebft n\u1ed1i trong kh\u00f4ng gian xanh m\u00e1t t\u1ea1i Ana Mandara Villas Dalat.\" \/>\n<meta property=\"og:url\" content=\"https:\/\/anamandara-resort.com\/vi\/nghi-duong\/ky-nghi-gia-dinh\/\" \/>\n<meta property=\"og:site_name\" content=\"Ana Mandara Villas Dalat Resort &amp; Spa\" \/>\n<meta property=\"article:modified_time\" content=\"2025-07-30T04:53:42+00:00\" \/>\n<meta property=\"og:image\" content=\"https:\/\/www.anamandara-resort.com\/wp-content\/uploads\/sites\/233\/2025\/06\/487135116_1100045478829400_1021540405395906688_n.jpg\" \/>\n\t<meta property=\"og:image:width\" content=\"2048\" \/>\n\t<meta property=\"og:image:height\" content=\"1366\" \/>\n\t<meta property=\"og:image:type\" content=\"image\/jpeg\" \/>\n<meta name=\"twitter:card\" content=\"summary_large_image\" \/>\n<meta name=\"twitter:label1\" content=\"Est. reading time\" \/>\n\t<meta name=\"twitter:data1\" content=\"1 minute\" \/>\n<script type=\"application\/ld+json\" class=\"yoast-schema-graph\">{\"@context\":\"https:\/\/schema.org\",\"@graph\":[{\"@type\":\"WebPage\",\"@id\":\"https:\/\/anamandara-resort.com\/vi\/nghi-duong\/ky-nghi-gia-dinh\/\",\"url\":\"https:\/\/anamandara-resort.com\/vi\/nghi-duong\/ky-nghi-gia-dinh\/\",\"name\":\"K\u1ef3 ngh\u1ec9 Gia \u0110\u00ecnh - Ana Mandara Villas Dalat Resort &amp; Spa\",\"isPartOf\":{\"@id\":\"https:\/\/anamandara-resort.com\/vi\/#website\"},\"primaryImageOfPage\":{\"@id\":\"https:\/\/anamandara-resort.com\/vi\/nghi-duong\/ky-nghi-gia-dinh\/#primaryimage\"},\"image\":{\"@id\":\"https:\/\/anamandara-resort.com\/vi\/nghi-duong\/ky-nghi-gia-dinh\/#primaryimage\"},\"thumbnailUrl\":\"https:\/\/www.anamandara-resort.com\/wp-content\/uploads\/sites\/233\/2025\/06\/487135116_1100045478829400_1021540405395906688_n.jpg\",\"datePublished\":\"2023-04-25T03:45:31+00:00\",\"dateModified\":\"2025-07-30T04:53:42+00:00\",\"description\":\"K\u1ef3 ngh\u1ec9 l\u00fd t\u01b0\u1edfng \u0111\u1ec3 c\u1ea3 gia \u0111\u00ecnh c\u00f9ng th\u01b0 gi\u00e3n, kh\u00e1m ph\u00e1 v\u00e0 k\u1ebft n\u1ed1i trong kh\u00f4ng gian xanh m\u00e1t t\u1ea1i Ana Mandara Villas Dalat.\",\"breadcrumb\":{\"@id\":\"https:\/\/anamandara-resort.com\/vi\/nghi-duong\/ky-nghi-gia-dinh\/#breadcrumb\"},\"inLanguage\":\"vi-VN\",\"potentialAction\":[{\"@type\":\"ReadAction\",\"target\":[\"https:\/\/anamandara-resort.com\/vi\/nghi-duong\/ky-nghi-gia-dinh\/\"]}]},{\"@type\":\"ImageObject\",\"inLanguage\":\"vi-VN\",\"@id\":\"https:\/\/anamandara-resort.com\/vi\/nghi-duong\/ky-nghi-gia-dinh\/#primaryimage\",\"url\":\"https:\/\/www.anamandara-resort.com\/wp-content\/uploads\/sites\/233\/2025\/06\/487135116_1100045478829400_1021540405395906688_n.jpg\",\"contentUrl\":\"https:\/\/www.anamandara-resort.com\/wp-content\/uploads\/sites\/233\/2025\/06\/487135116_1100045478829400_1021540405395906688_n.jpg\",\"width\":2048,\"height\":1366},{\"@type\":\"BreadcrumbList\",\"@id\":\"https:\/\/anamandara-resort.com\/vi\/nghi-duong\/ky-nghi-gia-dinh\/#breadcrumb\",\"itemListElement\":[{\"@type\":\"ListItem\",\"position\":1,\"name\":\"Home\",\"item\":\"https:\/\/anamandara-resort.com\/vi\/\"},{\"@type\":\"ListItem\",\"position\":2,\"name\":\"Ngh\u1ec9 D\u01b0\u1ee1ng\",\"item\":\"https:\/\/anamandara-resort.com\/vi\/nghi-duong\/\"},{\"@type\":\"ListItem\",\"position\":3,\"name\":\"K\u1ef3 ngh\u1ec9 Gia \u0110\u00ecnh\"}]},{\"@type\":\"WebSite\",\"@id\":\"https:\/\/anamandara-resort.com\/vi\/#website\",\"url\":\"https:\/\/anamandara-resort.com\/vi\/\",\"name\":\"Ana Mandara Villas Dalat Resort &amp; Spa\",\"description\":\"\",\"potentialAction\":[{\"@type\":\"SearchAction\",\"target\":{\"@type\":\"EntryPoint\",\"urlTemplate\":\"https:\/\/anamandara-resort.com\/vi\/?s={search_term_string}\"},\"query-input\":\"required name=search_term_string\"}],\"inLanguage\":\"vi-VN\"}]}<\/script>\n<!-- \/ Yoast SEO plugin. -->","yoast_head_json":{"title":"K\u1ef3 ngh\u1ec9 Gia \u0110\u00ecnh - Ana Mandara Villas Dalat Resort &amp; Spa","description":"K\u1ef3 ngh\u1ec9 l\u00fd t\u01b0\u1edfng \u0111\u1ec3 c\u1ea3 gia \u0111\u00ecnh c\u00f9ng th\u01b0 gi\u00e3n, kh\u00e1m ph\u00e1 v\u00e0 k\u1ebft n\u1ed1i trong kh\u00f4ng gian xanh m\u00e1t t\u1ea1i Ana Mandara Villas Dalat.","robots":{"index":"index","follow":"follow","max-snippet":"max-snippet:-1","max-image-preview":"max-image-preview:large","max-video-preview":"max-video-preview:-1"},"canonical":"https:\/\/anamandara-resort.com\/vi\/nghi-duong\/ky-nghi-gia-dinh\/","og_locale":"vi_VN","og_type":"article","og_title":"K\u1ef3 ngh\u1ec9 Gia \u0110\u00ecnh - Ana Mandara Villas Dalat Resort &amp; Spa","og_description":"K\u1ef3 ngh\u1ec9 l\u00fd t\u01b0\u1edfng \u0111\u1ec3 c\u1ea3 gia \u0111\u00ecnh c\u00f9ng th\u01b0 gi\u00e3n, kh\u00e1m ph\u00e1 v\u00e0 k\u1ebft n\u1ed1i trong kh\u00f4ng gian xanh m\u00e1t t\u1ea1i Ana Mandara Villas Dalat.","og_url":"https:\/\/anamandara-resort.com\/vi\/nghi-duong\/ky-nghi-gia-dinh\/","og_site_name":"Ana Mandara Villas Dalat Resort &amp; Spa","article_modified_time":"2025-07-30T04:53:42+00:00","og_image":[{"width":2048,"height":1366,"url":"https:\/\/www.anamandara-resort.com\/wp-content\/uploads\/sites\/233\/2025\/06\/487135116_1100045478829400_1021540405395906688_n.jpg","type":"image\/jpeg"}],"twitter_card":"summary_large_image","twitter_misc":{"Est. reading time":"1 minute"},"schema":{"@context":"https:\/\/schema.org","@graph":[{"@type":"WebPage","@id":"https:\/\/anamandara-resort.com\/vi\/nghi-duong\/ky-nghi-gia-dinh\/","url":"https:\/\/anamandara-resort.com\/vi\/nghi-duong\/ky-nghi-gia-dinh\/","name":"K\u1ef3 ngh\u1ec9 Gia \u0110\u00ecnh - Ana Mandara Villas Dalat Resort &amp; Spa","isPartOf":{"@id":"https:\/\/anamandara-resort.com\/vi\/#website"},"primaryImageOfPage":{"@id":"https:\/\/anamandara-resort.com\/vi\/nghi-duong\/ky-nghi-gia-dinh\/#primaryimage"},"image":{"@id":"https:\/\/anamandara-resort.com\/vi\/nghi-duong\/ky-nghi-gia-dinh\/#primaryimage"},"thumbnailUrl":"https:\/\/www.anamandara-resort.com\/wp-content\/uploads\/sites\/233\/2025\/06\/487135116_1100045478829400_1021540405395906688_n.jpg","datePublished":"2023-04-25T03:45:31+00:00","dateModified":"2025-07-30T04:53:42+00:00","description":"K\u1ef3 ngh\u1ec9 l\u00fd t\u01b0\u1edfng \u0111\u1ec3 c\u1ea3 gia \u0111\u00ecnh c\u00f9ng th\u01b0 gi\u00e3n, kh\u00e1m ph\u00e1 v\u00e0 k\u1ebft n\u1ed1i trong kh\u00f4ng gian xanh m\u00e1t t\u1ea1i Ana Mandara Villas Dalat.","breadcrumb":{"@id":"https:\/\/anamandara-resort.com\/vi\/nghi-duong\/ky-nghi-gia-dinh\/#breadcrumb"},"inLanguage":"vi-VN","potentialAction":[{"@type":"ReadAction","target":["https:\/\/anamandara-resort.com\/vi\/nghi-duong\/ky-nghi-gia-dinh\/"]}]},{"@type":"ImageObject","inLanguage":"vi-VN","@id":"https:\/\/anamandara-resort.com\/vi\/nghi-duong\/ky-nghi-gia-dinh\/#primaryimage","url":"https:\/\/www.anamandara-resort.com\/wp-content\/uploads\/sites\/233\/2025\/06\/487135116_1100045478829400_1021540405395906688_n.jpg","contentUrl":"https:\/\/www.anamandara-resort.com\/wp-content\/uploads\/sites\/233\/2025\/06\/487135116_1100045478829400_1021540405395906688_n.jpg","width":2048,"height":1366},{"@type":"BreadcrumbList","@id":"https:\/\/anamandara-resort.com\/vi\/nghi-duong\/ky-nghi-gia-dinh\/#breadcrumb","itemListElement":[{"@type":"ListItem","position":1,"name":"Home","item":"https:\/\/anamandara-resort.com\/vi\/"},{"@type":"ListItem","position":2,"name":"Ngh\u1ec9 D\u01b0\u1ee1ng","item":"https:\/\/anamandara-resort.com\/vi\/nghi-duong\/"},{"@type":"ListItem","position":3,"name":"K\u1ef3 ngh\u1ec9 Gia \u0110\u00ecnh"}]},{"@type":"WebSite","@id":"https:\/\/anamandara-resort.com\/vi\/#website","url":"https:\/\/anamandara-resort.com\/vi\/","name":"Ana Mandara Villas Dalat Resort &amp; Spa","description":"","potentialAction":[{"@type":"SearchAction","target":{"@type":"EntryPoint","urlTemplate":"https:\/\/anamandara-resort.com\/vi\/?s={search_term_string}"},"query-input":"required name=search_term_string"}],"inLanguage":"vi-VN"}]}},"_links":{"self":[{"href":"https:\/\/anamandara-resort.com\/vi\/wp-json\/wp\/v2\/pages\/4045"}],"collection":[{"href":"https:\/\/anamandara-resort.com\/vi\/wp-json\/wp\/v2\/pages"}],"about":[{"href":"https:\/\/anamandara-resort.com\/vi\/wp-json\/wp\/v2\/types\/page"}],"author":[{"embeddable":true,"href":"https:\/\/anamandara-resort.com\/vi\/wp-json\/wp\/v2\/users\/470"}],"replies":[{"embeddable":true,"href":"https:\/\/anamandara-resort.com\/vi\/wp-json\/wp\/v2\/comments?post=4045"}],"version-history":[{"count":0,"href":"https:\/\/anamandara-resort.com\/vi\/wp-json\/wp\/v2\/pages\/4045\/revisions"}],"up":[{"embeddable":true,"href":"https:\/\/anamandara-resort.com\/vi\/wp-json\/wp\/v2\/pages\/4360"}],"wp:featuredmedia":[{"embeddable":true,"href":"https:\/\/anamandara-resort.com\/vi\/wp-json\/wp\/v2\/media\/8435"}],"wp:attachment":[{"href":"https:\/\/anamandara-resort.com\/vi\/wp-json\/wp\/v2\/media?parent=4045"}],"curies":[{"name":"wp","href":"https:\/\/api.w.org\/{rel}","templated":true}]}}