{"id":4555,"date":"2023-06-15T08:44:25","date_gmt":"2023-06-15T08:44:25","guid":{"rendered":"https:\/\/anamandara-resort.com\/?page_id=4555"},"modified":"2023-06-15T09:09:16","modified_gmt":"2023-06-15T09:09:16","slug":"diem-den-dalat","status":"publish","type":"page","link":"https:\/\/anamandara-resort.com\/vi\/diem-den-dalat\/","title":{"rendered":"\u0110i\u1ec3m \u0111\u1ebfn"},"content":{"rendered":"<p><span style=\"font-weight: 400\">X\u1ee9 s\u1edf \u0110\u00e0 L\u1ea1t t\u1ecda l\u1ea1c tr\u00ean cao nguy\u00ean L\u00e2m Vi\u00ean, l\u00e0 n\u01a1i \u1edf c\u1ee7a c\u00e1c th\u1ea3m th\u1ef1c v\u1eadt phong ph\u00fa b\u1eadc nh\u1ea5t Vi\u1ec7t Nam. Bao quanh b\u1edfi r\u1eebng th\u00f4ng b\u1ea1t ng\u00e0n c\u00f9ng l\u00e0n s\u01b0\u01a1ng m\u1edd \u1ea3o, \u0110\u00e0 L\u1ea1t \u0111\u01b0\u1ee3c thi\u00ean ph\u00fa cho kh\u00ed h\u1eadu \u00f4n ho\u00e0 m\u00e1t m\u1ebb, ph\u00f9 h\u1ee3p v\u1edbi vi\u1ec7c ngh\u1ec9 d\u01b0\u1ee1ng quanh n\u0103m. Con ng\u01b0\u1eddi \u1edf x\u1ee9 n\u00e0y c\u0169ng v\u00f4 c\u00f9ng th\u00e2n thi\u1ec7n v\u00e0 hi\u1ebfu kh\u00e1ch th\u1ebf n\u00ean r\u1ea5t nhi\u1ec1u du kh\u00e1ch gh\u00e9 th\u0103m \u0111\u1ec1u m\u00ea m\u1ea9n v\u00e0 kh\u00f4ng mu\u1ed1n r\u1eddi xa.<\/span><\/p>\n<p><span style=\"font-weight: 400\">S\u1edf h\u1eefu C\u1ea3ng H\u00e0ng kh\u00f4ng Qu\u1ed1c t\u1ebf Li\u00ean Kh\u01b0\u01a1ng &#8211; n\u01a1i c\u00f3 \u0111\u01b0\u1eddng bay th\u1eb3ng t\u1eeb Seoul, Bangkok, Kuala Lumpur v\u00e0 nhi\u1ec1u th\u00e0nh ph\u1ed1 l\u1edbn kh\u00e1c tr\u00ean th\u1ebf gi\u1edbi &#8211; \u0110\u00e0 L\u1ea1t l\u00e0 \u0111\u1ecba \u0111i\u1ec3m l\u00fd t\u01b0\u1edfng \u0111\u1ec3 du l\u1ecbch trong n\u01b0\u1edbc c\u0169ng nh\u01b0 qu\u1ed1c t\u1ebf khi ch\u1ec9 c\u00e1ch H\u00e0 N\u1ed9i, S\u00e0i G\u00f2n, \u0110\u00e0 N\u1eb5ng ch\u01b0a \u0111\u1ebfn 2h bay.<\/span><\/p>\n","protected":false},"excerpt":{"rendered":"<p>X\u1ee9 s\u1edf \u0110\u00e0 L\u1ea1t t\u1ecda l\u1ea1c tr\u00ean cao nguy\u00ean L\u00e2m Vi\u00ean, l\u00e0 n\u01a1i \u1edf c\u1ee7a c\u00e1c th\u1ea3m th\u1ef1c v\u1eadt phong ph\u00fa b\u1eadc nh\u1ea5t Vi\u1ec7t Nam. Bao quanh b\u1edfi r\u1eebng th\u00f4ng b\u1ea1t ng\u00e0n c\u00f9ng l\u00e0n s\u01b0\u01a1ng m\u1edd \u1ea3o, \u0110\u00e0 L\u1ea1t \u0111\u01b0\u1ee3c thi\u00ean ph\u00fa cho kh\u00ed h\u1eadu \u00f4n ho\u00e0 m\u00e1t m\u1ebb, ph\u00f9 h\u1ee3p v\u1edbi vi\u1ec7c ngh\u1ec9 d\u01b0\u1ee1ng [&hellip;]<\/p>\n","protected":false},"author":546,"featured_media":4569,"parent":0,"menu_order":0,"comment_status":"closed","ping_status":"closed","template":"","meta":{"footnotes":""},"acf":[],"yoast_head":"<!-- This site is optimized with the Yoast SEO plugin v22.3 - https:\/\/yoast.com\/wordpress\/plugins\/seo\/ -->\n<title>\u0110i\u1ec3m \u0111\u1ebfn - Ana Mandara Villas Dalat Resort &amp; Spa<\/title>\n<meta name=\"description\" content=\"N\u1eb1m ngay t\u1ea1i trung t\u00e2m th\u00e0nh ph\u1ed1 \u0110\u00e0 L\u1ea1t, Ana Mandara Villas Dalat Resort &amp; Spa l\u00e0 \u0111\u1ecba \u0111i\u1ec3m th\u00edch h\u1ee3p cho ph\u00e9p c\u00e1c du kh\u00e1ch du l\u1ecbch l\u01b0u tr\u00fa c\u00f3 th\u1ec3 d\u1ec5 d\u00e0ng m\u1ecdi \u0111\u1ecba \u0111i\u1ec3m \u0111\u1eb9p v\u00e0 \u0111\u1ed9c \u0111\u00e1o t\u1ea1i th\u00e0nh ph\u1ed1 ng\u00e0n hoa.\" \/>\n<meta name=\"robots\" content=\"index, follow, max-snippet:-1, max-image-preview:large, max-video-preview:-1\" \/>\n<link rel=\"canonical\" href=\"https:\/\/anamandara-resort.com\/vi\/diem-den-dalat\/\" \/>\n<meta property=\"og:locale\" content=\"vi_VN\" \/>\n<meta property=\"og:type\" content=\"article\" \/>\n<meta property=\"og:title\" content=\"\u0110i\u1ec3m \u0111\u1ebfn - Ana Mandara Villas Dalat Resort &amp; Spa\" \/>\n<meta property=\"og:description\" content=\"N\u1eb1m ngay t\u1ea1i trung t\u00e2m th\u00e0nh ph\u1ed1 \u0110\u00e0 L\u1ea1t, Ana Mandara Villas Dalat Resort &amp; Spa l\u00e0 \u0111\u1ecba \u0111i\u1ec3m th\u00edch h\u1ee3p cho ph\u00e9p c\u00e1c du kh\u00e1ch du l\u1ecbch l\u01b0u tr\u00fa c\u00f3 th\u1ec3 d\u1ec5 d\u00e0ng m\u1ecdi \u0111\u1ecba \u0111i\u1ec3m \u0111\u1eb9p v\u00e0 \u0111\u1ed9c \u0111\u00e1o t\u1ea1i th\u00e0nh ph\u1ed1 ng\u00e0n hoa.\" \/>\n<meta property=\"og:url\" content=\"https:\/\/anamandara-resort.com\/vi\/diem-den-dalat\/\" \/>\n<meta property=\"og:site_name\" content=\"Ana Mandara Villas Dalat Resort &amp; Spa\" \/>\n<meta property=\"article:modified_time\" content=\"2023-06-15T09:09:16+00:00\" \/>\n<meta property=\"og:image\" content=\"https:\/\/www.anamandara-resort.com\/wp-content\/uploads\/sites\/233\/2023\/06\/shutterstock_1634671381_huge.jpg\" \/>\n\t<meta property=\"og:image:width\" content=\"2200\" \/>\n\t<meta property=\"og:image:height\" content=\"1466\" \/>\n\t<meta property=\"og:image:type\" content=\"image\/jpeg\" \/>\n<meta name=\"twitter:card\" content=\"summary_large_image\" \/>\n<meta name=\"twitter:label1\" content=\"Est. reading time\" \/>\n\t<meta name=\"twitter:data1\" content=\"1 minute\" \/>\n<script type=\"application\/ld+json\" class=\"yoast-schema-graph\">{\"@context\":\"https:\/\/schema.org\",\"@graph\":[{\"@type\":\"WebPage\",\"@id\":\"https:\/\/anamandara-resort.com\/vi\/diem-den-dalat\/\",\"url\":\"https:\/\/anamandara-resort.com\/vi\/diem-den-dalat\/\",\"name\":\"\u0110i\u1ec3m \u0111\u1ebfn - Ana Mandara Villas Dalat Resort &amp; Spa\",\"isPartOf\":{\"@id\":\"https:\/\/anamandara-resort.com\/vi\/#website\"},\"primaryImageOfPage\":{\"@id\":\"https:\/\/anamandara-resort.com\/vi\/diem-den-dalat\/#primaryimage\"},\"image\":{\"@id\":\"https:\/\/anamandara-resort.com\/vi\/diem-den-dalat\/#primaryimage\"},\"thumbnailUrl\":\"https:\/\/www.anamandara-resort.com\/wp-content\/uploads\/sites\/233\/2023\/06\/shutterstock_1634671381_huge.jpg\",\"datePublished\":\"2023-06-15T08:44:25+00:00\",\"dateModified\":\"2023-06-15T09:09:16+00:00\",\"description\":\"N\u1eb1m ngay t\u1ea1i trung t\u00e2m th\u00e0nh ph\u1ed1 \u0110\u00e0 L\u1ea1t, Ana Mandara Villas Dalat Resort & Spa l\u00e0 \u0111\u1ecba \u0111i\u1ec3m th\u00edch h\u1ee3p cho ph\u00e9p c\u00e1c du kh\u00e1ch du l\u1ecbch l\u01b0u tr\u00fa c\u00f3 th\u1ec3 d\u1ec5 d\u00e0ng m\u1ecdi \u0111\u1ecba \u0111i\u1ec3m \u0111\u1eb9p v\u00e0 \u0111\u1ed9c \u0111\u00e1o t\u1ea1i th\u00e0nh ph\u1ed1 ng\u00e0n hoa.\",\"breadcrumb\":{\"@id\":\"https:\/\/anamandara-resort.com\/vi\/diem-den-dalat\/#breadcrumb\"},\"inLanguage\":\"vi-VN\",\"potentialAction\":[{\"@type\":\"ReadAction\",\"target\":[\"https:\/\/anamandara-resort.com\/vi\/diem-den-dalat\/\"]}]},{\"@type\":\"ImageObject\",\"inLanguage\":\"vi-VN\",\"@id\":\"https:\/\/anamandara-resort.com\/vi\/diem-den-dalat\/#primaryimage\",\"url\":\"https:\/\/www.anamandara-resort.com\/wp-content\/uploads\/sites\/233\/2023\/06\/shutterstock_1634671381_huge.jpg\",\"contentUrl\":\"https:\/\/www.anamandara-resort.com\/wp-content\/uploads\/sites\/233\/2023\/06\/shutterstock_1634671381_huge.jpg\",\"width\":2200,\"height\":1466},{\"@type\":\"BreadcrumbList\",\"@id\":\"https:\/\/anamandara-resort.com\/vi\/diem-den-dalat\/#breadcrumb\",\"itemListElement\":[{\"@type\":\"ListItem\",\"position\":1,\"name\":\"Home\",\"item\":\"https:\/\/anamandara-resort.com\/vi\/\"},{\"@type\":\"ListItem\",\"position\":2,\"name\":\"\u0110i\u1ec3m \u0111\u1ebfn\"}]},{\"@type\":\"WebSite\",\"@id\":\"https:\/\/anamandara-resort.com\/vi\/#website\",\"url\":\"https:\/\/anamandara-resort.com\/vi\/\",\"name\":\"Ana Mandara Villas Dalat Resort &amp; Spa\",\"description\":\"\",\"potentialAction\":[{\"@type\":\"SearchAction\",\"target\":{\"@type\":\"EntryPoint\",\"urlTemplate\":\"https:\/\/anamandara-resort.com\/vi\/?s={search_term_string}\"},\"query-input\":\"required name=search_term_string\"}],\"inLanguage\":\"vi-VN\"}]}<\/script>\n<!-- \/ Yoast SEO plugin. -->","yoast_head_json":{"title":"\u0110i\u1ec3m \u0111\u1ebfn - Ana Mandara Villas Dalat Resort &amp; Spa","description":"N\u1eb1m ngay t\u1ea1i trung t\u00e2m th\u00e0nh ph\u1ed1 \u0110\u00e0 L\u1ea1t, Ana Mandara Villas Dalat Resort & Spa l\u00e0 \u0111\u1ecba \u0111i\u1ec3m th\u00edch h\u1ee3p cho ph\u00e9p c\u00e1c du kh\u00e1ch du l\u1ecbch l\u01b0u tr\u00fa c\u00f3 th\u1ec3 d\u1ec5 d\u00e0ng m\u1ecdi \u0111\u1ecba \u0111i\u1ec3m \u0111\u1eb9p v\u00e0 \u0111\u1ed9c \u0111\u00e1o t\u1ea1i th\u00e0nh ph\u1ed1 ng\u00e0n hoa.","robots":{"index":"index","follow":"follow","max-snippet":"max-snippet:-1","max-image-preview":"max-image-preview:large","max-video-preview":"max-video-preview:-1"},"canonical":"https:\/\/anamandara-resort.com\/vi\/diem-den-dalat\/","og_locale":"vi_VN","og_type":"article","og_title":"\u0110i\u1ec3m \u0111\u1ebfn - Ana Mandara Villas Dalat Resort &amp; Spa","og_description":"N\u1eb1m ngay t\u1ea1i trung t\u00e2m th\u00e0nh ph\u1ed1 \u0110\u00e0 L\u1ea1t, Ana Mandara Villas Dalat Resort & Spa l\u00e0 \u0111\u1ecba \u0111i\u1ec3m th\u00edch h\u1ee3p cho ph\u00e9p c\u00e1c du kh\u00e1ch du l\u1ecbch l\u01b0u tr\u00fa c\u00f3 th\u1ec3 d\u1ec5 d\u00e0ng m\u1ecdi \u0111\u1ecba \u0111i\u1ec3m \u0111\u1eb9p v\u00e0 \u0111\u1ed9c \u0111\u00e1o t\u1ea1i th\u00e0nh ph\u1ed1 ng\u00e0n hoa.","og_url":"https:\/\/anamandara-resort.com\/vi\/diem-den-dalat\/","og_site_name":"Ana Mandara Villas Dalat Resort &amp; Spa","article_modified_time":"2023-06-15T09:09:16+00:00","og_image":[{"width":2200,"height":1466,"url":"https:\/\/www.anamandara-resort.com\/wp-content\/uploads\/sites\/233\/2023\/06\/shutterstock_1634671381_huge.jpg","type":"image\/jpeg"}],"twitter_card":"summary_large_image","twitter_misc":{"Est. reading time":"1 minute"},"schema":{"@context":"https:\/\/schema.org","@graph":[{"@type":"WebPage","@id":"https:\/\/anamandara-resort.com\/vi\/diem-den-dalat\/","url":"https:\/\/anamandara-resort.com\/vi\/diem-den-dalat\/","name":"\u0110i\u1ec3m \u0111\u1ebfn - Ana Mandara Villas Dalat Resort &amp; Spa","isPartOf":{"@id":"https:\/\/anamandara-resort.com\/vi\/#website"},"primaryImageOfPage":{"@id":"https:\/\/anamandara-resort.com\/vi\/diem-den-dalat\/#primaryimage"},"image":{"@id":"https:\/\/anamandara-resort.com\/vi\/diem-den-dalat\/#primaryimage"},"thumbnailUrl":"https:\/\/www.anamandara-resort.com\/wp-content\/uploads\/sites\/233\/2023\/06\/shutterstock_1634671381_huge.jpg","datePublished":"2023-06-15T08:44:25+00:00","dateModified":"2023-06-15T09:09:16+00:00","description":"N\u1eb1m ngay t\u1ea1i trung t\u00e2m th\u00e0nh ph\u1ed1 \u0110\u00e0 L\u1ea1t, Ana Mandara Villas Dalat Resort & Spa l\u00e0 \u0111\u1ecba \u0111i\u1ec3m th\u00edch h\u1ee3p cho ph\u00e9p c\u00e1c du kh\u00e1ch du l\u1ecbch l\u01b0u tr\u00fa c\u00f3 th\u1ec3 d\u1ec5 d\u00e0ng m\u1ecdi \u0111\u1ecba \u0111i\u1ec3m \u0111\u1eb9p v\u00e0 \u0111\u1ed9c \u0111\u00e1o t\u1ea1i th\u00e0nh ph\u1ed1 ng\u00e0n hoa.","breadcrumb":{"@id":"https:\/\/anamandara-resort.com\/vi\/diem-den-dalat\/#breadcrumb"},"inLanguage":"vi-VN","potentialAction":[{"@type":"ReadAction","target":["https:\/\/anamandara-resort.com\/vi\/diem-den-dalat\/"]}]},{"@type":"ImageObject","inLanguage":"vi-VN","@id":"https:\/\/anamandara-resort.com\/vi\/diem-den-dalat\/#primaryimage","url":"https:\/\/www.anamandara-resort.com\/wp-content\/uploads\/sites\/233\/2023\/06\/shutterstock_1634671381_huge.jpg","contentUrl":"https:\/\/www.anamandara-resort.com\/wp-content\/uploads\/sites\/233\/2023\/06\/shutterstock_1634671381_huge.jpg","width":2200,"height":1466},{"@type":"BreadcrumbList","@id":"https:\/\/anamandara-resort.com\/vi\/diem-den-dalat\/#breadcrumb","itemListElement":[{"@type":"ListItem","position":1,"name":"Home","item":"https:\/\/anamandara-resort.com\/vi\/"},{"@type":"ListItem","position":2,"name":"\u0110i\u1ec3m \u0111\u1ebfn"}]},{"@type":"WebSite","@id":"https:\/\/anamandara-resort.com\/vi\/#website","url":"https:\/\/anamandara-resort.com\/vi\/","name":"Ana Mandara Villas Dalat Resort &amp; Spa","description":"","potentialAction":[{"@type":"SearchAction","target":{"@type":"EntryPoint","urlTemplate":"https:\/\/anamandara-resort.com\/vi\/?s={search_term_string}"},"query-input":"required name=search_term_string"}],"inLanguage":"vi-VN"}]}},"_links":{"self":[{"href":"https:\/\/anamandara-resort.com\/vi\/wp-json\/wp\/v2\/pages\/4555"}],"collection":[{"href":"https:\/\/anamandara-resort.com\/vi\/wp-json\/wp\/v2\/pages"}],"about":[{"href":"https:\/\/anamandara-resort.com\/vi\/wp-json\/wp\/v2\/types\/page"}],"author":[{"embeddable":true,"href":"https:\/\/anamandara-resort.com\/vi\/wp-json\/wp\/v2\/users\/546"}],"replies":[{"embeddable":true,"href":"https:\/\/anamandara-resort.com\/vi\/wp-json\/wp\/v2\/comments?post=4555"}],"version-history":[{"count":0,"href":"https:\/\/anamandara-resort.com\/vi\/wp-json\/wp\/v2\/pages\/4555\/revisions"}],"wp:featuredmedia":[{"embeddable":true,"href":"https:\/\/anamandara-resort.com\/vi\/wp-json\/wp\/v2\/media\/4569"}],"wp:attachment":[{"href":"https:\/\/anamandara-resort.com\/vi\/wp-json\/wp\/v2\/media?parent=4555"}],"curies":[{"name":"wp","href":"https:\/\/api.w.org\/{rel}","templated":true}]}}