{"id":4593,"date":"2023-06-15T09:53:52","date_gmt":"2023-06-15T09:53:52","guid":{"rendered":"https:\/\/anamandara-resort.com\/?page_id=4593"},"modified":"2025-07-24T03:51:03","modified_gmt":"2025-07-24T03:51:03","slug":"spa-membership","status":"publish","type":"page","link":"https:\/\/anamandara-resort.com\/vi\/la-cochinchine-spa\/spa-membership\/","title":{"rendered":"H\u1ed9i Vi\u00ean Spa"},"content":{"rendered":"<p>M\u1edf c\u00e1nh c\u1eeda \u0111i \u0111\u1ebfn thi\u00ean \u0111\u01b0\u1eddng c\u1ee7a s\u1ef1 th\u01b0 gi\u00e3n, h\u00e3y c\u00f9ng h\u00f2a m\u00ecnh v\u00e0o kh\u00f4ng gian sang tr\u1ecdng v\u00e0 tr\u1ea3i nghi\u1ec7m d\u1ecbch v\u1ee5 ch\u0103m s\u00f3c t\u1eadn t\u00e2m v\u1edbi th\u1ebb h\u1ed9i vi\u00ean Spa t\u1ea1i Ana Mandara Villas Dalat.<\/p>\n<ul>\n<li data-pm-slice=\"1 1 []\"><strong>5,500,000 VND\/10 bu\u1ed5i <\/strong><em>(Th\u1ebb d\u00f9ng cho t\u1ed1i \u0111a 2 kh\u00e1ch)<\/em><\/li>\n<\/ul>\n<ul>\n<li><strong>7,500,000 VND\/10 bu\u1ed5i <\/strong><em>(<\/em><em>Th\u1ebb d\u00f9ng cho t\u1ed1i \u0111a nh\u00f3m 10 kh\u00e1ch)<\/em><\/li>\n<\/ul>\n<p>Li\u1ec7u ph\u00e1p massage d\u1ea7u 60 ph\u00fat.<\/p>\n","protected":false},"excerpt":{"rendered":"<p>M\u1edf c\u00e1nh c\u1eeda \u0111i \u0111\u1ebfn thi\u00ean \u0111\u01b0\u1eddng c\u1ee7a s\u1ef1 th\u01b0 gi\u00e3n, h\u00e3y c\u00f9ng h\u00f2a m\u00ecnh v\u00e0o kh\u00f4ng gian sang tr\u1ecdng v\u00e0 tr\u1ea3i nghi\u1ec7m d\u1ecbch v\u1ee5 ch\u0103m s\u00f3c t\u1eadn t\u00e2m v\u1edbi th\u1ebb h\u1ed9i vi\u00ean Spa t\u1ea1i Ana Mandara Villas Dalat. 5,500,000 VND\/10 bu\u1ed5i (Th\u1ebb d\u00f9ng cho t\u1ed1i \u0111a 2 kh\u00e1ch) 7,500,000 VND\/10 bu\u1ed5i (Th\u1ebb d\u00f9ng cho [&hellip;]<\/p>\n","protected":false},"author":470,"featured_media":862,"parent":293,"menu_order":0,"comment_status":"closed","ping_status":"closed","template":"template-default-3.php","meta":{"footnotes":""},"acf":[],"yoast_head":"<!-- This site is optimized with the Yoast SEO plugin v22.3 - https:\/\/yoast.com\/wordpress\/plugins\/seo\/ -->\n<title>H\u1ed9i Vi\u00ean Spa - Ana Mandara Villas Dalat Resort &amp; Spa<\/title>\n<meta name=\"robots\" content=\"index, follow, max-snippet:-1, max-image-preview:large, max-video-preview:-1\" \/>\n<link rel=\"canonical\" href=\"https:\/\/anamandara-resort.com\/vi\/la-cochinchine-spa\/spa-membership\/\" \/>\n<meta property=\"og:locale\" content=\"vi_VN\" \/>\n<meta property=\"og:type\" content=\"article\" \/>\n<meta property=\"og:title\" content=\"H\u1ed9i Vi\u00ean Spa - Ana Mandara Villas Dalat Resort &amp; Spa\" \/>\n<meta property=\"og:description\" content=\"M\u1edf c\u00e1nh c\u1eeda \u0111i \u0111\u1ebfn thi\u00ean \u0111\u01b0\u1eddng c\u1ee7a s\u1ef1 th\u01b0 gi\u00e3n, h\u00e3y c\u00f9ng h\u00f2a m\u00ecnh v\u00e0o kh\u00f4ng gian sang tr\u1ecdng v\u00e0 tr\u1ea3i nghi\u1ec7m d\u1ecbch v\u1ee5 ch\u0103m s\u00f3c t\u1eadn t\u00e2m v\u1edbi th\u1ebb h\u1ed9i vi\u00ean Spa t\u1ea1i Ana Mandara Villas Dalat. 5,500,000 VND\/10 bu\u1ed5i (Th\u1ebb d\u00f9ng cho t\u1ed1i \u0111a 2 kh\u00e1ch) 7,500,000 VND\/10 bu\u1ed5i (Th\u1ebb d\u00f9ng cho [&hellip;]\" \/>\n<meta property=\"og:url\" content=\"https:\/\/anamandara-resort.com\/vi\/la-cochinchine-spa\/spa-membership\/\" \/>\n<meta property=\"og:site_name\" content=\"Ana Mandara Villas Dalat Resort &amp; Spa\" \/>\n<meta property=\"article:modified_time\" content=\"2025-07-24T03:51:03+00:00\" \/>\n<meta property=\"og:image\" content=\"https:\/\/www.anamandara-resort.com\/wp-content\/uploads\/sites\/233\/2022\/05\/ana-mandara-dalat-spa-5.jpg\" \/>\n\t<meta property=\"og:image:width\" content=\"2000\" \/>\n\t<meta property=\"og:image:height\" content=\"1333\" \/>\n\t<meta property=\"og:image:type\" content=\"image\/jpeg\" \/>\n<meta name=\"twitter:card\" content=\"summary_large_image\" \/>\n<meta name=\"twitter:label1\" content=\"Est. reading time\" \/>\n\t<meta name=\"twitter:data1\" content=\"1 minute\" \/>\n<script type=\"application\/ld+json\" class=\"yoast-schema-graph\">{\"@context\":\"https:\/\/schema.org\",\"@graph\":[{\"@type\":\"WebPage\",\"@id\":\"https:\/\/anamandara-resort.com\/vi\/la-cochinchine-spa\/spa-membership\/\",\"url\":\"https:\/\/anamandara-resort.com\/vi\/la-cochinchine-spa\/spa-membership\/\",\"name\":\"H\u1ed9i Vi\u00ean Spa - Ana Mandara Villas Dalat Resort &amp; Spa\",\"isPartOf\":{\"@id\":\"https:\/\/anamandara-resort.com\/vi\/#website\"},\"primaryImageOfPage\":{\"@id\":\"https:\/\/anamandara-resort.com\/vi\/la-cochinchine-spa\/spa-membership\/#primaryimage\"},\"image\":{\"@id\":\"https:\/\/anamandara-resort.com\/vi\/la-cochinchine-spa\/spa-membership\/#primaryimage\"},\"thumbnailUrl\":\"https:\/\/www.anamandara-resort.com\/wp-content\/uploads\/sites\/233\/2022\/05\/ana-mandara-dalat-spa-5.jpg\",\"datePublished\":\"2023-06-15T09:53:52+00:00\",\"dateModified\":\"2025-07-24T03:51:03+00:00\",\"breadcrumb\":{\"@id\":\"https:\/\/anamandara-resort.com\/vi\/la-cochinchine-spa\/spa-membership\/#breadcrumb\"},\"inLanguage\":\"vi-VN\",\"potentialAction\":[{\"@type\":\"ReadAction\",\"target\":[\"https:\/\/anamandara-resort.com\/vi\/la-cochinchine-spa\/spa-membership\/\"]}]},{\"@type\":\"ImageObject\",\"inLanguage\":\"vi-VN\",\"@id\":\"https:\/\/anamandara-resort.com\/vi\/la-cochinchine-spa\/spa-membership\/#primaryimage\",\"url\":\"https:\/\/www.anamandara-resort.com\/wp-content\/uploads\/sites\/233\/2022\/05\/ana-mandara-dalat-spa-5.jpg\",\"contentUrl\":\"https:\/\/www.anamandara-resort.com\/wp-content\/uploads\/sites\/233\/2022\/05\/ana-mandara-dalat-spa-5.jpg\",\"width\":2000,\"height\":1333},{\"@type\":\"BreadcrumbList\",\"@id\":\"https:\/\/anamandara-resort.com\/vi\/la-cochinchine-spa\/spa-membership\/#breadcrumb\",\"itemListElement\":[{\"@type\":\"ListItem\",\"position\":1,\"name\":\"Home\",\"item\":\"https:\/\/anamandara-resort.com\/vi\/\"},{\"@type\":\"ListItem\",\"position\":2,\"name\":\"Ch\u0103m S\u00f3c S\u1ee9c Kh\u1ecfe &amp; Spa\",\"item\":\"https:\/\/anamandara-resort.com\/vi\/la-cochinchine-spa\/\"},{\"@type\":\"ListItem\",\"position\":3,\"name\":\"H\u1ed9i Vi\u00ean Spa\"}]},{\"@type\":\"WebSite\",\"@id\":\"https:\/\/anamandara-resort.com\/vi\/#website\",\"url\":\"https:\/\/anamandara-resort.com\/vi\/\",\"name\":\"Ana Mandara Villas Dalat Resort &amp; Spa\",\"description\":\"\",\"potentialAction\":[{\"@type\":\"SearchAction\",\"target\":{\"@type\":\"EntryPoint\",\"urlTemplate\":\"https:\/\/anamandara-resort.com\/vi\/?s={search_term_string}\"},\"query-input\":\"required name=search_term_string\"}],\"inLanguage\":\"vi-VN\"}]}<\/script>\n<!-- \/ Yoast SEO plugin. -->","yoast_head_json":{"title":"H\u1ed9i Vi\u00ean Spa - Ana Mandara Villas Dalat Resort &amp; Spa","robots":{"index":"index","follow":"follow","max-snippet":"max-snippet:-1","max-image-preview":"max-image-preview:large","max-video-preview":"max-video-preview:-1"},"canonical":"https:\/\/anamandara-resort.com\/vi\/la-cochinchine-spa\/spa-membership\/","og_locale":"vi_VN","og_type":"article","og_title":"H\u1ed9i Vi\u00ean Spa - Ana Mandara Villas Dalat Resort &amp; Spa","og_description":"M\u1edf c\u00e1nh c\u1eeda \u0111i \u0111\u1ebfn thi\u00ean \u0111\u01b0\u1eddng c\u1ee7a s\u1ef1 th\u01b0 gi\u00e3n, h\u00e3y c\u00f9ng h\u00f2a m\u00ecnh v\u00e0o kh\u00f4ng gian sang tr\u1ecdng v\u00e0 tr\u1ea3i nghi\u1ec7m d\u1ecbch v\u1ee5 ch\u0103m s\u00f3c t\u1eadn t\u00e2m v\u1edbi th\u1ebb h\u1ed9i vi\u00ean Spa t\u1ea1i Ana Mandara Villas Dalat. 5,500,000 VND\/10 bu\u1ed5i (Th\u1ebb d\u00f9ng cho t\u1ed1i \u0111a 2 kh\u00e1ch) 7,500,000 VND\/10 bu\u1ed5i (Th\u1ebb d\u00f9ng cho [&hellip;]","og_url":"https:\/\/anamandara-resort.com\/vi\/la-cochinchine-spa\/spa-membership\/","og_site_name":"Ana Mandara Villas Dalat Resort &amp; Spa","article_modified_time":"2025-07-24T03:51:03+00:00","og_image":[{"width":2000,"height":1333,"url":"https:\/\/www.anamandara-resort.com\/wp-content\/uploads\/sites\/233\/2022\/05\/ana-mandara-dalat-spa-5.jpg","type":"image\/jpeg"}],"twitter_card":"summary_large_image","twitter_misc":{"Est. reading time":"1 minute"},"schema":{"@context":"https:\/\/schema.org","@graph":[{"@type":"WebPage","@id":"https:\/\/anamandara-resort.com\/vi\/la-cochinchine-spa\/spa-membership\/","url":"https:\/\/anamandara-resort.com\/vi\/la-cochinchine-spa\/spa-membership\/","name":"H\u1ed9i Vi\u00ean Spa - Ana Mandara Villas Dalat Resort &amp; Spa","isPartOf":{"@id":"https:\/\/anamandara-resort.com\/vi\/#website"},"primaryImageOfPage":{"@id":"https:\/\/anamandara-resort.com\/vi\/la-cochinchine-spa\/spa-membership\/#primaryimage"},"image":{"@id":"https:\/\/anamandara-resort.com\/vi\/la-cochinchine-spa\/spa-membership\/#primaryimage"},"thumbnailUrl":"https:\/\/www.anamandara-resort.com\/wp-content\/uploads\/sites\/233\/2022\/05\/ana-mandara-dalat-spa-5.jpg","datePublished":"2023-06-15T09:53:52+00:00","dateModified":"2025-07-24T03:51:03+00:00","breadcrumb":{"@id":"https:\/\/anamandara-resort.com\/vi\/la-cochinchine-spa\/spa-membership\/#breadcrumb"},"inLanguage":"vi-VN","potentialAction":[{"@type":"ReadAction","target":["https:\/\/anamandara-resort.com\/vi\/la-cochinchine-spa\/spa-membership\/"]}]},{"@type":"ImageObject","inLanguage":"vi-VN","@id":"https:\/\/anamandara-resort.com\/vi\/la-cochinchine-spa\/spa-membership\/#primaryimage","url":"https:\/\/www.anamandara-resort.com\/wp-content\/uploads\/sites\/233\/2022\/05\/ana-mandara-dalat-spa-5.jpg","contentUrl":"https:\/\/www.anamandara-resort.com\/wp-content\/uploads\/sites\/233\/2022\/05\/ana-mandara-dalat-spa-5.jpg","width":2000,"height":1333},{"@type":"BreadcrumbList","@id":"https:\/\/anamandara-resort.com\/vi\/la-cochinchine-spa\/spa-membership\/#breadcrumb","itemListElement":[{"@type":"ListItem","position":1,"name":"Home","item":"https:\/\/anamandara-resort.com\/vi\/"},{"@type":"ListItem","position":2,"name":"Ch\u0103m S\u00f3c S\u1ee9c Kh\u1ecfe &amp; Spa","item":"https:\/\/anamandara-resort.com\/vi\/la-cochinchine-spa\/"},{"@type":"ListItem","position":3,"name":"H\u1ed9i Vi\u00ean Spa"}]},{"@type":"WebSite","@id":"https:\/\/anamandara-resort.com\/vi\/#website","url":"https:\/\/anamandara-resort.com\/vi\/","name":"Ana Mandara Villas Dalat Resort &amp; Spa","description":"","potentialAction":[{"@type":"SearchAction","target":{"@type":"EntryPoint","urlTemplate":"https:\/\/anamandara-resort.com\/vi\/?s={search_term_string}"},"query-input":"required name=search_term_string"}],"inLanguage":"vi-VN"}]}},"_links":{"self":[{"href":"https:\/\/anamandara-resort.com\/vi\/wp-json\/wp\/v2\/pages\/4593"}],"collection":[{"href":"https:\/\/anamandara-resort.com\/vi\/wp-json\/wp\/v2\/pages"}],"about":[{"href":"https:\/\/anamandara-resort.com\/vi\/wp-json\/wp\/v2\/types\/page"}],"author":[{"embeddable":true,"href":"https:\/\/anamandara-resort.com\/vi\/wp-json\/wp\/v2\/users\/470"}],"replies":[{"embeddable":true,"href":"https:\/\/anamandara-resort.com\/vi\/wp-json\/wp\/v2\/comments?post=4593"}],"version-history":[{"count":0,"href":"https:\/\/anamandara-resort.com\/vi\/wp-json\/wp\/v2\/pages\/4593\/revisions"}],"up":[{"embeddable":true,"href":"https:\/\/anamandara-resort.com\/vi\/wp-json\/wp\/v2\/pages\/293"}],"wp:featuredmedia":[{"embeddable":true,"href":"https:\/\/anamandara-resort.com\/vi\/wp-json\/wp\/v2\/media\/862"}],"wp:attachment":[{"href":"https:\/\/anamandara-resort.com\/vi\/wp-json\/wp\/v2\/media?parent=4593"}],"curies":[{"name":"wp","href":"https:\/\/api.w.org\/{rel}","templated":true}]}}