{"id":4810,"date":"2023-07-18T15:24:08","date_gmt":"2023-07-18T15:24:08","guid":{"rendered":"https:\/\/anamandara-resort.com\/?page_id=4810"},"modified":"2024-12-19T10:20:15","modified_gmt":"2024-12-19T10:20:15","slug":"villas","status":"publish","type":"page","link":"https:\/\/anamandara-resort.com\/vi\/rooms-suites\/villas\/","title":{"rendered":"Villas"},"content":{"rendered":"<div class=\"x11i5rnm xat24cr x1mh8g0r x1vvkbs xtlvy1s x126k92a\">\n<div dir=\"auto\"><span style=\"color: #000000;\">C\u00e1c c\u0103n bi\u1ec7t th\u1ef1 t\u1eebng l\u00e0 n\u01a1i ngh\u1ec9 d\u01b0\u1ee1ng c\u1ee7a c\u00e1c gia \u0111\u00ecnh s\u0129 quan qu\u00e2n \u0111\u1ed9i ng\u01b0\u1eddi Ph\u00e1p. M\u1ed7i c\u0103n bi\u1ec7t th\u1ef1 \u0111\u01b0\u1ee3c m\u00f4 ph\u1ecfng theo ch\u00ednh c\u0103n nh\u00e0 c\u1ee7a h\u1ecd t\u1ea1i qu\u00ea nh\u00e0 n\u01b0\u1edbc Ph\u00e1p xa x\u00f4i. Mang \u0111\u1ebfn cho b\u1ea1n tr\u1ea3i nghi\u1ec7m ngh\u1ec9 d\u01b0\u1ee1ng \u1ea5m c\u00fang v\u00e0 ti\u1ec7n nghi nh\u01b0 trong ch\u00ednh ng\u00f4i nh\u00e0 c\u1ee7a m\u00ecnh. G\u1ed3m 17 c\u0103n bi\u1ec7t th\u1ef1 v\u1edbi l\u1ed1i ki\u1ebfn tr\u00fac Ph\u00e1p c\u1ed5, m\u1ed7i bi\u1ec7t th\u1ef1 c\u00f3 t\u1eeb 05 \u0111\u1ebfn 07 ph\u00f2ng ho\u00e0n to\u00e0n kh\u00f4ng gi\u1ed1ng nhau mang l\u1ea1i tr\u1ea3i nghi\u1ec7m \u0111\u1ed9c \u0111\u00e1o cho gia \u0111\u00ecnh b\u1ea1n.<\/span><\/div>\n<\/div>\n<div dir=\"auto\"><\/div>\n<div dir=\"auto\"><\/div>\n<p><span style=\"color: #000000;\">\u00a0D\u1ecbch v\u1ee5 mi\u1ec5n ph\u00ed:<\/span><\/p>\n<p><span style=\"color: #000000;\">\u2013 L\u1edbp h\u1ecdc Yoga v\u00e0o cu\u1ed1i tu\u1ea7n<\/span><\/p>\n<p><span style=\"color: #000000;\">\u2013 Tour tham quan khu ngh\u1ec9<\/span><\/p>\n<p><span style=\"color: #000000;\">\u2013 H\u1ed3 b\u01a1i n\u01b0\u1edbc \u1ea5m<\/span><\/p>\n<p><span style=\"color: #000000;\">\u2013 Xe \u0111\u1ea1p (trong v\u00f2ng 03 ti\u1ebfng)<\/span><\/p>\n","protected":false},"excerpt":{"rendered":"<p>C\u00e1c c\u0103n bi\u1ec7t th\u1ef1 t\u1eebng l\u00e0 n\u01a1i ngh\u1ec9 d\u01b0\u1ee1ng c\u1ee7a c\u00e1c gia \u0111\u00ecnh s\u0129 quan qu\u00e2n \u0111\u1ed9i ng\u01b0\u1eddi Ph\u00e1p. M\u1ed7i c\u0103n bi\u1ec7t th\u1ef1 \u0111\u01b0\u1ee3c m\u00f4 ph\u1ecfng theo ch\u00ednh c\u0103n nh\u00e0 c\u1ee7a h\u1ecd t\u1ea1i qu\u00ea nh\u00e0 n\u01b0\u1edbc Ph\u00e1p xa x\u00f4i. Mang \u0111\u1ebfn cho b\u1ea1n tr\u1ea3i nghi\u1ec7m ngh\u1ec9 d\u01b0\u1ee1ng \u1ea5m c\u00fang v\u00e0 ti\u1ec7n nghi nh\u01b0 trong ch\u00ednh [&hellip;]<\/p>\n","protected":false},"author":470,"featured_media":4818,"parent":304,"menu_order":5,"comment_status":"closed","ping_status":"closed","template":"template-single-room.php","meta":{"footnotes":""},"acf":[],"yoast_head":"<!-- This site is optimized with the Yoast SEO plugin v22.3 - https:\/\/yoast.com\/wordpress\/plugins\/seo\/ -->\n<title>Villas - Ana Mandara Villas Dalat Resort &amp; Spa<\/title>\n<meta name=\"robots\" content=\"index, follow, max-snippet:-1, max-image-preview:large, max-video-preview:-1\" \/>\n<link rel=\"canonical\" href=\"https:\/\/anamandara-resort.com\/vi\/rooms-suites\/villas\/\" \/>\n<meta property=\"og:locale\" content=\"vi_VN\" \/>\n<meta property=\"og:type\" content=\"article\" \/>\n<meta property=\"og:title\" content=\"Villas - Ana Mandara Villas Dalat Resort &amp; Spa\" \/>\n<meta property=\"og:description\" content=\"C\u00e1c c\u0103n bi\u1ec7t th\u1ef1 t\u1eebng l\u00e0 n\u01a1i ngh\u1ec9 d\u01b0\u1ee1ng c\u1ee7a c\u00e1c gia \u0111\u00ecnh s\u0129 quan qu\u00e2n \u0111\u1ed9i ng\u01b0\u1eddi Ph\u00e1p. M\u1ed7i c\u0103n bi\u1ec7t th\u1ef1 \u0111\u01b0\u1ee3c m\u00f4 ph\u1ecfng theo ch\u00ednh c\u0103n nh\u00e0 c\u1ee7a h\u1ecd t\u1ea1i qu\u00ea nh\u00e0 n\u01b0\u1edbc Ph\u00e1p xa x\u00f4i. Mang \u0111\u1ebfn cho b\u1ea1n tr\u1ea3i nghi\u1ec7m ngh\u1ec9 d\u01b0\u1ee1ng \u1ea5m c\u00fang v\u00e0 ti\u1ec7n nghi nh\u01b0 trong ch\u00ednh [&hellip;]\" \/>\n<meta property=\"og:url\" content=\"https:\/\/anamandara-resort.com\/vi\/rooms-suites\/villas\/\" \/>\n<meta property=\"og:site_name\" content=\"Ana Mandara Villas Dalat Resort &amp; Spa\" \/>\n<meta property=\"article:modified_time\" content=\"2024-12-19T10:20:15+00:00\" \/>\n<meta property=\"og:image\" content=\"https:\/\/www.anamandara-resort.com\/wp-content\/uploads\/sites\/233\/2023\/07\/Villa-5-front_4.jpg\" \/>\n\t<meta property=\"og:image:width\" content=\"2200\" \/>\n\t<meta property=\"og:image:height\" content=\"1467\" \/>\n\t<meta property=\"og:image:type\" content=\"image\/jpeg\" \/>\n<meta name=\"twitter:card\" content=\"summary_large_image\" \/>\n<meta name=\"twitter:label1\" content=\"Est. reading time\" \/>\n\t<meta name=\"twitter:data1\" content=\"1 minute\" \/>\n<script type=\"application\/ld+json\" class=\"yoast-schema-graph\">{\"@context\":\"https:\/\/schema.org\",\"@graph\":[{\"@type\":\"WebPage\",\"@id\":\"https:\/\/anamandara-resort.com\/vi\/rooms-suites\/villas\/\",\"url\":\"https:\/\/anamandara-resort.com\/vi\/rooms-suites\/villas\/\",\"name\":\"Villas - Ana Mandara Villas Dalat Resort &amp; Spa\",\"isPartOf\":{\"@id\":\"https:\/\/anamandara-resort.com\/vi\/#website\"},\"primaryImageOfPage\":{\"@id\":\"https:\/\/anamandara-resort.com\/vi\/rooms-suites\/villas\/#primaryimage\"},\"image\":{\"@id\":\"https:\/\/anamandara-resort.com\/vi\/rooms-suites\/villas\/#primaryimage\"},\"thumbnailUrl\":\"https:\/\/www.anamandara-resort.com\/wp-content\/uploads\/sites\/233\/2023\/07\/Villa-5-front_4.jpg\",\"datePublished\":\"2023-07-18T15:24:08+00:00\",\"dateModified\":\"2024-12-19T10:20:15+00:00\",\"breadcrumb\":{\"@id\":\"https:\/\/anamandara-resort.com\/vi\/rooms-suites\/villas\/#breadcrumb\"},\"inLanguage\":\"vi-VN\",\"potentialAction\":[{\"@type\":\"ReadAction\",\"target\":[\"https:\/\/anamandara-resort.com\/vi\/rooms-suites\/villas\/\"]}]},{\"@type\":\"ImageObject\",\"inLanguage\":\"vi-VN\",\"@id\":\"https:\/\/anamandara-resort.com\/vi\/rooms-suites\/villas\/#primaryimage\",\"url\":\"https:\/\/www.anamandara-resort.com\/wp-content\/uploads\/sites\/233\/2023\/07\/Villa-5-front_4.jpg\",\"contentUrl\":\"https:\/\/www.anamandara-resort.com\/wp-content\/uploads\/sites\/233\/2023\/07\/Villa-5-front_4.jpg\",\"width\":2200,\"height\":1467},{\"@type\":\"BreadcrumbList\",\"@id\":\"https:\/\/anamandara-resort.com\/vi\/rooms-suites\/villas\/#breadcrumb\",\"itemListElement\":[{\"@type\":\"ListItem\",\"position\":1,\"name\":\"Home\",\"item\":\"https:\/\/anamandara-resort.com\/vi\/\"},{\"@type\":\"ListItem\",\"position\":2,\"name\":\"Ph\u00f2ng Ngh\u1ec9\",\"item\":\"https:\/\/anamandara-resort.com\/vi\/rooms-suites\/\"},{\"@type\":\"ListItem\",\"position\":3,\"name\":\"Villas\"}]},{\"@type\":\"WebSite\",\"@id\":\"https:\/\/anamandara-resort.com\/vi\/#website\",\"url\":\"https:\/\/anamandara-resort.com\/vi\/\",\"name\":\"Ana Mandara Villas Dalat Resort &amp; Spa\",\"description\":\"\",\"potentialAction\":[{\"@type\":\"SearchAction\",\"target\":{\"@type\":\"EntryPoint\",\"urlTemplate\":\"https:\/\/anamandara-resort.com\/vi\/?s={search_term_string}\"},\"query-input\":\"required name=search_term_string\"}],\"inLanguage\":\"vi-VN\"}]}<\/script>\n<!-- \/ Yoast SEO plugin. -->","yoast_head_json":{"title":"Villas - Ana Mandara Villas Dalat Resort &amp; Spa","robots":{"index":"index","follow":"follow","max-snippet":"max-snippet:-1","max-image-preview":"max-image-preview:large","max-video-preview":"max-video-preview:-1"},"canonical":"https:\/\/anamandara-resort.com\/vi\/rooms-suites\/villas\/","og_locale":"vi_VN","og_type":"article","og_title":"Villas - Ana Mandara Villas Dalat Resort &amp; Spa","og_description":"C\u00e1c c\u0103n bi\u1ec7t th\u1ef1 t\u1eebng l\u00e0 n\u01a1i ngh\u1ec9 d\u01b0\u1ee1ng c\u1ee7a c\u00e1c gia \u0111\u00ecnh s\u0129 quan qu\u00e2n \u0111\u1ed9i ng\u01b0\u1eddi Ph\u00e1p. M\u1ed7i c\u0103n bi\u1ec7t th\u1ef1 \u0111\u01b0\u1ee3c m\u00f4 ph\u1ecfng theo ch\u00ednh c\u0103n nh\u00e0 c\u1ee7a h\u1ecd t\u1ea1i qu\u00ea nh\u00e0 n\u01b0\u1edbc Ph\u00e1p xa x\u00f4i. Mang \u0111\u1ebfn cho b\u1ea1n tr\u1ea3i nghi\u1ec7m ngh\u1ec9 d\u01b0\u1ee1ng \u1ea5m c\u00fang v\u00e0 ti\u1ec7n nghi nh\u01b0 trong ch\u00ednh [&hellip;]","og_url":"https:\/\/anamandara-resort.com\/vi\/rooms-suites\/villas\/","og_site_name":"Ana Mandara Villas Dalat Resort &amp; Spa","article_modified_time":"2024-12-19T10:20:15+00:00","og_image":[{"width":2200,"height":1467,"url":"https:\/\/www.anamandara-resort.com\/wp-content\/uploads\/sites\/233\/2023\/07\/Villa-5-front_4.jpg","type":"image\/jpeg"}],"twitter_card":"summary_large_image","twitter_misc":{"Est. reading time":"1 minute"},"schema":{"@context":"https:\/\/schema.org","@graph":[{"@type":"WebPage","@id":"https:\/\/anamandara-resort.com\/vi\/rooms-suites\/villas\/","url":"https:\/\/anamandara-resort.com\/vi\/rooms-suites\/villas\/","name":"Villas - Ana Mandara Villas Dalat Resort &amp; Spa","isPartOf":{"@id":"https:\/\/anamandara-resort.com\/vi\/#website"},"primaryImageOfPage":{"@id":"https:\/\/anamandara-resort.com\/vi\/rooms-suites\/villas\/#primaryimage"},"image":{"@id":"https:\/\/anamandara-resort.com\/vi\/rooms-suites\/villas\/#primaryimage"},"thumbnailUrl":"https:\/\/www.anamandara-resort.com\/wp-content\/uploads\/sites\/233\/2023\/07\/Villa-5-front_4.jpg","datePublished":"2023-07-18T15:24:08+00:00","dateModified":"2024-12-19T10:20:15+00:00","breadcrumb":{"@id":"https:\/\/anamandara-resort.com\/vi\/rooms-suites\/villas\/#breadcrumb"},"inLanguage":"vi-VN","potentialAction":[{"@type":"ReadAction","target":["https:\/\/anamandara-resort.com\/vi\/rooms-suites\/villas\/"]}]},{"@type":"ImageObject","inLanguage":"vi-VN","@id":"https:\/\/anamandara-resort.com\/vi\/rooms-suites\/villas\/#primaryimage","url":"https:\/\/www.anamandara-resort.com\/wp-content\/uploads\/sites\/233\/2023\/07\/Villa-5-front_4.jpg","contentUrl":"https:\/\/www.anamandara-resort.com\/wp-content\/uploads\/sites\/233\/2023\/07\/Villa-5-front_4.jpg","width":2200,"height":1467},{"@type":"BreadcrumbList","@id":"https:\/\/anamandara-resort.com\/vi\/rooms-suites\/villas\/#breadcrumb","itemListElement":[{"@type":"ListItem","position":1,"name":"Home","item":"https:\/\/anamandara-resort.com\/vi\/"},{"@type":"ListItem","position":2,"name":"Ph\u00f2ng Ngh\u1ec9","item":"https:\/\/anamandara-resort.com\/vi\/rooms-suites\/"},{"@type":"ListItem","position":3,"name":"Villas"}]},{"@type":"WebSite","@id":"https:\/\/anamandara-resort.com\/vi\/#website","url":"https:\/\/anamandara-resort.com\/vi\/","name":"Ana Mandara Villas Dalat Resort &amp; Spa","description":"","potentialAction":[{"@type":"SearchAction","target":{"@type":"EntryPoint","urlTemplate":"https:\/\/anamandara-resort.com\/vi\/?s={search_term_string}"},"query-input":"required name=search_term_string"}],"inLanguage":"vi-VN"}]}},"_links":{"self":[{"href":"https:\/\/anamandara-resort.com\/vi\/wp-json\/wp\/v2\/pages\/4810"}],"collection":[{"href":"https:\/\/anamandara-resort.com\/vi\/wp-json\/wp\/v2\/pages"}],"about":[{"href":"https:\/\/anamandara-resort.com\/vi\/wp-json\/wp\/v2\/types\/page"}],"author":[{"embeddable":true,"href":"https:\/\/anamandara-resort.com\/vi\/wp-json\/wp\/v2\/users\/470"}],"replies":[{"embeddable":true,"href":"https:\/\/anamandara-resort.com\/vi\/wp-json\/wp\/v2\/comments?post=4810"}],"version-history":[{"count":0,"href":"https:\/\/anamandara-resort.com\/vi\/wp-json\/wp\/v2\/pages\/4810\/revisions"}],"up":[{"embeddable":true,"href":"https:\/\/anamandara-resort.com\/vi\/wp-json\/wp\/v2\/pages\/304"}],"wp:featuredmedia":[{"embeddable":true,"href":"https:\/\/anamandara-resort.com\/vi\/wp-json\/wp\/v2\/media\/4818"}],"wp:attachment":[{"href":"https:\/\/anamandara-resort.com\/vi\/wp-json\/wp\/v2\/media?parent=4810"}],"curies":[{"name":"wp","href":"https:\/\/api.w.org\/{rel}","templated":true}]}}