{"id":6734,"date":"2024-05-11T02:47:21","date_gmt":"2024-05-11T02:47:21","guid":{"rendered":"https:\/\/anamandara-resort.com\/?page_id=6734"},"modified":"2025-07-19T13:32:33","modified_gmt":"2025-07-19T13:32:33","slug":"cham-soc-suc-khoe-moi-ngay-3","status":"publish","type":"page","link":"https:\/\/anamandara-resort.com\/vi\/hoat-dong-dich-vu\/cham-soc-suc-khoe-moi-ngay-3\/","title":{"rendered":"Ch\u0103m S\u00f3c S\u1ee9c Kh\u1ecfe M\u1ed7i Ng\u00e0y"},"content":{"rendered":"<p style=\"text-align: center\">Gi\u1eef tr\u1ecdn v\u00f3c d\u00e1ng v\u00e0 t\u00e1i t\u1ea1o n\u0103ng l\u01b0\u1ee3ng v\u1edbi c\u00e1c b\u00e0i t\u1eadp Yoga v\u00e0 Li\u1ec7u tr\u00ecnh th\u01b0 gi\u00e3n<\/p>\n","protected":false},"excerpt":{"rendered":"<p>Gi\u1eef tr\u1ecdn v\u00f3c d\u00e1ng v\u00e0 t\u00e1i t\u1ea1o n\u0103ng l\u01b0\u1ee3ng v\u1edbi c\u00e1c b\u00e0i t\u1eadp Yoga v\u00e0 Li\u1ec7u tr\u00ecnh th\u01b0 gi\u00e3n<\/p>\n","protected":false},"author":470,"featured_media":1375,"parent":4452,"menu_order":3,"comment_status":"closed","ping_status":"closed","template":"template-default-4.php","meta":{"footnotes":""},"acf":[],"yoast_head":"<!-- This site is optimized with the Yoast SEO plugin v22.3 - https:\/\/yoast.com\/wordpress\/plugins\/seo\/ -->\n<title>Ch\u0103m S\u00f3c S\u1ee9c Kh\u1ecfe M\u1ed7i Ng\u00e0y - Ana Mandara Villas Dalat Resort &amp; Spa<\/title>\n<meta name=\"robots\" content=\"index, follow, max-snippet:-1, max-image-preview:large, max-video-preview:-1\" \/>\n<link rel=\"canonical\" href=\"https:\/\/anamandara-resort.com\/vi\/hoat-dong-dich-vu\/cham-soc-suc-khoe-moi-ngay-3\/\" \/>\n<meta property=\"og:locale\" content=\"vi_VN\" \/>\n<meta property=\"og:type\" content=\"article\" \/>\n<meta property=\"og:title\" content=\"Ch\u0103m S\u00f3c S\u1ee9c Kh\u1ecfe M\u1ed7i Ng\u00e0y - Ana Mandara Villas Dalat Resort &amp; Spa\" \/>\n<meta property=\"og:description\" content=\"Gi\u1eef tr\u1ecdn v\u00f3c d\u00e1ng v\u00e0 t\u00e1i t\u1ea1o n\u0103ng l\u01b0\u1ee3ng v\u1edbi c\u00e1c b\u00e0i t\u1eadp Yoga v\u00e0 Li\u1ec7u tr\u00ecnh th\u01b0 gi\u00e3n\" \/>\n<meta property=\"og:url\" content=\"https:\/\/anamandara-resort.com\/vi\/hoat-dong-dich-vu\/cham-soc-suc-khoe-moi-ngay-3\/\" \/>\n<meta property=\"og:site_name\" content=\"Ana Mandara Villas Dalat Resort &amp; Spa\" \/>\n<meta property=\"article:modified_time\" content=\"2025-07-19T13:32:33+00:00\" \/>\n<meta property=\"og:image\" content=\"https:\/\/www.anamandara-resort.com\/wp-content\/uploads\/sites\/233\/2022\/07\/DJI_0489.jpeg\" \/>\n\t<meta property=\"og:image:width\" content=\"2200\" \/>\n\t<meta property=\"og:image:height\" content=\"1466\" \/>\n\t<meta property=\"og:image:type\" content=\"image\/jpeg\" \/>\n<meta name=\"twitter:card\" content=\"summary_large_image\" \/>\n<meta name=\"twitter:label1\" content=\"Est. reading time\" \/>\n\t<meta name=\"twitter:data1\" content=\"1 minute\" \/>\n<script type=\"application\/ld+json\" class=\"yoast-schema-graph\">{\"@context\":\"https:\/\/schema.org\",\"@graph\":[{\"@type\":\"WebPage\",\"@id\":\"https:\/\/anamandara-resort.com\/vi\/hoat-dong-dich-vu\/cham-soc-suc-khoe-moi-ngay-3\/\",\"url\":\"https:\/\/anamandara-resort.com\/vi\/hoat-dong-dich-vu\/cham-soc-suc-khoe-moi-ngay-3\/\",\"name\":\"Ch\u0103m S\u00f3c S\u1ee9c Kh\u1ecfe M\u1ed7i Ng\u00e0y - Ana Mandara Villas Dalat Resort &amp; Spa\",\"isPartOf\":{\"@id\":\"https:\/\/anamandara-resort.com\/vi\/#website\"},\"primaryImageOfPage\":{\"@id\":\"https:\/\/anamandara-resort.com\/vi\/hoat-dong-dich-vu\/cham-soc-suc-khoe-moi-ngay-3\/#primaryimage\"},\"image\":{\"@id\":\"https:\/\/anamandara-resort.com\/vi\/hoat-dong-dich-vu\/cham-soc-suc-khoe-moi-ngay-3\/#primaryimage\"},\"thumbnailUrl\":\"https:\/\/www.anamandara-resort.com\/wp-content\/uploads\/sites\/233\/2022\/07\/DJI_0489.jpeg\",\"datePublished\":\"2024-05-11T02:47:21+00:00\",\"dateModified\":\"2025-07-19T13:32:33+00:00\",\"breadcrumb\":{\"@id\":\"https:\/\/anamandara-resort.com\/vi\/hoat-dong-dich-vu\/cham-soc-suc-khoe-moi-ngay-3\/#breadcrumb\"},\"inLanguage\":\"vi-VN\",\"potentialAction\":[{\"@type\":\"ReadAction\",\"target\":[\"https:\/\/anamandara-resort.com\/vi\/hoat-dong-dich-vu\/cham-soc-suc-khoe-moi-ngay-3\/\"]}]},{\"@type\":\"ImageObject\",\"inLanguage\":\"vi-VN\",\"@id\":\"https:\/\/anamandara-resort.com\/vi\/hoat-dong-dich-vu\/cham-soc-suc-khoe-moi-ngay-3\/#primaryimage\",\"url\":\"https:\/\/www.anamandara-resort.com\/wp-content\/uploads\/sites\/233\/2022\/07\/DJI_0489.jpeg\",\"contentUrl\":\"https:\/\/www.anamandara-resort.com\/wp-content\/uploads\/sites\/233\/2022\/07\/DJI_0489.jpeg\",\"width\":2200,\"height\":1466},{\"@type\":\"BreadcrumbList\",\"@id\":\"https:\/\/anamandara-resort.com\/vi\/hoat-dong-dich-vu\/cham-soc-suc-khoe-moi-ngay-3\/#breadcrumb\",\"itemListElement\":[{\"@type\":\"ListItem\",\"position\":1,\"name\":\"Home\",\"item\":\"https:\/\/anamandara-resort.com\/vi\/\"},{\"@type\":\"ListItem\",\"position\":2,\"name\":\"Ho\u1ea1t \u0110\u1ed9ng v\u00e0 D\u1ecbch V\u1ee5\",\"item\":\"https:\/\/anamandara-resort.com\/vi\/hoat-dong-dich-vu\/\"},{\"@type\":\"ListItem\",\"position\":3,\"name\":\"Ch\u0103m S\u00f3c S\u1ee9c Kh\u1ecfe M\u1ed7i Ng\u00e0y\"}]},{\"@type\":\"WebSite\",\"@id\":\"https:\/\/anamandara-resort.com\/vi\/#website\",\"url\":\"https:\/\/anamandara-resort.com\/vi\/\",\"name\":\"Ana Mandara Villas Dalat Resort &amp; Spa\",\"description\":\"\",\"potentialAction\":[{\"@type\":\"SearchAction\",\"target\":{\"@type\":\"EntryPoint\",\"urlTemplate\":\"https:\/\/anamandara-resort.com\/vi\/?s={search_term_string}\"},\"query-input\":\"required name=search_term_string\"}],\"inLanguage\":\"vi-VN\"}]}<\/script>\n<!-- \/ Yoast SEO plugin. -->","yoast_head_json":{"title":"Ch\u0103m S\u00f3c S\u1ee9c Kh\u1ecfe M\u1ed7i Ng\u00e0y - Ana Mandara Villas Dalat Resort &amp; Spa","robots":{"index":"index","follow":"follow","max-snippet":"max-snippet:-1","max-image-preview":"max-image-preview:large","max-video-preview":"max-video-preview:-1"},"canonical":"https:\/\/anamandara-resort.com\/vi\/hoat-dong-dich-vu\/cham-soc-suc-khoe-moi-ngay-3\/","og_locale":"vi_VN","og_type":"article","og_title":"Ch\u0103m S\u00f3c S\u1ee9c Kh\u1ecfe M\u1ed7i Ng\u00e0y - Ana Mandara Villas Dalat Resort &amp; Spa","og_description":"Gi\u1eef tr\u1ecdn v\u00f3c d\u00e1ng v\u00e0 t\u00e1i t\u1ea1o n\u0103ng l\u01b0\u1ee3ng v\u1edbi c\u00e1c b\u00e0i t\u1eadp Yoga v\u00e0 Li\u1ec7u tr\u00ecnh th\u01b0 gi\u00e3n","og_url":"https:\/\/anamandara-resort.com\/vi\/hoat-dong-dich-vu\/cham-soc-suc-khoe-moi-ngay-3\/","og_site_name":"Ana Mandara Villas Dalat Resort &amp; Spa","article_modified_time":"2025-07-19T13:32:33+00:00","og_image":[{"width":2200,"height":1466,"url":"https:\/\/www.anamandara-resort.com\/wp-content\/uploads\/sites\/233\/2022\/07\/DJI_0489.jpeg","type":"image\/jpeg"}],"twitter_card":"summary_large_image","twitter_misc":{"Est. reading time":"1 minute"},"schema":{"@context":"https:\/\/schema.org","@graph":[{"@type":"WebPage","@id":"https:\/\/anamandara-resort.com\/vi\/hoat-dong-dich-vu\/cham-soc-suc-khoe-moi-ngay-3\/","url":"https:\/\/anamandara-resort.com\/vi\/hoat-dong-dich-vu\/cham-soc-suc-khoe-moi-ngay-3\/","name":"Ch\u0103m S\u00f3c S\u1ee9c Kh\u1ecfe M\u1ed7i Ng\u00e0y - Ana Mandara Villas Dalat Resort &amp; Spa","isPartOf":{"@id":"https:\/\/anamandara-resort.com\/vi\/#website"},"primaryImageOfPage":{"@id":"https:\/\/anamandara-resort.com\/vi\/hoat-dong-dich-vu\/cham-soc-suc-khoe-moi-ngay-3\/#primaryimage"},"image":{"@id":"https:\/\/anamandara-resort.com\/vi\/hoat-dong-dich-vu\/cham-soc-suc-khoe-moi-ngay-3\/#primaryimage"},"thumbnailUrl":"https:\/\/www.anamandara-resort.com\/wp-content\/uploads\/sites\/233\/2022\/07\/DJI_0489.jpeg","datePublished":"2024-05-11T02:47:21+00:00","dateModified":"2025-07-19T13:32:33+00:00","breadcrumb":{"@id":"https:\/\/anamandara-resort.com\/vi\/hoat-dong-dich-vu\/cham-soc-suc-khoe-moi-ngay-3\/#breadcrumb"},"inLanguage":"vi-VN","potentialAction":[{"@type":"ReadAction","target":["https:\/\/anamandara-resort.com\/vi\/hoat-dong-dich-vu\/cham-soc-suc-khoe-moi-ngay-3\/"]}]},{"@type":"ImageObject","inLanguage":"vi-VN","@id":"https:\/\/anamandara-resort.com\/vi\/hoat-dong-dich-vu\/cham-soc-suc-khoe-moi-ngay-3\/#primaryimage","url":"https:\/\/www.anamandara-resort.com\/wp-content\/uploads\/sites\/233\/2022\/07\/DJI_0489.jpeg","contentUrl":"https:\/\/www.anamandara-resort.com\/wp-content\/uploads\/sites\/233\/2022\/07\/DJI_0489.jpeg","width":2200,"height":1466},{"@type":"BreadcrumbList","@id":"https:\/\/anamandara-resort.com\/vi\/hoat-dong-dich-vu\/cham-soc-suc-khoe-moi-ngay-3\/#breadcrumb","itemListElement":[{"@type":"ListItem","position":1,"name":"Home","item":"https:\/\/anamandara-resort.com\/vi\/"},{"@type":"ListItem","position":2,"name":"Ho\u1ea1t \u0110\u1ed9ng v\u00e0 D\u1ecbch V\u1ee5","item":"https:\/\/anamandara-resort.com\/vi\/hoat-dong-dich-vu\/"},{"@type":"ListItem","position":3,"name":"Ch\u0103m S\u00f3c S\u1ee9c Kh\u1ecfe M\u1ed7i Ng\u00e0y"}]},{"@type":"WebSite","@id":"https:\/\/anamandara-resort.com\/vi\/#website","url":"https:\/\/anamandara-resort.com\/vi\/","name":"Ana Mandara Villas Dalat Resort &amp; Spa","description":"","potentialAction":[{"@type":"SearchAction","target":{"@type":"EntryPoint","urlTemplate":"https:\/\/anamandara-resort.com\/vi\/?s={search_term_string}"},"query-input":"required name=search_term_string"}],"inLanguage":"vi-VN"}]}},"_links":{"self":[{"href":"https:\/\/anamandara-resort.com\/vi\/wp-json\/wp\/v2\/pages\/6734"}],"collection":[{"href":"https:\/\/anamandara-resort.com\/vi\/wp-json\/wp\/v2\/pages"}],"about":[{"href":"https:\/\/anamandara-resort.com\/vi\/wp-json\/wp\/v2\/types\/page"}],"author":[{"embeddable":true,"href":"https:\/\/anamandara-resort.com\/vi\/wp-json\/wp\/v2\/users\/470"}],"replies":[{"embeddable":true,"href":"https:\/\/anamandara-resort.com\/vi\/wp-json\/wp\/v2\/comments?post=6734"}],"version-history":[{"count":0,"href":"https:\/\/anamandara-resort.com\/vi\/wp-json\/wp\/v2\/pages\/6734\/revisions"}],"up":[{"embeddable":true,"href":"https:\/\/anamandara-resort.com\/vi\/wp-json\/wp\/v2\/pages\/4452"}],"wp:featuredmedia":[{"embeddable":true,"href":"https:\/\/anamandara-resort.com\/vi\/wp-json\/wp\/v2\/media\/1375"}],"wp:attachment":[{"href":"https:\/\/anamandara-resort.com\/vi\/wp-json\/wp\/v2\/media?parent=6734"}],"curies":[{"name":"wp","href":"https:\/\/api.w.org\/{rel}","templated":true}]}}