{"id":7097,"date":"2024-06-08T01:39:21","date_gmt":"2024-06-08T01:39:21","guid":{"rendered":"https:\/\/anamandara-resort.com\/?page_id=7097"},"modified":"2024-08-26T06:52:30","modified_gmt":"2024-08-26T06:52:30","slug":"lop-ve-tranh","status":"publish","type":"page","link":"https:\/\/anamandara-resort.com\/vi\/hoat-dong-dich-vu\/lop-ve-tranh\/","title":{"rendered":"L\u1edbp V\u1ebd Tranh"},"content":{"rendered":"<p style=\"text-align: center\">\u0110\u00e3 \u0111\u1ebfn l\u00fac c\u1ea7m c\u1ecd l\u00ean v\u00e0 t\u1ea1o ra ki\u1ec7t t\u00e1c c\u1ee7a b\u1ea1n!<\/p>\n","protected":false},"excerpt":{"rendered":"<p>\u0110\u00e3 \u0111\u1ebfn l\u00fac c\u1ea7m c\u1ecd l\u00ean v\u00e0 t\u1ea1o ra ki\u1ec7t t\u00e1c c\u1ee7a b\u1ea1n!<\/p>\n","protected":false},"author":470,"featured_media":7090,"parent":4452,"menu_order":1,"comment_status":"closed","ping_status":"closed","template":"template-default-4.php","meta":{"footnotes":""},"acf":[],"yoast_head":"<!-- This site is optimized with the Yoast SEO plugin v22.3 - https:\/\/yoast.com\/wordpress\/plugins\/seo\/ -->\n<title>L\u1edbp V\u1ebd Tranh - Ana Mandara Villas Dalat Resort &amp; Spa<\/title>\n<meta name=\"robots\" content=\"index, follow, max-snippet:-1, max-image-preview:large, max-video-preview:-1\" \/>\n<link rel=\"canonical\" href=\"https:\/\/anamandara-resort.com\/vi\/hoat-dong-dich-vu\/lop-ve-tranh\/\" \/>\n<meta property=\"og:locale\" content=\"vi_VN\" \/>\n<meta property=\"og:type\" content=\"article\" \/>\n<meta property=\"og:title\" content=\"L\u1edbp V\u1ebd Tranh - Ana Mandara Villas Dalat Resort &amp; Spa\" \/>\n<meta property=\"og:description\" content=\"\u0110\u00e3 \u0111\u1ebfn l\u00fac c\u1ea7m c\u1ecd l\u00ean v\u00e0 t\u1ea1o ra ki\u1ec7t t\u00e1c c\u1ee7a b\u1ea1n!\" \/>\n<meta property=\"og:url\" content=\"https:\/\/anamandara-resort.com\/vi\/hoat-dong-dich-vu\/lop-ve-tranh\/\" \/>\n<meta property=\"og:site_name\" content=\"Ana Mandara Villas Dalat Resort &amp; Spa\" \/>\n<meta property=\"article:modified_time\" content=\"2024-08-26T06:52:30+00:00\" \/>\n<meta property=\"og:image\" content=\"https:\/\/www.anamandara-resort.com\/wp-content\/uploads\/sites\/233\/2024\/06\/aa776f99-3a18-4aa0-8190-2d28f2b86bd0.jpg\" \/>\n\t<meta property=\"og:image:width\" content=\"1080\" \/>\n\t<meta property=\"og:image:height\" content=\"1080\" \/>\n\t<meta property=\"og:image:type\" content=\"image\/jpeg\" \/>\n<meta name=\"twitter:card\" content=\"summary_large_image\" \/>\n<script type=\"application\/ld+json\" class=\"yoast-schema-graph\">{\"@context\":\"https:\/\/schema.org\",\"@graph\":[{\"@type\":\"WebPage\",\"@id\":\"https:\/\/anamandara-resort.com\/vi\/hoat-dong-dich-vu\/lop-ve-tranh\/\",\"url\":\"https:\/\/anamandara-resort.com\/vi\/hoat-dong-dich-vu\/lop-ve-tranh\/\",\"name\":\"L\u1edbp V\u1ebd Tranh - Ana Mandara Villas Dalat Resort &amp; Spa\",\"isPartOf\":{\"@id\":\"https:\/\/anamandara-resort.com\/vi\/#website\"},\"primaryImageOfPage\":{\"@id\":\"https:\/\/anamandara-resort.com\/vi\/hoat-dong-dich-vu\/lop-ve-tranh\/#primaryimage\"},\"image\":{\"@id\":\"https:\/\/anamandara-resort.com\/vi\/hoat-dong-dich-vu\/lop-ve-tranh\/#primaryimage\"},\"thumbnailUrl\":\"https:\/\/www.anamandara-resort.com\/wp-content\/uploads\/sites\/233\/2024\/06\/aa776f99-3a18-4aa0-8190-2d28f2b86bd0.jpg\",\"datePublished\":\"2024-06-08T01:39:21+00:00\",\"dateModified\":\"2024-08-26T06:52:30+00:00\",\"breadcrumb\":{\"@id\":\"https:\/\/anamandara-resort.com\/vi\/hoat-dong-dich-vu\/lop-ve-tranh\/#breadcrumb\"},\"inLanguage\":\"vi-VN\",\"potentialAction\":[{\"@type\":\"ReadAction\",\"target\":[\"https:\/\/anamandara-resort.com\/vi\/hoat-dong-dich-vu\/lop-ve-tranh\/\"]}]},{\"@type\":\"ImageObject\",\"inLanguage\":\"vi-VN\",\"@id\":\"https:\/\/anamandara-resort.com\/vi\/hoat-dong-dich-vu\/lop-ve-tranh\/#primaryimage\",\"url\":\"https:\/\/www.anamandara-resort.com\/wp-content\/uploads\/sites\/233\/2024\/06\/aa776f99-3a18-4aa0-8190-2d28f2b86bd0.jpg\",\"contentUrl\":\"https:\/\/www.anamandara-resort.com\/wp-content\/uploads\/sites\/233\/2024\/06\/aa776f99-3a18-4aa0-8190-2d28f2b86bd0.jpg\",\"width\":1080,\"height\":1080},{\"@type\":\"BreadcrumbList\",\"@id\":\"https:\/\/anamandara-resort.com\/vi\/hoat-dong-dich-vu\/lop-ve-tranh\/#breadcrumb\",\"itemListElement\":[{\"@type\":\"ListItem\",\"position\":1,\"name\":\"Home\",\"item\":\"https:\/\/anamandara-resort.com\/vi\/\"},{\"@type\":\"ListItem\",\"position\":2,\"name\":\"Ho\u1ea1t \u0110\u1ed9ng v\u00e0 D\u1ecbch V\u1ee5\",\"item\":\"https:\/\/anamandara-resort.com\/vi\/hoat-dong-dich-vu\/\"},{\"@type\":\"ListItem\",\"position\":3,\"name\":\"L\u1edbp V\u1ebd Tranh\"}]},{\"@type\":\"WebSite\",\"@id\":\"https:\/\/anamandara-resort.com\/vi\/#website\",\"url\":\"https:\/\/anamandara-resort.com\/vi\/\",\"name\":\"Ana Mandara Villas Dalat Resort &amp; Spa\",\"description\":\"\",\"potentialAction\":[{\"@type\":\"SearchAction\",\"target\":{\"@type\":\"EntryPoint\",\"urlTemplate\":\"https:\/\/anamandara-resort.com\/vi\/?s={search_term_string}\"},\"query-input\":\"required name=search_term_string\"}],\"inLanguage\":\"vi-VN\"}]}<\/script>\n<!-- \/ Yoast SEO plugin. -->","yoast_head_json":{"title":"L\u1edbp V\u1ebd Tranh - Ana Mandara Villas Dalat Resort &amp; Spa","robots":{"index":"index","follow":"follow","max-snippet":"max-snippet:-1","max-image-preview":"max-image-preview:large","max-video-preview":"max-video-preview:-1"},"canonical":"https:\/\/anamandara-resort.com\/vi\/hoat-dong-dich-vu\/lop-ve-tranh\/","og_locale":"vi_VN","og_type":"article","og_title":"L\u1edbp V\u1ebd Tranh - Ana Mandara Villas Dalat Resort &amp; Spa","og_description":"\u0110\u00e3 \u0111\u1ebfn l\u00fac c\u1ea7m c\u1ecd l\u00ean v\u00e0 t\u1ea1o ra ki\u1ec7t t\u00e1c c\u1ee7a b\u1ea1n!","og_url":"https:\/\/anamandara-resort.com\/vi\/hoat-dong-dich-vu\/lop-ve-tranh\/","og_site_name":"Ana Mandara Villas Dalat Resort &amp; Spa","article_modified_time":"2024-08-26T06:52:30+00:00","og_image":[{"width":1080,"height":1080,"url":"https:\/\/www.anamandara-resort.com\/wp-content\/uploads\/sites\/233\/2024\/06\/aa776f99-3a18-4aa0-8190-2d28f2b86bd0.jpg","type":"image\/jpeg"}],"twitter_card":"summary_large_image","schema":{"@context":"https:\/\/schema.org","@graph":[{"@type":"WebPage","@id":"https:\/\/anamandara-resort.com\/vi\/hoat-dong-dich-vu\/lop-ve-tranh\/","url":"https:\/\/anamandara-resort.com\/vi\/hoat-dong-dich-vu\/lop-ve-tranh\/","name":"L\u1edbp V\u1ebd Tranh - Ana Mandara Villas Dalat Resort &amp; Spa","isPartOf":{"@id":"https:\/\/anamandara-resort.com\/vi\/#website"},"primaryImageOfPage":{"@id":"https:\/\/anamandara-resort.com\/vi\/hoat-dong-dich-vu\/lop-ve-tranh\/#primaryimage"},"image":{"@id":"https:\/\/anamandara-resort.com\/vi\/hoat-dong-dich-vu\/lop-ve-tranh\/#primaryimage"},"thumbnailUrl":"https:\/\/www.anamandara-resort.com\/wp-content\/uploads\/sites\/233\/2024\/06\/aa776f99-3a18-4aa0-8190-2d28f2b86bd0.jpg","datePublished":"2024-06-08T01:39:21+00:00","dateModified":"2024-08-26T06:52:30+00:00","breadcrumb":{"@id":"https:\/\/anamandara-resort.com\/vi\/hoat-dong-dich-vu\/lop-ve-tranh\/#breadcrumb"},"inLanguage":"vi-VN","potentialAction":[{"@type":"ReadAction","target":["https:\/\/anamandara-resort.com\/vi\/hoat-dong-dich-vu\/lop-ve-tranh\/"]}]},{"@type":"ImageObject","inLanguage":"vi-VN","@id":"https:\/\/anamandara-resort.com\/vi\/hoat-dong-dich-vu\/lop-ve-tranh\/#primaryimage","url":"https:\/\/www.anamandara-resort.com\/wp-content\/uploads\/sites\/233\/2024\/06\/aa776f99-3a18-4aa0-8190-2d28f2b86bd0.jpg","contentUrl":"https:\/\/www.anamandara-resort.com\/wp-content\/uploads\/sites\/233\/2024\/06\/aa776f99-3a18-4aa0-8190-2d28f2b86bd0.jpg","width":1080,"height":1080},{"@type":"BreadcrumbList","@id":"https:\/\/anamandara-resort.com\/vi\/hoat-dong-dich-vu\/lop-ve-tranh\/#breadcrumb","itemListElement":[{"@type":"ListItem","position":1,"name":"Home","item":"https:\/\/anamandara-resort.com\/vi\/"},{"@type":"ListItem","position":2,"name":"Ho\u1ea1t \u0110\u1ed9ng v\u00e0 D\u1ecbch V\u1ee5","item":"https:\/\/anamandara-resort.com\/vi\/hoat-dong-dich-vu\/"},{"@type":"ListItem","position":3,"name":"L\u1edbp V\u1ebd Tranh"}]},{"@type":"WebSite","@id":"https:\/\/anamandara-resort.com\/vi\/#website","url":"https:\/\/anamandara-resort.com\/vi\/","name":"Ana Mandara Villas Dalat Resort &amp; Spa","description":"","potentialAction":[{"@type":"SearchAction","target":{"@type":"EntryPoint","urlTemplate":"https:\/\/anamandara-resort.com\/vi\/?s={search_term_string}"},"query-input":"required name=search_term_string"}],"inLanguage":"vi-VN"}]}},"_links":{"self":[{"href":"https:\/\/anamandara-resort.com\/vi\/wp-json\/wp\/v2\/pages\/7097"}],"collection":[{"href":"https:\/\/anamandara-resort.com\/vi\/wp-json\/wp\/v2\/pages"}],"about":[{"href":"https:\/\/anamandara-resort.com\/vi\/wp-json\/wp\/v2\/types\/page"}],"author":[{"embeddable":true,"href":"https:\/\/anamandara-resort.com\/vi\/wp-json\/wp\/v2\/users\/470"}],"replies":[{"embeddable":true,"href":"https:\/\/anamandara-resort.com\/vi\/wp-json\/wp\/v2\/comments?post=7097"}],"version-history":[{"count":0,"href":"https:\/\/anamandara-resort.com\/vi\/wp-json\/wp\/v2\/pages\/7097\/revisions"}],"up":[{"embeddable":true,"href":"https:\/\/anamandara-resort.com\/vi\/wp-json\/wp\/v2\/pages\/4452"}],"wp:featuredmedia":[{"embeddable":true,"href":"https:\/\/anamandara-resort.com\/vi\/wp-json\/wp\/v2\/media\/7090"}],"wp:attachment":[{"href":"https:\/\/anamandara-resort.com\/vi\/wp-json\/wp\/v2\/media?parent=7097"}],"curies":[{"name":"wp","href":"https:\/\/api.w.org\/{rel}","templated":true}]}}