{"id":7102,"date":"2024-06-10T08:23:20","date_gmt":"2024-06-10T08:23:20","guid":{"rendered":"https:\/\/anamandara-resort.com\/?page_id=7102"},"modified":"2025-07-22T02:54:32","modified_gmt":"2025-07-22T02:54:32","slug":"ana-mandara-suite","status":"publish","type":"page","link":"https:\/\/anamandara-resort.com\/vi\/rooms-suites\/ana-mandara-suite\/","title":{"rendered":"Ana Mandara Suite"},"content":{"rendered":"<p style=\"text-align: center\">\u0110\u1eafm m\u00ecnh trong v\u1ebb \u0111\u1eb9p quy\u1ebfn r\u0169 tinh t\u1ebf c\u1ee7a h\u1ea1ng ph\u00f2ng \u0111\u1eb7c bi\u1ec7t Ana Mandara Suite c\u1ee7a ch\u00fang t\u00f4i ngay t\u1ea1i Bi\u1ec7t th\u1ef1 s\u1ed1 6.<\/p>\n<p style=\"text-align: center\">Tr\u1ea3i r\u1ed9ng tr\u00ean 70m2, v\u1edbi view to\u00e0n c\u1ea3nh h\u01b0\u1edbng th\u00e0nh ph\u1ed1, Ana Suite to\u00e1t l\u00ean v\u1ebb sang tr\u1ecdng v\u00e0 tinh t\u1ebf. H\u00e0nh lang l\u1edbn d\u1eabn \u0111\u1ebfn khu v\u1ef1c ti\u1ebfp kh\u00e1ch ri\u00eang, ph\u00f2ng ng\u1ee7 r\u1ed9ng r\u00e3i, l\u00f2 s\u01b0\u1edfi truy\u1ec1n th\u1ed1ng, b\u00e0n l\u00e0m vi\u1ec7c v\u00e0 b\u00e0n trang \u0111i\u1ec3m c\u00f3 s\u1eb5n. Ph\u00f2ng t\u1eafm trang nh\u00e3 v\u1edbi b\u1ed3n r\u1eeda \u0111\u00f4i, v\u00f2i sen ri\u00eang bi\u1ec7t v\u00e0 b\u1ed3n t\u1eafm \u0111\u1ec3 b\u1ea1n ng\u00e2m m\u00ecnh th\u01b0 gi\u00e3n sau m\u1ed9t ng\u00e0y kh\u00e1m ph\u00e1.<\/p>\n","protected":false},"excerpt":{"rendered":"<p>\u0110\u1eafm m\u00ecnh trong v\u1ebb \u0111\u1eb9p quy\u1ebfn r\u0169 tinh t\u1ebf c\u1ee7a h\u1ea1ng ph\u00f2ng \u0111\u1eb7c bi\u1ec7t Ana Mandara Suite c\u1ee7a ch\u00fang t\u00f4i ngay t\u1ea1i Bi\u1ec7t th\u1ef1 s\u1ed1 6. Tr\u1ea3i r\u1ed9ng tr\u00ean 70m2, v\u1edbi view to\u00e0n c\u1ea3nh h\u01b0\u1edbng th\u00e0nh ph\u1ed1, Ana Suite to\u00e1t l\u00ean v\u1ebb sang tr\u1ecdng v\u00e0 tinh t\u1ebf. H\u00e0nh lang l\u1edbn d\u1eabn \u0111\u1ebfn khu v\u1ef1c ti\u1ebfp [&hellip;]<\/p>\n","protected":false},"author":470,"featured_media":8853,"parent":304,"menu_order":5,"comment_status":"closed","ping_status":"closed","template":"template-single-room.php","meta":{"footnotes":""},"acf":[],"yoast_head":"<!-- This site is optimized with the Yoast SEO plugin v22.3 - https:\/\/yoast.com\/wordpress\/plugins\/seo\/ -->\n<title>Ana Mandara Suite - Ana Mandara Villas Dalat Resort &amp; Spa<\/title>\n<meta name=\"robots\" content=\"index, follow, max-snippet:-1, max-image-preview:large, max-video-preview:-1\" \/>\n<link rel=\"canonical\" href=\"https:\/\/anamandara-resort.com\/vi\/rooms-suites\/ana-mandara-suite\/\" \/>\n<meta property=\"og:locale\" content=\"vi_VN\" \/>\n<meta property=\"og:type\" content=\"article\" \/>\n<meta property=\"og:title\" content=\"Ana Mandara Suite - Ana Mandara Villas Dalat Resort &amp; Spa\" \/>\n<meta property=\"og:description\" content=\"\u0110\u1eafm m\u00ecnh trong v\u1ebb \u0111\u1eb9p quy\u1ebfn r\u0169 tinh t\u1ebf c\u1ee7a h\u1ea1ng ph\u00f2ng \u0111\u1eb7c bi\u1ec7t Ana Mandara Suite c\u1ee7a ch\u00fang t\u00f4i ngay t\u1ea1i Bi\u1ec7t th\u1ef1 s\u1ed1 6. Tr\u1ea3i r\u1ed9ng tr\u00ean 70m2, v\u1edbi view to\u00e0n c\u1ea3nh h\u01b0\u1edbng th\u00e0nh ph\u1ed1, Ana Suite to\u00e1t l\u00ean v\u1ebb sang tr\u1ecdng v\u00e0 tinh t\u1ebf. H\u00e0nh lang l\u1edbn d\u1eabn \u0111\u1ebfn khu v\u1ef1c ti\u1ebfp [&hellip;]\" \/>\n<meta property=\"og:url\" content=\"https:\/\/anamandara-resort.com\/vi\/rooms-suites\/ana-mandara-suite\/\" \/>\n<meta property=\"og:site_name\" content=\"Ana Mandara Villas Dalat Resort &amp; Spa\" \/>\n<meta property=\"article:modified_time\" content=\"2025-07-22T02:54:32+00:00\" \/>\n<meta property=\"og:image\" content=\"https:\/\/www.anamandara-resort.com\/wp-content\/uploads\/sites\/233\/2025\/07\/ANA-SUITE-606-11.jpg\" \/>\n\t<meta property=\"og:image:width\" content=\"1920\" \/>\n\t<meta property=\"og:image:height\" content=\"1280\" \/>\n\t<meta property=\"og:image:type\" content=\"image\/jpeg\" \/>\n<meta name=\"twitter:card\" content=\"summary_large_image\" \/>\n<meta name=\"twitter:label1\" content=\"Est. reading time\" \/>\n\t<meta name=\"twitter:data1\" content=\"1 minute\" \/>\n<script type=\"application\/ld+json\" class=\"yoast-schema-graph\">{\"@context\":\"https:\/\/schema.org\",\"@graph\":[{\"@type\":\"WebPage\",\"@id\":\"https:\/\/anamandara-resort.com\/vi\/rooms-suites\/ana-mandara-suite\/\",\"url\":\"https:\/\/anamandara-resort.com\/vi\/rooms-suites\/ana-mandara-suite\/\",\"name\":\"Ana Mandara Suite - Ana Mandara Villas Dalat Resort &amp; Spa\",\"isPartOf\":{\"@id\":\"https:\/\/anamandara-resort.com\/vi\/#website\"},\"primaryImageOfPage\":{\"@id\":\"https:\/\/anamandara-resort.com\/vi\/rooms-suites\/ana-mandara-suite\/#primaryimage\"},\"image\":{\"@id\":\"https:\/\/anamandara-resort.com\/vi\/rooms-suites\/ana-mandara-suite\/#primaryimage\"},\"thumbnailUrl\":\"https:\/\/www.anamandara-resort.com\/wp-content\/uploads\/sites\/233\/2025\/07\/ANA-SUITE-606-11.jpg\",\"datePublished\":\"2024-06-10T08:23:20+00:00\",\"dateModified\":\"2025-07-22T02:54:32+00:00\",\"breadcrumb\":{\"@id\":\"https:\/\/anamandara-resort.com\/vi\/rooms-suites\/ana-mandara-suite\/#breadcrumb\"},\"inLanguage\":\"vi-VN\",\"potentialAction\":[{\"@type\":\"ReadAction\",\"target\":[\"https:\/\/anamandara-resort.com\/vi\/rooms-suites\/ana-mandara-suite\/\"]}]},{\"@type\":\"ImageObject\",\"inLanguage\":\"vi-VN\",\"@id\":\"https:\/\/anamandara-resort.com\/vi\/rooms-suites\/ana-mandara-suite\/#primaryimage\",\"url\":\"https:\/\/www.anamandara-resort.com\/wp-content\/uploads\/sites\/233\/2025\/07\/ANA-SUITE-606-11.jpg\",\"contentUrl\":\"https:\/\/www.anamandara-resort.com\/wp-content\/uploads\/sites\/233\/2025\/07\/ANA-SUITE-606-11.jpg\",\"width\":1920,\"height\":1280,\"caption\":\"ANA SUITE\"},{\"@type\":\"BreadcrumbList\",\"@id\":\"https:\/\/anamandara-resort.com\/vi\/rooms-suites\/ana-mandara-suite\/#breadcrumb\",\"itemListElement\":[{\"@type\":\"ListItem\",\"position\":1,\"name\":\"Home\",\"item\":\"https:\/\/anamandara-resort.com\/vi\/\"},{\"@type\":\"ListItem\",\"position\":2,\"name\":\"Ph\u00f2ng Ngh\u1ec9\",\"item\":\"https:\/\/anamandara-resort.com\/vi\/rooms-suites\/\"},{\"@type\":\"ListItem\",\"position\":3,\"name\":\"Ana Mandara Suite\"}]},{\"@type\":\"WebSite\",\"@id\":\"https:\/\/anamandara-resort.com\/vi\/#website\",\"url\":\"https:\/\/anamandara-resort.com\/vi\/\",\"name\":\"Ana Mandara Villas Dalat Resort &amp; Spa\",\"description\":\"\",\"potentialAction\":[{\"@type\":\"SearchAction\",\"target\":{\"@type\":\"EntryPoint\",\"urlTemplate\":\"https:\/\/anamandara-resort.com\/vi\/?s={search_term_string}\"},\"query-input\":\"required name=search_term_string\"}],\"inLanguage\":\"vi-VN\"}]}<\/script>\n<!-- \/ Yoast SEO plugin. -->","yoast_head_json":{"title":"Ana Mandara Suite - Ana Mandara Villas Dalat Resort &amp; Spa","robots":{"index":"index","follow":"follow","max-snippet":"max-snippet:-1","max-image-preview":"max-image-preview:large","max-video-preview":"max-video-preview:-1"},"canonical":"https:\/\/anamandara-resort.com\/vi\/rooms-suites\/ana-mandara-suite\/","og_locale":"vi_VN","og_type":"article","og_title":"Ana Mandara Suite - Ana Mandara Villas Dalat Resort &amp; Spa","og_description":"\u0110\u1eafm m\u00ecnh trong v\u1ebb \u0111\u1eb9p quy\u1ebfn r\u0169 tinh t\u1ebf c\u1ee7a h\u1ea1ng ph\u00f2ng \u0111\u1eb7c bi\u1ec7t Ana Mandara Suite c\u1ee7a ch\u00fang t\u00f4i ngay t\u1ea1i Bi\u1ec7t th\u1ef1 s\u1ed1 6. Tr\u1ea3i r\u1ed9ng tr\u00ean 70m2, v\u1edbi view to\u00e0n c\u1ea3nh h\u01b0\u1edbng th\u00e0nh ph\u1ed1, Ana Suite to\u00e1t l\u00ean v\u1ebb sang tr\u1ecdng v\u00e0 tinh t\u1ebf. H\u00e0nh lang l\u1edbn d\u1eabn \u0111\u1ebfn khu v\u1ef1c ti\u1ebfp [&hellip;]","og_url":"https:\/\/anamandara-resort.com\/vi\/rooms-suites\/ana-mandara-suite\/","og_site_name":"Ana Mandara Villas Dalat Resort &amp; Spa","article_modified_time":"2025-07-22T02:54:32+00:00","og_image":[{"width":1920,"height":1280,"url":"https:\/\/www.anamandara-resort.com\/wp-content\/uploads\/sites\/233\/2025\/07\/ANA-SUITE-606-11.jpg","type":"image\/jpeg"}],"twitter_card":"summary_large_image","twitter_misc":{"Est. reading time":"1 minute"},"schema":{"@context":"https:\/\/schema.org","@graph":[{"@type":"WebPage","@id":"https:\/\/anamandara-resort.com\/vi\/rooms-suites\/ana-mandara-suite\/","url":"https:\/\/anamandara-resort.com\/vi\/rooms-suites\/ana-mandara-suite\/","name":"Ana Mandara Suite - Ana Mandara Villas Dalat Resort &amp; Spa","isPartOf":{"@id":"https:\/\/anamandara-resort.com\/vi\/#website"},"primaryImageOfPage":{"@id":"https:\/\/anamandara-resort.com\/vi\/rooms-suites\/ana-mandara-suite\/#primaryimage"},"image":{"@id":"https:\/\/anamandara-resort.com\/vi\/rooms-suites\/ana-mandara-suite\/#primaryimage"},"thumbnailUrl":"https:\/\/www.anamandara-resort.com\/wp-content\/uploads\/sites\/233\/2025\/07\/ANA-SUITE-606-11.jpg","datePublished":"2024-06-10T08:23:20+00:00","dateModified":"2025-07-22T02:54:32+00:00","breadcrumb":{"@id":"https:\/\/anamandara-resort.com\/vi\/rooms-suites\/ana-mandara-suite\/#breadcrumb"},"inLanguage":"vi-VN","potentialAction":[{"@type":"ReadAction","target":["https:\/\/anamandara-resort.com\/vi\/rooms-suites\/ana-mandara-suite\/"]}]},{"@type":"ImageObject","inLanguage":"vi-VN","@id":"https:\/\/anamandara-resort.com\/vi\/rooms-suites\/ana-mandara-suite\/#primaryimage","url":"https:\/\/www.anamandara-resort.com\/wp-content\/uploads\/sites\/233\/2025\/07\/ANA-SUITE-606-11.jpg","contentUrl":"https:\/\/www.anamandara-resort.com\/wp-content\/uploads\/sites\/233\/2025\/07\/ANA-SUITE-606-11.jpg","width":1920,"height":1280,"caption":"ANA SUITE"},{"@type":"BreadcrumbList","@id":"https:\/\/anamandara-resort.com\/vi\/rooms-suites\/ana-mandara-suite\/#breadcrumb","itemListElement":[{"@type":"ListItem","position":1,"name":"Home","item":"https:\/\/anamandara-resort.com\/vi\/"},{"@type":"ListItem","position":2,"name":"Ph\u00f2ng Ngh\u1ec9","item":"https:\/\/anamandara-resort.com\/vi\/rooms-suites\/"},{"@type":"ListItem","position":3,"name":"Ana Mandara Suite"}]},{"@type":"WebSite","@id":"https:\/\/anamandara-resort.com\/vi\/#website","url":"https:\/\/anamandara-resort.com\/vi\/","name":"Ana Mandara Villas Dalat Resort &amp; Spa","description":"","potentialAction":[{"@type":"SearchAction","target":{"@type":"EntryPoint","urlTemplate":"https:\/\/anamandara-resort.com\/vi\/?s={search_term_string}"},"query-input":"required name=search_term_string"}],"inLanguage":"vi-VN"}]}},"_links":{"self":[{"href":"https:\/\/anamandara-resort.com\/vi\/wp-json\/wp\/v2\/pages\/7102"}],"collection":[{"href":"https:\/\/anamandara-resort.com\/vi\/wp-json\/wp\/v2\/pages"}],"about":[{"href":"https:\/\/anamandara-resort.com\/vi\/wp-json\/wp\/v2\/types\/page"}],"author":[{"embeddable":true,"href":"https:\/\/anamandara-resort.com\/vi\/wp-json\/wp\/v2\/users\/470"}],"replies":[{"embeddable":true,"href":"https:\/\/anamandara-resort.com\/vi\/wp-json\/wp\/v2\/comments?post=7102"}],"version-history":[{"count":0,"href":"https:\/\/anamandara-resort.com\/vi\/wp-json\/wp\/v2\/pages\/7102\/revisions"}],"up":[{"embeddable":true,"href":"https:\/\/anamandara-resort.com\/vi\/wp-json\/wp\/v2\/pages\/304"}],"wp:featuredmedia":[{"embeddable":true,"href":"https:\/\/anamandara-resort.com\/vi\/wp-json\/wp\/v2\/media\/8853"}],"wp:attachment":[{"href":"https:\/\/anamandara-resort.com\/vi\/wp-json\/wp\/v2\/media?parent=7102"}],"curies":[{"name":"wp","href":"https:\/\/api.w.org\/{rel}","templated":true}]}}