{"id":7904,"date":"2025-01-14T05:15:37","date_gmt":"2025-01-14T05:15:37","guid":{"rendered":"https:\/\/anamandara-resort.com\/?page_id=7904"},"modified":"2025-02-04T05:44:07","modified_gmt":"2025-02-04T05:44:07","slug":"in-the-heart-of-romance","status":"publish","type":"page","link":"https:\/\/anamandara-resort.com\/vi\/offers\/in-the-heart-of-romance\/","title":{"rendered":"In the Heart of Romance"},"content":{"rendered":"<p style=\"text-align: center\"><strong>K\u1ef3 ngh\u1ec9 l\u00e3ng m\u1ea1n cho c\u1eb7p \u0111\u00f4i<\/strong><\/p>\n<p style=\"text-align: center\">T\u1eadn h\u01b0\u1edfng k\u1ef3 ngh\u1ec9 l\u00e3ng m\u1ea1n nh\u01b0 thi\u00ean \u0111\u01b0\u1eddng c\u00f9ng ng\u01b0\u1eddi th\u01b0\u01a1ng trong ng\u00e0y L\u1ec5 T\u00ecnh Nh\u00e2n!<\/p>\n<p style=\"text-align: center\">G\u00f3i \u0111\u1eb7c bi\u1ec7t c\u1ee7a ch\u00fang t\u00f4i l\u00e0 l\u1ef1a ch\u1ecdn ho\u00e0n h\u1ea3o cho m\u1ed9t k\u1ef3 ngh\u1ec9 l\u00e3ng m\u1ea1n cho hai ng\u01b0\u1eddi.<\/p>\n","protected":false},"excerpt":{"rendered":"<p>K\u1ef3 ngh\u1ec9 l\u00e3ng m\u1ea1n cho c\u1eb7p \u0111\u00f4i T\u1eadn h\u01b0\u1edfng k\u1ef3 ngh\u1ec9 l\u00e3ng m\u1ea1n nh\u01b0 thi\u00ean \u0111\u01b0\u1eddng c\u00f9ng ng\u01b0\u1eddi th\u01b0\u01a1ng trong ng\u00e0y L\u1ec5 T\u00ecnh Nh\u00e2n! G\u00f3i \u0111\u1eb7c bi\u1ec7t c\u1ee7a ch\u00fang t\u00f4i l\u00e0 l\u1ef1a ch\u1ecdn ho\u00e0n h\u1ea3o cho m\u1ed9t k\u1ef3 ngh\u1ec9 l\u00e3ng m\u1ea1n cho hai ng\u01b0\u1eddi.<\/p>\n","protected":false},"author":470,"featured_media":7907,"parent":302,"menu_order":0,"comment_status":"closed","ping_status":"closed","template":"template-default-4.php","meta":{"footnotes":""},"acf":[],"yoast_head":"<!-- This site is optimized with the Yoast SEO plugin v22.3 - https:\/\/yoast.com\/wordpress\/plugins\/seo\/ -->\n<title>In the Heart of Romance - Ana Mandara Villas Dalat Resort &amp; Spa<\/title>\n<meta name=\"robots\" content=\"index, follow, max-snippet:-1, max-image-preview:large, max-video-preview:-1\" \/>\n<link rel=\"canonical\" href=\"https:\/\/anamandara-resort.com\/vi\/offers\/in-the-heart-of-romance\/\" \/>\n<meta property=\"og:locale\" content=\"vi_VN\" \/>\n<meta property=\"og:type\" content=\"article\" \/>\n<meta property=\"og:title\" content=\"In the Heart of Romance - Ana Mandara Villas Dalat Resort &amp; Spa\" \/>\n<meta property=\"og:description\" content=\"K\u1ef3 ngh\u1ec9 l\u00e3ng m\u1ea1n cho c\u1eb7p \u0111\u00f4i T\u1eadn h\u01b0\u1edfng k\u1ef3 ngh\u1ec9 l\u00e3ng m\u1ea1n nh\u01b0 thi\u00ean \u0111\u01b0\u1eddng c\u00f9ng ng\u01b0\u1eddi th\u01b0\u01a1ng trong ng\u00e0y L\u1ec5 T\u00ecnh Nh\u00e2n! G\u00f3i \u0111\u1eb7c bi\u1ec7t c\u1ee7a ch\u00fang t\u00f4i l\u00e0 l\u1ef1a ch\u1ecdn ho\u00e0n h\u1ea3o cho m\u1ed9t k\u1ef3 ngh\u1ec9 l\u00e3ng m\u1ea1n cho hai ng\u01b0\u1eddi.\" \/>\n<meta property=\"og:url\" content=\"https:\/\/anamandara-resort.com\/vi\/offers\/in-the-heart-of-romance\/\" \/>\n<meta property=\"og:site_name\" content=\"Ana Mandara Villas Dalat Resort &amp; Spa\" \/>\n<meta property=\"article:modified_time\" content=\"2025-02-04T05:44:07+00:00\" \/>\n<meta property=\"og:image\" content=\"https:\/\/www.anamandara-resort.com\/wp-content\/uploads\/sites\/233\/2025\/01\/Insta.png\" \/>\n\t<meta property=\"og:image:width\" content=\"1\" \/>\n\t<meta property=\"og:image:height\" content=\"1\" \/>\n\t<meta property=\"og:image:type\" content=\"image\/png\" \/>\n<meta name=\"twitter:card\" content=\"summary_large_image\" \/>\n<meta name=\"twitter:label1\" content=\"Est. reading time\" \/>\n\t<meta name=\"twitter:data1\" content=\"1 minute\" \/>\n<script type=\"application\/ld+json\" class=\"yoast-schema-graph\">{\"@context\":\"https:\/\/schema.org\",\"@graph\":[{\"@type\":\"WebPage\",\"@id\":\"https:\/\/anamandara-resort.com\/vi\/offers\/in-the-heart-of-romance\/\",\"url\":\"https:\/\/anamandara-resort.com\/vi\/offers\/in-the-heart-of-romance\/\",\"name\":\"In the Heart of Romance - Ana Mandara Villas Dalat Resort &amp; Spa\",\"isPartOf\":{\"@id\":\"https:\/\/anamandara-resort.com\/vi\/#website\"},\"primaryImageOfPage\":{\"@id\":\"https:\/\/anamandara-resort.com\/vi\/offers\/in-the-heart-of-romance\/#primaryimage\"},\"image\":{\"@id\":\"https:\/\/anamandara-resort.com\/vi\/offers\/in-the-heart-of-romance\/#primaryimage\"},\"thumbnailUrl\":\"https:\/\/www.anamandara-resort.com\/wp-content\/uploads\/sites\/233\/2025\/01\/Insta.png\",\"datePublished\":\"2025-01-14T05:15:37+00:00\",\"dateModified\":\"2025-02-04T05:44:07+00:00\",\"breadcrumb\":{\"@id\":\"https:\/\/anamandara-resort.com\/vi\/offers\/in-the-heart-of-romance\/#breadcrumb\"},\"inLanguage\":\"vi-VN\",\"potentialAction\":[{\"@type\":\"ReadAction\",\"target\":[\"https:\/\/anamandara-resort.com\/vi\/offers\/in-the-heart-of-romance\/\"]}]},{\"@type\":\"ImageObject\",\"inLanguage\":\"vi-VN\",\"@id\":\"https:\/\/anamandara-resort.com\/vi\/offers\/in-the-heart-of-romance\/#primaryimage\",\"url\":\"https:\/\/www.anamandara-resort.com\/wp-content\/uploads\/sites\/233\/2025\/01\/Insta.png\",\"contentUrl\":\"https:\/\/www.anamandara-resort.com\/wp-content\/uploads\/sites\/233\/2025\/01\/Insta.png\"},{\"@type\":\"BreadcrumbList\",\"@id\":\"https:\/\/anamandara-resort.com\/vi\/offers\/in-the-heart-of-romance\/#breadcrumb\",\"itemListElement\":[{\"@type\":\"ListItem\",\"position\":1,\"name\":\"Home\",\"item\":\"https:\/\/anamandara-resort.com\/vi\/\"},{\"@type\":\"ListItem\",\"position\":2,\"name\":\"\u01afu \u0110\u00e3i\",\"item\":\"https:\/\/anamandara-resort.com\/vi\/offers\/\"},{\"@type\":\"ListItem\",\"position\":3,\"name\":\"In the Heart of Romance\"}]},{\"@type\":\"WebSite\",\"@id\":\"https:\/\/anamandara-resort.com\/vi\/#website\",\"url\":\"https:\/\/anamandara-resort.com\/vi\/\",\"name\":\"Ana Mandara Villas Dalat Resort &amp; Spa\",\"description\":\"\",\"potentialAction\":[{\"@type\":\"SearchAction\",\"target\":{\"@type\":\"EntryPoint\",\"urlTemplate\":\"https:\/\/anamandara-resort.com\/vi\/?s={search_term_string}\"},\"query-input\":\"required name=search_term_string\"}],\"inLanguage\":\"vi-VN\"}]}<\/script>\n<!-- \/ Yoast SEO plugin. -->","yoast_head_json":{"title":"In the Heart of Romance - Ana Mandara Villas Dalat Resort &amp; Spa","robots":{"index":"index","follow":"follow","max-snippet":"max-snippet:-1","max-image-preview":"max-image-preview:large","max-video-preview":"max-video-preview:-1"},"canonical":"https:\/\/anamandara-resort.com\/vi\/offers\/in-the-heart-of-romance\/","og_locale":"vi_VN","og_type":"article","og_title":"In the Heart of Romance - Ana Mandara Villas Dalat Resort &amp; Spa","og_description":"K\u1ef3 ngh\u1ec9 l\u00e3ng m\u1ea1n cho c\u1eb7p \u0111\u00f4i T\u1eadn h\u01b0\u1edfng k\u1ef3 ngh\u1ec9 l\u00e3ng m\u1ea1n nh\u01b0 thi\u00ean \u0111\u01b0\u1eddng c\u00f9ng ng\u01b0\u1eddi th\u01b0\u01a1ng trong ng\u00e0y L\u1ec5 T\u00ecnh Nh\u00e2n! G\u00f3i \u0111\u1eb7c bi\u1ec7t c\u1ee7a ch\u00fang t\u00f4i l\u00e0 l\u1ef1a ch\u1ecdn ho\u00e0n h\u1ea3o cho m\u1ed9t k\u1ef3 ngh\u1ec9 l\u00e3ng m\u1ea1n cho hai ng\u01b0\u1eddi.","og_url":"https:\/\/anamandara-resort.com\/vi\/offers\/in-the-heart-of-romance\/","og_site_name":"Ana Mandara Villas Dalat Resort &amp; Spa","article_modified_time":"2025-02-04T05:44:07+00:00","og_image":[{"url":"https:\/\/www.anamandara-resort.com\/wp-content\/uploads\/sites\/233\/2025\/01\/Insta.png","width":1,"height":1,"type":"image\/png"}],"twitter_card":"summary_large_image","twitter_misc":{"Est. reading time":"1 minute"},"schema":{"@context":"https:\/\/schema.org","@graph":[{"@type":"WebPage","@id":"https:\/\/anamandara-resort.com\/vi\/offers\/in-the-heart-of-romance\/","url":"https:\/\/anamandara-resort.com\/vi\/offers\/in-the-heart-of-romance\/","name":"In the Heart of Romance - Ana Mandara Villas Dalat Resort &amp; Spa","isPartOf":{"@id":"https:\/\/anamandara-resort.com\/vi\/#website"},"primaryImageOfPage":{"@id":"https:\/\/anamandara-resort.com\/vi\/offers\/in-the-heart-of-romance\/#primaryimage"},"image":{"@id":"https:\/\/anamandara-resort.com\/vi\/offers\/in-the-heart-of-romance\/#primaryimage"},"thumbnailUrl":"https:\/\/www.anamandara-resort.com\/wp-content\/uploads\/sites\/233\/2025\/01\/Insta.png","datePublished":"2025-01-14T05:15:37+00:00","dateModified":"2025-02-04T05:44:07+00:00","breadcrumb":{"@id":"https:\/\/anamandara-resort.com\/vi\/offers\/in-the-heart-of-romance\/#breadcrumb"},"inLanguage":"vi-VN","potentialAction":[{"@type":"ReadAction","target":["https:\/\/anamandara-resort.com\/vi\/offers\/in-the-heart-of-romance\/"]}]},{"@type":"ImageObject","inLanguage":"vi-VN","@id":"https:\/\/anamandara-resort.com\/vi\/offers\/in-the-heart-of-romance\/#primaryimage","url":"https:\/\/www.anamandara-resort.com\/wp-content\/uploads\/sites\/233\/2025\/01\/Insta.png","contentUrl":"https:\/\/www.anamandara-resort.com\/wp-content\/uploads\/sites\/233\/2025\/01\/Insta.png"},{"@type":"BreadcrumbList","@id":"https:\/\/anamandara-resort.com\/vi\/offers\/in-the-heart-of-romance\/#breadcrumb","itemListElement":[{"@type":"ListItem","position":1,"name":"Home","item":"https:\/\/anamandara-resort.com\/vi\/"},{"@type":"ListItem","position":2,"name":"\u01afu \u0110\u00e3i","item":"https:\/\/anamandara-resort.com\/vi\/offers\/"},{"@type":"ListItem","position":3,"name":"In the Heart of Romance"}]},{"@type":"WebSite","@id":"https:\/\/anamandara-resort.com\/vi\/#website","url":"https:\/\/anamandara-resort.com\/vi\/","name":"Ana Mandara Villas Dalat Resort &amp; Spa","description":"","potentialAction":[{"@type":"SearchAction","target":{"@type":"EntryPoint","urlTemplate":"https:\/\/anamandara-resort.com\/vi\/?s={search_term_string}"},"query-input":"required name=search_term_string"}],"inLanguage":"vi-VN"}]}},"_links":{"self":[{"href":"https:\/\/anamandara-resort.com\/vi\/wp-json\/wp\/v2\/pages\/7904"}],"collection":[{"href":"https:\/\/anamandara-resort.com\/vi\/wp-json\/wp\/v2\/pages"}],"about":[{"href":"https:\/\/anamandara-resort.com\/vi\/wp-json\/wp\/v2\/types\/page"}],"author":[{"embeddable":true,"href":"https:\/\/anamandara-resort.com\/vi\/wp-json\/wp\/v2\/users\/470"}],"replies":[{"embeddable":true,"href":"https:\/\/anamandara-resort.com\/vi\/wp-json\/wp\/v2\/comments?post=7904"}],"version-history":[{"count":0,"href":"https:\/\/anamandara-resort.com\/vi\/wp-json\/wp\/v2\/pages\/7904\/revisions"}],"up":[{"embeddable":true,"href":"https:\/\/anamandara-resort.com\/vi\/wp-json\/wp\/v2\/pages\/302"}],"wp:featuredmedia":[{"embeddable":true,"href":"https:\/\/anamandara-resort.com\/vi\/wp-json\/wp\/v2\/media\/7907"}],"wp:attachment":[{"href":"https:\/\/anamandara-resort.com\/vi\/wp-json\/wp\/v2\/media?parent=7904"}],"curies":[{"name":"wp","href":"https:\/\/api.w.org\/{rel}","templated":true}]}}