{"id":8349,"date":"2025-05-19T13:02:11","date_gmt":"2025-05-19T13:02:11","guid":{"rendered":"https:\/\/anamandara-resort.com\/?page_id=8349"},"modified":"2025-05-20T04:34:16","modified_gmt":"2025-05-20T04:34:16","slug":"khoanh-khac-ben-nguoi-than","status":"publish","type":"page","link":"https:\/\/anamandara-resort.com\/vi\/offers\/khoanh-khac-ben-nguoi-than\/","title":{"rendered":"KHO\u1ea2NH KH\u1eaeC B\u00caN NG\u01af\u1edcI TH\u00c2N"},"content":{"rendered":"<p style=\"text-align: center\">M\u00f9a h\u00e8 n\u00e0y, c\u00f9ng gia \u0111\u00ecnh ngh\u1ec9 d\u01b0\u1ee1ng trong bi\u1ec7t th\u1ef1 Ph\u00e1p c\u1ed5, th\u01b0 gi\u00e3n t\u1ea1i La Cochinchine Spa, v\u00e0 th\u01b0\u1edfng th\u1ee9c \u1ea9m th\u1ef1c t\u1ea1i nh\u00e0 h\u00e0ng Le Petit \u2013 \u0111\u1ec3 l\u01b0u gi\u1eef k\u1ef7 ni\u1ec7m tr\u1ecdn v\u1eb9n y\u00eau th\u01b0\u01a1ng.<\/p>\n","protected":false},"excerpt":{"rendered":"<p>M\u00f9a h\u00e8 n\u00e0y, c\u00f9ng gia \u0111\u00ecnh ngh\u1ec9 d\u01b0\u1ee1ng trong bi\u1ec7t th\u1ef1 Ph\u00e1p c\u1ed5, th\u01b0 gi\u00e3n t\u1ea1i La Cochinchine Spa, v\u00e0 th\u01b0\u1edfng th\u1ee9c \u1ea9m th\u1ef1c t\u1ea1i nh\u00e0 h\u00e0ng Le Petit \u2013 \u0111\u1ec3 l\u01b0u gi\u1eef k\u1ef7 ni\u1ec7m tr\u1ecdn v\u1eb9n y\u00eau th\u01b0\u01a1ng.<\/p>\n","protected":false},"author":470,"featured_media":8376,"parent":302,"menu_order":0,"comment_status":"closed","ping_status":"closed","template":"template-default-4.php","meta":{"footnotes":""},"acf":[],"yoast_head":"<!-- This site is optimized with the Yoast SEO plugin v22.3 - https:\/\/yoast.com\/wordpress\/plugins\/seo\/ -->\n<title>KHO\u1ea2NH KH\u1eaeC B\u00caN NG\u01af\u1edcI TH\u00c2N - Ana Mandara Villas Dalat Resort &amp; Spa<\/title>\n<meta name=\"robots\" content=\"index, follow, max-snippet:-1, max-image-preview:large, max-video-preview:-1\" \/>\n<link rel=\"canonical\" href=\"https:\/\/anamandara-resort.com\/vi\/offers\/khoanh-khac-ben-nguoi-than\/\" \/>\n<meta property=\"og:locale\" content=\"vi_VN\" \/>\n<meta property=\"og:type\" content=\"article\" \/>\n<meta property=\"og:title\" content=\"KHO\u1ea2NH KH\u1eaeC B\u00caN NG\u01af\u1edcI TH\u00c2N - Ana Mandara Villas Dalat Resort &amp; Spa\" \/>\n<meta property=\"og:description\" content=\"M\u00f9a h\u00e8 n\u00e0y, c\u00f9ng gia \u0111\u00ecnh ngh\u1ec9 d\u01b0\u1ee1ng trong bi\u1ec7t th\u1ef1 Ph\u00e1p c\u1ed5, th\u01b0 gi\u00e3n t\u1ea1i La Cochinchine Spa, v\u00e0 th\u01b0\u1edfng th\u1ee9c \u1ea9m th\u1ef1c t\u1ea1i nh\u00e0 h\u00e0ng Le Petit \u2013 \u0111\u1ec3 l\u01b0u gi\u1eef k\u1ef7 ni\u1ec7m tr\u1ecdn v\u1eb9n y\u00eau th\u01b0\u01a1ng.\" \/>\n<meta property=\"og:url\" content=\"https:\/\/anamandara-resort.com\/vi\/offers\/khoanh-khac-ben-nguoi-than\/\" \/>\n<meta property=\"og:site_name\" content=\"Ana Mandara Villas Dalat Resort &amp; Spa\" \/>\n<meta property=\"article:modified_time\" content=\"2025-05-20T04:34:16+00:00\" \/>\n<meta property=\"og:image\" content=\"https:\/\/www.anamandara-resort.com\/wp-content\/uploads\/sites\/233\/2025\/05\/family-package-edit.jpg\" \/>\n\t<meta property=\"og:image:width\" content=\"2200\" \/>\n\t<meta property=\"og:image:height\" content=\"2200\" \/>\n\t<meta property=\"og:image:type\" content=\"image\/jpeg\" \/>\n<meta name=\"twitter:card\" content=\"summary_large_image\" \/>\n<meta name=\"twitter:label1\" content=\"Est. reading time\" \/>\n\t<meta name=\"twitter:data1\" content=\"1 minute\" \/>\n<script type=\"application\/ld+json\" class=\"yoast-schema-graph\">{\"@context\":\"https:\/\/schema.org\",\"@graph\":[{\"@type\":\"WebPage\",\"@id\":\"https:\/\/anamandara-resort.com\/vi\/offers\/khoanh-khac-ben-nguoi-than\/\",\"url\":\"https:\/\/anamandara-resort.com\/vi\/offers\/khoanh-khac-ben-nguoi-than\/\",\"name\":\"KHO\u1ea2NH KH\u1eaeC B\u00caN NG\u01af\u1edcI TH\u00c2N - Ana Mandara Villas Dalat Resort &amp; Spa\",\"isPartOf\":{\"@id\":\"https:\/\/anamandara-resort.com\/vi\/#website\"},\"primaryImageOfPage\":{\"@id\":\"https:\/\/anamandara-resort.com\/vi\/offers\/khoanh-khac-ben-nguoi-than\/#primaryimage\"},\"image\":{\"@id\":\"https:\/\/anamandara-resort.com\/vi\/offers\/khoanh-khac-ben-nguoi-than\/#primaryimage\"},\"thumbnailUrl\":\"https:\/\/www.anamandara-resort.com\/wp-content\/uploads\/sites\/233\/2025\/05\/family-package-edit.jpg\",\"datePublished\":\"2025-05-19T13:02:11+00:00\",\"dateModified\":\"2025-05-20T04:34:16+00:00\",\"breadcrumb\":{\"@id\":\"https:\/\/anamandara-resort.com\/vi\/offers\/khoanh-khac-ben-nguoi-than\/#breadcrumb\"},\"inLanguage\":\"vi-VN\",\"potentialAction\":[{\"@type\":\"ReadAction\",\"target\":[\"https:\/\/anamandara-resort.com\/vi\/offers\/khoanh-khac-ben-nguoi-than\/\"]}]},{\"@type\":\"ImageObject\",\"inLanguage\":\"vi-VN\",\"@id\":\"https:\/\/anamandara-resort.com\/vi\/offers\/khoanh-khac-ben-nguoi-than\/#primaryimage\",\"url\":\"https:\/\/www.anamandara-resort.com\/wp-content\/uploads\/sites\/233\/2025\/05\/family-package-edit.jpg\",\"contentUrl\":\"https:\/\/www.anamandara-resort.com\/wp-content\/uploads\/sites\/233\/2025\/05\/family-package-edit.jpg\",\"width\":2200,\"height\":2200},{\"@type\":\"BreadcrumbList\",\"@id\":\"https:\/\/anamandara-resort.com\/vi\/offers\/khoanh-khac-ben-nguoi-than\/#breadcrumb\",\"itemListElement\":[{\"@type\":\"ListItem\",\"position\":1,\"name\":\"Home\",\"item\":\"https:\/\/anamandara-resort.com\/vi\/\"},{\"@type\":\"ListItem\",\"position\":2,\"name\":\"\u01afu \u0110\u00e3i\",\"item\":\"https:\/\/anamandara-resort.com\/vi\/offers\/\"},{\"@type\":\"ListItem\",\"position\":3,\"name\":\"KHO\u1ea2NH KH\u1eaeC B\u00caN NG\u01af\u1edcI TH\u00c2N\"}]},{\"@type\":\"WebSite\",\"@id\":\"https:\/\/anamandara-resort.com\/vi\/#website\",\"url\":\"https:\/\/anamandara-resort.com\/vi\/\",\"name\":\"Ana Mandara Villas Dalat Resort &amp; Spa\",\"description\":\"\",\"potentialAction\":[{\"@type\":\"SearchAction\",\"target\":{\"@type\":\"EntryPoint\",\"urlTemplate\":\"https:\/\/anamandara-resort.com\/vi\/?s={search_term_string}\"},\"query-input\":\"required name=search_term_string\"}],\"inLanguage\":\"vi-VN\"}]}<\/script>\n<!-- \/ Yoast SEO plugin. -->","yoast_head_json":{"title":"KHO\u1ea2NH KH\u1eaeC B\u00caN NG\u01af\u1edcI TH\u00c2N - Ana Mandara Villas Dalat Resort &amp; Spa","robots":{"index":"index","follow":"follow","max-snippet":"max-snippet:-1","max-image-preview":"max-image-preview:large","max-video-preview":"max-video-preview:-1"},"canonical":"https:\/\/anamandara-resort.com\/vi\/offers\/khoanh-khac-ben-nguoi-than\/","og_locale":"vi_VN","og_type":"article","og_title":"KHO\u1ea2NH KH\u1eaeC B\u00caN NG\u01af\u1edcI TH\u00c2N - Ana Mandara Villas Dalat Resort &amp; Spa","og_description":"M\u00f9a h\u00e8 n\u00e0y, c\u00f9ng gia \u0111\u00ecnh ngh\u1ec9 d\u01b0\u1ee1ng trong bi\u1ec7t th\u1ef1 Ph\u00e1p c\u1ed5, th\u01b0 gi\u00e3n t\u1ea1i La Cochinchine Spa, v\u00e0 th\u01b0\u1edfng th\u1ee9c \u1ea9m th\u1ef1c t\u1ea1i nh\u00e0 h\u00e0ng Le Petit \u2013 \u0111\u1ec3 l\u01b0u gi\u1eef k\u1ef7 ni\u1ec7m tr\u1ecdn v\u1eb9n y\u00eau th\u01b0\u01a1ng.","og_url":"https:\/\/anamandara-resort.com\/vi\/offers\/khoanh-khac-ben-nguoi-than\/","og_site_name":"Ana Mandara Villas Dalat Resort &amp; Spa","article_modified_time":"2025-05-20T04:34:16+00:00","og_image":[{"width":2200,"height":2200,"url":"https:\/\/www.anamandara-resort.com\/wp-content\/uploads\/sites\/233\/2025\/05\/family-package-edit.jpg","type":"image\/jpeg"}],"twitter_card":"summary_large_image","twitter_misc":{"Est. reading time":"1 minute"},"schema":{"@context":"https:\/\/schema.org","@graph":[{"@type":"WebPage","@id":"https:\/\/anamandara-resort.com\/vi\/offers\/khoanh-khac-ben-nguoi-than\/","url":"https:\/\/anamandara-resort.com\/vi\/offers\/khoanh-khac-ben-nguoi-than\/","name":"KHO\u1ea2NH KH\u1eaeC B\u00caN NG\u01af\u1edcI TH\u00c2N - Ana Mandara Villas Dalat Resort &amp; Spa","isPartOf":{"@id":"https:\/\/anamandara-resort.com\/vi\/#website"},"primaryImageOfPage":{"@id":"https:\/\/anamandara-resort.com\/vi\/offers\/khoanh-khac-ben-nguoi-than\/#primaryimage"},"image":{"@id":"https:\/\/anamandara-resort.com\/vi\/offers\/khoanh-khac-ben-nguoi-than\/#primaryimage"},"thumbnailUrl":"https:\/\/www.anamandara-resort.com\/wp-content\/uploads\/sites\/233\/2025\/05\/family-package-edit.jpg","datePublished":"2025-05-19T13:02:11+00:00","dateModified":"2025-05-20T04:34:16+00:00","breadcrumb":{"@id":"https:\/\/anamandara-resort.com\/vi\/offers\/khoanh-khac-ben-nguoi-than\/#breadcrumb"},"inLanguage":"vi-VN","potentialAction":[{"@type":"ReadAction","target":["https:\/\/anamandara-resort.com\/vi\/offers\/khoanh-khac-ben-nguoi-than\/"]}]},{"@type":"ImageObject","inLanguage":"vi-VN","@id":"https:\/\/anamandara-resort.com\/vi\/offers\/khoanh-khac-ben-nguoi-than\/#primaryimage","url":"https:\/\/www.anamandara-resort.com\/wp-content\/uploads\/sites\/233\/2025\/05\/family-package-edit.jpg","contentUrl":"https:\/\/www.anamandara-resort.com\/wp-content\/uploads\/sites\/233\/2025\/05\/family-package-edit.jpg","width":2200,"height":2200},{"@type":"BreadcrumbList","@id":"https:\/\/anamandara-resort.com\/vi\/offers\/khoanh-khac-ben-nguoi-than\/#breadcrumb","itemListElement":[{"@type":"ListItem","position":1,"name":"Home","item":"https:\/\/anamandara-resort.com\/vi\/"},{"@type":"ListItem","position":2,"name":"\u01afu \u0110\u00e3i","item":"https:\/\/anamandara-resort.com\/vi\/offers\/"},{"@type":"ListItem","position":3,"name":"KHO\u1ea2NH KH\u1eaeC B\u00caN NG\u01af\u1edcI TH\u00c2N"}]},{"@type":"WebSite","@id":"https:\/\/anamandara-resort.com\/vi\/#website","url":"https:\/\/anamandara-resort.com\/vi\/","name":"Ana Mandara Villas Dalat Resort &amp; Spa","description":"","potentialAction":[{"@type":"SearchAction","target":{"@type":"EntryPoint","urlTemplate":"https:\/\/anamandara-resort.com\/vi\/?s={search_term_string}"},"query-input":"required name=search_term_string"}],"inLanguage":"vi-VN"}]}},"_links":{"self":[{"href":"https:\/\/anamandara-resort.com\/vi\/wp-json\/wp\/v2\/pages\/8349"}],"collection":[{"href":"https:\/\/anamandara-resort.com\/vi\/wp-json\/wp\/v2\/pages"}],"about":[{"href":"https:\/\/anamandara-resort.com\/vi\/wp-json\/wp\/v2\/types\/page"}],"author":[{"embeddable":true,"href":"https:\/\/anamandara-resort.com\/vi\/wp-json\/wp\/v2\/users\/470"}],"replies":[{"embeddable":true,"href":"https:\/\/anamandara-resort.com\/vi\/wp-json\/wp\/v2\/comments?post=8349"}],"version-history":[{"count":0,"href":"https:\/\/anamandara-resort.com\/vi\/wp-json\/wp\/v2\/pages\/8349\/revisions"}],"up":[{"embeddable":true,"href":"https:\/\/anamandara-resort.com\/vi\/wp-json\/wp\/v2\/pages\/302"}],"wp:featuredmedia":[{"embeddable":true,"href":"https:\/\/anamandara-resort.com\/vi\/wp-json\/wp\/v2\/media\/8376"}],"wp:attachment":[{"href":"https:\/\/anamandara-resort.com\/vi\/wp-json\/wp\/v2\/media?parent=8349"}],"curies":[{"name":"wp","href":"https:\/\/api.w.org\/{rel}","templated":true}]}}