{"id":9060,"date":"2025-07-25T09:32:12","date_gmt":"2025-07-25T09:32:12","guid":{"rendered":"https:\/\/anamandara-resort.com\/?page_id=9060"},"modified":"2025-07-25T09:35:53","modified_gmt":"2025-07-25T09:35:53","slug":"uu-dai-dat-phong-som","status":"publish","type":"page","link":"https:\/\/anamandara-resort.com\/vi\/offers\/uu-dai-dat-phong-som\/","title":{"rendered":"\u01afU \u0110\u00c3I \u0110\u1eb6T PH\u00d2NG S\u1edaM"},"content":{"rendered":"<p style=\"text-align: center\"><span style=\"font-weight: 400\">K\u1ef3 ngh\u1ec9 trong m\u01a1 b\u1eaft \u0111\u1ea7u t\u1eeb s\u1ef1 chu\u1ea9n b\u1ecb tinh t\u1ebf. \u0110\u1eb7t ph\u00f2ng tr\u01b0\u1edbc 15 ng\u00e0y \u0111\u1ec3 nh\u1eadn 15% \u01b0u \u0111\u00e3i v\u00e0 t\u1eadn h\u01b0\u1edfng nh\u1eefng \u0111\u1eb7c quy\u1ec1n d\u00e0nh ri\u00eang cho b\u1ea1n t\u1ea1i Ana Mandara Villas Dalat, n\u01a1i nh\u1eefng ng\u00e0y \u0111\u1eb9p nh\u1ea5t \u0111ang ch\u1edd \u0111\u01b0\u1ee3c vi\u1ebft n\u00ean gi\u1eefa r\u1eebng th\u00f4ng \u0110\u00e0 L\u1ea1t.<\/span><\/p>\n","protected":false},"excerpt":{"rendered":"<p>K\u1ef3 ngh\u1ec9 trong m\u01a1 b\u1eaft \u0111\u1ea7u t\u1eeb s\u1ef1 chu\u1ea9n b\u1ecb tinh t\u1ebf. \u0110\u1eb7t ph\u00f2ng tr\u01b0\u1edbc 15 ng\u00e0y \u0111\u1ec3 nh\u1eadn 15% \u01b0u \u0111\u00e3i v\u00e0 t\u1eadn h\u01b0\u1edfng nh\u1eefng \u0111\u1eb7c quy\u1ec1n d\u00e0nh ri\u00eang cho b\u1ea1n t\u1ea1i Ana Mandara Villas Dalat, n\u01a1i nh\u1eefng ng\u00e0y \u0111\u1eb9p nh\u1ea5t \u0111ang ch\u1edd \u0111\u01b0\u1ee3c vi\u1ebft n\u00ean gi\u1eefa r\u1eebng th\u00f4ng \u0110\u00e0 L\u1ea1t.<\/p>\n","protected":false},"author":470,"featured_media":9076,"parent":302,"menu_order":0,"comment_status":"closed","ping_status":"closed","template":"template-default-4.php","meta":{"footnotes":""},"acf":[],"yoast_head":"<!-- This site is optimized with the Yoast SEO plugin v22.3 - https:\/\/yoast.com\/wordpress\/plugins\/seo\/ -->\n<title>\u01afU \u0110\u00c3I \u0110\u1eb6T PH\u00d2NG S\u1edaM - Ana Mandara Villas Dalat Resort &amp; Spa<\/title>\n<meta name=\"robots\" content=\"index, follow, max-snippet:-1, max-image-preview:large, max-video-preview:-1\" \/>\n<link rel=\"canonical\" href=\"https:\/\/anamandara-resort.com\/vi\/offers\/uu-dai-dat-phong-som\/\" \/>\n<meta property=\"og:locale\" content=\"vi_VN\" \/>\n<meta property=\"og:type\" content=\"article\" \/>\n<meta property=\"og:title\" content=\"\u01afU \u0110\u00c3I \u0110\u1eb6T PH\u00d2NG S\u1edaM - Ana Mandara Villas Dalat Resort &amp; Spa\" \/>\n<meta property=\"og:description\" content=\"K\u1ef3 ngh\u1ec9 trong m\u01a1 b\u1eaft \u0111\u1ea7u t\u1eeb s\u1ef1 chu\u1ea9n b\u1ecb tinh t\u1ebf. \u0110\u1eb7t ph\u00f2ng tr\u01b0\u1edbc 15 ng\u00e0y \u0111\u1ec3 nh\u1eadn 15% \u01b0u \u0111\u00e3i v\u00e0 t\u1eadn h\u01b0\u1edfng nh\u1eefng \u0111\u1eb7c quy\u1ec1n d\u00e0nh ri\u00eang cho b\u1ea1n t\u1ea1i Ana Mandara Villas Dalat, n\u01a1i nh\u1eefng ng\u00e0y \u0111\u1eb9p nh\u1ea5t \u0111ang ch\u1edd \u0111\u01b0\u1ee3c vi\u1ebft n\u00ean gi\u1eefa r\u1eebng th\u00f4ng \u0110\u00e0 L\u1ea1t.\" \/>\n<meta property=\"og:url\" content=\"https:\/\/anamandara-resort.com\/vi\/offers\/uu-dai-dat-phong-som\/\" \/>\n<meta property=\"og:site_name\" content=\"Ana Mandara Villas Dalat Resort &amp; Spa\" \/>\n<meta property=\"article:modified_time\" content=\"2025-07-25T09:35:53+00:00\" \/>\n<meta property=\"og:image\" content=\"https:\/\/www.anamandara-resort.com\/wp-content\/uploads\/sites\/233\/2025\/07\/4-600x600-1-1024x1024.png\" \/>\n\t<meta property=\"og:image:width\" content=\"1024\" \/>\n\t<meta property=\"og:image:height\" content=\"1024\" \/>\n\t<meta property=\"og:image:type\" content=\"image\/png\" \/>\n<meta name=\"twitter:card\" content=\"summary_large_image\" \/>\n<meta name=\"twitter:label1\" content=\"Est. reading time\" \/>\n\t<meta name=\"twitter:data1\" content=\"1 minute\" \/>\n<script type=\"application\/ld+json\" class=\"yoast-schema-graph\">{\"@context\":\"https:\/\/schema.org\",\"@graph\":[{\"@type\":\"WebPage\",\"@id\":\"https:\/\/anamandara-resort.com\/vi\/offers\/uu-dai-dat-phong-som\/\",\"url\":\"https:\/\/anamandara-resort.com\/vi\/offers\/uu-dai-dat-phong-som\/\",\"name\":\"\u01afU \u0110\u00c3I \u0110\u1eb6T PH\u00d2NG S\u1edaM - Ana Mandara Villas Dalat Resort &amp; Spa\",\"isPartOf\":{\"@id\":\"https:\/\/anamandara-resort.com\/vi\/#website\"},\"primaryImageOfPage\":{\"@id\":\"https:\/\/anamandara-resort.com\/vi\/offers\/uu-dai-dat-phong-som\/#primaryimage\"},\"image\":{\"@id\":\"https:\/\/anamandara-resort.com\/vi\/offers\/uu-dai-dat-phong-som\/#primaryimage\"},\"thumbnailUrl\":\"https:\/\/www.anamandara-resort.com\/wp-content\/uploads\/sites\/233\/2025\/07\/4-600x600-1.png\",\"datePublished\":\"2025-07-25T09:32:12+00:00\",\"dateModified\":\"2025-07-25T09:35:53+00:00\",\"breadcrumb\":{\"@id\":\"https:\/\/anamandara-resort.com\/vi\/offers\/uu-dai-dat-phong-som\/#breadcrumb\"},\"inLanguage\":\"vi-VN\",\"potentialAction\":[{\"@type\":\"ReadAction\",\"target\":[\"https:\/\/anamandara-resort.com\/vi\/offers\/uu-dai-dat-phong-som\/\"]}]},{\"@type\":\"ImageObject\",\"inLanguage\":\"vi-VN\",\"@id\":\"https:\/\/anamandara-resort.com\/vi\/offers\/uu-dai-dat-phong-som\/#primaryimage\",\"url\":\"https:\/\/www.anamandara-resort.com\/wp-content\/uploads\/sites\/233\/2025\/07\/4-600x600-1.png\",\"contentUrl\":\"https:\/\/www.anamandara-resort.com\/wp-content\/uploads\/sites\/233\/2025\/07\/4-600x600-1.png\",\"width\":2200,\"height\":2200},{\"@type\":\"BreadcrumbList\",\"@id\":\"https:\/\/anamandara-resort.com\/vi\/offers\/uu-dai-dat-phong-som\/#breadcrumb\",\"itemListElement\":[{\"@type\":\"ListItem\",\"position\":1,\"name\":\"Home\",\"item\":\"https:\/\/anamandara-resort.com\/vi\/\"},{\"@type\":\"ListItem\",\"position\":2,\"name\":\"\u01afu \u0110\u00e3i\",\"item\":\"https:\/\/anamandara-resort.com\/vi\/offers\/\"},{\"@type\":\"ListItem\",\"position\":3,\"name\":\"\u01afU \u0110\u00c3I \u0110\u1eb6T PH\u00d2NG S\u1edaM\"}]},{\"@type\":\"WebSite\",\"@id\":\"https:\/\/anamandara-resort.com\/vi\/#website\",\"url\":\"https:\/\/anamandara-resort.com\/vi\/\",\"name\":\"Ana Mandara Villas Dalat Resort &amp; Spa\",\"description\":\"\",\"potentialAction\":[{\"@type\":\"SearchAction\",\"target\":{\"@type\":\"EntryPoint\",\"urlTemplate\":\"https:\/\/anamandara-resort.com\/vi\/?s={search_term_string}\"},\"query-input\":\"required name=search_term_string\"}],\"inLanguage\":\"vi-VN\"}]}<\/script>\n<!-- \/ Yoast SEO plugin. -->","yoast_head_json":{"title":"\u01afU \u0110\u00c3I \u0110\u1eb6T PH\u00d2NG S\u1edaM - Ana Mandara Villas Dalat Resort &amp; Spa","robots":{"index":"index","follow":"follow","max-snippet":"max-snippet:-1","max-image-preview":"max-image-preview:large","max-video-preview":"max-video-preview:-1"},"canonical":"https:\/\/anamandara-resort.com\/vi\/offers\/uu-dai-dat-phong-som\/","og_locale":"vi_VN","og_type":"article","og_title":"\u01afU \u0110\u00c3I \u0110\u1eb6T PH\u00d2NG S\u1edaM - Ana Mandara Villas Dalat Resort &amp; Spa","og_description":"K\u1ef3 ngh\u1ec9 trong m\u01a1 b\u1eaft \u0111\u1ea7u t\u1eeb s\u1ef1 chu\u1ea9n b\u1ecb tinh t\u1ebf. \u0110\u1eb7t ph\u00f2ng tr\u01b0\u1edbc 15 ng\u00e0y \u0111\u1ec3 nh\u1eadn 15% \u01b0u \u0111\u00e3i v\u00e0 t\u1eadn h\u01b0\u1edfng nh\u1eefng \u0111\u1eb7c quy\u1ec1n d\u00e0nh ri\u00eang cho b\u1ea1n t\u1ea1i Ana Mandara Villas Dalat, n\u01a1i nh\u1eefng ng\u00e0y \u0111\u1eb9p nh\u1ea5t \u0111ang ch\u1edd \u0111\u01b0\u1ee3c vi\u1ebft n\u00ean gi\u1eefa r\u1eebng th\u00f4ng \u0110\u00e0 L\u1ea1t.","og_url":"https:\/\/anamandara-resort.com\/vi\/offers\/uu-dai-dat-phong-som\/","og_site_name":"Ana Mandara Villas Dalat Resort &amp; Spa","article_modified_time":"2025-07-25T09:35:53+00:00","og_image":[{"width":1024,"height":1024,"url":"https:\/\/www.anamandara-resort.com\/wp-content\/uploads\/sites\/233\/2025\/07\/4-600x600-1-1024x1024.png","type":"image\/png"}],"twitter_card":"summary_large_image","twitter_misc":{"Est. reading time":"1 minute"},"schema":{"@context":"https:\/\/schema.org","@graph":[{"@type":"WebPage","@id":"https:\/\/anamandara-resort.com\/vi\/offers\/uu-dai-dat-phong-som\/","url":"https:\/\/anamandara-resort.com\/vi\/offers\/uu-dai-dat-phong-som\/","name":"\u01afU \u0110\u00c3I \u0110\u1eb6T PH\u00d2NG S\u1edaM - Ana Mandara Villas Dalat Resort &amp; Spa","isPartOf":{"@id":"https:\/\/anamandara-resort.com\/vi\/#website"},"primaryImageOfPage":{"@id":"https:\/\/anamandara-resort.com\/vi\/offers\/uu-dai-dat-phong-som\/#primaryimage"},"image":{"@id":"https:\/\/anamandara-resort.com\/vi\/offers\/uu-dai-dat-phong-som\/#primaryimage"},"thumbnailUrl":"https:\/\/www.anamandara-resort.com\/wp-content\/uploads\/sites\/233\/2025\/07\/4-600x600-1.png","datePublished":"2025-07-25T09:32:12+00:00","dateModified":"2025-07-25T09:35:53+00:00","breadcrumb":{"@id":"https:\/\/anamandara-resort.com\/vi\/offers\/uu-dai-dat-phong-som\/#breadcrumb"},"inLanguage":"vi-VN","potentialAction":[{"@type":"ReadAction","target":["https:\/\/anamandara-resort.com\/vi\/offers\/uu-dai-dat-phong-som\/"]}]},{"@type":"ImageObject","inLanguage":"vi-VN","@id":"https:\/\/anamandara-resort.com\/vi\/offers\/uu-dai-dat-phong-som\/#primaryimage","url":"https:\/\/www.anamandara-resort.com\/wp-content\/uploads\/sites\/233\/2025\/07\/4-600x600-1.png","contentUrl":"https:\/\/www.anamandara-resort.com\/wp-content\/uploads\/sites\/233\/2025\/07\/4-600x600-1.png","width":2200,"height":2200},{"@type":"BreadcrumbList","@id":"https:\/\/anamandara-resort.com\/vi\/offers\/uu-dai-dat-phong-som\/#breadcrumb","itemListElement":[{"@type":"ListItem","position":1,"name":"Home","item":"https:\/\/anamandara-resort.com\/vi\/"},{"@type":"ListItem","position":2,"name":"\u01afu \u0110\u00e3i","item":"https:\/\/anamandara-resort.com\/vi\/offers\/"},{"@type":"ListItem","position":3,"name":"\u01afU \u0110\u00c3I \u0110\u1eb6T PH\u00d2NG S\u1edaM"}]},{"@type":"WebSite","@id":"https:\/\/anamandara-resort.com\/vi\/#website","url":"https:\/\/anamandara-resort.com\/vi\/","name":"Ana Mandara Villas Dalat Resort &amp; Spa","description":"","potentialAction":[{"@type":"SearchAction","target":{"@type":"EntryPoint","urlTemplate":"https:\/\/anamandara-resort.com\/vi\/?s={search_term_string}"},"query-input":"required name=search_term_string"}],"inLanguage":"vi-VN"}]}},"_links":{"self":[{"href":"https:\/\/anamandara-resort.com\/vi\/wp-json\/wp\/v2\/pages\/9060"}],"collection":[{"href":"https:\/\/anamandara-resort.com\/vi\/wp-json\/wp\/v2\/pages"}],"about":[{"href":"https:\/\/anamandara-resort.com\/vi\/wp-json\/wp\/v2\/types\/page"}],"author":[{"embeddable":true,"href":"https:\/\/anamandara-resort.com\/vi\/wp-json\/wp\/v2\/users\/470"}],"replies":[{"embeddable":true,"href":"https:\/\/anamandara-resort.com\/vi\/wp-json\/wp\/v2\/comments?post=9060"}],"version-history":[{"count":0,"href":"https:\/\/anamandara-resort.com\/vi\/wp-json\/wp\/v2\/pages\/9060\/revisions"}],"up":[{"embeddable":true,"href":"https:\/\/anamandara-resort.com\/vi\/wp-json\/wp\/v2\/pages\/302"}],"wp:featuredmedia":[{"embeddable":true,"href":"https:\/\/anamandara-resort.com\/vi\/wp-json\/wp\/v2\/media\/9076"}],"wp:attachment":[{"href":"https:\/\/anamandara-resort.com\/vi\/wp-json\/wp\/v2\/media?parent=9060"}],"curies":[{"name":"wp","href":"https:\/\/api.w.org\/{rel}","templated":true}]}}