{"id":9777,"date":"2025-11-26T07:34:09","date_gmt":"2025-11-26T07:34:09","guid":{"rendered":"https:\/\/anamandara-resort.com\/?page_id=9777"},"modified":"2025-11-26T12:32:50","modified_gmt":"2025-11-26T12:32:50","slug":"a-timless-year-end-soiree","status":"publish","type":"page","link":"https:\/\/anamandara-resort.com\/vi\/offers\/a-timless-year-end-soiree\/","title":{"rendered":"A TIMLESS YEAR-END SOIR\u00c9E"},"content":{"rendered":"<p style=\"text-align: center\"><span style=\"font-weight: 400\">T\u1ee5 h\u1ecdp &#8211; Ch\u00fac m\u1eebng &#8211; T\u1ecfa s\u00e1ng <\/span><\/p>\n<p style=\"text-align: center\">\u01afu \u0111\u00e3i \u0111\u1ed9c quy\u1ec1n m\u00f9a cu\u1ed1i n\u0103m<\/p>\n<p><!--StartFragment --><\/p>\n<p><!--EndFragment --><\/p>\n","protected":false},"excerpt":{"rendered":"<p>T\u1ee5 h\u1ecdp &#8211; Ch\u00fac m\u1eebng &#8211; T\u1ecfa s\u00e1ng \u01afu \u0111\u00e3i \u0111\u1ed9c quy\u1ec1n m\u00f9a cu\u1ed1i n\u0103m<\/p>\n","protected":false},"author":470,"featured_media":9790,"parent":302,"menu_order":0,"comment_status":"closed","ping_status":"closed","template":"template-default-4.php","meta":{"footnotes":""},"acf":[],"yoast_head":"<!-- This site is optimized with the Yoast SEO plugin v22.3 - https:\/\/yoast.com\/wordpress\/plugins\/seo\/ -->\n<title>A TIMLESS YEAR-END SOIR\u00c9E - Ana Mandara Villas Dalat Resort &amp; Spa<\/title>\n<meta name=\"description\" content=\"Ana Mandara Villas Dalat Resort &amp; Spa - N\u01a1i nh\u1eefng gi\u1ea5c m\u01a1 m\u00f9a thu l\u1eb7ng l\u1ebd \u0111\u01b0\u1ee3c ch\u1ea1m \u0111\u1ebfn.\" \/>\n<meta name=\"robots\" content=\"index, follow, max-snippet:-1, max-image-preview:large, max-video-preview:-1\" \/>\n<link rel=\"canonical\" href=\"https:\/\/anamandara-resort.com\/vi\/offers\/a-timless-year-end-soiree\/\" \/>\n<meta property=\"og:locale\" content=\"vi_VN\" \/>\n<meta property=\"og:type\" content=\"article\" \/>\n<meta property=\"og:title\" content=\"A TIMLESS YEAR-END SOIR\u00c9E - Ana Mandara Villas Dalat Resort &amp; Spa\" \/>\n<meta property=\"og:description\" content=\"Ana Mandara Villas Dalat Resort &amp; Spa - N\u01a1i nh\u1eefng gi\u1ea5c m\u01a1 m\u00f9a thu l\u1eb7ng l\u1ebd \u0111\u01b0\u1ee3c ch\u1ea1m \u0111\u1ebfn.\" \/>\n<meta property=\"og:url\" content=\"https:\/\/anamandara-resort.com\/vi\/offers\/a-timless-year-end-soiree\/\" \/>\n<meta property=\"og:site_name\" content=\"Ana Mandara Villas Dalat Resort &amp; Spa\" \/>\n<meta property=\"article:modified_time\" content=\"2025-11-26T12:32:50+00:00\" \/>\n<meta property=\"og:image\" content=\"https:\/\/www.anamandara-resort.com\/wp-content\/uploads\/sites\/233\/2025\/11\/311795714_189789490196310_4189925032448073422_n-1024x682.png\" \/>\n\t<meta property=\"og:image:width\" content=\"1024\" \/>\n\t<meta property=\"og:image:height\" content=\"682\" \/>\n\t<meta property=\"og:image:type\" content=\"image\/png\" \/>\n<meta name=\"twitter:card\" content=\"summary_large_image\" \/>\n<meta name=\"twitter:label1\" content=\"Est. reading time\" \/>\n\t<meta name=\"twitter:data1\" content=\"1 minute\" \/>\n<script type=\"application\/ld+json\" class=\"yoast-schema-graph\">{\"@context\":\"https:\/\/schema.org\",\"@graph\":[{\"@type\":\"WebPage\",\"@id\":\"https:\/\/anamandara-resort.com\/vi\/offers\/a-timless-year-end-soiree\/\",\"url\":\"https:\/\/anamandara-resort.com\/vi\/offers\/a-timless-year-end-soiree\/\",\"name\":\"A TIMLESS YEAR-END SOIR\u00c9E - Ana Mandara Villas Dalat Resort &amp; Spa\",\"isPartOf\":{\"@id\":\"https:\/\/anamandara-resort.com\/vi\/#website\"},\"primaryImageOfPage\":{\"@id\":\"https:\/\/anamandara-resort.com\/vi\/offers\/a-timless-year-end-soiree\/#primaryimage\"},\"image\":{\"@id\":\"https:\/\/anamandara-resort.com\/vi\/offers\/a-timless-year-end-soiree\/#primaryimage\"},\"thumbnailUrl\":\"https:\/\/www.anamandara-resort.com\/wp-content\/uploads\/sites\/233\/2025\/11\/311795714_189789490196310_4189925032448073422_n.png\",\"datePublished\":\"2025-11-26T07:34:09+00:00\",\"dateModified\":\"2025-11-26T12:32:50+00:00\",\"description\":\"Ana Mandara Villas Dalat Resort & Spa - N\u01a1i nh\u1eefng gi\u1ea5c m\u01a1 m\u00f9a thu l\u1eb7ng l\u1ebd \u0111\u01b0\u1ee3c ch\u1ea1m \u0111\u1ebfn.\",\"breadcrumb\":{\"@id\":\"https:\/\/anamandara-resort.com\/vi\/offers\/a-timless-year-end-soiree\/#breadcrumb\"},\"inLanguage\":\"vi-VN\",\"potentialAction\":[{\"@type\":\"ReadAction\",\"target\":[\"https:\/\/anamandara-resort.com\/vi\/offers\/a-timless-year-end-soiree\/\"]}]},{\"@type\":\"ImageObject\",\"inLanguage\":\"vi-VN\",\"@id\":\"https:\/\/anamandara-resort.com\/vi\/offers\/a-timless-year-end-soiree\/#primaryimage\",\"url\":\"https:\/\/www.anamandara-resort.com\/wp-content\/uploads\/sites\/233\/2025\/11\/311795714_189789490196310_4189925032448073422_n.png\",\"contentUrl\":\"https:\/\/www.anamandara-resort.com\/wp-content\/uploads\/sites\/233\/2025\/11\/311795714_189789490196310_4189925032448073422_n.png\",\"width\":2048,\"height\":1363},{\"@type\":\"BreadcrumbList\",\"@id\":\"https:\/\/anamandara-resort.com\/vi\/offers\/a-timless-year-end-soiree\/#breadcrumb\",\"itemListElement\":[{\"@type\":\"ListItem\",\"position\":1,\"name\":\"Home\",\"item\":\"https:\/\/anamandara-resort.com\/vi\/\"},{\"@type\":\"ListItem\",\"position\":2,\"name\":\"\u01afu \u0110\u00e3i\",\"item\":\"https:\/\/anamandara-resort.com\/vi\/offers\/\"},{\"@type\":\"ListItem\",\"position\":3,\"name\":\"A TIMLESS YEAR-END SOIR\u00c9E\"}]},{\"@type\":\"WebSite\",\"@id\":\"https:\/\/anamandara-resort.com\/vi\/#website\",\"url\":\"https:\/\/anamandara-resort.com\/vi\/\",\"name\":\"Ana Mandara Villas Dalat Resort &amp; Spa\",\"description\":\"\",\"potentialAction\":[{\"@type\":\"SearchAction\",\"target\":{\"@type\":\"EntryPoint\",\"urlTemplate\":\"https:\/\/anamandara-resort.com\/vi\/?s={search_term_string}\"},\"query-input\":\"required name=search_term_string\"}],\"inLanguage\":\"vi-VN\"}]}<\/script>\n<!-- \/ Yoast SEO plugin. -->","yoast_head_json":{"title":"A TIMLESS YEAR-END SOIR\u00c9E - Ana Mandara Villas Dalat Resort &amp; Spa","description":"Ana Mandara Villas Dalat Resort & Spa - N\u01a1i nh\u1eefng gi\u1ea5c m\u01a1 m\u00f9a thu l\u1eb7ng l\u1ebd \u0111\u01b0\u1ee3c ch\u1ea1m \u0111\u1ebfn.","robots":{"index":"index","follow":"follow","max-snippet":"max-snippet:-1","max-image-preview":"max-image-preview:large","max-video-preview":"max-video-preview:-1"},"canonical":"https:\/\/anamandara-resort.com\/vi\/offers\/a-timless-year-end-soiree\/","og_locale":"vi_VN","og_type":"article","og_title":"A TIMLESS YEAR-END SOIR\u00c9E - Ana Mandara Villas Dalat Resort &amp; Spa","og_description":"Ana Mandara Villas Dalat Resort & Spa - N\u01a1i nh\u1eefng gi\u1ea5c m\u01a1 m\u00f9a thu l\u1eb7ng l\u1ebd \u0111\u01b0\u1ee3c ch\u1ea1m \u0111\u1ebfn.","og_url":"https:\/\/anamandara-resort.com\/vi\/offers\/a-timless-year-end-soiree\/","og_site_name":"Ana Mandara Villas Dalat Resort &amp; Spa","article_modified_time":"2025-11-26T12:32:50+00:00","og_image":[{"width":1024,"height":682,"url":"https:\/\/www.anamandara-resort.com\/wp-content\/uploads\/sites\/233\/2025\/11\/311795714_189789490196310_4189925032448073422_n-1024x682.png","type":"image\/png"}],"twitter_card":"summary_large_image","twitter_misc":{"Est. reading time":"1 minute"},"schema":{"@context":"https:\/\/schema.org","@graph":[{"@type":"WebPage","@id":"https:\/\/anamandara-resort.com\/vi\/offers\/a-timless-year-end-soiree\/","url":"https:\/\/anamandara-resort.com\/vi\/offers\/a-timless-year-end-soiree\/","name":"A TIMLESS YEAR-END SOIR\u00c9E - Ana Mandara Villas Dalat Resort &amp; Spa","isPartOf":{"@id":"https:\/\/anamandara-resort.com\/vi\/#website"},"primaryImageOfPage":{"@id":"https:\/\/anamandara-resort.com\/vi\/offers\/a-timless-year-end-soiree\/#primaryimage"},"image":{"@id":"https:\/\/anamandara-resort.com\/vi\/offers\/a-timless-year-end-soiree\/#primaryimage"},"thumbnailUrl":"https:\/\/www.anamandara-resort.com\/wp-content\/uploads\/sites\/233\/2025\/11\/311795714_189789490196310_4189925032448073422_n.png","datePublished":"2025-11-26T07:34:09+00:00","dateModified":"2025-11-26T12:32:50+00:00","description":"Ana Mandara Villas Dalat Resort & Spa - N\u01a1i nh\u1eefng gi\u1ea5c m\u01a1 m\u00f9a thu l\u1eb7ng l\u1ebd \u0111\u01b0\u1ee3c ch\u1ea1m \u0111\u1ebfn.","breadcrumb":{"@id":"https:\/\/anamandara-resort.com\/vi\/offers\/a-timless-year-end-soiree\/#breadcrumb"},"inLanguage":"vi-VN","potentialAction":[{"@type":"ReadAction","target":["https:\/\/anamandara-resort.com\/vi\/offers\/a-timless-year-end-soiree\/"]}]},{"@type":"ImageObject","inLanguage":"vi-VN","@id":"https:\/\/anamandara-resort.com\/vi\/offers\/a-timless-year-end-soiree\/#primaryimage","url":"https:\/\/www.anamandara-resort.com\/wp-content\/uploads\/sites\/233\/2025\/11\/311795714_189789490196310_4189925032448073422_n.png","contentUrl":"https:\/\/www.anamandara-resort.com\/wp-content\/uploads\/sites\/233\/2025\/11\/311795714_189789490196310_4189925032448073422_n.png","width":2048,"height":1363},{"@type":"BreadcrumbList","@id":"https:\/\/anamandara-resort.com\/vi\/offers\/a-timless-year-end-soiree\/#breadcrumb","itemListElement":[{"@type":"ListItem","position":1,"name":"Home","item":"https:\/\/anamandara-resort.com\/vi\/"},{"@type":"ListItem","position":2,"name":"\u01afu \u0110\u00e3i","item":"https:\/\/anamandara-resort.com\/vi\/offers\/"},{"@type":"ListItem","position":3,"name":"A TIMLESS YEAR-END SOIR\u00c9E"}]},{"@type":"WebSite","@id":"https:\/\/anamandara-resort.com\/vi\/#website","url":"https:\/\/anamandara-resort.com\/vi\/","name":"Ana Mandara Villas Dalat Resort &amp; Spa","description":"","potentialAction":[{"@type":"SearchAction","target":{"@type":"EntryPoint","urlTemplate":"https:\/\/anamandara-resort.com\/vi\/?s={search_term_string}"},"query-input":"required name=search_term_string"}],"inLanguage":"vi-VN"}]}},"_links":{"self":[{"href":"https:\/\/anamandara-resort.com\/vi\/wp-json\/wp\/v2\/pages\/9777"}],"collection":[{"href":"https:\/\/anamandara-resort.com\/vi\/wp-json\/wp\/v2\/pages"}],"about":[{"href":"https:\/\/anamandara-resort.com\/vi\/wp-json\/wp\/v2\/types\/page"}],"author":[{"embeddable":true,"href":"https:\/\/anamandara-resort.com\/vi\/wp-json\/wp\/v2\/users\/470"}],"replies":[{"embeddable":true,"href":"https:\/\/anamandara-resort.com\/vi\/wp-json\/wp\/v2\/comments?post=9777"}],"version-history":[{"count":0,"href":"https:\/\/anamandara-resort.com\/vi\/wp-json\/wp\/v2\/pages\/9777\/revisions"}],"up":[{"embeddable":true,"href":"https:\/\/anamandara-resort.com\/vi\/wp-json\/wp\/v2\/pages\/302"}],"wp:featuredmedia":[{"embeddable":true,"href":"https:\/\/anamandara-resort.com\/vi\/wp-json\/wp\/v2\/media\/9790"}],"wp:attachment":[{"href":"https:\/\/anamandara-resort.com\/vi\/wp-json\/wp\/v2\/media?parent=9777"}],"curies":[{"name":"wp","href":"https:\/\/api.w.org\/{rel}","templated":true}]}}